{"id":992,"date":"2021-09-12T06:37:47","date_gmt":"2021-09-12T06:37:47","guid":{"rendered":"https:\/\/newskyvn.com\/?post_type=product&#038;p=992"},"modified":"2024-09-15T12:48:34","modified_gmt":"2024-09-15T12:48:34","slug":"udc-18gma-400-3e1","status":"publish","type":"product","link":"https:\/\/newskyvn.com\/en\/product\/udc-18gma-400-3e1\/","title":{"rendered":"UDC-18GMA-400-3E1"},"content":{"rendered":"<p>&nbsp;<\/p>\n<p id=\"techdata\"><strong><span style=\"color: #0000ff;\">Datasheet excerpt: Technical data of\u00a0 UDC-18GMA-400-3E1<\/span><\/strong><\/p>\n<table class=\"standard enum\">\n<tbody>\n<tr>\n<th colspan=\"3\">General specifications<\/th>\n<\/tr>\n<tr>\n<td colspan=\"2\">Sensing range<\/td>\n<td>20 &#8230; 60 mm , optimal distance: 45 mm<\/td>\n<\/tr>\n<tr>\n<td colspan=\"2\">Transducer frequency<\/td>\n<td>395 kHz<\/td>\n<\/tr>\n<tr>\n<th colspan=\"3\">Indicators\/operating means<\/th>\n<\/tr>\n<tr>\n<td colspan=\"2\">LED green<\/td>\n<td>indication: single sheet detected<\/td>\n<\/tr>\n<tr>\n<td colspan=\"2\">LED yellow<\/td>\n<td>Indication: No sheet detected (Air)<\/td>\n<\/tr>\n<tr>\n<td colspan=\"2\">LED red<\/td>\n<td>indication: double sheet detected<\/td>\n<\/tr>\n<tr>\n<th colspan=\"3\">Electrical specifications<\/th>\n<\/tr>\n<tr>\n<td colspan=\"2\">Operating voltage<\/td>\n<td>18 &#8230; 30 V DC , ripple\u00a010\u00a0%<sub>SS<\/sub><\/td>\n<\/tr>\n<tr>\n<td colspan=\"2\">No-load supply current<\/td>\n<td>&lt; 80 mA<\/td>\n<\/tr>\n<tr>\n<th colspan=\"3\">Input<\/th>\n<\/tr>\n<tr>\n<td colspan=\"2\">Input type<\/td>\n<td>Function input<br \/>\n0-level: -U<sub>B<\/sub>\u00a0&#8230; -U<sub>B<\/sub>\u00a0+ 1V<br \/>\n1-level: +U<sub>B<\/sub>\u00a0&#8211; 1 V &#8230; +U<sub>B<\/sub><\/td>\n<\/tr>\n<tr>\n<td colspan=\"2\">Pulse length<\/td>\n<td>\u2265 100 ms<\/td>\n<\/tr>\n<tr>\n<td colspan=\"2\">Impedance<\/td>\n<td>\u2265 4 k\u03a9<\/td>\n<\/tr>\n<tr>\n<th colspan=\"3\">Output<\/th>\n<\/tr>\n<tr>\n<td colspan=\"2\">Output type<\/td>\n<td>3 switch outputs NPN, NC<\/td>\n<\/tr>\n<tr>\n<td colspan=\"2\">Rated operating current<\/td>\n<td>3 x 100 mA , short-circuit\/overload protected<\/td>\n<\/tr>\n<tr>\n<td colspan=\"2\">Voltage drop<\/td>\n<td>\u2264 3 V<\/td>\n<\/tr>\n<tr>\n<td colspan=\"2\">Switch-on delay<\/td>\n<td>approx. 15 ms (shorter response time on request)<\/td>\n<\/tr>\n<tr>\n<td colspan=\"2\">Switch-off delay<\/td>\n<td>approx. 15 ms (shorter response time on request)<\/td>\n<\/tr>\n<tr>\n<td colspan=\"2\">Pulse extension<\/td>\n<td>min. 120 ms programmable<\/td>\n<\/tr>\n<tr>\n<th colspan=\"3\">Approvals and certificates<\/th>\n<\/tr>\n<tr>\n<td colspan=\"2\">UL approval<\/td>\n<td>cULus Listed, General Purpose, Class 2 Power Source<\/td>\n<\/tr>\n<tr>\n<td colspan=\"2\">CSA approval<\/td>\n<td>cCSAus Listed, General Purpose, Class 2 Power Source<\/td>\n<\/tr>\n<tr>\n<td colspan=\"2\">CCC approval<\/td>\n<td>CCC approval \/ marking not required for products rated \u226436 V<\/td>\n<\/tr>\n<tr>\n<th colspan=\"3\">Ambient conditions<\/th>\n<\/tr>\n<tr>\n<td colspan=\"2\">Ambient temperature<\/td>\n<td>0 &#8230; 60 \u00b0C (32 &#8230; 140 \u00b0F)<\/td>\n<\/tr>\n<tr>\n<td colspan=\"2\">Storage temperature<\/td>\n<td>-40 &#8230; 70 \u00b0C (-40 &#8230; 158 \u00b0F)<\/td>\n<\/tr>\n<tr>\n<th colspan=\"3\">Mechanical specifications<\/th>\n<\/tr>\n<tr>\n<td colspan=\"2\">Connection type<\/td>\n<td>cable PVC , 2 m<\/td>\n<\/tr>\n<tr>\n<td colspan=\"2\">Core cross-section<\/td>\n<td>0.14 mm<sup>2<\/sup><\/td>\n<\/tr>\n<tr>\n<td colspan=\"2\">Degree of protection<\/td>\n<td>IP67<\/td>\n<\/tr>\n<tr>\n<td colspan=\"2\">Material<\/td>\n<td><\/td>\n<\/tr>\n<tr>\n<td><\/td>\n<td>Housing<\/td>\n<td class=\"subattribute\">nickel plated brass; plastic components: PBT<\/td>\n<\/tr>\n<tr>\n<td><\/td>\n<td>Transducer<\/td>\n<td class=\"subattribute\">epoxy resin\/hollow glass sphere mixture; polyurethane foam<\/td>\n<\/tr>\n<tr>\n<td colspan=\"2\">Mass<\/td>\n<td>150 g<\/td>\n<\/tr>\n<\/tbody>\n<\/table>\n<p>&nbsp;<\/p>\n<p><span style=\"color: #0000ff;\"><strong>Classifications<\/strong><\/span><\/p>\n<table class=\"standard enum\">\n<tbody>\n<tr>\n<th>System<\/th>\n<th>Classcode<\/th>\n<\/tr>\n<tr>\n<td>ECLASS 11.0<\/td>\n<td>27272801<\/td>\n<\/tr>\n<tr>\n<td>ECLASS 10.0.1<\/td>\n<td>27272801<\/td>\n<\/tr>\n<tr>\n<td>ECLASS 9.0<\/td>\n<td>27272801<\/td>\n<\/tr>\n<tr>\n<td>ECLASS 8.0<\/td>\n<td>27272801<\/td>\n<\/tr>\n<tr>\n<td>ECLASS 5.1<\/td>\n<td>27272801<\/td>\n<\/tr>\n<tr>\n<td>ETIM 8.0<\/td>\n<td>EC001847<\/td>\n<\/tr>\n<tr>\n<td>ETIM 7.0<\/td>\n<td>EC001847<\/td>\n<\/tr>\n<tr>\n<td>ETIM 6.0<\/td>\n<td>EC001847<\/td>\n<\/tr>\n<tr>\n<td>ETIM 5.0<\/td>\n<td>EC001847<\/td>\n<\/tr>\n<\/tbody>\n<\/table>\n<p><\/p>","protected":false},"excerpt":{"rendered":"<ul id=\"productfeatures\">\n<li>H\u1ec7 th\u1ed1ng si\u00eau \u00e2m \u0111\u1ec3 ph\u00e1t hi\u1ec7n \u0111\u00e1ng tin c\u1eady kh\u00f4ng, m\u1ed9t ho\u1eb7c hai v\u1eadt li\u1ec7u t\u1ea5m ch\u1ed3ng l\u00ean nhau, t\u1ed1t nh\u1ea5t l\u00e0 gi\u1ea5y<\/li>\n<li>Kh\u00f4ng c\u1ea7n N\u1ea1p-Nh\u1edb<\/li>\n<li>C\u00e1c ch\u1ec9 b\u00e1o ch\u1ee9c n\u0103ng c\u00f3 th\u1ec3 nh\u00ecn th\u1ea5y t\u1eeb m\u1ecdi h\u01b0\u1edbng<\/li>\n<li>Kh\u00f4ng nh\u1ea1y c\u1ea3m v\u1edbi in \u1ea5n, m\u00e0u s\u1eafc v\u00e0 b\u1ec1 m\u1eb7t s\u00e1ng<\/li>\n<li>Tr\u1ecdng l\u01b0\u1ee3ng v\u1eadt li\u1ec7u t\u1eeb 10 g \/ m\u00a0<sup>2<\/sup>\u00a0\u0111\u1ebfn h\u01a1n 2000 g \/ m\u00a0<sup>2<\/sup><\/li>\n<li>Ph\u1ed5 v\u1eadt li\u1ec7u r\u1ea5t r\u1ed9ng, c\u00e1c lo\u1ea1i gi\u1ea5y t\u1ed1t nh\u1ea5t cho \u0111\u1ebfn kim lo\u1ea1i t\u1ea5m m\u1ecfng c\u0169ng nh\u01b0 l\u00e1 nh\u1ef1a v\u00e0 kim lo\u1ea1i<\/li>\n<li>C\u00f3 th\u1ec3 l\u1eafp c\u1ea3m bi\u1ebfn vu\u00f4ng g\u00f3c ho\u1eb7c nghi\u00eang so v\u1edbi m\u1eb7t ph\u1eb3ng t\u1ea5m<\/li>\n<li>C\u00f3 th\u1ec3 l\u1eadp tr\u00ecnh<\/li>\n<\/ul>\n","protected":false},"featured_media":994,"comment_status":"open","ping_status":"closed","template":"","meta":[],"product_cat":[28,48],"product_tag":[],"yoast_head":"<!-- This site is optimized with the Yoast SEO plugin v16.6.1 - https:\/\/yoast.com\/wordpress\/plugins\/seo\/ -->\n<title>UDC-18GMA-400-3E1 - NEW SKY CO.,LTD<\/title>\n<meta name=\"robots\" content=\"index, follow, max-snippet:-1, max-image-preview:large, max-video-preview:-1\" \/>\n<link rel=\"canonical\" href=\"https:\/\/newskyvn.com\/product\/udc-18gma-400-3e1\/\" \/>\n<meta property=\"og:locale\" content=\"en_US\" \/>\n<meta property=\"og:type\" content=\"article\" \/>\n<meta property=\"og:title\" content=\"UDC-18GMA-400-3E1 - NEW SKY CO.,LTD\" \/>\n<meta property=\"og:description\" content=\"[:vi]  H\u1ec7 th\u1ed1ng si\u00eau \u00e2m \u0111\u1ec3 ph\u00e1t hi\u1ec7n \u0111\u00e1ng tin c\u1eady kh\u00f4ng, m\u1ed9t ho\u1eb7c hai v\u1eadt li\u1ec7u t\u1ea5m ch\u1ed3ng l\u00ean nhau, t\u1ed1t nh\u1ea5t l\u00e0 gi\u1ea5y  Kh\u00f4ng c\u1ea7n N\u1ea1p-Nh\u1edb  C\u00e1c ch\u1ec9 b\u00e1o ch\u1ee9c n\u0103ng c\u00f3 th\u1ec3 nh\u00ecn th\u1ea5y t\u1eeb m\u1ecdi h\u01b0\u1edbng  Kh\u00f4ng nh\u1ea1y c\u1ea3m v\u1edbi in \u1ea5n, m\u00e0u s\u1eafc v\u00e0 b\u1ec1 m\u1eb7t s\u00e1ng  Tr\u1ecdng l\u01b0\u1ee3ng v\u1eadt li\u1ec7u t\u1eeb 10 g \/ m\u00a02\u00a0\u0111\u1ebfn h\u01a1n 2000 g \/ m\u00a02  Ph\u1ed5 v\u1eadt li\u1ec7u r\u1ea5t r\u1ed9ng, c\u00e1c lo\u1ea1i gi\u1ea5y t\u1ed1t nh\u1ea5t cho \u0111\u1ebfn kim lo\u1ea1i t\u1ea5m m\u1ecfng c\u0169ng nh\u01b0 l\u00e1 nh\u1ef1a v\u00e0 kim lo\u1ea1i  C\u00f3 th\u1ec3 l\u1eafp c\u1ea3m bi\u1ebfn vu\u00f4ng g\u00f3c ho\u1eb7c nghi\u00eang so v\u1edbi m\u1eb7t ph\u1eb3ng t\u1ea5m  C\u00f3 th\u1ec3 l\u1eadp tr\u00ecnh [:en]  H\u1ec7 th\u1ed1ng si\u00eau \u00e2m \u0111\u1ec3 ph\u00e1t hi\u1ec7n \u0111\u00e1ng tin c\u1eady kh\u00f4ng, m\u1ed9t ho\u1eb7c hai v\u1eadt li\u1ec7u t\u1ea5m ch\u1ed3ng l\u00ean nhau, t\u1ed1t nh\u1ea5t l\u00e0 gi\u1ea5y  Kh\u00f4ng c\u1ea7n N\u1ea1p-Nh\u1edb  C\u00e1c ch\u1ec9 b\u00e1o ch\u1ee9c n\u0103ng c\u00f3 th\u1ec3 nh\u00ecn th\u1ea5y t\u1eeb m\u1ecdi h\u01b0\u1edbng  Kh\u00f4ng nh\u1ea1y c\u1ea3m v\u1edbi in \u1ea5n, m\u00e0u s\u1eafc v\u00e0 b\u1ec1 m\u1eb7t s\u00e1ng  Tr\u1ecdng l\u01b0\u1ee3ng v\u1eadt li\u1ec7u t\u1eeb 10 g \/ m\u00a02\u00a0\u0111\u1ebfn h\u01a1n 2000 g \/ m\u00a02  Ph\u1ed5 v\u1eadt li\u1ec7u r\u1ea5t r\u1ed9ng, c\u00e1c lo\u1ea1i gi\u1ea5y t\u1ed1t nh\u1ea5t cho \u0111\u1ebfn kim lo\u1ea1i t\u1ea5m m\u1ecfng c\u0169ng nh\u01b0 l\u00e1 nh\u1ef1a v\u00e0 kim lo\u1ea1i  C\u00f3 th\u1ec3 l\u1eafp c\u1ea3m bi\u1ebfn vu\u00f4ng g\u00f3c ho\u1eb7c nghi\u00eang so v\u1edbi m\u1eb7t ph\u1eb3ng t\u1ea5m  C\u00f3 th\u1ec3 l\u1eadp tr\u00ecnh [:]\" \/>\n<meta property=\"og:url\" content=\"https:\/\/newskyvn.com\/product\/udc-18gma-400-3e1\/\" \/>\n<meta property=\"og:site_name\" content=\"NEW SKY CO.,LTD\" \/>\n<meta property=\"article:modified_time\" content=\"2024-09-15T12:48:34+00:00\" \/>\n<meta property=\"og:image\" content=\"https:\/\/newskyvn.com\/wp-content\/uploads\/2021\/09\/UDC18-1.jpg\" \/>\n\t<meta property=\"og:image:width\" content=\"500\" \/>\n\t<meta property=\"og:image:height\" content=\"500\" \/>\n<meta name=\"twitter:card\" content=\"summary_large_image\" \/>\n<meta name=\"twitter:label1\" content=\"Est. reading time\" \/>\n\t<meta name=\"twitter:data1\" content=\"2 minutes\" \/>\n<script type=\"application\/ld+json\" class=\"yoast-schema-graph\">{\"@context\":\"https:\/\/schema.org\",\"@graph\":[{\"@type\":\"WebSite\",\"@id\":\"https:\/\/newskyvn.com\/#website\",\"url\":\"https:\/\/newskyvn.com\/\",\"name\":\"NEW SKY CO.,LTD\",\"description\":\"C\\u00f4ng Ty TNHH S\\u1ea3n Xu\\u1ea5t Th\\u01b0\\u01a1ng M\\u1ea1i D\\u1ecbch V\\u1ee5 T\\u00e2n Thi\\u00ean\",\"potentialAction\":[{\"@type\":\"SearchAction\",\"target\":{\"@type\":\"EntryPoint\",\"urlTemplate\":\"https:\/\/newskyvn.com\/?s={search_term_string}\"},\"query-input\":\"required name=search_term_string\"}],\"inLanguage\":\"en-US\"},{\"@type\":\"ImageObject\",\"@id\":\"https:\/\/newskyvn.com\/product\/udc-18gma-400-3e1\/#primaryimage\",\"inLanguage\":\"en-US\",\"url\":\"https:\/\/newskyvn.com\/wp-content\/uploads\/2021\/09\/UDC18-1.jpg\",\"contentUrl\":\"https:\/\/newskyvn.com\/wp-content\/uploads\/2021\/09\/UDC18-1.jpg\",\"width\":500,\"height\":500},{\"@type\":\"WebPage\",\"@id\":\"https:\/\/newskyvn.com\/product\/udc-18gma-400-3e1\/#webpage\",\"url\":\"https:\/\/newskyvn.com\/product\/udc-18gma-400-3e1\/\",\"name\":\"UDC-18GMA-400-3E1 - NEW SKY CO.,LTD\",\"isPartOf\":{\"@id\":\"https:\/\/newskyvn.com\/#website\"},\"primaryImageOfPage\":{\"@id\":\"https:\/\/newskyvn.com\/product\/udc-18gma-400-3e1\/#primaryimage\"},\"datePublished\":\"2021-09-12T06:37:47+00:00\",\"dateModified\":\"2024-09-15T12:48:34+00:00\",\"breadcrumb\":{\"@id\":\"https:\/\/newskyvn.com\/product\/udc-18gma-400-3e1\/#breadcrumb\"},\"inLanguage\":\"en-US\",\"potentialAction\":[{\"@type\":\"ReadAction\",\"target\":[\"https:\/\/newskyvn.com\/product\/udc-18gma-400-3e1\/\"]}]},{\"@type\":\"BreadcrumbList\",\"@id\":\"https:\/\/newskyvn.com\/product\/udc-18gma-400-3e1\/#breadcrumb\",\"itemListElement\":[{\"@type\":\"ListItem\",\"position\":1,\"name\":\"Product\",\"item\":\"https:\/\/newskyvn.com\/en\/san-pham\/\"},{\"@type\":\"ListItem\",\"position\":2,\"name\":\"UDC-18GMA-400-3E1\"}]}]}<\/script>\n<!-- \/ Yoast SEO plugin. -->","_links":{"self":[{"href":"https:\/\/newskyvn.com\/en\/wp-json\/wp\/v2\/product\/992"}],"collection":[{"href":"https:\/\/newskyvn.com\/en\/wp-json\/wp\/v2\/product"}],"about":[{"href":"https:\/\/newskyvn.com\/en\/wp-json\/wp\/v2\/types\/product"}],"replies":[{"embeddable":true,"href":"https:\/\/newskyvn.com\/en\/wp-json\/wp\/v2\/comments?post=992"}],"wp:featuredmedia":[{"embeddable":true,"href":"https:\/\/newskyvn.com\/en\/wp-json\/wp\/v2\/media\/994"}],"wp:attachment":[{"href":"https:\/\/newskyvn.com\/en\/wp-json\/wp\/v2\/media?parent=992"}],"wp:term":[{"taxonomy":"product_cat","embeddable":true,"href":"https:\/\/newskyvn.com\/en\/wp-json\/wp\/v2\/product_cat?post=992"},{"taxonomy":"product_tag","embeddable":true,"href":"https:\/\/newskyvn.com\/en\/wp-json\/wp\/v2\/product_tag?post=992"}],"curies":[{"name":"wp","href":"https:\/\/api.w.org\/{rel}","templated":true}]}}