{"id":983,"date":"2021-09-12T04:09:00","date_gmt":"2021-09-12T04:09:00","guid":{"rendered":"https:\/\/newskyvn.com\/?post_type=product&#038;p=983"},"modified":"2021-09-12T04:09:02","modified_gmt":"2021-09-12T04:09:02","slug":"ub250-f12p-ep-v15","status":"publish","type":"product","link":"https:\/\/newskyvn.com\/en\/product\/ub250-f12p-ep-v15\/","title":{"rendered":"UB250-F12P-EP-V15"},"content":{"rendered":"<p>&nbsp;<\/p>\n<p id=\"techdata\"><strong><span style=\"color: #0000ff;\">Datasheet excerpt: Technical data of\u00a0 UB250-F12P-EP-V15<\/span><\/strong><\/p>\n<table class=\"standard enum\">\n<tbody>\n<tr>\n<th colspan=\"2\">Product Description<\/th>\n<\/tr>\n<tr>\n<td colspan=\"3\">Ultrasonic direct detection sensor<\/td>\n<\/tr>\n<\/tbody>\n<\/table>\n<table class=\"standard enum\">\n<tbody>\n<tr>\n<th colspan=\"3\">General specifications<\/th>\n<\/tr>\n<tr>\n<td colspan=\"2\">Sensing range<\/td>\n<td>20 &#8230; 250 mm<\/td>\n<\/tr>\n<tr>\n<td colspan=\"2\">Adjustment range<\/td>\n<td>25 &#8230; 250 mm<\/td>\n<\/tr>\n<tr>\n<td colspan=\"2\">Dead band<\/td>\n<td>0 &#8230; 20 mm<\/td>\n<\/tr>\n<tr>\n<td colspan=\"2\">Standard target plate<\/td>\n<td>100 mm x 100 mm<\/td>\n<\/tr>\n<tr>\n<td colspan=\"2\">Transducer frequency<\/td>\n<td>approx. 400 kHz<\/td>\n<\/tr>\n<tr>\n<td colspan=\"2\">Response delay<\/td>\n<td>approx. 20 ms<\/td>\n<\/tr>\n<tr>\n<th colspan=\"3\">Indicators\/operating means<\/th>\n<\/tr>\n<tr>\n<td colspan=\"2\">LED green<\/td>\n<td>Operating display<\/td>\n<\/tr>\n<tr>\n<td colspan=\"2\">LED yellow<\/td>\n<td>switch output<\/td>\n<\/tr>\n<tr>\n<td colspan=\"2\">LED red<\/td>\n<td>solid: stop plate switch point adjuster<br \/>\nflashing: error<\/td>\n<\/tr>\n<tr>\n<th colspan=\"3\">Electrical specifications<\/th>\n<\/tr>\n<tr>\n<td colspan=\"2\">Operating voltage<\/td>\n<td>10 &#8230; 30 V DC , ripple\u00a010\u00a0%<sub>SS<\/sub><\/td>\n<\/tr>\n<tr>\n<td colspan=\"2\">No-load supply current<\/td>\n<td>\u2264 25 mA<\/td>\n<\/tr>\n<tr>\n<th colspan=\"3\">Input\/Output<\/th>\n<\/tr>\n<tr>\n<td colspan=\"2\">Synchronization<\/td>\n<td>1 synchronous connection, bi-directional<br \/>\n0-level: -U<sub>B<\/sub>&#8230;+1 V<br \/>\n1-level: +4 V&#8230;+U<sub>B<\/sub><br \/>\ninput impedance: &gt; 12 k\u03a9<br \/>\nsynchronization pulse: \u2265 100 \u00b5s, synchronization interpulse period: \u2265 2 ms<\/td>\n<\/tr>\n<tr>\n<td colspan=\"2\">Synchronization frequency<\/td>\n<td><\/td>\n<\/tr>\n<tr>\n<td><\/td>\n<td>Common mode operation<\/td>\n<td class=\"subattribute\">max. 200 Hz<\/td>\n<\/tr>\n<tr>\n<td><\/td>\n<td>Multiplex operation<\/td>\n<td class=\"subattribute\">\u2264 200\/n Hz, n = number of sensors<\/td>\n<\/tr>\n<tr>\n<th colspan=\"3\">Input<\/th>\n<\/tr>\n<tr>\n<td colspan=\"2\">Input type<\/td>\n<td>1 input for sound lobe adjustment<br \/>\nsmall sound beam: -U<sub>B<\/sub>\u00a0&#8230; +1 V<br \/>\nwide sound beam: +4 V &#8230; +U<sub>B<\/sub>\u00a0or open input<br \/>\ninput impedance: &gt; 10 k\u03a9<br \/>\nswitching delay: 1 s<\/td>\n<\/tr>\n<tr>\n<th colspan=\"3\">Output<\/th>\n<\/tr>\n<tr>\n<td colspan=\"2\">Output type<\/td>\n<td>Push-pull output, short-circuit protected, reverse polarity protected<\/td>\n<\/tr>\n<tr>\n<td colspan=\"2\">Rated operating current<\/td>\n<td>200 mA , short-circuit\/overload protected<\/td>\n<\/tr>\n<tr>\n<td colspan=\"2\">Default setting<\/td>\n<td>Switching point: 250 mm<br \/>\noutput behavior: NO contact<\/td>\n<\/tr>\n<tr>\n<td colspan=\"2\">Voltage drop<\/td>\n<td>\u2264 3 V<\/td>\n<\/tr>\n<tr>\n<td colspan=\"2\">Repeat accuracy<\/td>\n<td>\u2264 1 %<\/td>\n<\/tr>\n<tr>\n<td colspan=\"2\">Switching frequency<\/td>\n<td>20 Hz<\/td>\n<\/tr>\n<tr>\n<td colspan=\"2\">Range hysteresis<\/td>\n<td>1 % of the set operating distance<\/td>\n<\/tr>\n<tr>\n<td colspan=\"2\">Temperature influence<\/td>\n<td>\u00b1 1.5 % of full-scale value<\/td>\n<\/tr>\n<tr>\n<th colspan=\"3\">Approvals and certificates<\/th>\n<\/tr>\n<tr>\n<td colspan=\"2\">UL approval<\/td>\n<td>cULus Listed, General Purpose<\/td>\n<\/tr>\n<tr>\n<td colspan=\"2\">CSA approval<\/td>\n<td>cCSAus Listed, General Purpose<\/td>\n<\/tr>\n<tr>\n<th colspan=\"3\">Ambient conditions<\/th>\n<\/tr>\n<tr>\n<td colspan=\"2\">Ambient temperature<\/td>\n<td>-15 &#8230; 70 \u00b0C (5 &#8230; 158 \u00b0F)<\/td>\n<\/tr>\n<tr>\n<td colspan=\"2\">Storage temperature<\/td>\n<td>-40 &#8230; 85 \u00b0C (-40 &#8230; 185 \u00b0F)<\/td>\n<\/tr>\n<tr>\n<th colspan=\"3\">Mechanical specifications<\/th>\n<\/tr>\n<tr>\n<td colspan=\"2\">Connection type<\/td>\n<td>Connector M12 x 1 , 5-pin<\/td>\n<\/tr>\n<tr>\n<td colspan=\"2\">Degree of protection<\/td>\n<td>IP54<\/td>\n<\/tr>\n<tr>\n<td colspan=\"2\">Material<\/td>\n<td><\/td>\n<\/tr>\n<tr>\n<td><\/td>\n<td>Housing<\/td>\n<td class=\"subattribute\">Frame: nickel plated, die cast zinc,<br \/>\nLaterals: glass-fiber reinforced plastic PC<\/td>\n<\/tr>\n<tr>\n<td><\/td>\n<td>Transducer<\/td>\n<td class=\"subattribute\">epoxy resin\/hollow glass sphere mixture; foam polyurethane, cover PBT<\/td>\n<\/tr>\n<tr>\n<td colspan=\"2\">Mass<\/td>\n<td>60 g<\/td>\n<\/tr>\n<\/tbody>\n<\/table>\n<p>&nbsp;<\/p>\n<p><span style=\"color: #0000ff;\"><strong>Classifications<\/strong><\/span><\/p>\n<table class=\"standard enum\">\n<tbody>\n<tr>\n<th>System<\/th>\n<th>Classcode<\/th>\n<\/tr>\n<tr>\n<td>ECLASS 11.0<\/td>\n<td>27272803<\/td>\n<\/tr>\n<tr>\n<td>ECLASS 10.0.1<\/td>\n<td>27272803<\/td>\n<\/tr>\n<tr>\n<td>ECLASS 9.0<\/td>\n<td>27272803<\/td>\n<\/tr>\n<tr>\n<td>ECLASS 8.0<\/td>\n<td>27272803<\/td>\n<\/tr>\n<tr>\n<td>ECLASS 5.1<\/td>\n<td>27272803<\/td>\n<\/tr>\n<tr>\n<td>ETIM 8.0<\/td>\n<td>EC001849<\/td>\n<\/tr>\n<tr>\n<td>ETIM 7.0<\/td>\n<td>EC001849<\/td>\n<\/tr>\n<tr>\n<td>ETIM 6.0<\/td>\n<td>EC001849<\/td>\n<\/tr>\n<tr>\n<td>ETIM 5.0<\/td>\n<td>EC001849<\/td>\n<\/tr>\n<\/tbody>\n<\/table>\n<p><\/p>","protected":false},"excerpt":{"rendered":"<ul id=\"productfeatures\">\n<li>Switching point adjustment via potentiometer<\/li>\n<li>Selectable sound lobe width<\/li>\n<li>Synchronization options<\/li>\n<li>Very small unusable area<\/li>\n<li>Push-pull output<\/li>\n<li>Temperature compensation<\/li>\n<\/ul>\n","protected":false},"featured_media":985,"comment_status":"open","ping_status":"closed","template":"","meta":[],"product_cat":[28,47],"product_tag":[],"yoast_head":"<!-- This site is optimized with the Yoast SEO plugin v16.6.1 - https:\/\/yoast.com\/wordpress\/plugins\/seo\/ -->\n<title>UB250-F12P-EP-V15 - NEW SKY CO.,LTD<\/title>\n<meta name=\"robots\" content=\"index, follow, max-snippet:-1, max-image-preview:large, max-video-preview:-1\" \/>\n<link rel=\"canonical\" href=\"https:\/\/newskyvn.com\/product\/ub250-f12p-ep-v15\/\" \/>\n<meta property=\"og:locale\" content=\"en_US\" \/>\n<meta property=\"og:type\" content=\"article\" \/>\n<meta property=\"og:title\" content=\"UB250-F12P-EP-V15 - NEW SKY CO.,LTD\" \/>\n<meta property=\"og:description\" content=\"[:vi]  \u0110i\u1ec1u ch\u1ec9nh \u0111i\u1ec3m chuy\u1ec3n m\u1ea1ch qua bi\u1ebfn tr\u1edf  Chi\u1ec1u r\u1ed9ng th\u00f9y \u00e2m thanh c\u00f3 th\u1ec3 l\u1ef1a ch\u1ecdn  T\u00f9y ch\u1ecdn \u0111\u1ed3ng b\u1ed9 h\u00f3a  Khu v\u1ef1c kh\u00f4ng s\u1eed d\u1ee5ng \u0111\u01b0\u1ee3c r\u1ea5t nh\u1ecf  \u00a0\u0110\u1ea7u ra \u0110\u1ea9y-k\u00e9o  S\u1ef1 c\u00e2n b\u1eb1ng nhi\u1ec7t \u0111\u1ed9 [:en]  Switching point adjustment via potentiometer  Selectable sound lobe width  Synchronization options  Very small unusable area  Push-pull output  Temperature compensation [:]\" \/>\n<meta property=\"og:url\" content=\"https:\/\/newskyvn.com\/product\/ub250-f12p-ep-v15\/\" \/>\n<meta property=\"og:site_name\" content=\"NEW SKY CO.,LTD\" \/>\n<meta property=\"article:modified_time\" content=\"2021-09-12T04:09:02+00:00\" \/>\n<meta property=\"og:image\" content=\"https:\/\/newskyvn.com\/wp-content\/uploads\/2021\/09\/UB250-1.jpg\" \/>\n\t<meta property=\"og:image:width\" content=\"500\" \/>\n\t<meta property=\"og:image:height\" content=\"500\" \/>\n<meta name=\"twitter:card\" content=\"summary_large_image\" \/>\n<meta name=\"twitter:label1\" content=\"Est. reading time\" \/>\n\t<meta name=\"twitter:data1\" content=\"2 minutes\" \/>\n<script type=\"application\/ld+json\" class=\"yoast-schema-graph\">{\"@context\":\"https:\/\/schema.org\",\"@graph\":[{\"@type\":\"WebSite\",\"@id\":\"https:\/\/newskyvn.com\/#website\",\"url\":\"https:\/\/newskyvn.com\/\",\"name\":\"NEW SKY CO.,LTD\",\"description\":\"C\\u00f4ng Ty TNHH S\\u1ea3n Xu\\u1ea5t Th\\u01b0\\u01a1ng M\\u1ea1i D\\u1ecbch V\\u1ee5 T\\u00e2n Thi\\u00ean\",\"potentialAction\":[{\"@type\":\"SearchAction\",\"target\":{\"@type\":\"EntryPoint\",\"urlTemplate\":\"https:\/\/newskyvn.com\/?s={search_term_string}\"},\"query-input\":\"required name=search_term_string\"}],\"inLanguage\":\"en-US\"},{\"@type\":\"ImageObject\",\"@id\":\"https:\/\/newskyvn.com\/product\/ub250-f12p-ep-v15\/#primaryimage\",\"inLanguage\":\"en-US\",\"url\":\"https:\/\/newskyvn.com\/wp-content\/uploads\/2021\/09\/UB250-1.jpg\",\"contentUrl\":\"https:\/\/newskyvn.com\/wp-content\/uploads\/2021\/09\/UB250-1.jpg\",\"width\":500,\"height\":500},{\"@type\":\"WebPage\",\"@id\":\"https:\/\/newskyvn.com\/product\/ub250-f12p-ep-v15\/#webpage\",\"url\":\"https:\/\/newskyvn.com\/product\/ub250-f12p-ep-v15\/\",\"name\":\"UB250-F12P-EP-V15 - NEW SKY CO.,LTD\",\"isPartOf\":{\"@id\":\"https:\/\/newskyvn.com\/#website\"},\"primaryImageOfPage\":{\"@id\":\"https:\/\/newskyvn.com\/product\/ub250-f12p-ep-v15\/#primaryimage\"},\"datePublished\":\"2021-09-12T04:09:00+00:00\",\"dateModified\":\"2021-09-12T04:09:02+00:00\",\"breadcrumb\":{\"@id\":\"https:\/\/newskyvn.com\/product\/ub250-f12p-ep-v15\/#breadcrumb\"},\"inLanguage\":\"en-US\",\"potentialAction\":[{\"@type\":\"ReadAction\",\"target\":[\"https:\/\/newskyvn.com\/product\/ub250-f12p-ep-v15\/\"]}]},{\"@type\":\"BreadcrumbList\",\"@id\":\"https:\/\/newskyvn.com\/product\/ub250-f12p-ep-v15\/#breadcrumb\",\"itemListElement\":[{\"@type\":\"ListItem\",\"position\":1,\"name\":\"Product\",\"item\":\"https:\/\/newskyvn.com\/en\/san-pham\/\"},{\"@type\":\"ListItem\",\"position\":2,\"name\":\"UB250-F12P-EP-V15\"}]}]}<\/script>\n<!-- \/ Yoast SEO plugin. -->","_links":{"self":[{"href":"https:\/\/newskyvn.com\/en\/wp-json\/wp\/v2\/product\/983"}],"collection":[{"href":"https:\/\/newskyvn.com\/en\/wp-json\/wp\/v2\/product"}],"about":[{"href":"https:\/\/newskyvn.com\/en\/wp-json\/wp\/v2\/types\/product"}],"replies":[{"embeddable":true,"href":"https:\/\/newskyvn.com\/en\/wp-json\/wp\/v2\/comments?post=983"}],"wp:featuredmedia":[{"embeddable":true,"href":"https:\/\/newskyvn.com\/en\/wp-json\/wp\/v2\/media\/985"}],"wp:attachment":[{"href":"https:\/\/newskyvn.com\/en\/wp-json\/wp\/v2\/media?parent=983"}],"wp:term":[{"taxonomy":"product_cat","embeddable":true,"href":"https:\/\/newskyvn.com\/en\/wp-json\/wp\/v2\/product_cat?post=983"},{"taxonomy":"product_tag","embeddable":true,"href":"https:\/\/newskyvn.com\/en\/wp-json\/wp\/v2\/product_tag?post=983"}],"curies":[{"name":"wp","href":"https:\/\/api.w.org\/{rel}","templated":true}]}}