{"id":980,"date":"2021-09-12T04:03:26","date_gmt":"2021-09-12T04:03:26","guid":{"rendered":"https:\/\/newskyvn.com\/?post_type=product&#038;p=980"},"modified":"2021-09-12T04:03:28","modified_gmt":"2021-09-12T04:03:28","slug":"ub2000-f42s-e6-v15","status":"publish","type":"product","link":"https:\/\/newskyvn.com\/en\/product\/ub2000-f42s-e6-v15\/","title":{"rendered":"UB2000-F42S-E6-V15"},"content":{"rendered":"<p>&nbsp;<\/p>\n<p id=\"techdata\"><strong><span style=\"color: #0000ff;\">Datasheet excerpt: Technical data of\u00a0 UB2000-F42S-E6-V15<\/span><\/strong><\/p>\n<table class=\"standard enum\">\n<tbody>\n<tr>\n<th colspan=\"2\">Product Description<\/th>\n<\/tr>\n<tr>\n<td colspan=\"3\">Single head system<\/td>\n<\/tr>\n<\/tbody>\n<\/table>\n<table class=\"standard enum\">\n<tbody>\n<tr>\n<th colspan=\"3\">General specifications<\/th>\n<\/tr>\n<tr>\n<td colspan=\"2\">Sensing range<\/td>\n<td>60 &#8230; 2000 mm<\/td>\n<\/tr>\n<tr>\n<td colspan=\"2\">Adjustment range<\/td>\n<td>90 &#8230; 2000 mm<\/td>\n<\/tr>\n<tr>\n<td colspan=\"2\">Dead band<\/td>\n<td>0 &#8230; 60 mm<\/td>\n<\/tr>\n<tr>\n<td colspan=\"2\">Standard target plate<\/td>\n<td>100 mm x 100 mm<\/td>\n<\/tr>\n<tr>\n<td colspan=\"2\">Transducer frequency<\/td>\n<td>approx. 175 kHz<\/td>\n<\/tr>\n<tr>\n<td colspan=\"2\">Response delay<\/td>\n<td>approx. 150 ms<\/td>\n<\/tr>\n<tr>\n<th colspan=\"3\">Indicators\/operating means<\/th>\n<\/tr>\n<tr>\n<td colspan=\"2\">LED green<\/td>\n<td>solid green: Power on<\/td>\n<\/tr>\n<tr>\n<td colspan=\"2\">LED yellow 1<\/td>\n<td>solid: switching state switch output 1<br \/>\nflashing: program function<\/td>\n<\/tr>\n<tr>\n<td colspan=\"2\">LED yellow 2<\/td>\n<td>solid: switching state switch output 2<br \/>\nflashing: program function<\/td>\n<\/tr>\n<tr>\n<td colspan=\"2\">LED red<\/td>\n<td>normal operation: &#8220;fault&#8221;<br \/>\nprogram function: no object detected<\/td>\n<\/tr>\n<tr>\n<th colspan=\"3\">Electrical specifications<\/th>\n<\/tr>\n<tr>\n<td colspan=\"2\">Operating voltage<\/td>\n<td>10 &#8230; 30 V DC , ripple\u00a010\u00a0%<sub>SS<\/sub><\/td>\n<\/tr>\n<tr>\n<td colspan=\"2\">No-load supply current<\/td>\n<td>\u2264 50 mA<\/td>\n<\/tr>\n<tr>\n<th colspan=\"3\">Input\/Output<\/th>\n<\/tr>\n<tr>\n<td colspan=\"2\">Synchronization<\/td>\n<td>bi-directional<br \/>\n0 level -U<sub>B<\/sub>&#8230;+1 V<br \/>\n1 level: +4 V&#8230;+U<sub>B<\/sub><br \/>\ninput impedance: &gt; 12 KOhm<br \/>\nsynchronization pulse: \u2265 100 \u00b5s, synchronization interpulse period: \u2265 2 ms<\/td>\n<\/tr>\n<tr>\n<td colspan=\"2\">Synchronization frequency<\/td>\n<td><\/td>\n<\/tr>\n<tr>\n<td><\/td>\n<td>Common mode operation<\/td>\n<td class=\"subattribute\">max. 30 Hz<\/td>\n<\/tr>\n<tr>\n<td><\/td>\n<td>Multiplex operation<\/td>\n<td class=\"subattribute\">\u2264 30\/n Hz, n = number of sensors<\/td>\n<\/tr>\n<tr>\n<th colspan=\"3\">Output<\/th>\n<\/tr>\n<tr>\n<td colspan=\"2\">Output type<\/td>\n<td>2 switch outputs PNP, NO\/NC selectable<\/td>\n<\/tr>\n<tr>\n<td colspan=\"2\">Rated operating current<\/td>\n<td>200 mA , short-circuit\/overload protected<\/td>\n<\/tr>\n<tr>\n<td colspan=\"2\">Default setting<\/td>\n<td>Switch point A1: 90 mm , Switch point A2: 2000 mm , wide sound lobe<\/td>\n<\/tr>\n<tr>\n<td colspan=\"2\">Voltage drop<\/td>\n<td>\u2264 2.5 V<\/td>\n<\/tr>\n<tr>\n<td colspan=\"2\">Repeat accuracy<\/td>\n<td>\u2264 0.5 % of switching point<\/td>\n<\/tr>\n<tr>\n<td colspan=\"2\">Switching frequency<\/td>\n<td>\u2264 2.7 Hz<\/td>\n<\/tr>\n<tr>\n<td colspan=\"2\">Range hysteresis<\/td>\n<td>1 % of the set operating distance<\/td>\n<\/tr>\n<tr>\n<td colspan=\"2\">Temperature influence<\/td>\n<td>\u00b1 1 % of full-scale value<\/td>\n<\/tr>\n<tr>\n<th colspan=\"3\">Approvals and certificates<\/th>\n<\/tr>\n<tr>\n<td colspan=\"2\">UL approval<\/td>\n<td>cULus Listed, General Purpose<\/td>\n<\/tr>\n<tr>\n<td colspan=\"2\">CSA approval<\/td>\n<td>cCSAus Listed, General Purpose<\/td>\n<\/tr>\n<tr>\n<td colspan=\"2\">CCC approval<\/td>\n<td>CCC approval \/ marking not required for products rated \u226436 V<\/td>\n<\/tr>\n<tr>\n<th colspan=\"3\">Ambient conditions<\/th>\n<\/tr>\n<tr>\n<td colspan=\"2\">Ambient temperature<\/td>\n<td>-25 &#8230; 70 \u00b0C (-13 &#8230; 158 \u00b0F)<\/td>\n<\/tr>\n<tr>\n<td colspan=\"2\">Storage temperature<\/td>\n<td>-40 &#8230; 85 \u00b0C (-40 &#8230; 185 \u00b0F)<\/td>\n<\/tr>\n<tr>\n<th colspan=\"3\">Mechanical specifications<\/th>\n<\/tr>\n<tr>\n<td colspan=\"2\">Connection type<\/td>\n<td>Connector M12 x 1 , 5-pin<\/td>\n<\/tr>\n<tr>\n<td colspan=\"2\">Degree of protection<\/td>\n<td>IP54<\/td>\n<\/tr>\n<tr>\n<td colspan=\"2\">Material<\/td>\n<td><\/td>\n<\/tr>\n<tr>\n<td><\/td>\n<td>Housing<\/td>\n<td class=\"subattribute\">ABS<\/td>\n<\/tr>\n<tr>\n<td><\/td>\n<td>Transducer<\/td>\n<td class=\"subattribute\">epoxy resin\/hollow glass sphere mixture; foam polyurethane, cover PBT<\/td>\n<\/tr>\n<tr>\n<td colspan=\"2\">Mass<\/td>\n<td>140 g<\/td>\n<\/tr>\n<\/tbody>\n<\/table>\n<p>&nbsp;<\/p>\n<p><strong><span style=\"color: #0000ff;\">Classifications<\/span><\/strong><\/p>\n<table class=\"standard enum\">\n<tbody>\n<tr>\n<th>System<\/th>\n<th>Classcode<\/th>\n<\/tr>\n<tr>\n<td>ECLASS 11.0<\/td>\n<td>27272803<\/td>\n<\/tr>\n<tr>\n<td>ECLASS 10.0.1<\/td>\n<td>27272803<\/td>\n<\/tr>\n<tr>\n<td>ECLASS 9.0<\/td>\n<td>27272803<\/td>\n<\/tr>\n<tr>\n<td>ECLASS 8.0<\/td>\n<td>27272803<\/td>\n<\/tr>\n<tr>\n<td>ECLASS 5.1<\/td>\n<td>27272803<\/td>\n<\/tr>\n<tr>\n<td>ETIM 8.0<\/td>\n<td>EC001849<\/td>\n<\/tr>\n<tr>\n<td>ETIM 7.0<\/td>\n<td>EC001849<\/td>\n<\/tr>\n<tr>\n<td>ETIM 6.0<\/td>\n<td>EC001849<\/td>\n<\/tr>\n<tr>\n<td>ETIM 5.0<\/td>\n<td>EC001849<\/td>\n<\/tr>\n<\/tbody>\n<\/table>\n<p><\/p>","protected":false},"excerpt":{"rendered":"<p>&nbsp;<\/p>\n<ul id=\"productfeatures\">\n<li>2 independent switch outputs<\/li>\n<li>Extremely small unusable area<\/li>\n<li>TEACH-IN<\/li>\n<li>Interference suppression (adjustable divergence of sound cone in close range)<\/li>\n<li>Temperature compensation<\/li>\n<li>Synchronization options<\/li>\n<li>NO\/NC selectable<\/li>\n<\/ul>\n<p>&nbsp;<\/p>\n","protected":false},"featured_media":982,"comment_status":"open","ping_status":"closed","template":"","meta":[],"product_cat":[28,47],"product_tag":[],"yoast_head":"<!-- This site is optimized with the Yoast SEO plugin v16.6.1 - https:\/\/yoast.com\/wordpress\/plugins\/seo\/ -->\n<title>UB2000-F42S-E6-V15 - NEW SKY CO.,LTD<\/title>\n<meta name=\"robots\" content=\"index, follow, max-snippet:-1, max-image-preview:large, max-video-preview:-1\" \/>\n<link rel=\"canonical\" href=\"https:\/\/newskyvn.com\/product\/ub2000-f42s-e6-v15\/\" \/>\n<meta property=\"og:locale\" content=\"en_US\" \/>\n<meta property=\"og:type\" content=\"article\" \/>\n<meta property=\"og:title\" content=\"UB2000-F42S-E6-V15 - NEW SKY CO.,LTD\" \/>\n<meta property=\"og:description\" content=\"[:vi]  2 \u0111\u1ea7u ra ON\/OFF \u0111\u1ed9c l\u1eadp  Di\u1ec7n t\u00edch c\u00f2n tr\u1ed1ng c\u1ef1c k\u1ef3 nh\u1ecf  C\u00f3 ch\u1ee9c n\u0103ng N\u1ea1p ghi nh\u1edb (Teach-in)  Tri\u1ec7t ti\u00eau nhi\u1ec5u (s\u1ef1 ph\u00e2n k\u1ef3 c\u00f3 th\u1ec3 \u0111i\u1ec1u ch\u1ec9nh c\u1ee7a h\u00ecnh n\u00f3n \u00e2m thanh trong ph\u1ea1m vi g\u1ea7n)  S\u1ef1 c\u00e2n b\u1eb1ng nhi\u1ec7t \u0111\u1ed9  T\u00f9y ch\u1ecdn \u0111\u1ed3ng b\u1ed9 h\u00f3a  NO \/ NC c\u00f3 th\u1ec3 l\u1ef1a ch\u1ecdn [:en]&nbsp;   2 independent switch outputs  Extremely small unusable area  TEACH-IN  Interference suppression (adjustable divergence of sound cone in close range)  Temperature compensation  Synchronization options  NO\/NC selectable  &nbsp;[:]\" \/>\n<meta property=\"og:url\" content=\"https:\/\/newskyvn.com\/product\/ub2000-f42s-e6-v15\/\" \/>\n<meta property=\"og:site_name\" content=\"NEW SKY CO.,LTD\" \/>\n<meta property=\"article:modified_time\" content=\"2021-09-12T04:03:28+00:00\" \/>\n<meta property=\"og:image\" content=\"https:\/\/newskyvn.com\/wp-content\/uploads\/2021\/09\/UB2000-2.jpg\" \/>\n\t<meta property=\"og:image:width\" content=\"500\" \/>\n\t<meta property=\"og:image:height\" content=\"500\" \/>\n<meta name=\"twitter:card\" content=\"summary_large_image\" \/>\n<meta name=\"twitter:label1\" content=\"Est. reading time\" \/>\n\t<meta name=\"twitter:data1\" content=\"2 minutes\" \/>\n<script type=\"application\/ld+json\" class=\"yoast-schema-graph\">{\"@context\":\"https:\/\/schema.org\",\"@graph\":[{\"@type\":\"WebSite\",\"@id\":\"https:\/\/newskyvn.com\/#website\",\"url\":\"https:\/\/newskyvn.com\/\",\"name\":\"NEW SKY CO.,LTD\",\"description\":\"C\\u00f4ng Ty TNHH S\\u1ea3n Xu\\u1ea5t Th\\u01b0\\u01a1ng M\\u1ea1i D\\u1ecbch V\\u1ee5 T\\u00e2n Thi\\u00ean\",\"potentialAction\":[{\"@type\":\"SearchAction\",\"target\":{\"@type\":\"EntryPoint\",\"urlTemplate\":\"https:\/\/newskyvn.com\/?s={search_term_string}\"},\"query-input\":\"required name=search_term_string\"}],\"inLanguage\":\"en-US\"},{\"@type\":\"ImageObject\",\"@id\":\"https:\/\/newskyvn.com\/product\/ub2000-f42s-e6-v15\/#primaryimage\",\"inLanguage\":\"en-US\",\"url\":\"https:\/\/newskyvn.com\/wp-content\/uploads\/2021\/09\/UB2000-2.jpg\",\"contentUrl\":\"https:\/\/newskyvn.com\/wp-content\/uploads\/2021\/09\/UB2000-2.jpg\",\"width\":500,\"height\":500},{\"@type\":\"WebPage\",\"@id\":\"https:\/\/newskyvn.com\/product\/ub2000-f42s-e6-v15\/#webpage\",\"url\":\"https:\/\/newskyvn.com\/product\/ub2000-f42s-e6-v15\/\",\"name\":\"UB2000-F42S-E6-V15 - NEW SKY CO.,LTD\",\"isPartOf\":{\"@id\":\"https:\/\/newskyvn.com\/#website\"},\"primaryImageOfPage\":{\"@id\":\"https:\/\/newskyvn.com\/product\/ub2000-f42s-e6-v15\/#primaryimage\"},\"datePublished\":\"2021-09-12T04:03:26+00:00\",\"dateModified\":\"2021-09-12T04:03:28+00:00\",\"breadcrumb\":{\"@id\":\"https:\/\/newskyvn.com\/product\/ub2000-f42s-e6-v15\/#breadcrumb\"},\"inLanguage\":\"en-US\",\"potentialAction\":[{\"@type\":\"ReadAction\",\"target\":[\"https:\/\/newskyvn.com\/product\/ub2000-f42s-e6-v15\/\"]}]},{\"@type\":\"BreadcrumbList\",\"@id\":\"https:\/\/newskyvn.com\/product\/ub2000-f42s-e6-v15\/#breadcrumb\",\"itemListElement\":[{\"@type\":\"ListItem\",\"position\":1,\"name\":\"Product\",\"item\":\"https:\/\/newskyvn.com\/en\/san-pham\/\"},{\"@type\":\"ListItem\",\"position\":2,\"name\":\"UB2000-F42S-E6-V15\"}]}]}<\/script>\n<!-- \/ Yoast SEO plugin. -->","_links":{"self":[{"href":"https:\/\/newskyvn.com\/en\/wp-json\/wp\/v2\/product\/980"}],"collection":[{"href":"https:\/\/newskyvn.com\/en\/wp-json\/wp\/v2\/product"}],"about":[{"href":"https:\/\/newskyvn.com\/en\/wp-json\/wp\/v2\/types\/product"}],"replies":[{"embeddable":true,"href":"https:\/\/newskyvn.com\/en\/wp-json\/wp\/v2\/comments?post=980"}],"wp:featuredmedia":[{"embeddable":true,"href":"https:\/\/newskyvn.com\/en\/wp-json\/wp\/v2\/media\/982"}],"wp:attachment":[{"href":"https:\/\/newskyvn.com\/en\/wp-json\/wp\/v2\/media?parent=980"}],"wp:term":[{"taxonomy":"product_cat","embeddable":true,"href":"https:\/\/newskyvn.com\/en\/wp-json\/wp\/v2\/product_cat?post=980"},{"taxonomy":"product_tag","embeddable":true,"href":"https:\/\/newskyvn.com\/en\/wp-json\/wp\/v2\/product_tag?post=980"}],"curies":[{"name":"wp","href":"https:\/\/api.w.org\/{rel}","templated":true}]}}