{"id":977,"date":"2021-09-12T03:56:44","date_gmt":"2021-09-12T03:56:44","guid":{"rendered":"https:\/\/newskyvn.com\/?post_type=product&#038;p=977"},"modified":"2021-09-12T03:56:47","modified_gmt":"2021-09-12T03:56:47","slug":"uc800-f77s-iu-io-v31","status":"publish","type":"product","link":"https:\/\/newskyvn.com\/en\/product\/uc800-f77s-iu-io-v31\/","title":{"rendered":"UC800-F77S-IU-IO-V31"},"content":{"rendered":"<p>&nbsp;<\/p>\n<p id=\"techdata\"><strong><span style=\"color: #0000ff;\">Datasheet excerpt: Technical data of\u00a0 UC800-F77S-IU-IO-V31<\/span><\/strong><\/p>\n<table class=\"standard enum\">\n<tbody>\n<tr>\n<th colspan=\"2\">Product Description<\/th>\n<\/tr>\n<tr>\n<td colspan=\"3\">Single head system<\/td>\n<\/tr>\n<\/tbody>\n<\/table>\n<table class=\"standard enum\">\n<tbody>\n<tr>\n<th colspan=\"3\">General specifications<\/th>\n<\/tr>\n<tr>\n<td colspan=\"2\">Sensing range<\/td>\n<td>60 &#8230; 800 mm<\/td>\n<\/tr>\n<tr>\n<td colspan=\"2\">Adjustment range<\/td>\n<td>70 &#8230; 800 mm<\/td>\n<\/tr>\n<tr>\n<td colspan=\"2\">Dead band<\/td>\n<td>0 &#8230; 60 mm<\/td>\n<\/tr>\n<tr>\n<td colspan=\"2\">Standard target plate<\/td>\n<td>100 mm x 100 mm<\/td>\n<\/tr>\n<tr>\n<td colspan=\"2\">Transducer frequency<\/td>\n<td>approx. 255 kHz<\/td>\n<\/tr>\n<tr>\n<td colspan=\"2\">Response delay<\/td>\n<td>minimum : 13 ms<br \/>\nfactory setting: 49 ms<\/td>\n<\/tr>\n<tr>\n<td colspan=\"2\">Sensor cycle time<\/td>\n<td>\u2265 13 ms (factory setting) ;<br \/>\nprogrammable to 60 s<\/td>\n<\/tr>\n<tr>\n<th colspan=\"3\">Memory<\/th>\n<\/tr>\n<tr>\n<td colspan=\"2\">Non-volatile memory<\/td>\n<td>EEPROM<\/td>\n<\/tr>\n<tr>\n<td colspan=\"2\">Write cycles<\/td>\n<td>300000<\/td>\n<\/tr>\n<tr>\n<th colspan=\"3\">Indicators\/operating means<\/th>\n<\/tr>\n<tr>\n<td colspan=\"2\">LED green<\/td>\n<td>solid: power on<br \/>\nflashing: standby mode or IO-Link communication<\/td>\n<\/tr>\n<tr>\n<td colspan=\"2\">LED yellow<\/td>\n<td>solid: object in evaluation range<br \/>\nflashing: programming of the limits, object detected<\/td>\n<\/tr>\n<tr>\n<td colspan=\"2\">LED red<\/td>\n<td>solid: fault<br \/>\nflashing: programming limits, object not detected<\/td>\n<\/tr>\n<tr>\n<th colspan=\"3\">Electrical specifications<\/th>\n<\/tr>\n<tr>\n<td colspan=\"2\">Operating voltage<\/td>\n<td>18 &#8230; 30 V DC , ripple\u00a010\u00a0%<sub>SS<\/sub><\/td>\n<\/tr>\n<tr>\n<td colspan=\"2\">No-load supply current<\/td>\n<td>\u2264 50 mA<\/td>\n<\/tr>\n<tr>\n<td colspan=\"2\">Power consumption<\/td>\n<td>\u2264 500 mW<\/td>\n<\/tr>\n<tr>\n<td colspan=\"2\">Time delay before availability<\/td>\n<td>\u2264 300 ms<\/td>\n<\/tr>\n<tr>\n<th colspan=\"3\">Interface<\/th>\n<\/tr>\n<tr>\n<td colspan=\"2\">Interface type<\/td>\n<td>IO-Link (available after activation via programming button until next reset)<\/td>\n<\/tr>\n<tr>\n<th colspan=\"3\">Input\/Output<\/th>\n<\/tr>\n<tr>\n<td colspan=\"2\">Input\/output type<\/td>\n<td>1 synchronization connection, bidirectional<\/td>\n<\/tr>\n<tr>\n<td><\/td>\n<td>0 Level<\/td>\n<td class=\"subattribute\">0 &#8230; 1 V<\/td>\n<\/tr>\n<tr>\n<td><\/td>\n<td>1 Level<\/td>\n<td class=\"subattribute\">2.5 V &#8230; U<sub>B<\/sub><\/td>\n<\/tr>\n<tr>\n<td><\/td>\n<td>Input impedance<\/td>\n<td class=\"subattribute\">&gt; 22 k\u03a9<\/td>\n<\/tr>\n<tr>\n<td><\/td>\n<td>Output rated operating current<\/td>\n<td class=\"subattribute\">current source &lt; 2.5 mA<\/td>\n<\/tr>\n<tr>\n<td><\/td>\n<td>Pulse length<\/td>\n<td class=\"subattribute\">\u2265 1 ms with external control, low active<\/td>\n<\/tr>\n<tr>\n<td colspan=\"2\">Synchronization frequency<\/td>\n<td><\/td>\n<\/tr>\n<tr>\n<td><\/td>\n<td>Common mode operation<\/td>\n<td class=\"subattribute\">\u2264 82 Hz<\/td>\n<\/tr>\n<tr>\n<td><\/td>\n<td>Multiplex operation<\/td>\n<td class=\"subattribute\">\u2264 82 Hz \/ n , n = number of sensors , n \u2264 10<\/td>\n<\/tr>\n<tr>\n<th colspan=\"3\">Output<\/th>\n<\/tr>\n<tr>\n<td colspan=\"2\">Output type<\/td>\n<td>1 analog output 0 (4) &#8230; 20 mA or<br \/>\n1 analog output 0 &#8230; 10 V<\/td>\n<\/tr>\n<tr>\n<td colspan=\"2\">Resolution<\/td>\n<td>current output: evaluation range [mm]\/3200 but \u2265 0.35 mm<br \/>\nvoltage output: evaluation range [mm]\/4000 but \u2265 0.35 mm<\/td>\n<\/tr>\n<tr>\n<td colspan=\"2\">Deviation of the characteristic curve<\/td>\n<td>\u2264 \u00b1 1 % of full-scale value<\/td>\n<\/tr>\n<tr>\n<td colspan=\"2\">Repeat accuracy<\/td>\n<td>\u2264 \u00b1 0.1 % of full-scale value<\/td>\n<\/tr>\n<tr>\n<td colspan=\"2\">Load impedance<\/td>\n<td>current output: \u2264 500 Ohm<br \/>\nvoltage output: \u2265 1000 Ohm<\/td>\n<\/tr>\n<tr>\n<td colspan=\"2\">Temperature influence<\/td>\n<td>\u2264 \u00b1 0.75 % of the end value (with temperature compensation) from 10 minutes after switching on the sensor ; 0.17 %\/K (without temperature compensation)<\/td>\n<\/tr>\n<tr>\n<th colspan=\"3\">Compliance with standards and directives<\/th>\n<\/tr>\n<tr>\n<td colspan=\"2\">Standard conformity<\/td>\n<td><\/td>\n<\/tr>\n<tr>\n<td><\/td>\n<td>Standards<\/td>\n<td class=\"subattribute\">EN 60947-5-2:2007+A1:2012<br \/>\nIEC 60947-5-2:2007 + A1:2012<br \/>\nEN 60947-5-7:2003<br \/>\nIEC 60947-5-7:2003<\/td>\n<\/tr>\n<tr>\n<th colspan=\"3\">Approvals and certificates<\/th>\n<\/tr>\n<tr>\n<td colspan=\"2\">UL approval<\/td>\n<td>cULus Listed, Class 2 Power Source<\/td>\n<\/tr>\n<tr>\n<td colspan=\"2\">CCC approval<\/td>\n<td>CCC approval \/ marking not required for products rated \u226436 V<\/td>\n<\/tr>\n<tr>\n<th colspan=\"3\">Ambient conditions<\/th>\n<\/tr>\n<tr>\n<td colspan=\"2\">Ambient temperature<\/td>\n<td>current output -25 &#8230; 60 \u00b0C (-13 &#8230; 140 \u00b0F)<br \/>\nvoltage output -25 &#8230; 70 \u00b0C (-13 &#8230; 158 \u00b0F)<br \/>\nWhen fixing with one M18 nut, the temperature range for each begins with 0\u00a0 \u00b0C (32\u00a0\u00b0F).<\/td>\n<\/tr>\n<tr>\n<td colspan=\"2\">Storage temperature<\/td>\n<td>-40 &#8230; 85 \u00b0C (-40 &#8230; 185 \u00b0F)<\/td>\n<\/tr>\n<tr>\n<th colspan=\"3\">Mechanical specifications<\/th>\n<\/tr>\n<tr>\n<td colspan=\"2\">Connection type<\/td>\n<td>Connector plug M8 x 1 , 4-pin<\/td>\n<\/tr>\n<tr>\n<td colspan=\"2\">Degree of protection<\/td>\n<td>IP67<\/td>\n<\/tr>\n<tr>\n<td colspan=\"2\">Material<\/td>\n<td><\/td>\n<\/tr>\n<tr>\n<td><\/td>\n<td>Housing<\/td>\n<td class=\"subattribute\">Polycarbonate<\/td>\n<\/tr>\n<tr>\n<td><\/td>\n<td>Transducer<\/td>\n<td class=\"subattribute\">epoxy resin\/hollow glass sphere mixture; polyurethane foam<\/td>\n<\/tr>\n<tr>\n<td colspan=\"2\">Installation position<\/td>\n<td>any position<\/td>\n<\/tr>\n<tr>\n<td colspan=\"2\">Mass<\/td>\n<td>13 g<\/td>\n<\/tr>\n<tr>\n<td colspan=\"2\">Tightening torque, fastening screws<\/td>\n<td>with M3 nuts max. 0.2 Nm<br \/>\nwith M18 nuts max. 1 Nm<\/td>\n<\/tr>\n<tr>\n<th colspan=\"3\">Factory settings<\/th>\n<\/tr>\n<tr>\n<td colspan=\"2\">Output<\/td>\n<td>near limit: 70 mm<br \/>\nfar limit: 800 mm<br \/>\nOutput mode: rising ramp<br \/>\noutput type: 4 &#8230; 20 mA<\/td>\n<\/tr>\n<tr>\n<td colspan=\"2\">Beam width<\/td>\n<td>wide<\/td>\n<\/tr>\n<\/tbody>\n<\/table>\n<p>&nbsp;<\/p>\n<p><strong><span style=\"color: #0000ff;\">Classifications<\/span><\/strong><\/p>\n<table class=\"standard enum\">\n<tbody>\n<tr>\n<th>System<\/th>\n<th>Classcode<\/th>\n<\/tr>\n<tr>\n<td>ECLASS 11.0<\/td>\n<td>27272803<\/td>\n<\/tr>\n<tr>\n<td>ECLASS 10.0.1<\/td>\n<td>27272803<\/td>\n<\/tr>\n<tr>\n<td>ECLASS 9.0<\/td>\n<td>27272803<\/td>\n<\/tr>\n<tr>\n<td>ECLASS 8.0<\/td>\n<td>27272803<\/td>\n<\/tr>\n<tr>\n<td>ECLASS 5.1<\/td>\n<td>27272803<\/td>\n<\/tr>\n<tr>\n<td>ETIM 8.0<\/td>\n<td>EC001849<\/td>\n<\/tr>\n<tr>\n<td>ETIM 7.0<\/td>\n<td>EC001849<\/td>\n<\/tr>\n<tr>\n<td>ETIM 6.0<\/td>\n<td>EC001849<\/td>\n<\/tr>\n<tr>\n<td>ETIM 5.0<\/td>\n<td>EC001849<\/td>\n<\/tr>\n<\/tbody>\n<\/table>\n<p><\/p>","protected":false},"excerpt":{"rendered":"<ul id=\"productfeatures\">\n<li>IO-Link interface for parameterization<\/li>\n<li>Programmable via DTM with PACTWARE<\/li>\n<li>Selectable sound lobe width<\/li>\n<li>Synchronization options<\/li>\n<li>Temperature compensation<\/li>\n<li>Analog output<\/li>\n<\/ul>\n","protected":false},"featured_media":979,"comment_status":"open","ping_status":"closed","template":"","meta":[],"product_cat":[28,47],"product_tag":[],"yoast_head":"<!-- This site is optimized with the Yoast SEO plugin v16.6.1 - https:\/\/yoast.com\/wordpress\/plugins\/seo\/ -->\n<title>UC800-F77S-IU-IO-V31 - NEW SKY CO.,LTD<\/title>\n<meta name=\"robots\" content=\"index, follow, max-snippet:-1, max-image-preview:large, max-video-preview:-1\" \/>\n<link rel=\"canonical\" href=\"https:\/\/newskyvn.com\/product\/uc800-f77s-iu-io-v31\/\" \/>\n<meta property=\"og:locale\" content=\"en_US\" \/>\n<meta property=\"og:type\" content=\"article\" \/>\n<meta property=\"og:title\" content=\"UC800-F77S-IU-IO-V31 - NEW SKY CO.,LTD\" \/>\n<meta property=\"og:description\" content=\"[:vi]  Giao di\u1ec7n IO-Link \u0111\u1ec3 tham s\u1ed1 h\u00f3a  C\u00f3 th\u1ec3 l\u1eadp tr\u00ecnh qua DTM v\u1edbi PACTWARE  Chi\u1ec1u r\u1ed9ng th\u00f9y \u00e2m thanh c\u00f3 th\u1ec3 l\u1ef1a ch\u1ecdn  T\u00f9y ch\u1ecdn \u0111\u1ed3ng b\u1ed9 h\u00f3a  S\u1ef1 c\u00e2n b\u1eb1ng nhi\u1ec7t \u0111\u1ed9  \u0110\u1ea7u ra analog [:en]  IO-Link interface for parameterization  Programmable via DTM with PACTWARE  Selectable sound lobe width  Synchronization options  Temperature compensation  Analog output [:]\" \/>\n<meta property=\"og:url\" content=\"https:\/\/newskyvn.com\/product\/uc800-f77s-iu-io-v31\/\" \/>\n<meta property=\"og:site_name\" content=\"NEW SKY CO.,LTD\" \/>\n<meta property=\"article:modified_time\" content=\"2021-09-12T03:56:47+00:00\" \/>\n<meta property=\"og:image\" content=\"https:\/\/newskyvn.com\/wp-content\/uploads\/2021\/09\/UC8000.jpg\" \/>\n\t<meta property=\"og:image:width\" content=\"500\" \/>\n\t<meta property=\"og:image:height\" content=\"500\" \/>\n<meta name=\"twitter:card\" content=\"summary_large_image\" \/>\n<meta name=\"twitter:label1\" content=\"Est. reading time\" \/>\n\t<meta name=\"twitter:data1\" content=\"3 minutes\" \/>\n<script type=\"application\/ld+json\" class=\"yoast-schema-graph\">{\"@context\":\"https:\/\/schema.org\",\"@graph\":[{\"@type\":\"WebSite\",\"@id\":\"https:\/\/newskyvn.com\/#website\",\"url\":\"https:\/\/newskyvn.com\/\",\"name\":\"NEW SKY CO.,LTD\",\"description\":\"C\\u00f4ng Ty TNHH S\\u1ea3n Xu\\u1ea5t Th\\u01b0\\u01a1ng M\\u1ea1i D\\u1ecbch V\\u1ee5 T\\u00e2n Thi\\u00ean\",\"potentialAction\":[{\"@type\":\"SearchAction\",\"target\":{\"@type\":\"EntryPoint\",\"urlTemplate\":\"https:\/\/newskyvn.com\/?s={search_term_string}\"},\"query-input\":\"required name=search_term_string\"}],\"inLanguage\":\"en-US\"},{\"@type\":\"ImageObject\",\"@id\":\"https:\/\/newskyvn.com\/product\/uc800-f77s-iu-io-v31\/#primaryimage\",\"inLanguage\":\"en-US\",\"url\":\"https:\/\/newskyvn.com\/wp-content\/uploads\/2021\/09\/UC8000.jpg\",\"contentUrl\":\"https:\/\/newskyvn.com\/wp-content\/uploads\/2021\/09\/UC8000.jpg\",\"width\":500,\"height\":500},{\"@type\":\"WebPage\",\"@id\":\"https:\/\/newskyvn.com\/product\/uc800-f77s-iu-io-v31\/#webpage\",\"url\":\"https:\/\/newskyvn.com\/product\/uc800-f77s-iu-io-v31\/\",\"name\":\"UC800-F77S-IU-IO-V31 - NEW SKY CO.,LTD\",\"isPartOf\":{\"@id\":\"https:\/\/newskyvn.com\/#website\"},\"primaryImageOfPage\":{\"@id\":\"https:\/\/newskyvn.com\/product\/uc800-f77s-iu-io-v31\/#primaryimage\"},\"datePublished\":\"2021-09-12T03:56:44+00:00\",\"dateModified\":\"2021-09-12T03:56:47+00:00\",\"breadcrumb\":{\"@id\":\"https:\/\/newskyvn.com\/product\/uc800-f77s-iu-io-v31\/#breadcrumb\"},\"inLanguage\":\"en-US\",\"potentialAction\":[{\"@type\":\"ReadAction\",\"target\":[\"https:\/\/newskyvn.com\/product\/uc800-f77s-iu-io-v31\/\"]}]},{\"@type\":\"BreadcrumbList\",\"@id\":\"https:\/\/newskyvn.com\/product\/uc800-f77s-iu-io-v31\/#breadcrumb\",\"itemListElement\":[{\"@type\":\"ListItem\",\"position\":1,\"name\":\"Product\",\"item\":\"https:\/\/newskyvn.com\/en\/san-pham\/\"},{\"@type\":\"ListItem\",\"position\":2,\"name\":\"UC800-F77S-IU-IO-V31\"}]}]}<\/script>\n<!-- \/ Yoast SEO plugin. -->","_links":{"self":[{"href":"https:\/\/newskyvn.com\/en\/wp-json\/wp\/v2\/product\/977"}],"collection":[{"href":"https:\/\/newskyvn.com\/en\/wp-json\/wp\/v2\/product"}],"about":[{"href":"https:\/\/newskyvn.com\/en\/wp-json\/wp\/v2\/types\/product"}],"replies":[{"embeddable":true,"href":"https:\/\/newskyvn.com\/en\/wp-json\/wp\/v2\/comments?post=977"}],"wp:featuredmedia":[{"embeddable":true,"href":"https:\/\/newskyvn.com\/en\/wp-json\/wp\/v2\/media\/979"}],"wp:attachment":[{"href":"https:\/\/newskyvn.com\/en\/wp-json\/wp\/v2\/media?parent=977"}],"wp:term":[{"taxonomy":"product_cat","embeddable":true,"href":"https:\/\/newskyvn.com\/en\/wp-json\/wp\/v2\/product_cat?post=977"},{"taxonomy":"product_tag","embeddable":true,"href":"https:\/\/newskyvn.com\/en\/wp-json\/wp\/v2\/product_tag?post=977"}],"curies":[{"name":"wp","href":"https:\/\/api.w.org\/{rel}","templated":true}]}}