{"id":974,"date":"2021-09-12T03:52:04","date_gmt":"2021-09-12T03:52:04","guid":{"rendered":"https:\/\/newskyvn.com\/?post_type=product&#038;p=974"},"modified":"2024-09-15T12:48:34","modified_gmt":"2024-09-15T12:48:34","slug":"uc4000-30gm-iuep-io-v15","status":"publish","type":"product","link":"https:\/\/newskyvn.com\/en\/product\/uc4000-30gm-iuep-io-v15\/","title":{"rendered":"UC4000-30GM-IUEP-IO-V15"},"content":{"rendered":"<p>&nbsp;<\/p>\n<p id=\"techdata\"><span style=\"color: #0000ff;\"><strong>Datasheet excerpt: Technical data of\u00a0 UC4000-30GM-IUEP-IO-V15<\/strong><\/span><\/p>\n<table class=\"standard enum\">\n<tbody>\n<tr>\n<th colspan=\"2\">Product Description<\/th>\n<\/tr>\n<tr>\n<td colspan=\"3\">Single head system<\/td>\n<\/tr>\n<\/tbody>\n<\/table>\n<table class=\"standard enum\">\n<tbody>\n<tr>\n<th colspan=\"3\">General specifications<\/th>\n<\/tr>\n<tr>\n<td colspan=\"2\">Sensing range<\/td>\n<td>200 &#8230; 4000 mm<\/td>\n<\/tr>\n<tr>\n<td colspan=\"2\">Adjustment range<\/td>\n<td>240 &#8230; 4000 mm<\/td>\n<\/tr>\n<tr>\n<td colspan=\"2\">Dead band<\/td>\n<td>0 &#8230; 200 mm<\/td>\n<\/tr>\n<tr>\n<td colspan=\"2\">Standard target plate<\/td>\n<td>100 mm x 100 mm<\/td>\n<\/tr>\n<tr>\n<td colspan=\"2\">Transducer frequency<\/td>\n<td>approx. 85 kHz<\/td>\n<\/tr>\n<tr>\n<td colspan=\"2\">Response delay<\/td>\n<td>minimum : 115 ms<br \/>\nfactory setting: 225 ms<\/td>\n<\/tr>\n<tr>\n<th colspan=\"3\">Memory<\/th>\n<\/tr>\n<tr>\n<td colspan=\"2\">Non-volatile memory<\/td>\n<td>EEPROM<\/td>\n<\/tr>\n<tr>\n<td colspan=\"2\">Write cycles<\/td>\n<td>100000<\/td>\n<\/tr>\n<tr>\n<th colspan=\"3\">Indicators\/operating means<\/th>\n<\/tr>\n<tr>\n<td colspan=\"2\">LED green<\/td>\n<td>solid: Power on<br \/>\nflashing: Standby mode or IO link communication<\/td>\n<\/tr>\n<tr>\n<td colspan=\"2\">LED yellow 1<\/td>\n<td>solid: Object in evaluation range<br \/>\nflashing: Learning function, object detected<\/td>\n<\/tr>\n<tr>\n<td colspan=\"2\">LED yellow 2<\/td>\n<td>solid: Object in evaluation range<br \/>\nflashing: Learning function, object detected<\/td>\n<\/tr>\n<tr>\n<td colspan=\"2\">LED red<\/td>\n<td>solid red: Error<br \/>\nred, flashing: program function, object not detected<\/td>\n<\/tr>\n<tr>\n<th colspan=\"3\">Electrical specifications<\/th>\n<\/tr>\n<tr>\n<td colspan=\"2\">Operating voltage<\/td>\n<td>10 &#8230; 30 V DC , ripple\u00a010\u00a0%<sub>SS<\/sub><br \/>\n15 &#8230; 30 V voltage output<\/td>\n<\/tr>\n<tr>\n<td colspan=\"2\">No-load supply current<\/td>\n<td>\u2264 60 mA<\/td>\n<\/tr>\n<tr>\n<td colspan=\"2\">Power consumption<\/td>\n<td>\u2264 1 W<\/td>\n<\/tr>\n<tr>\n<td colspan=\"2\">Time delay before availability<\/td>\n<td>\u2264 150 ms<\/td>\n<\/tr>\n<tr>\n<th colspan=\"3\">Interface<\/th>\n<\/tr>\n<tr>\n<td colspan=\"2\">Interface type<\/td>\n<td>IO-Link<\/td>\n<\/tr>\n<tr>\n<td colspan=\"2\">Protocol<\/td>\n<td>IO-Link V1.0<\/td>\n<\/tr>\n<tr>\n<td colspan=\"2\">Transfer rate<\/td>\n<td>Acyclical: typical 54 Bit\/s<\/td>\n<\/tr>\n<tr>\n<td colspan=\"2\">Cycle time<\/td>\n<td>min. 59.2 ms<\/td>\n<\/tr>\n<tr>\n<td colspan=\"2\">Mode<\/td>\n<td>COM\u00a02 (38.4 kBaud)<\/td>\n<\/tr>\n<tr>\n<td colspan=\"2\">Process data width<\/td>\n<td>16 bit<\/td>\n<\/tr>\n<tr>\n<td colspan=\"2\">SIO mode support<\/td>\n<td>yes<\/td>\n<\/tr>\n<tr>\n<th colspan=\"3\">Input\/Output<\/th>\n<\/tr>\n<tr>\n<td colspan=\"2\">Input\/output type<\/td>\n<td>1 synchronization connection, bidirectional<\/td>\n<\/tr>\n<tr>\n<td><\/td>\n<td>0 Level<\/td>\n<td class=\"subattribute\">0 &#8230; 1 V<\/td>\n<\/tr>\n<tr>\n<td><\/td>\n<td>1 Level<\/td>\n<td class=\"subattribute\">4 V &#8230; U<sub>B<\/sub><\/td>\n<\/tr>\n<tr>\n<td><\/td>\n<td>Input impedance<\/td>\n<td class=\"subattribute\">&gt; 12 k\u03a9<\/td>\n<\/tr>\n<tr>\n<td><\/td>\n<td>Output rated operating current<\/td>\n<td class=\"subattribute\">&lt; 12 mA<\/td>\n<\/tr>\n<tr>\n<td><\/td>\n<td>Pulse length<\/td>\n<td class=\"subattribute\">0.5 &#8230; 300 ms (level 1)<\/td>\n<\/tr>\n<tr>\n<td><\/td>\n<td>Pulse interval<\/td>\n<td class=\"subattribute\">\u2265 62 ms (level 0)<\/td>\n<\/tr>\n<tr>\n<td colspan=\"2\">Synchronization frequency<\/td>\n<td><\/td>\n<\/tr>\n<tr>\n<td><\/td>\n<td>Common mode operation<\/td>\n<td class=\"subattribute\">\u2264 16 Hz<\/td>\n<\/tr>\n<tr>\n<td><\/td>\n<td>Multiplex operation<\/td>\n<td class=\"subattribute\">\u2264 17 Hz \/ n , n = number of sensors , n \u2264 10<br \/>\n(factory setting: n = 5 )<\/td>\n<\/tr>\n<tr>\n<th colspan=\"3\">Output<\/th>\n<\/tr>\n<tr>\n<td colspan=\"2\">Output type<\/td>\n<td>1 push-pull (4 in 1) output, short-circuit protected, reverse polarity protected<br \/>\nCurrent output 4 mA &#8230; 20 mA or<br \/>\nvoltage output 0 V &#8230; 10 V configurable<\/td>\n<\/tr>\n<tr>\n<td colspan=\"2\">Rated operating current<\/td>\n<td>200 mA , short-circuit\/overload protected<\/td>\n<\/tr>\n<tr>\n<td colspan=\"2\">Voltage drop<\/td>\n<td>\u2264 2.5 V<\/td>\n<\/tr>\n<tr>\n<td colspan=\"2\">Resolution<\/td>\n<td>current output: evaluation range [mm]\/3200 but \u2265 0.35 mm<br \/>\nvoltage output: evaluation range [mm]\/4000 but \u2265 0.35 mm<\/td>\n<\/tr>\n<tr>\n<td colspan=\"2\">Deviation of the characteristic curve<\/td>\n<td>\u2264 0.2 % of full-scale value<\/td>\n<\/tr>\n<tr>\n<td colspan=\"2\">Repeat accuracy<\/td>\n<td>\u2264 0.1 % of full-scale value<\/td>\n<\/tr>\n<tr>\n<td colspan=\"2\">Switching frequency<\/td>\n<td>\u2264 2 Hz<\/td>\n<\/tr>\n<tr>\n<td colspan=\"2\">Range hysteresis<\/td>\n<td>1 % of the adjusted operating range (default settings), programmable<\/td>\n<\/tr>\n<tr>\n<td colspan=\"2\">Load impedance<\/td>\n<td>current output: \u2264 300 Ohm<br \/>\nvoltage output: \u2265 1000 Ohm<\/td>\n<\/tr>\n<tr>\n<td colspan=\"2\">Temperature influence<\/td>\n<td>\u2264 1.5 % from full-scale value (with temperature compensation)<br \/>\n\u2264 0.2 %\/K (without temperature compensation)<\/td>\n<\/tr>\n<tr>\n<th colspan=\"3\">Compliance with standards and directives<\/th>\n<\/tr>\n<tr>\n<td colspan=\"2\">Standard conformity<\/td>\n<td><\/td>\n<\/tr>\n<tr>\n<td><\/td>\n<td>Standards<\/td>\n<td class=\"subattribute\">EN 60947-5-2:2007+A1:2012<br \/>\nIEC 60947-5-2:2007 + A1:2012<br \/>\nEN 60947-5-7:2003<br \/>\nIEC 60947-5-7:2003<\/td>\n<\/tr>\n<tr>\n<th colspan=\"3\">Approvals and certificates<\/th>\n<\/tr>\n<tr>\n<td colspan=\"2\">UL approval<\/td>\n<td>cULus Listed, General Purpose<\/td>\n<\/tr>\n<tr>\n<td colspan=\"2\">CSA approval<\/td>\n<td>cCSAus Listed, General Purpose<\/td>\n<\/tr>\n<tr>\n<td colspan=\"2\">CCC approval<\/td>\n<td>CCC approval \/ marking not required for products rated \u226436 V<\/td>\n<\/tr>\n<tr>\n<th colspan=\"3\">Ambient conditions<\/th>\n<\/tr>\n<tr>\n<td colspan=\"2\">Ambient temperature<\/td>\n<td>-25 &#8230; 70 \u00b0C (-13 &#8230; 158 \u00b0F)<\/td>\n<\/tr>\n<tr>\n<td colspan=\"2\">Storage temperature<\/td>\n<td>-40 &#8230; 85 \u00b0C (-40 &#8230; 185 \u00b0F)<\/td>\n<\/tr>\n<tr>\n<th colspan=\"3\">Mechanical specifications<\/th>\n<\/tr>\n<tr>\n<td colspan=\"2\">Connection type<\/td>\n<td>Connector plug M12 x 1 , 5-pin<\/td>\n<\/tr>\n<tr>\n<td colspan=\"2\">Degree of protection<\/td>\n<td>IP67<\/td>\n<\/tr>\n<tr>\n<td colspan=\"2\">Material<\/td>\n<td><\/td>\n<\/tr>\n<tr>\n<td><\/td>\n<td>Housing<\/td>\n<td class=\"subattribute\">Stainless steel 1.4305 \/ AISI 303<br \/>\nTPU<br \/>\nPolyamides<\/td>\n<\/tr>\n<tr>\n<td><\/td>\n<td>Transducer<\/td>\n<td class=\"subattribute\">epoxy resin\/hollow glass sphere mixture; polyurethane foam<\/td>\n<\/tr>\n<tr>\n<td colspan=\"2\">Mass<\/td>\n<td>95 g<\/td>\n<\/tr>\n<tr>\n<th colspan=\"3\">Factory settings<\/th>\n<\/tr>\n<tr>\n<td colspan=\"2\">Output 1<\/td>\n<td>near switch point: 240 mm<br \/>\nfar switch point: 4000 mm<br \/>\nOutput mode: Window\u00a0mode<br \/>\noutput behavior: NO contact<\/td>\n<\/tr>\n<tr>\n<td colspan=\"2\">Output 2<\/td>\n<td>near limit: 500 mm<br \/>\nfar limit: 2000 mm<br \/>\nOutput mode: rising ramp<br \/>\noutput behavior: Current output 4 mA &#8230; 20 mA<\/td>\n<\/tr>\n<tr>\n<td colspan=\"2\">Beam width<\/td>\n<td>wide<\/td>\n<\/tr>\n<\/tbody>\n<\/table>\n<p>&nbsp;<\/p>\n<p><span style=\"color: #0000ff;\"><strong>Classifications<\/strong><\/span><\/p>\n<table class=\"standard enum\">\n<tbody>\n<tr>\n<th>System<\/th>\n<th>Classcode<\/th>\n<\/tr>\n<tr>\n<td>ECLASS 11.0<\/td>\n<td>27272803<\/td>\n<\/tr>\n<tr>\n<td>ECLASS 10.0.1<\/td>\n<td>27272803<\/td>\n<\/tr>\n<tr>\n<td>ECLASS 9.0<\/td>\n<td>27272803<\/td>\n<\/tr>\n<tr>\n<td>ECLASS 8.0<\/td>\n<td>27272803<\/td>\n<\/tr>\n<tr>\n<td>ECLASS 5.1<\/td>\n<td>27272803<\/td>\n<\/tr>\n<tr>\n<td>ETIM 8.0<\/td>\n<td>EC001849<\/td>\n<\/tr>\n<tr>\n<td>ETIM 7.0<\/td>\n<td>EC001849<\/td>\n<\/tr>\n<tr>\n<td>ETIM 6.0<\/td>\n<td>EC001849<\/td>\n<\/tr>\n<tr>\n<td>ETIM 5.0<\/td>\n<td>EC001849<\/td>\n<\/tr>\n<tr>\n<td>UNSPSC 12.1<\/td>\n<td>41111960<\/td>\n<\/tr>\n<\/tbody>\n<\/table>\n<p><\/p>","protected":false},"excerpt":{"rendered":"<ul id=\"productfeatures\">\n<li>IO-Link interface for service and process data<\/li>\n<li>Programmable via DTM with PACTWARE<\/li>\n<li>Switch output and analog output<\/li>\n<li>Selectable sound lobe width<\/li>\n<li>Synchronization options<\/li>\n<li>Temperature compensation<\/li>\n<\/ul>\n","protected":false},"featured_media":976,"comment_status":"open","ping_status":"closed","template":"","meta":[],"product_cat":[28,47],"product_tag":[],"yoast_head":"<!-- This site is optimized with the Yoast SEO plugin v16.6.1 - https:\/\/yoast.com\/wordpress\/plugins\/seo\/ -->\n<title>UC4000-30GM-IUEP-IO-V15 - NEW SKY CO.,LTD<\/title>\n<meta name=\"robots\" content=\"index, follow, max-snippet:-1, max-image-preview:large, max-video-preview:-1\" \/>\n<link rel=\"canonical\" href=\"https:\/\/newskyvn.com\/product\/uc4000-30gm-iuep-io-v15\/\" \/>\n<meta property=\"og:locale\" content=\"en_US\" \/>\n<meta property=\"og:type\" content=\"article\" \/>\n<meta property=\"og:title\" content=\"UC4000-30GM-IUEP-IO-V15 - NEW SKY CO.,LTD\" \/>\n<meta property=\"og:description\" content=\"[:vi]  Giao di\u1ec7n IO-Link cho d\u1eef li\u1ec7u d\u1ecbch v\u1ee5 v\u00e0 quy tr\u00ecnh  C\u00f3 th\u1ec3 l\u1eadp tr\u00ecnh qua DTM v\u1edbi PACTWARE  Chuy\u1ec3n \u0111\u1ed5i \u0111\u1ea7u ra v\u00e0 \u0111\u1ea7u ra t\u01b0\u01a1ng t\u1ef1  Chi\u1ec1u r\u1ed9ng th\u00f9y \u00e2m thanh c\u00f3 th\u1ec3 l\u1ef1a ch\u1ecdn  T\u00f9y ch\u1ecdn \u0111\u1ed3ng b\u1ed9 h\u00f3a  S\u1ef1 c\u00e2n b\u1eb1ng nhi\u1ec7t \u0111\u1ed9 [:en]  IO-Link interface for service and process data  Programmable via DTM with PACTWARE  Switch output and analog output  Selectable sound lobe width  Synchronization options  Temperature compensation [:]\" \/>\n<meta property=\"og:url\" content=\"https:\/\/newskyvn.com\/product\/uc4000-30gm-iuep-io-v15\/\" \/>\n<meta property=\"og:site_name\" content=\"NEW SKY CO.,LTD\" \/>\n<meta property=\"article:modified_time\" content=\"2024-09-15T12:48:34+00:00\" \/>\n<meta property=\"og:image\" content=\"https:\/\/newskyvn.com\/wp-content\/uploads\/2021\/09\/UC4000.jpg\" \/>\n\t<meta property=\"og:image:width\" content=\"500\" \/>\n\t<meta property=\"og:image:height\" content=\"500\" \/>\n<meta name=\"twitter:card\" content=\"summary_large_image\" \/>\n<meta name=\"twitter:label1\" content=\"Est. reading time\" \/>\n\t<meta name=\"twitter:data1\" content=\"3 minutes\" \/>\n<script type=\"application\/ld+json\" class=\"yoast-schema-graph\">{\"@context\":\"https:\/\/schema.org\",\"@graph\":[{\"@type\":\"WebSite\",\"@id\":\"https:\/\/newskyvn.com\/#website\",\"url\":\"https:\/\/newskyvn.com\/\",\"name\":\"NEW SKY CO.,LTD\",\"description\":\"C\\u00f4ng Ty TNHH S\\u1ea3n Xu\\u1ea5t Th\\u01b0\\u01a1ng M\\u1ea1i D\\u1ecbch V\\u1ee5 T\\u00e2n Thi\\u00ean\",\"potentialAction\":[{\"@type\":\"SearchAction\",\"target\":{\"@type\":\"EntryPoint\",\"urlTemplate\":\"https:\/\/newskyvn.com\/?s={search_term_string}\"},\"query-input\":\"required name=search_term_string\"}],\"inLanguage\":\"en-US\"},{\"@type\":\"ImageObject\",\"@id\":\"https:\/\/newskyvn.com\/product\/uc4000-30gm-iuep-io-v15\/#primaryimage\",\"inLanguage\":\"en-US\",\"url\":\"https:\/\/newskyvn.com\/wp-content\/uploads\/2021\/09\/UC4000.jpg\",\"contentUrl\":\"https:\/\/newskyvn.com\/wp-content\/uploads\/2021\/09\/UC4000.jpg\",\"width\":500,\"height\":500},{\"@type\":\"WebPage\",\"@id\":\"https:\/\/newskyvn.com\/product\/uc4000-30gm-iuep-io-v15\/#webpage\",\"url\":\"https:\/\/newskyvn.com\/product\/uc4000-30gm-iuep-io-v15\/\",\"name\":\"UC4000-30GM-IUEP-IO-V15 - NEW SKY CO.,LTD\",\"isPartOf\":{\"@id\":\"https:\/\/newskyvn.com\/#website\"},\"primaryImageOfPage\":{\"@id\":\"https:\/\/newskyvn.com\/product\/uc4000-30gm-iuep-io-v15\/#primaryimage\"},\"datePublished\":\"2021-09-12T03:52:04+00:00\",\"dateModified\":\"2024-09-15T12:48:34+00:00\",\"breadcrumb\":{\"@id\":\"https:\/\/newskyvn.com\/product\/uc4000-30gm-iuep-io-v15\/#breadcrumb\"},\"inLanguage\":\"en-US\",\"potentialAction\":[{\"@type\":\"ReadAction\",\"target\":[\"https:\/\/newskyvn.com\/product\/uc4000-30gm-iuep-io-v15\/\"]}]},{\"@type\":\"BreadcrumbList\",\"@id\":\"https:\/\/newskyvn.com\/product\/uc4000-30gm-iuep-io-v15\/#breadcrumb\",\"itemListElement\":[{\"@type\":\"ListItem\",\"position\":1,\"name\":\"Product\",\"item\":\"https:\/\/newskyvn.com\/en\/san-pham\/\"},{\"@type\":\"ListItem\",\"position\":2,\"name\":\"UC4000-30GM-IUEP-IO-V15\"}]}]}<\/script>\n<!-- \/ Yoast SEO plugin. -->","_links":{"self":[{"href":"https:\/\/newskyvn.com\/en\/wp-json\/wp\/v2\/product\/974"}],"collection":[{"href":"https:\/\/newskyvn.com\/en\/wp-json\/wp\/v2\/product"}],"about":[{"href":"https:\/\/newskyvn.com\/en\/wp-json\/wp\/v2\/types\/product"}],"replies":[{"embeddable":true,"href":"https:\/\/newskyvn.com\/en\/wp-json\/wp\/v2\/comments?post=974"}],"wp:featuredmedia":[{"embeddable":true,"href":"https:\/\/newskyvn.com\/en\/wp-json\/wp\/v2\/media\/976"}],"wp:attachment":[{"href":"https:\/\/newskyvn.com\/en\/wp-json\/wp\/v2\/media?parent=974"}],"wp:term":[{"taxonomy":"product_cat","embeddable":true,"href":"https:\/\/newskyvn.com\/en\/wp-json\/wp\/v2\/product_cat?post=974"},{"taxonomy":"product_tag","embeddable":true,"href":"https:\/\/newskyvn.com\/en\/wp-json\/wp\/v2\/product_tag?post=974"}],"curies":[{"name":"wp","href":"https:\/\/api.w.org\/{rel}","templated":true}]}}