{"id":965,"date":"2021-09-12T03:36:55","date_gmt":"2021-09-12T03:36:55","guid":{"rendered":"https:\/\/newskyvn.com\/?post_type=product&#038;p=965"},"modified":"2024-09-15T12:48:33","modified_gmt":"2024-09-15T12:48:33","slug":"uc2000-l2-e6-v15","status":"publish","type":"product","link":"https:\/\/newskyvn.com\/en\/product\/uc2000-l2-e6-v15\/","title":{"rendered":"UC2000-L2-E6-V15"},"content":{"rendered":"<p>&nbsp;<\/p>\n<p id=\"techdata\"><span style=\"color: #0000ff;\"><strong>Datasheet excerpt: Technical data of\u00a0 UC2000-L2-E6-V15<\/strong><\/span><\/p>\n<table class=\"standard enum\">\n<tbody>\n<tr>\n<th colspan=\"2\">Product Description<\/th>\n<\/tr>\n<tr>\n<td colspan=\"3\">Single head system<\/td>\n<\/tr>\n<\/tbody>\n<\/table>\n<table class=\"standard enum\">\n<tbody>\n<tr>\n<th colspan=\"3\">General specifications<\/th>\n<\/tr>\n<tr>\n<td colspan=\"2\">Sensing range<\/td>\n<td>60 &#8230; 2000 mm<\/td>\n<\/tr>\n<tr>\n<td colspan=\"2\">Adjustment range<\/td>\n<td>80 &#8230; 2000 mm<\/td>\n<\/tr>\n<tr>\n<td colspan=\"2\">Dead band<\/td>\n<td>0 &#8230; 60 mm<\/td>\n<\/tr>\n<tr>\n<td colspan=\"2\">Standard target plate<\/td>\n<td>100 mm x 100 mm<\/td>\n<\/tr>\n<tr>\n<td colspan=\"2\">Transducer frequency<\/td>\n<td>approx. 175 kHz<\/td>\n<\/tr>\n<tr>\n<th colspan=\"3\">Nominal ratings<\/th>\n<\/tr>\n<tr>\n<td colspan=\"2\">Response delay<\/td>\n<td>minimum: 60 ms<br \/>\nfactory setting: 120 ms<\/td>\n<\/tr>\n<tr>\n<td colspan=\"2\">Time delay before availability<\/td>\n<td>\u2264 1600 ms<\/td>\n<\/tr>\n<tr>\n<th colspan=\"3\">Indicators\/operating means<\/th>\n<\/tr>\n<tr>\n<td colspan=\"2\">LED green<\/td>\n<td>Operating display<\/td>\n<\/tr>\n<tr>\n<td colspan=\"2\">LED yellow 1<\/td>\n<td>switching state switch output 1<\/td>\n<\/tr>\n<tr>\n<td colspan=\"2\">LED yellow 2<\/td>\n<td>switching state switch output 2<\/td>\n<\/tr>\n<tr>\n<td colspan=\"2\">LED red<\/td>\n<td>error<\/td>\n<\/tr>\n<tr>\n<th colspan=\"3\">Electrical specifications<\/th>\n<\/tr>\n<tr>\n<td colspan=\"2\">Operating voltage<\/td>\n<td>10 &#8230; 30 V DC , ripple\u00a010\u00a0%<sub>SS<\/sub><\/td>\n<\/tr>\n<tr>\n<td colspan=\"2\">No-load supply current<\/td>\n<td>\u2264 50 mA<\/td>\n<\/tr>\n<tr>\n<th colspan=\"3\">Interface<\/th>\n<\/tr>\n<tr>\n<td colspan=\"2\">Interface type<\/td>\n<td>Serial interface (programming adapter required)<br \/>\n9600 BPS, no parity, 8 data bits, 1 stop bit<\/td>\n<\/tr>\n<tr>\n<th colspan=\"3\">Input\/Output<\/th>\n<\/tr>\n<tr>\n<td colspan=\"2\">Input\/output type<\/td>\n<td>1 synchronization connection, bidirectional<\/td>\n<\/tr>\n<tr>\n<td><\/td>\n<td>0 Level<\/td>\n<td class=\"subattribute\">0 &#8230; 1 V<\/td>\n<\/tr>\n<tr>\n<td><\/td>\n<td>1 Level<\/td>\n<td class=\"subattribute\">4 V &#8230; U<sub>B<\/sub><\/td>\n<\/tr>\n<tr>\n<td><\/td>\n<td>Input impedance<\/td>\n<td class=\"subattribute\">&gt; 12 k\u03a9<\/td>\n<\/tr>\n<tr>\n<td><\/td>\n<td>Output rated operating current<\/td>\n<td class=\"subattribute\">&lt; 12 mA<\/td>\n<\/tr>\n<tr>\n<td><\/td>\n<td>Pulse length<\/td>\n<td class=\"subattribute\">0.5 &#8230; 300 ms (level 1)<\/td>\n<\/tr>\n<tr>\n<td><\/td>\n<td>Pulse interval<\/td>\n<td class=\"subattribute\">\u2265 33 ms (level 0)<\/td>\n<\/tr>\n<tr>\n<td colspan=\"2\">Synchronization frequency<\/td>\n<td><\/td>\n<\/tr>\n<tr>\n<td><\/td>\n<td>Common mode operation<\/td>\n<td class=\"subattribute\">\u2264 30 Hz<\/td>\n<\/tr>\n<tr>\n<td><\/td>\n<td>Multiplex operation<\/td>\n<td class=\"subattribute\">\u2264 33 Hz \/ n , n = number of sensors , n \u2264 10<br \/>\n(factory setting: n = 5 )<\/td>\n<\/tr>\n<tr>\n<th colspan=\"3\">Output<\/th>\n<\/tr>\n<tr>\n<td colspan=\"2\">Output type<\/td>\n<td>2 switch outputs PNP, NO\/NC, programmable<\/td>\n<\/tr>\n<tr>\n<td colspan=\"2\">Rated operating current<\/td>\n<td>200 mA , short-circuit\/overload protected<\/td>\n<\/tr>\n<tr>\n<td colspan=\"2\">Voltage drop<\/td>\n<td>\u2264 2 V<\/td>\n<\/tr>\n<tr>\n<td colspan=\"2\">Repeat accuracy<\/td>\n<td>\u2264 0.1 % of full-scale value<\/td>\n<\/tr>\n<tr>\n<td colspan=\"2\">Switching frequency<\/td>\n<td>\u2264 5 Hz<\/td>\n<\/tr>\n<tr>\n<td colspan=\"2\">Range hysteresis<\/td>\n<td>programmable , preset to 1 mm<\/td>\n<\/tr>\n<tr>\n<td colspan=\"2\">Temperature influence<\/td>\n<td>&lt; 1.5 % of full-scale value<\/td>\n<\/tr>\n<tr>\n<th colspan=\"3\">Compliance with standards and directives<\/th>\n<\/tr>\n<tr>\n<td colspan=\"2\">Standard conformity<\/td>\n<td><\/td>\n<\/tr>\n<tr>\n<td><\/td>\n<td>Standards<\/td>\n<td class=\"subattribute\">EN 60947-5-2:2007+A1:2012<br \/>\nIEC 60947-5-2:2007 + A1:2012<\/td>\n<\/tr>\n<tr>\n<th colspan=\"3\">Approvals and certificates<\/th>\n<\/tr>\n<tr>\n<td colspan=\"2\">EAC conformity<\/td>\n<td>TR\u00a0CU 020\/2011<br \/>\nTR CU 037\/2016<\/td>\n<\/tr>\n<tr>\n<td colspan=\"2\">UL approval<\/td>\n<td>cULus Listed, General Purpose<\/td>\n<\/tr>\n<tr>\n<td colspan=\"2\">CCC approval<\/td>\n<td>CCC approval \/ marking not required for products rated \u226436 V<\/td>\n<\/tr>\n<tr>\n<th colspan=\"3\">Ambient conditions<\/th>\n<\/tr>\n<tr>\n<td colspan=\"2\">Ambient temperature<\/td>\n<td>-25 &#8230; 70 \u00b0C (-13 &#8230; 158 \u00b0F)<\/td>\n<\/tr>\n<tr>\n<td colspan=\"2\">Storage temperature<\/td>\n<td>-40 &#8230; 85 \u00b0C (-40 &#8230; 185 \u00b0F)<\/td>\n<\/tr>\n<tr>\n<th colspan=\"3\">Mechanical specifications<\/th>\n<\/tr>\n<tr>\n<td colspan=\"2\">Connection type<\/td>\n<td>Connector plug M12 x 1 , 5-pin<\/td>\n<\/tr>\n<tr>\n<td colspan=\"2\">Degree of protection<\/td>\n<td>IP67<\/td>\n<\/tr>\n<tr>\n<td colspan=\"2\">Material<\/td>\n<td><\/td>\n<\/tr>\n<tr>\n<td><\/td>\n<td>Housing<\/td>\n<td class=\"subattribute\">PA-GF35<\/td>\n<\/tr>\n<tr>\n<td><\/td>\n<td>Transducer<\/td>\n<td class=\"subattribute\">epoxy resin\/hollow glass sphere mixture; polyurethane foam<\/td>\n<\/tr>\n<tr>\n<td colspan=\"2\">Mass<\/td>\n<td>115 g<\/td>\n<\/tr>\n<tr>\n<th colspan=\"3\">Factory settings<\/th>\n<\/tr>\n<tr>\n<td colspan=\"2\">Output 1<\/td>\n<td>near switch point: 80 mm<br \/>\nfar switch point: 2000 mm<br \/>\noutput function: Window mode<br \/>\noutput behavior: NO contact<\/td>\n<\/tr>\n<tr>\n<td colspan=\"2\">Output 2<\/td>\n<td>near switch point: 150 mm<br \/>\nfar switch point: 1000 mm<br \/>\noutput function: Window mode<br \/>\noutput behavior: NO contact<\/td>\n<\/tr>\n<tr>\n<td colspan=\"2\">Beam width<\/td>\n<td>wide<\/td>\n<\/tr>\n<tr>\n<td colspan=\"2\">Evaluation procedure<\/td>\n<td>averaging (MxN)<br \/>\nM = 5<br \/>\nN = 2<\/td>\n<\/tr>\n<tr>\n<th colspan=\"3\">General information<\/th>\n<\/tr>\n<tr>\n<td colspan=\"2\">Supplementary information<\/td>\n<td>Switch settings of the external programming adapter:<br \/>\n&#8220;output load&#8221;: pull-down<br \/>\n&#8220;output logic&#8221;: inv<\/td>\n<\/tr>\n<\/tbody>\n<\/table>\n<p>&nbsp;<\/p>\n<p><strong><span style=\"color: #0000ff;\">Classifications<\/span><\/strong><\/p>\n<table class=\"standard enum\">\n<tbody>\n<tr>\n<th>System<\/th>\n<th>Classcode<\/th>\n<\/tr>\n<tr>\n<td>ECLASS 11.0<\/td>\n<td>27272803<\/td>\n<\/tr>\n<tr>\n<td>ECLASS 10.0.1<\/td>\n<td>27272803<\/td>\n<\/tr>\n<tr>\n<td>ECLASS 9.0<\/td>\n<td>27272803<\/td>\n<\/tr>\n<tr>\n<td>ECLASS 8.0<\/td>\n<td>27272803<\/td>\n<\/tr>\n<tr>\n<td>ECLASS 5.1<\/td>\n<td>27272803<\/td>\n<\/tr>\n<tr>\n<td>ETIM 8.0<\/td>\n<td>EC001849<\/td>\n<\/tr>\n<tr>\n<td>ETIM 7.0<\/td>\n<td>EC001849<\/td>\n<\/tr>\n<tr>\n<td>ETIM 6.0<\/td>\n<td>EC001849<\/td>\n<\/tr>\n<tr>\n<td>ETIM 5.0<\/td>\n<td>EC001849<\/td>\n<\/tr>\n<\/tbody>\n<\/table>\n<p><\/p>","protected":false},"excerpt":{"rendered":"<ul id=\"productfeatures\">\n<li>Sensor head bidirectional and rotatable<\/li>\n<li>Function indicators visible from all directions<\/li>\n<li>Quick mounting bracket<\/li>\n<li>Selectable sound lobe width<\/li>\n<li>Programmable<\/li>\n<\/ul>\n","protected":false},"featured_media":966,"comment_status":"open","ping_status":"closed","template":"","meta":[],"product_cat":[28,47],"product_tag":[],"yoast_head":"<!-- This site is optimized with the Yoast SEO plugin v16.6.1 - https:\/\/yoast.com\/wordpress\/plugins\/seo\/ -->\n<title>UC2000-L2-E6-V15 - NEW SKY CO.,LTD<\/title>\n<meta name=\"robots\" content=\"index, follow, max-snippet:-1, max-image-preview:large, max-video-preview:-1\" \/>\n<link rel=\"canonical\" href=\"https:\/\/newskyvn.com\/product\/uc2000-l2-e6-v15\/\" \/>\n<meta property=\"og:locale\" content=\"en_US\" \/>\n<meta property=\"og:type\" content=\"article\" \/>\n<meta property=\"og:title\" content=\"UC2000-L2-E6-V15 - NEW SKY CO.,LTD\" \/>\n<meta property=\"og:description\" content=\"[:vi]  \u0110\u1ea7u c\u1ea3m bi\u1ebfn hai chi\u1ec1u v\u00e0 c\u00f3 th\u1ec3 xoay  C\u00e1c ch\u1ec9 b\u00e1o ch\u1ee9c n\u0103ng c\u00f3 th\u1ec3 nh\u00ecn th\u1ea5y t\u1eeb m\u1ecdi h\u01b0\u1edbng  Gi\u00e1 \u0111\u1ee1 l\u1eafp nhanh ch\u00f3ng  Chi\u1ec1u r\u1ed9ng th\u00f9y \u00e2m thanh c\u00f3 th\u1ec3 l\u1ef1a ch\u1ecdn  C\u00f3 th\u1ec3 l\u1eadp tr\u00ecnh [:en]  Sensor head bidirectional and rotatable  Function indicators visible from all directions  Quick mounting bracket  Selectable sound lobe width  Programmable [:]\" \/>\n<meta property=\"og:url\" content=\"https:\/\/newskyvn.com\/product\/uc2000-l2-e6-v15\/\" \/>\n<meta property=\"og:site_name\" content=\"NEW SKY CO.,LTD\" \/>\n<meta property=\"article:modified_time\" content=\"2024-09-15T12:48:33+00:00\" \/>\n<meta property=\"og:image\" content=\"https:\/\/newskyvn.com\/wp-content\/uploads\/2021\/09\/b233518a.png\" \/>\n\t<meta property=\"og:image:width\" content=\"200\" \/>\n\t<meta property=\"og:image:height\" content=\"220\" \/>\n<meta name=\"twitter:card\" content=\"summary_large_image\" \/>\n<meta name=\"twitter:label1\" content=\"Est. reading time\" \/>\n\t<meta name=\"twitter:data1\" content=\"2 minutes\" \/>\n<script type=\"application\/ld+json\" class=\"yoast-schema-graph\">{\"@context\":\"https:\/\/schema.org\",\"@graph\":[{\"@type\":\"WebSite\",\"@id\":\"https:\/\/newskyvn.com\/#website\",\"url\":\"https:\/\/newskyvn.com\/\",\"name\":\"NEW SKY CO.,LTD\",\"description\":\"C\\u00f4ng Ty TNHH S\\u1ea3n Xu\\u1ea5t Th\\u01b0\\u01a1ng M\\u1ea1i D\\u1ecbch V\\u1ee5 T\\u00e2n Thi\\u00ean\",\"potentialAction\":[{\"@type\":\"SearchAction\",\"target\":{\"@type\":\"EntryPoint\",\"urlTemplate\":\"https:\/\/newskyvn.com\/?s={search_term_string}\"},\"query-input\":\"required name=search_term_string\"}],\"inLanguage\":\"en-US\"},{\"@type\":\"ImageObject\",\"@id\":\"https:\/\/newskyvn.com\/product\/uc2000-l2-e6-v15\/#primaryimage\",\"inLanguage\":\"en-US\",\"url\":\"https:\/\/newskyvn.com\/wp-content\/uploads\/2021\/09\/b233518a.png\",\"contentUrl\":\"https:\/\/newskyvn.com\/wp-content\/uploads\/2021\/09\/b233518a.png\",\"width\":200,\"height\":220},{\"@type\":\"WebPage\",\"@id\":\"https:\/\/newskyvn.com\/product\/uc2000-l2-e6-v15\/#webpage\",\"url\":\"https:\/\/newskyvn.com\/product\/uc2000-l2-e6-v15\/\",\"name\":\"UC2000-L2-E6-V15 - NEW SKY CO.,LTD\",\"isPartOf\":{\"@id\":\"https:\/\/newskyvn.com\/#website\"},\"primaryImageOfPage\":{\"@id\":\"https:\/\/newskyvn.com\/product\/uc2000-l2-e6-v15\/#primaryimage\"},\"datePublished\":\"2021-09-12T03:36:55+00:00\",\"dateModified\":\"2024-09-15T12:48:33+00:00\",\"breadcrumb\":{\"@id\":\"https:\/\/newskyvn.com\/product\/uc2000-l2-e6-v15\/#breadcrumb\"},\"inLanguage\":\"en-US\",\"potentialAction\":[{\"@type\":\"ReadAction\",\"target\":[\"https:\/\/newskyvn.com\/product\/uc2000-l2-e6-v15\/\"]}]},{\"@type\":\"BreadcrumbList\",\"@id\":\"https:\/\/newskyvn.com\/product\/uc2000-l2-e6-v15\/#breadcrumb\",\"itemListElement\":[{\"@type\":\"ListItem\",\"position\":1,\"name\":\"Product\",\"item\":\"https:\/\/newskyvn.com\/en\/san-pham\/\"},{\"@type\":\"ListItem\",\"position\":2,\"name\":\"UC2000-L2-E6-V15\"}]}]}<\/script>\n<!-- \/ Yoast SEO plugin. -->","_links":{"self":[{"href":"https:\/\/newskyvn.com\/en\/wp-json\/wp\/v2\/product\/965"}],"collection":[{"href":"https:\/\/newskyvn.com\/en\/wp-json\/wp\/v2\/product"}],"about":[{"href":"https:\/\/newskyvn.com\/en\/wp-json\/wp\/v2\/types\/product"}],"replies":[{"embeddable":true,"href":"https:\/\/newskyvn.com\/en\/wp-json\/wp\/v2\/comments?post=965"}],"wp:featuredmedia":[{"embeddable":true,"href":"https:\/\/newskyvn.com\/en\/wp-json\/wp\/v2\/media\/966"}],"wp:attachment":[{"href":"https:\/\/newskyvn.com\/en\/wp-json\/wp\/v2\/media?parent=965"}],"wp:term":[{"taxonomy":"product_cat","embeddable":true,"href":"https:\/\/newskyvn.com\/en\/wp-json\/wp\/v2\/product_cat?post=965"},{"taxonomy":"product_tag","embeddable":true,"href":"https:\/\/newskyvn.com\/en\/wp-json\/wp\/v2\/product_tag?post=965"}],"curies":[{"name":"wp","href":"https:\/\/api.w.org\/{rel}","templated":true}]}}