{"id":938,"date":"2021-09-11T13:44:43","date_gmt":"2021-09-11T13:44:43","guid":{"rendered":"https:\/\/newskyvn.com\/?post_type=product&#038;p=938"},"modified":"2021-09-11T13:47:14","modified_gmt":"2021-09-11T13:47:14","slug":"ub1000-18gm75-e5-v15","status":"publish","type":"product","link":"https:\/\/newskyvn.com\/en\/product\/ub1000-18gm75-e5-v15\/","title":{"rendered":"UB1000-18GM75-E5-V15"},"content":{"rendered":"<p>&nbsp;<\/p>\n<p id=\"techdata\"><strong><span style=\"color: #0000ff;\">Datasheet excerpt: Technical data of\u00a0 UB1000-18GM75-E5-V15<\/span><\/strong><\/p>\n<table class=\"standard enum\">\n<tbody>\n<tr>\n<th colspan=\"2\">Product Description<\/th>\n<\/tr>\n<tr>\n<td colspan=\"3\">Single head system<\/td>\n<\/tr>\n<\/tbody>\n<\/table>\n<table class=\"standard enum\">\n<tbody>\n<tr>\n<th colspan=\"3\">General specifications<\/th>\n<\/tr>\n<tr>\n<td colspan=\"2\">Sensing range<\/td>\n<td>70 &#8230; 1000 mm<\/td>\n<\/tr>\n<tr>\n<td colspan=\"2\">Adjustment range<\/td>\n<td>90 &#8230; 1000 mm<\/td>\n<\/tr>\n<tr>\n<td colspan=\"2\">Dead band<\/td>\n<td>0 &#8230; 70 mm<\/td>\n<\/tr>\n<tr>\n<td colspan=\"2\">Standard target plate<\/td>\n<td>100 mm x 100 mm<\/td>\n<\/tr>\n<tr>\n<td colspan=\"2\">Transducer frequency<\/td>\n<td>approx. 255 kHz<\/td>\n<\/tr>\n<tr>\n<td colspan=\"2\">Response delay<\/td>\n<td>approx. 125 ms<\/td>\n<\/tr>\n<tr>\n<th colspan=\"3\">Indicators\/operating means<\/th>\n<\/tr>\n<tr>\n<td colspan=\"2\">LED yellow<\/td>\n<td>indication of the switching state<br \/>\nflashing: program function object detected<\/td>\n<\/tr>\n<tr>\n<td colspan=\"2\">LED red<\/td>\n<td>solid red: Error<br \/>\nred, flashing: program function, object not detected<\/td>\n<\/tr>\n<tr>\n<th colspan=\"3\">Electrical specifications<\/th>\n<\/tr>\n<tr>\n<td colspan=\"2\">Operating voltage<\/td>\n<td>10 &#8230; 30 V DC , ripple\u00a010\u00a0%<sub>SS<\/sub><\/td>\n<\/tr>\n<tr>\n<td colspan=\"2\">No-load supply current<\/td>\n<td>\u2264 50 mA<\/td>\n<\/tr>\n<tr>\n<th colspan=\"3\">Input\/Output<\/th>\n<\/tr>\n<tr>\n<td colspan=\"2\">Synchronization<\/td>\n<td>1 synchronous connection, bi-directional<br \/>\n0-level: -U<sub>B<\/sub>&#8230;+1 V<br \/>\n1-level: +4 V&#8230;+U<sub>B<\/sub><br \/>\ninput impedance: &gt; 12 k\u03a9<br \/>\nsynchronization pulse: \u2265 100 \u00b5s, synchronization interpulse period: \u2265 2 ms<\/td>\n<\/tr>\n<tr>\n<td colspan=\"2\">Synchronization frequency<\/td>\n<td><\/td>\n<\/tr>\n<tr>\n<td><\/td>\n<td>Common mode operation<\/td>\n<td class=\"subattribute\">max. 40 Hz<\/td>\n<\/tr>\n<tr>\n<td><\/td>\n<td>Multiplex operation<\/td>\n<td class=\"subattribute\">\u2264 40 Hz \/ n, n = number of sensors, n \u2264 5<\/td>\n<\/tr>\n<tr>\n<th colspan=\"3\">Input<\/th>\n<\/tr>\n<tr>\n<td colspan=\"2\">Input type<\/td>\n<td>1 program input,<br \/>\noperating range 1: -U<sub>B<\/sub>\u00a0&#8230; +1 V, operating range 2: +4 V &#8230; +U<sub>B<\/sub><br \/>\ninput impedance: &gt; 4.7 k\u03a9; program pulse: \u2265 1 s<\/td>\n<\/tr>\n<tr>\n<th colspan=\"3\">Output<\/th>\n<\/tr>\n<tr>\n<td colspan=\"2\">Output type<\/td>\n<td>1 switch output PNP Normally open\/closed , programmable<\/td>\n<\/tr>\n<tr>\n<td colspan=\"2\">Rated operating current<\/td>\n<td>200 mA , short-circuit\/overload protected<\/td>\n<\/tr>\n<tr>\n<td colspan=\"2\">Voltage drop<\/td>\n<td>\u2264 3 V<\/td>\n<\/tr>\n<tr>\n<td colspan=\"2\">Repeat accuracy<\/td>\n<td>\u2264 1 %<\/td>\n<\/tr>\n<tr>\n<td colspan=\"2\">Switching frequency<\/td>\n<td>max. 3 Hz<\/td>\n<\/tr>\n<tr>\n<td colspan=\"2\">Range hysteresis<\/td>\n<td>1 % of the set operating distance<\/td>\n<\/tr>\n<tr>\n<td colspan=\"2\">Temperature influence<\/td>\n<td>\u00b1 1.5 % of full-scale value<\/td>\n<\/tr>\n<tr>\n<th colspan=\"3\">Compliance with standards and directives<\/th>\n<\/tr>\n<tr>\n<td colspan=\"2\">Standard conformity<\/td>\n<td><\/td>\n<\/tr>\n<tr>\n<td><\/td>\n<td>Standards<\/td>\n<td class=\"subattribute\">EN 60947-5-2:2007+A1:2012<br \/>\nIEC 60947-5-2:2007 + A1:2012<\/td>\n<\/tr>\n<tr>\n<th colspan=\"3\">Approvals and certificates<\/th>\n<\/tr>\n<tr>\n<td colspan=\"2\">UL approval<\/td>\n<td>cULus Listed, General Purpose<\/td>\n<\/tr>\n<tr>\n<td colspan=\"2\">CSA approval<\/td>\n<td>cCSAus Listed, General Purpose<\/td>\n<\/tr>\n<tr>\n<td colspan=\"2\">CCC approval<\/td>\n<td>CCC approval \/ marking not required for products rated \u226436 V<\/td>\n<\/tr>\n<tr>\n<th colspan=\"3\">Ambient conditions<\/th>\n<\/tr>\n<tr>\n<td colspan=\"2\">Ambient temperature<\/td>\n<td>-25 &#8230; 70 \u00b0C (-13 &#8230; 158 \u00b0F)<\/td>\n<\/tr>\n<tr>\n<td colspan=\"2\">Storage temperature<\/td>\n<td>-40 &#8230; 85 \u00b0C (-40 &#8230; 185 \u00b0F)<\/td>\n<\/tr>\n<tr>\n<th colspan=\"3\">Mechanical specifications<\/th>\n<\/tr>\n<tr>\n<td colspan=\"2\">Connection type<\/td>\n<td>Connector plug M12 x 1 , 5-pin<\/td>\n<\/tr>\n<tr>\n<td colspan=\"2\">Degree of protection<\/td>\n<td>IP67<\/td>\n<\/tr>\n<tr>\n<td colspan=\"2\">Material<\/td>\n<td><\/td>\n<\/tr>\n<tr>\n<td><\/td>\n<td>Housing<\/td>\n<td class=\"subattribute\">brass, nickel-plated<\/td>\n<\/tr>\n<tr>\n<td><\/td>\n<td>Transducer<\/td>\n<td class=\"subattribute\">epoxy resin\/hollow glass sphere mixture; foam polyurethane, cover PBT<\/td>\n<\/tr>\n<tr>\n<td colspan=\"2\">Mass<\/td>\n<td>60 g<\/td>\n<\/tr>\n<tr>\n<th colspan=\"3\">Factory settings<\/th>\n<\/tr>\n<tr>\n<td colspan=\"2\">Output<\/td>\n<td>Switch point A1: 90 mm<br \/>\nSwitch point A2: 1000 mm<br \/>\noutput function: Window mode<br \/>\noutput behavior: NO contact<\/td>\n<\/tr>\n<tr>\n<td colspan=\"2\">Beam width<\/td>\n<td>wide<\/td>\n<\/tr>\n<\/tbody>\n<\/table>\n<p>&nbsp;<\/p>\n<p><strong><span style=\"color: #0000ff;\">Classifications<\/span><\/strong><\/p>\n<table class=\"standard enum\">\n<tbody>\n<tr>\n<th>System<\/th>\n<th>Classcode<\/th>\n<\/tr>\n<tr>\n<td>ECLASS 11.0<\/td>\n<td>27272803<\/td>\n<\/tr>\n<tr>\n<td>ECLASS 10.0.1<\/td>\n<td>27272803<\/td>\n<\/tr>\n<tr>\n<td>ECLASS 9.0<\/td>\n<td>27272803<\/td>\n<\/tr>\n<tr>\n<td>ECLASS 8.0<\/td>\n<td>27272803<\/td>\n<\/tr>\n<tr>\n<td>ECLASS 5.1<\/td>\n<td>27272803<\/td>\n<\/tr>\n<tr>\n<td>ETIM 8.0<\/td>\n<td>EC001849<\/td>\n<\/tr>\n<tr>\n<td>ETIM 7.0<\/td>\n<td>EC001849<\/td>\n<\/tr>\n<tr>\n<td>ETIM 6.0<\/td>\n<td>EC001849<\/td>\n<\/tr>\n<tr>\n<td>ETIM 5.0<\/td>\n<td>EC001849<\/td>\n<\/tr>\n<\/tbody>\n<\/table>\n<p><\/p>","protected":false},"excerpt":{"rendered":"<ul id=\"productfeatures\">\n<li>Switch output<\/li>\n<li>5 different output functions can be set<\/li>\n<li>Selectable sound lobe width<\/li>\n<li>Program input<\/li>\n<li>Synchronization options<\/li>\n<li>Deactivation option<\/li>\n<li>Temperature compensation<\/li>\n<li>Very small unusable area<\/li>\n<\/ul>\n","protected":false},"featured_media":940,"comment_status":"open","ping_status":"closed","template":"","meta":[],"product_cat":[28,47],"product_tag":[],"yoast_head":"<!-- This site is optimized with the Yoast SEO plugin v16.6.1 - https:\/\/yoast.com\/wordpress\/plugins\/seo\/ -->\n<title>UB1000-18GM75-E5-V15 - NEW SKY CO.,LTD<\/title>\n<meta name=\"robots\" content=\"index, follow, max-snippet:-1, max-image-preview:large, max-video-preview:-1\" \/>\n<link rel=\"canonical\" href=\"https:\/\/newskyvn.com\/product\/ub1000-18gm75-e5-v15\/\" \/>\n<meta property=\"og:locale\" content=\"en_US\" \/>\n<meta property=\"og:type\" content=\"article\" \/>\n<meta property=\"og:title\" content=\"UB1000-18GM75-E5-V15 - NEW SKY CO.,LTD\" \/>\n<meta property=\"og:description\" content=\"[:vi]  \u0110\u1ea7u ra On\/Off  5 ch\u1ee9c n\u0103ng \u0111\u1ea7u ra kh\u00e1c nhau c\u00f3 th\u1ec3 \u0111\u01b0\u1ee3c thi\u1ebft l\u1eadp  Chi\u1ec1u r\u1ed9ng th\u00f9y \u00e2m thanh c\u00f3 th\u1ec3 l\u1ef1a ch\u1ecdn  \u0110\u1ea7u v\u00e0o ch\u01b0\u01a1ng tr\u00ecnh  T\u00f9y ch\u1ecdn \u0111\u1ed3ng b\u1ed9 h\u00f3a  T\u00f9y ch\u1ecdn h\u1ee7y k\u00edch ho\u1ea1t  S\u1ef1 c\u00e2n b\u1eb1ng nhi\u1ec7t \u0111\u1ed9  Khu v\u1ef1c kh\u00f4ng s\u1eed d\u1ee5ng \u0111\u01b0\u1ee3c r\u1ea5t nh\u1ecf [:en]  Switch output  5 different output functions can be set  Selectable sound lobe width  Program input  Synchronization options  Deactivation option  Temperature compensation  Very small unusable area [:]\" \/>\n<meta property=\"og:url\" content=\"https:\/\/newskyvn.com\/product\/ub1000-18gm75-e5-v15\/\" \/>\n<meta property=\"og:site_name\" content=\"NEW SKY CO.,LTD\" \/>\n<meta property=\"article:modified_time\" content=\"2021-09-11T13:47:14+00:00\" \/>\n<meta property=\"og:image\" content=\"https:\/\/newskyvn.com\/wp-content\/uploads\/2021\/09\/UB1000.jpg\" \/>\n\t<meta property=\"og:image:width\" content=\"500\" \/>\n\t<meta property=\"og:image:height\" content=\"500\" \/>\n<meta name=\"twitter:card\" content=\"summary_large_image\" \/>\n<meta name=\"twitter:label1\" content=\"Est. reading time\" \/>\n\t<meta name=\"twitter:data1\" content=\"2 minutes\" \/>\n<script type=\"application\/ld+json\" class=\"yoast-schema-graph\">{\"@context\":\"https:\/\/schema.org\",\"@graph\":[{\"@type\":\"WebSite\",\"@id\":\"https:\/\/newskyvn.com\/#website\",\"url\":\"https:\/\/newskyvn.com\/\",\"name\":\"NEW SKY CO.,LTD\",\"description\":\"C\\u00f4ng Ty TNHH S\\u1ea3n Xu\\u1ea5t Th\\u01b0\\u01a1ng M\\u1ea1i D\\u1ecbch V\\u1ee5 T\\u00e2n Thi\\u00ean\",\"potentialAction\":[{\"@type\":\"SearchAction\",\"target\":{\"@type\":\"EntryPoint\",\"urlTemplate\":\"https:\/\/newskyvn.com\/?s={search_term_string}\"},\"query-input\":\"required name=search_term_string\"}],\"inLanguage\":\"en-US\"},{\"@type\":\"ImageObject\",\"@id\":\"https:\/\/newskyvn.com\/product\/ub1000-18gm75-e5-v15\/#primaryimage\",\"inLanguage\":\"en-US\",\"url\":\"https:\/\/newskyvn.com\/wp-content\/uploads\/2021\/09\/UB1000.jpg\",\"contentUrl\":\"https:\/\/newskyvn.com\/wp-content\/uploads\/2021\/09\/UB1000.jpg\",\"width\":500,\"height\":500},{\"@type\":\"WebPage\",\"@id\":\"https:\/\/newskyvn.com\/product\/ub1000-18gm75-e5-v15\/#webpage\",\"url\":\"https:\/\/newskyvn.com\/product\/ub1000-18gm75-e5-v15\/\",\"name\":\"UB1000-18GM75-E5-V15 - NEW SKY CO.,LTD\",\"isPartOf\":{\"@id\":\"https:\/\/newskyvn.com\/#website\"},\"primaryImageOfPage\":{\"@id\":\"https:\/\/newskyvn.com\/product\/ub1000-18gm75-e5-v15\/#primaryimage\"},\"datePublished\":\"2021-09-11T13:44:43+00:00\",\"dateModified\":\"2021-09-11T13:47:14+00:00\",\"breadcrumb\":{\"@id\":\"https:\/\/newskyvn.com\/product\/ub1000-18gm75-e5-v15\/#breadcrumb\"},\"inLanguage\":\"en-US\",\"potentialAction\":[{\"@type\":\"ReadAction\",\"target\":[\"https:\/\/newskyvn.com\/product\/ub1000-18gm75-e5-v15\/\"]}]},{\"@type\":\"BreadcrumbList\",\"@id\":\"https:\/\/newskyvn.com\/product\/ub1000-18gm75-e5-v15\/#breadcrumb\",\"itemListElement\":[{\"@type\":\"ListItem\",\"position\":1,\"name\":\"Product\",\"item\":\"https:\/\/newskyvn.com\/en\/san-pham\/\"},{\"@type\":\"ListItem\",\"position\":2,\"name\":\"UB1000-18GM75-E5-V15\"}]}]}<\/script>\n<!-- \/ Yoast SEO plugin. -->","_links":{"self":[{"href":"https:\/\/newskyvn.com\/en\/wp-json\/wp\/v2\/product\/938"}],"collection":[{"href":"https:\/\/newskyvn.com\/en\/wp-json\/wp\/v2\/product"}],"about":[{"href":"https:\/\/newskyvn.com\/en\/wp-json\/wp\/v2\/types\/product"}],"replies":[{"embeddable":true,"href":"https:\/\/newskyvn.com\/en\/wp-json\/wp\/v2\/comments?post=938"}],"wp:featuredmedia":[{"embeddable":true,"href":"https:\/\/newskyvn.com\/en\/wp-json\/wp\/v2\/media\/940"}],"wp:attachment":[{"href":"https:\/\/newskyvn.com\/en\/wp-json\/wp\/v2\/media?parent=938"}],"wp:term":[{"taxonomy":"product_cat","embeddable":true,"href":"https:\/\/newskyvn.com\/en\/wp-json\/wp\/v2\/product_cat?post=938"},{"taxonomy":"product_tag","embeddable":true,"href":"https:\/\/newskyvn.com\/en\/wp-json\/wp\/v2\/product_tag?post=938"}],"curies":[{"name":"wp","href":"https:\/\/api.w.org\/{rel}","templated":true}]}}