{"id":916,"date":"2020-09-11T12:29:51","date_gmt":"2020-09-11T12:29:51","guid":{"rendered":"https:\/\/newskyvn.com\/?post_type=product&#038;p=916"},"modified":"2021-09-12T02:22:59","modified_gmt":"2021-09-12T02:22:59","slug":"mh-02-l","status":"publish","type":"product","link":"https:\/\/newskyvn.com\/en\/product\/mh-02-l\/","title":{"rendered":"MH 02-L"},"content":{"rendered":"<p>&nbsp;<\/p>\n<p id=\"techdata\"><strong><span style=\"color: #0000ff;\">Datasheet excerpt: Technical data of\u00a0 MH 02-L<\/span><\/strong><\/p>\n<table class=\"standard enum\">\n<tbody>\n<tr>\n<th colspan=\"2\">Product Description<\/th>\n<\/tr>\n<tr>\n<td colspan=\"3\">Mounting aid for VariKont-L<\/td>\n<\/tr>\n<\/tbody>\n<\/table>\n<table class=\"standard enum\">\n<tbody>\n<tr>\n<th colspan=\"3\">Mechanical specifications<\/th>\n<\/tr>\n<tr>\n<td colspan=\"2\">Material<\/td>\n<td>Profile rail: aluminum<br \/>\nsocket: diecast zinc<\/td>\n<\/tr>\n<\/tbody>\n<\/table>\n<p>&nbsp;<\/p>\n<p><strong><span style=\"color: #0000ff;\">Classifications<\/span><\/strong><\/p>\n<table class=\"standard enum\">\n<tbody>\n<tr>\n<th>System<\/th>\n<th>Classcode<\/th>\n<\/tr>\n<tr>\n<td>ECLASS 11.0<\/td>\n<td>27273792<\/td>\n<\/tr>\n<tr>\n<td>ECLASS 10.0.1<\/td>\n<td>27273792<\/td>\n<\/tr>\n<tr>\n<td>ECLASS 9.0<\/td>\n<td>27273792<\/td>\n<\/tr>\n<tr>\n<td>ECLASS 8.0<\/td>\n<td>27279202<\/td>\n<\/tr>\n<tr>\n<td>ECLASS 5.1<\/td>\n<td>27279202<\/td>\n<\/tr>\n<tr>\n<td>ETIM 8.0<\/td>\n<td>EC003015<\/td>\n<\/tr>\n<tr>\n<td>ETIM 7.0<\/td>\n<td>EC003015<\/td>\n<\/tr>\n<tr>\n<td>ETIM 6.0<\/td>\n<td>EC003015<\/td>\n<\/tr>\n<tr>\n<td>ETIM 5.0<\/td>\n<td>EC003015<\/td>\n<\/tr>\n<tr>\n<td>UNSPSC 12.1<\/td>\n<td>31162301<\/td>\n<\/tr>\n<\/tbody>\n<\/table>\n<p><\/p>","protected":false},"excerpt":{"rendered":"<ul id=\"productfeatures\">\n<li>Suitable for VariKont-L sensors<\/li>\n<li>Aluminum profiles, pre-mounted<\/li>\n<li>Simple and fast mounting<\/li>\n<li>Sensor can be mounted length or crosswise on the profile section<\/li>\n<li>Maximum range of adjustment: 60\u00a0mm<\/li>\n<\/ul>\n","protected":false},"featured_media":918,"comment_status":"open","ping_status":"closed","template":"","meta":[],"product_cat":[24,42],"product_tag":[],"yoast_head":"<!-- This site is optimized with the Yoast SEO plugin v16.6.1 - https:\/\/yoast.com\/wordpress\/plugins\/seo\/ -->\n<title>MH 02-L - NEW SKY CO.,LTD<\/title>\n<meta name=\"robots\" content=\"index, follow, max-snippet:-1, max-image-preview:large, max-video-preview:-1\" \/>\n<link rel=\"canonical\" href=\"https:\/\/newskyvn.com\/product\/mh-02-l\/\" \/>\n<meta property=\"og:locale\" content=\"en_US\" \/>\n<meta property=\"og:type\" content=\"article\" \/>\n<meta property=\"og:title\" content=\"MH 02-L - NEW SKY CO.,LTD\" \/>\n<meta property=\"og:description\" content=\"[:vi]  Th\u00edch h\u1ee3p cho c\u1ea3m bi\u1ebfn VariKont-L  C\u1ea5u h\u00ecnh nh\u00f4m, \u0111\u01b0\u1ee3c g\u1eafn s\u1eb5n  G\u1eafn \u0111\u01a1n gi\u1ea3n v\u00e0 nhanh ch\u00f3ng  C\u1ea3m bi\u1ebfn c\u00f3 th\u1ec3 \u0111\u01b0\u1ee3c g\u1eafn theo chi\u1ec1u d\u00e0i ho\u1eb7c chi\u1ec1u ngang tr\u00ean ph\u1ea7n c\u1ea5u h\u00ecnh  Ph\u1ea1m vi \u0111i\u1ec1u ch\u1ec9nh t\u1ed1i \u0111a: 60 mm [:en]  Suitable for VariKont-L sensors  Aluminum profiles, pre-mounted  Simple and fast mounting  Sensor can be mounted length or crosswise on the profile section  Maximum range of adjustment: 60\u00a0mm [:]\" \/>\n<meta property=\"og:url\" content=\"https:\/\/newskyvn.com\/product\/mh-02-l\/\" \/>\n<meta property=\"og:site_name\" content=\"NEW SKY CO.,LTD\" \/>\n<meta property=\"article:modified_time\" content=\"2021-09-12T02:22:59+00:00\" \/>\n<meta property=\"og:image\" content=\"https:\/\/newskyvn.com\/wp-content\/uploads\/2021\/09\/Untitled-1.jpgMH02.jpg\" \/>\n\t<meta property=\"og:image:width\" content=\"500\" \/>\n\t<meta property=\"og:image:height\" content=\"500\" \/>\n<meta name=\"twitter:card\" content=\"summary_large_image\" \/>\n<meta name=\"twitter:label1\" content=\"Est. reading time\" \/>\n\t<meta name=\"twitter:data1\" content=\"1 minute\" \/>\n<script type=\"application\/ld+json\" class=\"yoast-schema-graph\">{\"@context\":\"https:\/\/schema.org\",\"@graph\":[{\"@type\":\"WebSite\",\"@id\":\"https:\/\/newskyvn.com\/#website\",\"url\":\"https:\/\/newskyvn.com\/\",\"name\":\"NEW SKY CO.,LTD\",\"description\":\"C\\u00f4ng Ty TNHH S\\u1ea3n Xu\\u1ea5t Th\\u01b0\\u01a1ng M\\u1ea1i D\\u1ecbch V\\u1ee5 T\\u00e2n Thi\\u00ean\",\"potentialAction\":[{\"@type\":\"SearchAction\",\"target\":{\"@type\":\"EntryPoint\",\"urlTemplate\":\"https:\/\/newskyvn.com\/?s={search_term_string}\"},\"query-input\":\"required name=search_term_string\"}],\"inLanguage\":\"en-US\"},{\"@type\":\"ImageObject\",\"@id\":\"https:\/\/newskyvn.com\/product\/mh-02-l\/#primaryimage\",\"inLanguage\":\"en-US\",\"url\":\"https:\/\/newskyvn.com\/wp-content\/uploads\/2021\/09\/Untitled-1.jpgMH02.jpg\",\"contentUrl\":\"https:\/\/newskyvn.com\/wp-content\/uploads\/2021\/09\/Untitled-1.jpgMH02.jpg\",\"width\":500,\"height\":500},{\"@type\":\"WebPage\",\"@id\":\"https:\/\/newskyvn.com\/product\/mh-02-l\/#webpage\",\"url\":\"https:\/\/newskyvn.com\/product\/mh-02-l\/\",\"name\":\"MH 02-L - NEW SKY CO.,LTD\",\"isPartOf\":{\"@id\":\"https:\/\/newskyvn.com\/#website\"},\"primaryImageOfPage\":{\"@id\":\"https:\/\/newskyvn.com\/product\/mh-02-l\/#primaryimage\"},\"datePublished\":\"2020-09-11T12:29:51+00:00\",\"dateModified\":\"2021-09-12T02:22:59+00:00\",\"breadcrumb\":{\"@id\":\"https:\/\/newskyvn.com\/product\/mh-02-l\/#breadcrumb\"},\"inLanguage\":\"en-US\",\"potentialAction\":[{\"@type\":\"ReadAction\",\"target\":[\"https:\/\/newskyvn.com\/product\/mh-02-l\/\"]}]},{\"@type\":\"BreadcrumbList\",\"@id\":\"https:\/\/newskyvn.com\/product\/mh-02-l\/#breadcrumb\",\"itemListElement\":[{\"@type\":\"ListItem\",\"position\":1,\"name\":\"Product\",\"item\":\"https:\/\/newskyvn.com\/en\/san-pham\/\"},{\"@type\":\"ListItem\",\"position\":2,\"name\":\"MH 02-L\"}]}]}<\/script>\n<!-- \/ Yoast SEO plugin. -->","_links":{"self":[{"href":"https:\/\/newskyvn.com\/en\/wp-json\/wp\/v2\/product\/916"}],"collection":[{"href":"https:\/\/newskyvn.com\/en\/wp-json\/wp\/v2\/product"}],"about":[{"href":"https:\/\/newskyvn.com\/en\/wp-json\/wp\/v2\/types\/product"}],"replies":[{"embeddable":true,"href":"https:\/\/newskyvn.com\/en\/wp-json\/wp\/v2\/comments?post=916"}],"wp:featuredmedia":[{"embeddable":true,"href":"https:\/\/newskyvn.com\/en\/wp-json\/wp\/v2\/media\/918"}],"wp:attachment":[{"href":"https:\/\/newskyvn.com\/en\/wp-json\/wp\/v2\/media?parent=916"}],"wp:term":[{"taxonomy":"product_cat","embeddable":true,"href":"https:\/\/newskyvn.com\/en\/wp-json\/wp\/v2\/product_cat?post=916"},{"taxonomy":"product_tag","embeddable":true,"href":"https:\/\/newskyvn.com\/en\/wp-json\/wp\/v2\/product_tag?post=916"}],"curies":[{"name":"wp","href":"https:\/\/api.w.org\/{rel}","templated":true}]}}