{"id":906,"date":"2020-09-11T12:06:50","date_gmt":"2020-09-11T12:06:50","guid":{"rendered":"https:\/\/newskyvn.com\/?post_type=product&#038;p=906"},"modified":"2021-09-12T02:23:45","modified_gmt":"2021-09-12T02:23:45","slug":"mh-exg-12","status":"publish","type":"product","link":"https:\/\/newskyvn.com\/en\/product\/mh-exg-12\/","title":{"rendered":"MH-EXG-12"},"content":{"rendered":"<p>&nbsp;<\/p>\n<p id=\"techdata\"><strong><span style=\"color: #0000ff;\">Datasheet excerpt: Technical data of\u00a0 MH-EXG-12<\/span><\/strong><\/p>\n<table class=\"standard enum\">\n<tbody>\n<tr>\n<th colspan=\"2\">Product Description<\/th>\n<\/tr>\n<tr>\n<td colspan=\"3\">Quick mounting bracket with dead stop<\/td>\n<\/tr>\n<\/tbody>\n<\/table>\n<table class=\"standard enum\">\n<tbody>\n<tr>\n<th colspan=\"3\">Mechanical specifications<\/th>\n<\/tr>\n<tr>\n<td colspan=\"2\">Length<\/td>\n<td>32 mm<\/td>\n<\/tr>\n<tr>\n<td colspan=\"2\">Diameter<\/td>\n<td>Sensor adapter 12 mm<\/td>\n<\/tr>\n<tr>\n<td colspan=\"2\">Material<\/td>\n<td>brass, nickel-plated<\/td>\n<\/tr>\n<tr>\n<td colspan=\"2\">Screwed connection<\/td>\n<td>SW = 22 mm<\/td>\n<\/tr>\n<tr>\n<td colspan=\"2\">Dimensions<\/td>\n<td>M16 x 1 external thread<\/td>\n<\/tr>\n<tr>\n<td colspan=\"2\">Tightening torque<\/td>\n<td>20 Nm<\/td>\n<\/tr>\n<\/tbody>\n<\/table>\n<p>&nbsp;<\/p>\n<p><span style=\"color: #0000ff;\"><strong>Classification<\/strong><\/span><\/p>\n<table class=\"standard enum\">\n<tbody>\n<tr>\n<th>System<\/th>\n<th>Classcode<\/th>\n<\/tr>\n<tr>\n<td>ECLASS 11.0<\/td>\n<td>27273701<\/td>\n<\/tr>\n<tr>\n<td>ECLASS 10.0.1<\/td>\n<td>27273701<\/td>\n<\/tr>\n<tr>\n<td>ECLASS 9.0<\/td>\n<td>27273701<\/td>\n<\/tr>\n<tr>\n<td>ECLASS 8.0<\/td>\n<td>27279202<\/td>\n<\/tr>\n<tr>\n<td>ECLASS 5.1<\/td>\n<td>27279202<\/td>\n<\/tr>\n<tr>\n<td>ETIM 8.0<\/td>\n<td>EC003015<\/td>\n<\/tr>\n<tr>\n<td>ETIM 7.0<\/td>\n<td>EC003015<\/td>\n<\/tr>\n<tr>\n<td>ETIM 6.0<\/td>\n<td>EC003015<\/td>\n<\/tr>\n<tr>\n<td>ETIM 5.0<\/td>\n<td>EC003015<\/td>\n<\/tr>\n<\/tbody>\n<\/table>\n<p><\/p>","protected":false},"excerpt":{"rendered":"<ul id=\"productfeatures\">\n<li>Clamp for threaded pipe<\/li>\n<li>Suitable for all M12 sensors, including reduction factor 1<\/li>\n<li>Simple and quick exchange without readjustment<\/li>\n<li>2 panel nuts included<\/li>\n<\/ul>\n","protected":false},"featured_media":908,"comment_status":"open","ping_status":"closed","template":"","meta":[],"product_cat":[24,42],"product_tag":[],"yoast_head":"<!-- This site is optimized with the Yoast SEO plugin v16.6.1 - https:\/\/yoast.com\/wordpress\/plugins\/seo\/ -->\n<title>MH-EXG-12 - NEW SKY CO.,LTD<\/title>\n<meta name=\"robots\" content=\"index, follow, max-snippet:-1, max-image-preview:large, max-video-preview:-1\" \/>\n<link rel=\"canonical\" href=\"https:\/\/newskyvn.com\/product\/mh-exg-12\/\" \/>\n<meta property=\"og:locale\" content=\"en_US\" \/>\n<meta property=\"og:type\" content=\"article\" \/>\n<meta property=\"og:title\" content=\"MH-EXG-12 - NEW SKY CO.,LTD\" \/>\n<meta property=\"og:description\" content=\"[:vi]  K\u1eb9p \u1ed1ng ren  Th\u00edch h\u1ee3p cho t\u1ea5t c\u1ea3 c\u00e1c c\u1ea3m bi\u1ebfn M12, bao g\u1ed3m c\u1ea3 h\u1ec7 s\u1ed1 gi\u1ea3m 1  Trao \u0111\u1ed5i \u0111\u01a1n gi\u1ea3n v\u00e0 nhanh ch\u00f3ng m\u00e0 kh\u00f4ng c\u1ea7n \u0111i\u1ec1u ch\u1ec9nh l\u1ea1i  2 \u0111ai \u1ed1c bao g\u1ed3m [:en]  Clamp for threaded pipe  Suitable for all M12 sensors, including reduction factor 1  Simple and quick exchange without readjustment  2 panel nuts included [:]\" \/>\n<meta property=\"og:url\" content=\"https:\/\/newskyvn.com\/product\/mh-exg-12\/\" \/>\n<meta property=\"og:site_name\" content=\"NEW SKY CO.,LTD\" \/>\n<meta property=\"article:modified_time\" content=\"2021-09-12T02:23:45+00:00\" \/>\n<meta property=\"og:image\" content=\"https:\/\/newskyvn.com\/wp-content\/uploads\/2021\/09\/MH-EXG-12.jpg\" \/>\n\t<meta property=\"og:image:width\" content=\"500\" \/>\n\t<meta property=\"og:image:height\" content=\"500\" \/>\n<meta name=\"twitter:card\" content=\"summary_large_image\" \/>\n<meta name=\"twitter:label1\" content=\"Est. reading time\" \/>\n\t<meta name=\"twitter:data1\" content=\"1 minute\" \/>\n<script type=\"application\/ld+json\" class=\"yoast-schema-graph\">{\"@context\":\"https:\/\/schema.org\",\"@graph\":[{\"@type\":\"WebSite\",\"@id\":\"https:\/\/newskyvn.com\/#website\",\"url\":\"https:\/\/newskyvn.com\/\",\"name\":\"NEW SKY CO.,LTD\",\"description\":\"C\\u00f4ng Ty TNHH S\\u1ea3n Xu\\u1ea5t Th\\u01b0\\u01a1ng M\\u1ea1i D\\u1ecbch V\\u1ee5 T\\u00e2n Thi\\u00ean\",\"potentialAction\":[{\"@type\":\"SearchAction\",\"target\":{\"@type\":\"EntryPoint\",\"urlTemplate\":\"https:\/\/newskyvn.com\/?s={search_term_string}\"},\"query-input\":\"required name=search_term_string\"}],\"inLanguage\":\"en-US\"},{\"@type\":\"ImageObject\",\"@id\":\"https:\/\/newskyvn.com\/product\/mh-exg-12\/#primaryimage\",\"inLanguage\":\"en-US\",\"url\":\"https:\/\/newskyvn.com\/wp-content\/uploads\/2021\/09\/MH-EXG-12.jpg\",\"contentUrl\":\"https:\/\/newskyvn.com\/wp-content\/uploads\/2021\/09\/MH-EXG-12.jpg\",\"width\":500,\"height\":500},{\"@type\":\"WebPage\",\"@id\":\"https:\/\/newskyvn.com\/product\/mh-exg-12\/#webpage\",\"url\":\"https:\/\/newskyvn.com\/product\/mh-exg-12\/\",\"name\":\"MH-EXG-12 - NEW SKY CO.,LTD\",\"isPartOf\":{\"@id\":\"https:\/\/newskyvn.com\/#website\"},\"primaryImageOfPage\":{\"@id\":\"https:\/\/newskyvn.com\/product\/mh-exg-12\/#primaryimage\"},\"datePublished\":\"2020-09-11T12:06:50+00:00\",\"dateModified\":\"2021-09-12T02:23:45+00:00\",\"breadcrumb\":{\"@id\":\"https:\/\/newskyvn.com\/product\/mh-exg-12\/#breadcrumb\"},\"inLanguage\":\"en-US\",\"potentialAction\":[{\"@type\":\"ReadAction\",\"target\":[\"https:\/\/newskyvn.com\/product\/mh-exg-12\/\"]}]},{\"@type\":\"BreadcrumbList\",\"@id\":\"https:\/\/newskyvn.com\/product\/mh-exg-12\/#breadcrumb\",\"itemListElement\":[{\"@type\":\"ListItem\",\"position\":1,\"name\":\"Product\",\"item\":\"https:\/\/newskyvn.com\/en\/san-pham\/\"},{\"@type\":\"ListItem\",\"position\":2,\"name\":\"MH-EXG-12\"}]}]}<\/script>\n<!-- \/ Yoast SEO plugin. -->","_links":{"self":[{"href":"https:\/\/newskyvn.com\/en\/wp-json\/wp\/v2\/product\/906"}],"collection":[{"href":"https:\/\/newskyvn.com\/en\/wp-json\/wp\/v2\/product"}],"about":[{"href":"https:\/\/newskyvn.com\/en\/wp-json\/wp\/v2\/types\/product"}],"replies":[{"embeddable":true,"href":"https:\/\/newskyvn.com\/en\/wp-json\/wp\/v2\/comments?post=906"}],"wp:featuredmedia":[{"embeddable":true,"href":"https:\/\/newskyvn.com\/en\/wp-json\/wp\/v2\/media\/908"}],"wp:attachment":[{"href":"https:\/\/newskyvn.com\/en\/wp-json\/wp\/v2\/media?parent=906"}],"wp:term":[{"taxonomy":"product_cat","embeddable":true,"href":"https:\/\/newskyvn.com\/en\/wp-json\/wp\/v2\/product_cat?post=906"},{"taxonomy":"product_tag","embeddable":true,"href":"https:\/\/newskyvn.com\/en\/wp-json\/wp\/v2\/product_tag?post=906"}],"curies":[{"name":"wp","href":"https:\/\/api.w.org\/{rel}","templated":true}]}}