{"id":892,"date":"2021-09-11T09:43:06","date_gmt":"2021-09-11T09:43:06","guid":{"rendered":"https:\/\/newskyvn.com\/?post_type=product&#038;p=892"},"modified":"2021-09-11T09:44:29","modified_gmt":"2021-09-11T09:44:29","slug":"mlv41-8-hv-60-ir-5360","status":"publish","type":"product","link":"https:\/\/newskyvn.com\/en\/product\/mlv41-8-hv-60-ir-5360\/","title":{"rendered":"MLV41-8-HV-60-IR-5360"},"content":{"rendered":"<p>&nbsp;<\/p>\n<p id=\"techdata\"><strong><span style=\"color: #0000ff;\">Datasheet excerpt: Technical data of\u00a0 MLV41-8-HV-60-IR-5360<\/span><\/strong><\/p>\n<table class=\"standard enum\">\n<tbody>\n<tr>\n<th colspan=\"2\">Product Description<\/th>\n<\/tr>\n<tr>\n<td colspan=\"3\">Background suppression sensor<\/td>\n<\/tr>\n<\/tbody>\n<\/table>\n<table class=\"standard enum\">\n<tbody>\n<tr>\n<th colspan=\"3\">General specifications<\/th>\n<\/tr>\n<tr>\n<td colspan=\"2\">Foreground suppression<\/td>\n<td>0 &#8230; 15 mm<\/td>\n<\/tr>\n<tr>\n<td colspan=\"2\">Detection range<\/td>\n<td>on black (6 %): 20 &#8230; 60 mm fixed<\/td>\n<\/tr>\n<tr>\n<td colspan=\"2\">Detection range min.<\/td>\n<td>20 &#8230; 60 mm<\/td>\n<\/tr>\n<tr>\n<td colspan=\"2\">Detection range max.<\/td>\n<td>16 &#8230; 70 mm<\/td>\n<\/tr>\n<tr>\n<td colspan=\"2\">Background suppression<\/td>\n<td>starts from 70 mm<\/td>\n<\/tr>\n<tr>\n<td colspan=\"2\">Light source<\/td>\n<td>IRED<\/td>\n<\/tr>\n<tr>\n<td colspan=\"2\">Light type<\/td>\n<td>modulated infrared light , 880 nm<\/td>\n<\/tr>\n<tr>\n<td colspan=\"2\">Polarization filter<\/td>\n<td>no<\/td>\n<\/tr>\n<tr>\n<td colspan=\"2\">Black\/White difference (6 %\/90 %)<\/td>\n<td>&lt; 1 % at 60 mm<\/td>\n<\/tr>\n<tr>\n<td colspan=\"2\">Diameter of the light spot<\/td>\n<td>max. 6 mm at a distance of 70 mm<\/td>\n<\/tr>\n<tr>\n<td colspan=\"2\">Angle of divergence<\/td>\n<td>approx. 4 \u00b0<\/td>\n<\/tr>\n<tr>\n<td colspan=\"2\">Ambient light limit<\/td>\n<td>50000 Lux<\/td>\n<\/tr>\n<tr>\n<th colspan=\"3\">Functional safety related parameters<\/th>\n<\/tr>\n<tr>\n<td colspan=\"2\">MTTF<sub>d<\/sub><\/td>\n<td>1260 a<\/td>\n<\/tr>\n<tr>\n<td colspan=\"2\">Mission Time (T<sub>M<\/sub>)<\/td>\n<td>20 a<\/td>\n<\/tr>\n<tr>\n<td colspan=\"2\">Diagnostic Coverage (DC)<\/td>\n<td>0 %<\/td>\n<\/tr>\n<tr>\n<th colspan=\"3\">Indicators\/operating means<\/th>\n<\/tr>\n<tr>\n<td colspan=\"2\">Operation indicator<\/td>\n<td>LED green, statically lit Power on , Undervoltage indicator: Green LED, pulsing (approx. 0.8 Hz) , short-circuit : LED green flashing (approx. 4 Hz)<\/td>\n<\/tr>\n<tr>\n<td colspan=\"2\">Function indicator<\/td>\n<td>2 LEDs yellow<br \/>\nON: object inside the scanning range<br \/>\nOFF: object outside the scanning range<\/td>\n<\/tr>\n<tr>\n<th colspan=\"3\">Electrical specifications<\/th>\n<\/tr>\n<tr>\n<td colspan=\"2\">Operating voltage<\/td>\n<td>10 &#8230; 30 V DC<\/td>\n<\/tr>\n<tr>\n<td colspan=\"2\">Ripple<\/td>\n<td>10 %<\/td>\n<\/tr>\n<tr>\n<td colspan=\"2\">No-load supply current<\/td>\n<td>max. 25 mA<\/td>\n<\/tr>\n<tr>\n<th colspan=\"3\">Input<\/th>\n<\/tr>\n<tr>\n<td colspan=\"2\">Control input<\/td>\n<td>&#8211; When the input is open: Sensor operates<br \/>\n&#8211; the output is reset on a positive edge<br \/>\n&#8211; the output is set at high level when an object is located in the detection range<br \/>\n&#8211; there is no sensor function at low level, the output signal is stored until the next positive edge<\/td>\n<\/tr>\n<tr>\n<th colspan=\"3\">Output<\/th>\n<\/tr>\n<tr>\n<td colspan=\"2\">Signal output<\/td>\n<td>1 push-pull (4 in 1) output, short-circuit protected, reverse polarity protected<\/td>\n<\/tr>\n<tr>\n<td colspan=\"2\">Switching voltage<\/td>\n<td>max. 30 V DC<\/td>\n<\/tr>\n<tr>\n<td colspan=\"2\">Switching current<\/td>\n<td>max. 100 mA<\/td>\n<\/tr>\n<tr>\n<td colspan=\"2\">Voltage drop<\/td>\n<td>\u2264 2.5 V DC<\/td>\n<\/tr>\n<tr>\n<td colspan=\"2\">Switching frequency<\/td>\n<td>250 Hz<\/td>\n<\/tr>\n<tr>\n<td colspan=\"2\">Response time<\/td>\n<td>2 ms<\/td>\n<\/tr>\n<tr>\n<th colspan=\"3\">Conformity<\/th>\n<\/tr>\n<tr>\n<td colspan=\"2\">Product standard<\/td>\n<td>EN 60947-5-2<\/td>\n<\/tr>\n<tr>\n<th colspan=\"3\">Approvals and certificates<\/th>\n<\/tr>\n<tr>\n<td colspan=\"2\">UL approval<\/td>\n<td>cULus Listed 57M3 (Only in association with UL Class 2 power supply; Type 1 enclosure)<\/td>\n<\/tr>\n<tr>\n<td colspan=\"2\">CCC approval<\/td>\n<td>CCC approval \/ marking not required for products rated \u226436 V<\/td>\n<\/tr>\n<tr>\n<th colspan=\"3\">Ambient conditions<\/th>\n<\/tr>\n<tr>\n<td colspan=\"2\">Ambient temperature<\/td>\n<td>0 &#8230; 70 \u00b0C (32 &#8230; 158 \u00b0F)<\/td>\n<\/tr>\n<tr>\n<td colspan=\"2\">Storage temperature<\/td>\n<td>-40 &#8230; 75 \u00b0C (-40 &#8230; 167 \u00b0F)<\/td>\n<\/tr>\n<tr>\n<th colspan=\"3\">Mechanical specifications<\/th>\n<\/tr>\n<tr>\n<td colspan=\"2\">Housing width<\/td>\n<td>31 mm<\/td>\n<\/tr>\n<tr>\n<td colspan=\"2\">Housing height<\/td>\n<td>56.5 mm<\/td>\n<\/tr>\n<tr>\n<td colspan=\"2\">Housing depth<\/td>\n<td>13.6 mm<\/td>\n<\/tr>\n<tr>\n<td colspan=\"2\">Degree of protection<\/td>\n<td>IP67<\/td>\n<\/tr>\n<tr>\n<td colspan=\"2\">Connection<\/td>\n<td>M8 x 1 connector, 4-pin<\/td>\n<\/tr>\n<tr>\n<td colspan=\"2\">Material<\/td>\n<td><\/td>\n<\/tr>\n<tr>\n<td><\/td>\n<td>Housing<\/td>\n<td class=\"subattribute\">Aluminum , Delta-Seal coated<\/td>\n<\/tr>\n<tr>\n<td><\/td>\n<td>Optical face<\/td>\n<td class=\"subattribute\">glass pane<\/td>\n<\/tr>\n<tr>\n<td><\/td>\n<td>Connector<\/td>\n<td class=\"subattribute\">metal<\/td>\n<\/tr>\n<tr>\n<td colspan=\"2\">Mass<\/td>\n<td>50 g<\/td>\n<\/tr>\n<\/tbody>\n<\/table>\n<p>&nbsp;<\/p>\n<p><strong><span style=\"color: #0000ff;\">Classifications<\/span><\/strong><\/p>\n<table class=\"standard enum\">\n<tbody>\n<tr>\n<th>System<\/th>\n<th>Classcode<\/th>\n<\/tr>\n<tr>\n<td>ECLASS 11.0<\/td>\n<td>27270903<\/td>\n<\/tr>\n<tr>\n<td>ECLASS 10.0.1<\/td>\n<td>27270903<\/td>\n<\/tr>\n<tr>\n<td>ECLASS 9.0<\/td>\n<td>27270903<\/td>\n<\/tr>\n<tr>\n<td>ECLASS 8.0<\/td>\n<td>27270903<\/td>\n<\/tr>\n<tr>\n<td>ECLASS 5.1<\/td>\n<td>27270903<\/td>\n<\/tr>\n<tr>\n<td>ETIM 8.0<\/td>\n<td>EC001821<\/td>\n<\/tr>\n<tr>\n<td>ETIM 7.0<\/td>\n<td>EC001821<\/td>\n<\/tr>\n<tr>\n<td>ETIM 6.0<\/td>\n<td>EC001821<\/td>\n<\/tr>\n<tr>\n<td>ETIM 5.0<\/td>\n<td>EC001821<\/td>\n<\/tr>\n<tr>\n<td>UNSPSC 12.1<\/td>\n<td>39121528<\/td>\n<\/tr>\n<\/tbody>\n<\/table>\n<p><\/p>","protected":false},"excerpt":{"rendered":"<ul id=\"productfeatures\">\n<li>Special device for paper web break control and printing machinery<\/li>\n<li>Sensing range 20\u00a0mm\u00a0&#8230;\u00a060\u00a0mm<\/li>\n<li>Light scanner with foreground suppression 0\u00a0mm\u00a0&#8230;\u00a015\u00a0mm and background suppression beyond 70\u00a0mm<\/li>\n<li>Minimal black-white difference<\/li>\n<li>Sturdy aluminum housing<\/li>\n<li>Degree of protection IP67<\/li>\n<\/ul>\n","protected":false},"featured_media":894,"comment_status":"open","ping_status":"closed","template":"","meta":[],"product_cat":[24,39],"product_tag":[],"yoast_head":"<!-- This site is optimized with the Yoast SEO plugin v16.6.1 - https:\/\/yoast.com\/wordpress\/plugins\/seo\/ -->\n<title>MLV41-8-HV-60-IR-5360 - NEW SKY CO.,LTD<\/title>\n<meta name=\"robots\" content=\"index, follow, max-snippet:-1, max-image-preview:large, max-video-preview:-1\" \/>\n<link rel=\"canonical\" href=\"https:\/\/newskyvn.com\/product\/mlv41-8-hv-60-ir-5360\/\" \/>\n<meta property=\"og:locale\" content=\"en_US\" \/>\n<meta property=\"og:type\" content=\"article\" \/>\n<meta property=\"og:title\" content=\"MLV41-8-HV-60-IR-5360 - NEW SKY CO.,LTD\" \/>\n<meta property=\"og:description\" content=\"[:vi]  Thi\u1ebft b\u1ecb \u0111\u1eb7c bi\u1ec7t \u0111\u1ec3 ki\u1ec3m so\u00e1t c\u00e1c c\u1ea1nh gi\u1ea5y \u0111\u1ee9t v\u00e0 d\u00f9ng trong m\u00e1y in  Ph\u1ea1m vi c\u1ea3m bi\u1ebfn 20 mm ... 60 mm  M\u00e1y qu\u00e9t \u00e1nh s\u00e1ng v\u1edbi kh\u1ea3 n\u0103ng tri\u1ec7t ti\u00eau n\u1ec1n tr\u01b0\u1edbc 0 mm ... 15 mm v\u00e0 tri\u1ec7t ti\u00eau n\u1ec1n v\u01b0\u1ee3t qu\u00e1 70 mm  S\u1ef1 kh\u00e1c bi\u1ec7t \u0111en tr\u1eafng t\u1ed1i thi\u1ec3u  V\u1ecf nh\u00f4m ch\u1eafc ch\u1eafn  M\u1ee9c \u0111\u1ed9 b\u1ea3o v\u1ec7 IP67 [:en]  Special device for paper web break control and printing machinery  Sensing range 20\u00a0mm\u00a0...\u00a060\u00a0mm  Light scanner with foreground suppression 0\u00a0mm\u00a0...\u00a015\u00a0mm and background suppression beyond 70\u00a0mm  Minimal black-white difference  Sturdy aluminum housing  Degree of protection IP67 [:]\" \/>\n<meta property=\"og:url\" content=\"https:\/\/newskyvn.com\/product\/mlv41-8-hv-60-ir-5360\/\" \/>\n<meta property=\"og:site_name\" content=\"NEW SKY CO.,LTD\" \/>\n<meta property=\"article:modified_time\" content=\"2021-09-11T09:44:29+00:00\" \/>\n<meta property=\"og:image\" content=\"https:\/\/newskyvn.com\/wp-content\/uploads\/2021\/09\/MLV41-1.jpg\" \/>\n\t<meta property=\"og:image:width\" content=\"500\" \/>\n\t<meta property=\"og:image:height\" content=\"500\" \/>\n<meta name=\"twitter:card\" content=\"summary_large_image\" \/>\n<meta name=\"twitter:label1\" content=\"Est. reading time\" \/>\n\t<meta name=\"twitter:data1\" content=\"2 minutes\" \/>\n<script type=\"application\/ld+json\" class=\"yoast-schema-graph\">{\"@context\":\"https:\/\/schema.org\",\"@graph\":[{\"@type\":\"WebSite\",\"@id\":\"https:\/\/newskyvn.com\/#website\",\"url\":\"https:\/\/newskyvn.com\/\",\"name\":\"NEW SKY CO.,LTD\",\"description\":\"C\\u00f4ng Ty TNHH S\\u1ea3n Xu\\u1ea5t Th\\u01b0\\u01a1ng M\\u1ea1i D\\u1ecbch V\\u1ee5 T\\u00e2n Thi\\u00ean\",\"potentialAction\":[{\"@type\":\"SearchAction\",\"target\":{\"@type\":\"EntryPoint\",\"urlTemplate\":\"https:\/\/newskyvn.com\/?s={search_term_string}\"},\"query-input\":\"required name=search_term_string\"}],\"inLanguage\":\"en-US\"},{\"@type\":\"ImageObject\",\"@id\":\"https:\/\/newskyvn.com\/product\/mlv41-8-hv-60-ir-5360\/#primaryimage\",\"inLanguage\":\"en-US\",\"url\":\"https:\/\/newskyvn.com\/wp-content\/uploads\/2021\/09\/MLV41-1.jpg\",\"contentUrl\":\"https:\/\/newskyvn.com\/wp-content\/uploads\/2021\/09\/MLV41-1.jpg\",\"width\":500,\"height\":500},{\"@type\":\"WebPage\",\"@id\":\"https:\/\/newskyvn.com\/product\/mlv41-8-hv-60-ir-5360\/#webpage\",\"url\":\"https:\/\/newskyvn.com\/product\/mlv41-8-hv-60-ir-5360\/\",\"name\":\"MLV41-8-HV-60-IR-5360 - NEW SKY CO.,LTD\",\"isPartOf\":{\"@id\":\"https:\/\/newskyvn.com\/#website\"},\"primaryImageOfPage\":{\"@id\":\"https:\/\/newskyvn.com\/product\/mlv41-8-hv-60-ir-5360\/#primaryimage\"},\"datePublished\":\"2021-09-11T09:43:06+00:00\",\"dateModified\":\"2021-09-11T09:44:29+00:00\",\"breadcrumb\":{\"@id\":\"https:\/\/newskyvn.com\/product\/mlv41-8-hv-60-ir-5360\/#breadcrumb\"},\"inLanguage\":\"en-US\",\"potentialAction\":[{\"@type\":\"ReadAction\",\"target\":[\"https:\/\/newskyvn.com\/product\/mlv41-8-hv-60-ir-5360\/\"]}]},{\"@type\":\"BreadcrumbList\",\"@id\":\"https:\/\/newskyvn.com\/product\/mlv41-8-hv-60-ir-5360\/#breadcrumb\",\"itemListElement\":[{\"@type\":\"ListItem\",\"position\":1,\"name\":\"Product\",\"item\":\"https:\/\/newskyvn.com\/en\/san-pham\/\"},{\"@type\":\"ListItem\",\"position\":2,\"name\":\"MLV41-8-HV-60-IR-5360\"}]}]}<\/script>\n<!-- \/ Yoast SEO plugin. -->","_links":{"self":[{"href":"https:\/\/newskyvn.com\/en\/wp-json\/wp\/v2\/product\/892"}],"collection":[{"href":"https:\/\/newskyvn.com\/en\/wp-json\/wp\/v2\/product"}],"about":[{"href":"https:\/\/newskyvn.com\/en\/wp-json\/wp\/v2\/types\/product"}],"replies":[{"embeddable":true,"href":"https:\/\/newskyvn.com\/en\/wp-json\/wp\/v2\/comments?post=892"}],"wp:featuredmedia":[{"embeddable":true,"href":"https:\/\/newskyvn.com\/en\/wp-json\/wp\/v2\/media\/894"}],"wp:attachment":[{"href":"https:\/\/newskyvn.com\/en\/wp-json\/wp\/v2\/media?parent=892"}],"wp:term":[{"taxonomy":"product_cat","embeddable":true,"href":"https:\/\/newskyvn.com\/en\/wp-json\/wp\/v2\/product_cat?post=892"},{"taxonomy":"product_tag","embeddable":true,"href":"https:\/\/newskyvn.com\/en\/wp-json\/wp\/v2\/product_tag?post=892"}],"curies":[{"name":"wp","href":"https:\/\/api.w.org\/{rel}","templated":true}]}}