{"id":886,"date":"2021-09-11T09:31:31","date_gmt":"2021-09-11T09:31:31","guid":{"rendered":"https:\/\/newskyvn.com\/?post_type=product&#038;p=886"},"modified":"2021-09-11T09:31:32","modified_gmt":"2021-09-11T09:31:32","slug":"rlg28-55-4921-115b-136","status":"publish","type":"product","link":"https:\/\/newskyvn.com\/en\/product\/rlg28-55-4921-115b-136\/","title":{"rendered":"RLG28-55-4921\/115b\/136"},"content":{"rendered":"<p>&nbsp;<\/p>\n<p id=\"techdata\"><strong><span style=\"color: #0000ff;\">Datasheet excerpt: Technical data of\u00a0 RLG28-55-4921\/115b\/136<\/span><\/strong><\/p>\n<table class=\"standard enum\">\n<tbody>\n<tr>\n<th colspan=\"2\">Product Description<\/th>\n<\/tr>\n<tr>\n<td colspan=\"3\">Retroreflective area sensor with 6 beams in a widely used standard photoelectric housing, red light, 4 m detection range, light\/dark on, push-pull output, fixed cable with M12 plug<\/td>\n<\/tr>\n<\/tbody>\n<\/table>\n<table class=\"standard enum\">\n<tbody>\n<tr>\n<th colspan=\"3\">General specifications<\/th>\n<\/tr>\n<tr>\n<td colspan=\"2\">Effective detection range<\/td>\n<td>0 &#8230; 4 m<\/td>\n<\/tr>\n<tr>\n<td colspan=\"2\">Reflector distance<\/td>\n<td>Reflector A80: 0.4 &#8230; 4 m , H85-2 reflector: 0.2 &#8230; 4 m , Foil reflector OFR-100\/100: 0.4 &#8230; 3 m<\/td>\n<\/tr>\n<tr>\n<td colspan=\"2\">Threshold detection range<\/td>\n<td>5.6 m<\/td>\n<\/tr>\n<tr>\n<td colspan=\"2\">Sensing range<\/td>\n<td>typical 60 mm , Object has to cover the refelector completely in one dimension<\/td>\n<\/tr>\n<tr>\n<td colspan=\"2\">Reference target<\/td>\n<td>Reflector A80 H85-2 reflector Foil reflector OFR-100\/100<\/td>\n<\/tr>\n<tr>\n<td colspan=\"2\">Light source<\/td>\n<td>LED<\/td>\n<\/tr>\n<tr>\n<td colspan=\"2\">Light type<\/td>\n<td>modulated visible red light , 625 nm<\/td>\n<\/tr>\n<tr>\n<td colspan=\"2\">Polarization filter<\/td>\n<td>yes<\/td>\n<\/tr>\n<tr>\n<td colspan=\"2\">Number of beams<\/td>\n<td>6<\/td>\n<\/tr>\n<tr>\n<td colspan=\"2\">Diameter of the light spot<\/td>\n<td>approx. 220 mm at detection range 4 m<\/td>\n<\/tr>\n<tr>\n<td colspan=\"2\">Angle of divergence<\/td>\n<td>+\/- 2.5 \u00b0<\/td>\n<\/tr>\n<tr>\n<td colspan=\"2\">Ambient light limit<\/td>\n<td>5000 Lux<\/td>\n<\/tr>\n<tr>\n<td colspan=\"2\">Resolution<\/td>\n<td>12\u00a0mm<br \/>\nto 4\u00a0m Detection\/capture range: 60\u00a0mm (no dead band)<br \/>\n5\u00a0mm<br \/>\nto 1\u00a0m Detection\/capture range: 55\u00a0mm (dead band: 150\u00a0mm in front of the sensor; 50\u00a0mm in front of the reflector)<br \/>\n5\u00a0mm<br \/>\nto 1.5\u00a0m Detection\/capture range: 40\u00a0mm (dead band: 150\u00a0mm in front of the sensor; 50\u00a0mm in front of the reflector)<\/td>\n<\/tr>\n<tr>\n<th colspan=\"3\">Functional safety related parameters<\/th>\n<\/tr>\n<tr>\n<td colspan=\"2\">MTTF<sub>d<\/sub><\/td>\n<td>310 a<\/td>\n<\/tr>\n<tr>\n<td colspan=\"2\">Mission Time (T<sub>M<\/sub>)<\/td>\n<td>20 a<\/td>\n<\/tr>\n<tr>\n<td colspan=\"2\">Diagnostic Coverage (DC)<\/td>\n<td>0 %<\/td>\n<\/tr>\n<tr>\n<th colspan=\"3\">Indicators\/operating means<\/th>\n<\/tr>\n<tr>\n<td colspan=\"2\">Operation indicator<\/td>\n<td>LED green, statically lit Power on<br \/>\nUndervoltage indicator: Green LED, pulsing (approx. 0.8 Hz)<br \/>\nshort-circuit : LED green flashing (approx. 4 Hz)<\/td>\n<\/tr>\n<tr>\n<td colspan=\"2\">Function indicator<\/td>\n<td>2 LEDs yellow, light up when light beam is free, flash when falling short of the stability control, off when light beam is interrupted<br \/>\nTeach-In : LED yellow\/green; equiphase flashing; 2,5 Hz<br \/>\nChangeover signal tracking: LED yellow, 1 Hz flashing \/ 2x flashing<\/td>\n<\/tr>\n<tr>\n<td colspan=\"2\">Control elements<\/td>\n<td>Teach-In key<\/td>\n<\/tr>\n<tr>\n<th colspan=\"3\">Electrical specifications<\/th>\n<\/tr>\n<tr>\n<td colspan=\"2\">Operating voltage<\/td>\n<td>12 &#8230; 30 V DC<\/td>\n<\/tr>\n<tr>\n<td colspan=\"2\">Ripple<\/td>\n<td>max. 10 %<\/td>\n<\/tr>\n<tr>\n<td colspan=\"2\">No-load supply current<\/td>\n<td>max. 50 mA<\/td>\n<\/tr>\n<tr>\n<th colspan=\"3\">Output<\/th>\n<\/tr>\n<tr>\n<td colspan=\"2\">Switching type<\/td>\n<td>light\/dark on<\/td>\n<\/tr>\n<tr>\n<td colspan=\"2\">Signal output<\/td>\n<td>2 push-pull (4 in 1) outputs, complementary, short-circuit proof, reverse polarity protected<\/td>\n<\/tr>\n<tr>\n<td colspan=\"2\">Switching voltage<\/td>\n<td>max. 30 V DC<\/td>\n<\/tr>\n<tr>\n<td colspan=\"2\">Switching current<\/td>\n<td>max. 100 mA<\/td>\n<\/tr>\n<tr>\n<td colspan=\"2\">Voltage drop<\/td>\n<td>\u2264 2.5 V DC<\/td>\n<\/tr>\n<tr>\n<td colspan=\"2\">Switching frequency<\/td>\n<td>230 Hz<\/td>\n<\/tr>\n<tr>\n<td colspan=\"2\">Response time<\/td>\n<td>1 ms<\/td>\n<\/tr>\n<tr>\n<th colspan=\"3\">Conformity<\/th>\n<\/tr>\n<tr>\n<td colspan=\"2\">Product standard<\/td>\n<td>EN 60947-5-2<\/td>\n<\/tr>\n<tr>\n<th colspan=\"3\">Approvals and certificates<\/th>\n<\/tr>\n<tr>\n<td colspan=\"2\">UL approval<\/td>\n<td>cULus Listed, Class 2 Power Source<\/td>\n<\/tr>\n<tr>\n<td colspan=\"2\">CCC approval<\/td>\n<td>CCC approval \/ marking not required for products rated \u226436 V<\/td>\n<\/tr>\n<tr>\n<th colspan=\"3\">Ambient conditions<\/th>\n<\/tr>\n<tr>\n<td colspan=\"2\">Ambient temperature<\/td>\n<td>-10 &#8230; 40 \u00b0C (14 &#8230; 104 \u00b0F)<br \/>\n-30 &#8230; 60 \u00b0C (-22 &#8230; 140 \u00b0F) at active signal tracking<\/td>\n<\/tr>\n<tr>\n<td colspan=\"2\">Storage temperature<\/td>\n<td>-40 &#8230; 70 \u00b0C (-40 &#8230; 158 \u00b0F)<\/td>\n<\/tr>\n<tr>\n<th colspan=\"3\">Mechanical specifications<\/th>\n<\/tr>\n<tr>\n<td colspan=\"2\">Housing width<\/td>\n<td>25.8 mm<\/td>\n<\/tr>\n<tr>\n<td colspan=\"2\">Housing height<\/td>\n<td>88 mm<\/td>\n<\/tr>\n<tr>\n<td colspan=\"2\">Housing depth<\/td>\n<td>54.3 mm<\/td>\n<\/tr>\n<tr>\n<td colspan=\"2\">Degree of protection<\/td>\n<td>IP67<\/td>\n<\/tr>\n<tr>\n<td colspan=\"2\">Connection<\/td>\n<td>300 mm fixed cable with M12 x 1, 4-pin connector<\/td>\n<\/tr>\n<tr>\n<td colspan=\"2\">Material<\/td>\n<td><\/td>\n<\/tr>\n<tr>\n<td><\/td>\n<td>Housing<\/td>\n<td class=\"subattribute\">Plastic ABS<\/td>\n<\/tr>\n<tr>\n<td><\/td>\n<td>Optical face<\/td>\n<td class=\"subattribute\">Plastic pane<\/td>\n<\/tr>\n<tr>\n<td colspan=\"2\">Mass<\/td>\n<td>100 g<\/td>\n<\/tr>\n<\/tbody>\n<\/table>\n<p>&nbsp;<\/p>\n<p><span style=\"color: #0000ff;\"><strong>Classifications<\/strong><\/span><\/p>\n<table class=\"standard enum\">\n<tbody>\n<tr>\n<th>System<\/th>\n<th>Classcode<\/th>\n<\/tr>\n<tr>\n<td>ECLASS 11.0<\/td>\n<td>27270910<\/td>\n<\/tr>\n<tr>\n<td>ECLASS 10.0.1<\/td>\n<td>27270910<\/td>\n<\/tr>\n<tr>\n<td>ECLASS 9.0<\/td>\n<td>27270910<\/td>\n<\/tr>\n<tr>\n<td>ECLASS 8.0<\/td>\n<td>27270910<\/td>\n<\/tr>\n<tr>\n<td>ECLASS 5.1<\/td>\n<td>27270910<\/td>\n<\/tr>\n<tr>\n<td>ETIM 8.0<\/td>\n<td>EC002549<\/td>\n<\/tr>\n<tr>\n<td>ETIM 7.0<\/td>\n<td>EC002549<\/td>\n<\/tr>\n<tr>\n<td>ETIM 6.0<\/td>\n<td>EC002549<\/td>\n<\/tr>\n<tr>\n<td>ETIM 5.0<\/td>\n<td>EC002549<\/td>\n<\/tr>\n<tr>\n<td>UNSPSC 12.1<\/td>\n<td>39121528<\/td>\n<\/tr>\n<\/tbody>\n<\/table>\n<p><\/p>","protected":false},"excerpt":{"rendered":"<ul id=\"productfeatures\">\n<li>Retro-reflective area sensor with 6 light beams in standard photoelectric-sensor enclosure<\/li>\n<li>Connection compatibly replaces single beam photoelectric sensor<\/li>\n<li>Reliable detection of the front edge of the object irrespective of its shape and position<\/li>\n<li>Constant object detection from 12\u00a0mm within the entire detection area<\/li>\n<li>Reliable detection of all surfaces irrespective of the object texture<\/li>\n<li>Switches when contrast difference 10%<\/li>\n<li>Bright, highly visible transmitter beams, guarantee convenient alignment of the sensor<\/li>\n<\/ul>\n","protected":false},"featured_media":888,"comment_status":"open","ping_status":"closed","template":"","meta":[],"product_cat":[24,39],"product_tag":[],"yoast_head":"<!-- This site is optimized with the Yoast SEO plugin v16.6.1 - https:\/\/yoast.com\/wordpress\/plugins\/seo\/ -->\n<title>RLG28-55-4921\/115b\/136 - NEW SKY CO.,LTD<\/title>\n<meta name=\"robots\" content=\"index, follow, max-snippet:-1, max-image-preview:large, max-video-preview:-1\" \/>\n<link rel=\"canonical\" href=\"https:\/\/newskyvn.com\/product\/rlg28-55-4921-115b-136\/\" \/>\n<meta property=\"og:locale\" content=\"en_US\" \/>\n<meta property=\"og:type\" content=\"article\" \/>\n<meta property=\"og:title\" content=\"RLG28-55-4921\/115b\/136 - NEW SKY CO.,LTD\" \/>\n<meta property=\"og:description\" content=\"[:vi]  C\u1ea3m bi\u1ebfn v\u00f9ng ph\u1ea3n x\u1ea1 retro v\u1edbi 6 ch\u00f9m \u00e1nh s\u00e1ng trong v\u1ecf c\u1ea3m bi\u1ebfn quang \u0111i\u1ec7n ti\u00eau chu\u1ea9n  K\u1ebft n\u1ed1i t\u01b0\u01a1ng th\u00edch thay th\u1ebf c\u1ea3m bi\u1ebfn quang \u0111i\u1ec7n ch\u00f9m tia \u0111\u01a1n  Ph\u00e1t hi\u1ec7n \u0111\u00e1ng tin c\u1eady c\u1ea1nh tr\u01b0\u1edbc c\u1ee7a \u0111\u1ed1i t\u01b0\u1ee3ng b\u1ea5t k\u1ec3 h\u00ecnh d\u1ea1ng v\u00e0 v\u1ecb tr\u00ed c\u1ee7a n\u00f3  Ph\u00e1t hi\u1ec7n \u0111\u1ed1i t\u01b0\u1ee3ng li\u00ean t\u1ee5c t\u1eeb 12 mm trong to\u00e0n b\u1ed9 khu v\u1ef1c ph\u00e1t hi\u1ec7n  Ph\u00e1t hi\u1ec7n \u0111\u00e1ng tin c\u1eady t\u1ea5t c\u1ea3 c\u00e1c b\u1ec1 m\u1eb7t b\u1ea5t k\u1ec3 k\u1ebft c\u1ea5u \u0111\u1ed1i t\u01b0\u1ee3ng  Chuy\u1ec3n \u0111\u1ed5i khi ch\u00eanh l\u1ec7ch \u0111\u1ed9 t\u01b0\u01a1ng ph\u1ea3n 10%  C\u00e1c ch\u00f9m tia ph\u00e1t s\u00e1ng, c\u00f3 kh\u1ea3 n\u0103ng nh\u00ecn th\u1ea5y cao, \u0111\u1ea3m b\u1ea3o s\u1ef1 li\u00ean k\u1ebft thu\u1eadn ti\u1ec7n c\u1ee7a c\u1ea3m bi\u1ebfn [:en]  Retro-reflective area sensor with 6 light beams in standard photoelectric-sensor enclosure  Connection compatibly replaces single beam photoelectric sensor  Reliable detection of the front edge of the object irrespective of its shape and position  Constant object detection from 12\u00a0mm within the entire detection area  Reliable detection of all surfaces irrespective of the object texture  Switches when contrast difference 10%  Bright, highly visible transmitter beams, guarantee convenient alignment of the sensor [:]\" \/>\n<meta property=\"og:url\" content=\"https:\/\/newskyvn.com\/product\/rlg28-55-4921-115b-136\/\" \/>\n<meta property=\"og:site_name\" content=\"NEW SKY CO.,LTD\" \/>\n<meta property=\"article:modified_time\" content=\"2021-09-11T09:31:32+00:00\" \/>\n<meta property=\"og:image\" content=\"https:\/\/newskyvn.com\/wp-content\/uploads\/2021\/09\/RLG28.jpg\" \/>\n\t<meta property=\"og:image:width\" content=\"500\" \/>\n\t<meta property=\"og:image:height\" content=\"500\" \/>\n<meta name=\"twitter:card\" content=\"summary_large_image\" \/>\n<meta name=\"twitter:label1\" content=\"Est. reading time\" \/>\n\t<meta name=\"twitter:data1\" content=\"3 minutes\" \/>\n<script type=\"application\/ld+json\" class=\"yoast-schema-graph\">{\"@context\":\"https:\/\/schema.org\",\"@graph\":[{\"@type\":\"WebSite\",\"@id\":\"https:\/\/newskyvn.com\/#website\",\"url\":\"https:\/\/newskyvn.com\/\",\"name\":\"NEW SKY CO.,LTD\",\"description\":\"C\\u00f4ng Ty TNHH S\\u1ea3n Xu\\u1ea5t Th\\u01b0\\u01a1ng M\\u1ea1i D\\u1ecbch V\\u1ee5 T\\u00e2n Thi\\u00ean\",\"potentialAction\":[{\"@type\":\"SearchAction\",\"target\":{\"@type\":\"EntryPoint\",\"urlTemplate\":\"https:\/\/newskyvn.com\/?s={search_term_string}\"},\"query-input\":\"required name=search_term_string\"}],\"inLanguage\":\"en-US\"},{\"@type\":\"ImageObject\",\"@id\":\"https:\/\/newskyvn.com\/product\/rlg28-55-4921-115b-136\/#primaryimage\",\"inLanguage\":\"en-US\",\"url\":\"https:\/\/newskyvn.com\/wp-content\/uploads\/2021\/09\/RLG28.jpg\",\"contentUrl\":\"https:\/\/newskyvn.com\/wp-content\/uploads\/2021\/09\/RLG28.jpg\",\"width\":500,\"height\":500},{\"@type\":\"WebPage\",\"@id\":\"https:\/\/newskyvn.com\/product\/rlg28-55-4921-115b-136\/#webpage\",\"url\":\"https:\/\/newskyvn.com\/product\/rlg28-55-4921-115b-136\/\",\"name\":\"RLG28-55-4921\/115b\/136 - NEW SKY CO.,LTD\",\"isPartOf\":{\"@id\":\"https:\/\/newskyvn.com\/#website\"},\"primaryImageOfPage\":{\"@id\":\"https:\/\/newskyvn.com\/product\/rlg28-55-4921-115b-136\/#primaryimage\"},\"datePublished\":\"2021-09-11T09:31:31+00:00\",\"dateModified\":\"2021-09-11T09:31:32+00:00\",\"breadcrumb\":{\"@id\":\"https:\/\/newskyvn.com\/product\/rlg28-55-4921-115b-136\/#breadcrumb\"},\"inLanguage\":\"en-US\",\"potentialAction\":[{\"@type\":\"ReadAction\",\"target\":[\"https:\/\/newskyvn.com\/product\/rlg28-55-4921-115b-136\/\"]}]},{\"@type\":\"BreadcrumbList\",\"@id\":\"https:\/\/newskyvn.com\/product\/rlg28-55-4921-115b-136\/#breadcrumb\",\"itemListElement\":[{\"@type\":\"ListItem\",\"position\":1,\"name\":\"Product\",\"item\":\"https:\/\/newskyvn.com\/en\/san-pham\/\"},{\"@type\":\"ListItem\",\"position\":2,\"name\":\"RLG28-55-4921\/115b\/136\"}]}]}<\/script>\n<!-- \/ Yoast SEO plugin. -->","_links":{"self":[{"href":"https:\/\/newskyvn.com\/en\/wp-json\/wp\/v2\/product\/886"}],"collection":[{"href":"https:\/\/newskyvn.com\/en\/wp-json\/wp\/v2\/product"}],"about":[{"href":"https:\/\/newskyvn.com\/en\/wp-json\/wp\/v2\/types\/product"}],"replies":[{"embeddable":true,"href":"https:\/\/newskyvn.com\/en\/wp-json\/wp\/v2\/comments?post=886"}],"wp:featuredmedia":[{"embeddable":true,"href":"https:\/\/newskyvn.com\/en\/wp-json\/wp\/v2\/media\/888"}],"wp:attachment":[{"href":"https:\/\/newskyvn.com\/en\/wp-json\/wp\/v2\/media?parent=886"}],"wp:term":[{"taxonomy":"product_cat","embeddable":true,"href":"https:\/\/newskyvn.com\/en\/wp-json\/wp\/v2\/product_cat?post=886"},{"taxonomy":"product_tag","embeddable":true,"href":"https:\/\/newskyvn.com\/en\/wp-json\/wp\/v2\/product_tag?post=886"}],"curies":[{"name":"wp","href":"https:\/\/api.w.org\/{rel}","templated":true}]}}