{"id":883,"date":"2021-09-11T09:23:51","date_gmt":"2021-09-11T09:23:51","guid":{"rendered":"https:\/\/newskyvn.com\/?post_type=product&#038;p=883"},"modified":"2021-09-11T09:23:51","modified_gmt":"2021-09-11T09:23:51","slug":"air30-8-h-2500-38a","status":"publish","type":"product","link":"https:\/\/newskyvn.com\/en\/product\/air30-8-h-2500-38a\/","title":{"rendered":"AIR30-8-H-2500\/38a"},"content":{"rendered":"<p>&nbsp;<\/p>\n<p id=\"techdata\"><strong><span style=\"color: #0000ff;\">Datasheet excerpt: Technical data of\u00a0 AIR30-8-H-2500\/38a<\/span><\/strong><\/p>\n<table class=\"standard enum\">\n<tbody>\n<tr>\n<th colspan=\"2\">Product Description<\/th>\n<\/tr>\n<tr>\n<td colspan=\"3\">Single-beam active infrared scanner, background suppression, max. installation height 2.5 m, black housing, relay contact output, fixed cable<\/td>\n<\/tr>\n<\/tbody>\n<\/table>\n<table class=\"standard enum\">\n<tbody>\n<tr>\n<th colspan=\"3\">General specifications<\/th>\n<\/tr>\n<tr>\n<td colspan=\"2\">Detection range min.<\/td>\n<td>550 &#8230; 1000 mm<\/td>\n<\/tr>\n<tr>\n<td colspan=\"2\">Detection range max.<\/td>\n<td>550 &#8230; 2500 mm<\/td>\n<\/tr>\n<tr>\n<td colspan=\"2\">Light source<\/td>\n<td>IRED<\/td>\n<\/tr>\n<tr>\n<td colspan=\"2\">Light type<\/td>\n<td>modulated infrared light<\/td>\n<\/tr>\n<tr>\n<td colspan=\"2\">Black-white difference (6 %\/90 %)<\/td>\n<td>\u2264 400 mm at a distance of 2000 mm<\/td>\n<\/tr>\n<tr>\n<td colspan=\"2\">Transmitter frequency<\/td>\n<td>1800 Hz<\/td>\n<\/tr>\n<tr>\n<td colspan=\"2\">Operating mode<\/td>\n<td>Background suppression<\/td>\n<\/tr>\n<tr>\n<td colspan=\"2\">Diameter of the light spot<\/td>\n<td>50 mm at 2000 mm sensor range<\/td>\n<\/tr>\n<tr>\n<td colspan=\"2\">Angle of divergence<\/td>\n<td>approx. 1.4 \u00b0<\/td>\n<\/tr>\n<tr>\n<td colspan=\"2\">Accessories provided<\/td>\n<td>Swivel bracket, Mounting bracket<\/td>\n<\/tr>\n<tr>\n<th colspan=\"3\">Functional safety related parameters<\/th>\n<\/tr>\n<tr>\n<td colspan=\"2\">MTTF<sub>d<\/sub><\/td>\n<td>1050 a<\/td>\n<\/tr>\n<tr>\n<td colspan=\"2\">Mission Time (T<sub>M<\/sub>)<\/td>\n<td>20 a<\/td>\n<\/tr>\n<tr>\n<td colspan=\"2\">Diagnostic Coverage (DC)<\/td>\n<td>90 %<\/td>\n<\/tr>\n<tr>\n<th colspan=\"3\">Indicators\/operating means<\/th>\n<\/tr>\n<tr>\n<td colspan=\"2\">Function indicator<\/td>\n<td>LED red: lights up when output is active<\/td>\n<\/tr>\n<tr>\n<td colspan=\"2\">Control elements<\/td>\n<td>Sensing range adjuster, light-on\/dark-on changeover switch<\/td>\n<\/tr>\n<tr>\n<th colspan=\"3\">Electrical specifications<\/th>\n<\/tr>\n<tr>\n<td colspan=\"2\">Operating voltage<\/td>\n<td>10 &#8230; 48 V DC \/ 11 &#8230; 36 V AC<\/td>\n<\/tr>\n<tr>\n<td colspan=\"2\">No-load supply current<\/td>\n<td>100 mA<\/td>\n<\/tr>\n<tr>\n<th colspan=\"3\">Input<\/th>\n<\/tr>\n<tr>\n<td colspan=\"2\">Test input<\/td>\n<td>emitter deactivation at +U<sub>B<\/sub><\/td>\n<\/tr>\n<tr>\n<th colspan=\"3\">Output<\/th>\n<\/tr>\n<tr>\n<td colspan=\"2\">Switching type<\/td>\n<td>light\/dark on, switchable<\/td>\n<\/tr>\n<tr>\n<td colspan=\"2\">Signal output<\/td>\n<td>relay, 1 NO<\/td>\n<\/tr>\n<tr>\n<td colspan=\"2\">Switching voltage<\/td>\n<td>\u2264 50 V AC \/ 24 V DC<\/td>\n<\/tr>\n<tr>\n<td colspan=\"2\">Switching current<\/td>\n<td>\u2264 200 mA AC \/ 1 A DC<\/td>\n<\/tr>\n<tr>\n<td colspan=\"2\">Response time<\/td>\n<td>70 ms<\/td>\n<\/tr>\n<tr>\n<td colspan=\"2\">De-energized delay<\/td>\n<td>approx. 200 ms<\/td>\n<\/tr>\n<tr>\n<th colspan=\"3\">Standard conformity<\/th>\n<\/tr>\n<tr>\n<td colspan=\"2\">Standards<\/td>\n<td>EN 60947-5-2<\/td>\n<\/tr>\n<tr>\n<td colspan=\"2\">Standards 2<\/td>\n<td>EN 61000-6-2 without EN 61000-4-5, EN 61000-4-11<\/td>\n<\/tr>\n<tr>\n<td colspan=\"2\">Standards 3<\/td>\n<td>EN 61000-6-3<\/td>\n<\/tr>\n<tr>\n<th colspan=\"3\">Approvals and certificates<\/th>\n<\/tr>\n<tr>\n<td colspan=\"2\">CCC approval<\/td>\n<td>Certified by China Compulsory Certification (CCC)<\/td>\n<\/tr>\n<tr>\n<th colspan=\"3\">Ambient conditions<\/th>\n<\/tr>\n<tr>\n<td colspan=\"2\">Ambient temperature<\/td>\n<td>-20 &#8230; 60 \u00b0C (-4 &#8230; 140 \u00b0F)<\/td>\n<\/tr>\n<tr>\n<td colspan=\"2\">Storage temperature<\/td>\n<td>-20 &#8230; 75 \u00b0C (-4 &#8230; 167 \u00b0F)<\/td>\n<\/tr>\n<tr>\n<th colspan=\"3\">Mechanical specifications<\/th>\n<\/tr>\n<tr>\n<td colspan=\"2\">Degree of protection<\/td>\n<td>IP52<\/td>\n<\/tr>\n<tr>\n<td colspan=\"2\">Connection<\/td>\n<td>5 m fixed cable<\/td>\n<\/tr>\n<tr>\n<td colspan=\"2\">Material<\/td>\n<td><\/td>\n<\/tr>\n<tr>\n<td><\/td>\n<td>Housing<\/td>\n<td class=\"subattribute\">plastic<\/td>\n<\/tr>\n<tr>\n<td><\/td>\n<td>Optical face<\/td>\n<td class=\"subattribute\">Luran<sup>\u00ae<\/sup><\/td>\n<\/tr>\n<tr>\n<td colspan=\"2\">Mass<\/td>\n<td>50 g<\/td>\n<\/tr>\n<\/tbody>\n<\/table>\n<p>&nbsp;<\/p>\n<p><strong><span style=\"color: #0000ff;\">Classifications<\/span><\/strong><\/p>\n<table class=\"standard enum\">\n<tbody>\n<tr>\n<th>System<\/th>\n<th>Classcode<\/th>\n<\/tr>\n<tr>\n<td>ECLASS 11.0<\/td>\n<td>27270913<\/td>\n<\/tr>\n<tr>\n<td>ECLASS 10.0.1<\/td>\n<td>27270913<\/td>\n<\/tr>\n<tr>\n<td>ECLASS 9.0<\/td>\n<td>27270913<\/td>\n<\/tr>\n<tr>\n<td>ECLASS 8.0<\/td>\n<td>27270913<\/td>\n<\/tr>\n<tr>\n<td>ECLASS 5.1<\/td>\n<td>27270903<\/td>\n<\/tr>\n<tr>\n<td>ETIM 7.0<\/td>\n<td>EC002550<\/td>\n<\/tr>\n<tr>\n<td>ETIM 6.0<\/td>\n<td>EC002550<\/td>\n<\/tr>\n<tr>\n<td>ETIM 5.0<\/td>\n<td>EC001821<\/td>\n<\/tr>\n<tr>\n<td>UNSPSC 12.1<\/td>\n<td>39121528<\/td>\n<\/tr>\n<\/tbody>\n<\/table>\n<p><\/p>","protected":false},"excerpt":{"rendered":"<ul id=\"productfeatures\">\n<li>Single-beam light scanner<\/li>\n<li>Can be used to monitor both main and ancillary closing edges<\/li>\n<li>Closing edge safety on revolving doors and carousel doors<\/li>\n<li>Accurate beam alignment thanks to finely bundled light beam<\/li>\n<li>Background suppression operating mode: ignores objects outside the sensing range<\/li>\n<\/ul>\n","protected":false},"featured_media":885,"comment_status":"open","ping_status":"closed","template":"","meta":[],"product_cat":[24,41],"product_tag":[],"yoast_head":"<!-- This site is optimized with the Yoast SEO plugin v16.6.1 - https:\/\/yoast.com\/wordpress\/plugins\/seo\/ -->\n<title>AIR30-8-H-2500\/38a - NEW SKY CO.,LTD<\/title>\n<meta name=\"robots\" content=\"index, follow, max-snippet:-1, max-image-preview:large, max-video-preview:-1\" \/>\n<link rel=\"canonical\" href=\"https:\/\/newskyvn.com\/product\/air30-8-h-2500-38a\/\" \/>\n<meta property=\"og:locale\" content=\"en_US\" \/>\n<meta property=\"og:type\" content=\"article\" \/>\n<meta property=\"og:title\" content=\"AIR30-8-H-2500\/38a - NEW SKY CO.,LTD\" \/>\n<meta property=\"og:description\" content=\"[:vi]  M\u00e1y qu\u00e9t \u00e1nh s\u00e1ng \u0111\u01a1n tia  C\u00f3 th\u1ec3 \u0111\u01b0\u1ee3c s\u1eed d\u1ee5ng \u0111\u1ec3 gi\u00e1m s\u00e1t c\u1ea3 c\u00e1c c\u1ea1nh \u0111\u00f3ng ch\u00ednh v\u00e0 ph\u1ee5  \u0110\u00f3ng an to\u00e0n c\u1ea1nh tr\u00ean c\u1eeda quay v\u00e0 c\u1eeda b\u0103ng chuy\u1ec1n  C\u0103n ch\u1ec9nh ch\u00f9m tia ch\u00ednh x\u00e1c nh\u1edd ch\u00f9m \u00e1nh s\u00e1ng \u0111\u01b0\u1ee3c k\u1ebft h\u1ee3p tinh vi  Ch\u1ebf \u0111\u1ed9 ho\u1ea1t \u0111\u1ed9ng tri\u1ec7t n\u1ec1n: b\u1ecf qua c\u00e1c \u0111\u1ed1i t\u01b0\u1ee3ng b\u00ean ngo\u00e0i ph\u1ea1m vi ph\u00e1t hi\u1ec7n [:en]  Single-beam light scanner  Can be used to monitor both main and ancillary closing edges  Closing edge safety on revolving doors and carousel doors  Accurate beam alignment thanks to finely bundled light beam  Background suppression operating mode: ignores objects outside the sensing range [:]\" \/>\n<meta property=\"og:url\" content=\"https:\/\/newskyvn.com\/product\/air30-8-h-2500-38a\/\" \/>\n<meta property=\"og:site_name\" content=\"NEW SKY CO.,LTD\" \/>\n<meta property=\"og:image\" content=\"https:\/\/newskyvn.com\/wp-content\/uploads\/2021\/09\/b229654a.png\" \/>\n\t<meta property=\"og:image:width\" content=\"200\" \/>\n\t<meta property=\"og:image:height\" content=\"220\" \/>\n<meta name=\"twitter:card\" content=\"summary_large_image\" \/>\n<meta name=\"twitter:label1\" content=\"Est. reading time\" \/>\n\t<meta name=\"twitter:data1\" content=\"2 minutes\" \/>\n<script type=\"application\/ld+json\" class=\"yoast-schema-graph\">{\"@context\":\"https:\/\/schema.org\",\"@graph\":[{\"@type\":\"WebSite\",\"@id\":\"https:\/\/newskyvn.com\/#website\",\"url\":\"https:\/\/newskyvn.com\/\",\"name\":\"NEW SKY CO.,LTD\",\"description\":\"C\\u00f4ng Ty TNHH S\\u1ea3n Xu\\u1ea5t Th\\u01b0\\u01a1ng M\\u1ea1i D\\u1ecbch V\\u1ee5 T\\u00e2n Thi\\u00ean\",\"potentialAction\":[{\"@type\":\"SearchAction\",\"target\":{\"@type\":\"EntryPoint\",\"urlTemplate\":\"https:\/\/newskyvn.com\/?s={search_term_string}\"},\"query-input\":\"required name=search_term_string\"}],\"inLanguage\":\"en-US\"},{\"@type\":\"ImageObject\",\"@id\":\"https:\/\/newskyvn.com\/product\/air30-8-h-2500-38a\/#primaryimage\",\"inLanguage\":\"en-US\",\"url\":\"https:\/\/newskyvn.com\/wp-content\/uploads\/2021\/09\/b229654a.png\",\"contentUrl\":\"https:\/\/newskyvn.com\/wp-content\/uploads\/2021\/09\/b229654a.png\",\"width\":200,\"height\":220},{\"@type\":\"WebPage\",\"@id\":\"https:\/\/newskyvn.com\/product\/air30-8-h-2500-38a\/#webpage\",\"url\":\"https:\/\/newskyvn.com\/product\/air30-8-h-2500-38a\/\",\"name\":\"AIR30-8-H-2500\/38a - NEW SKY CO.,LTD\",\"isPartOf\":{\"@id\":\"https:\/\/newskyvn.com\/#website\"},\"primaryImageOfPage\":{\"@id\":\"https:\/\/newskyvn.com\/product\/air30-8-h-2500-38a\/#primaryimage\"},\"datePublished\":\"2021-09-11T09:23:51+00:00\",\"dateModified\":\"2021-09-11T09:23:51+00:00\",\"breadcrumb\":{\"@id\":\"https:\/\/newskyvn.com\/product\/air30-8-h-2500-38a\/#breadcrumb\"},\"inLanguage\":\"en-US\",\"potentialAction\":[{\"@type\":\"ReadAction\",\"target\":[\"https:\/\/newskyvn.com\/product\/air30-8-h-2500-38a\/\"]}]},{\"@type\":\"BreadcrumbList\",\"@id\":\"https:\/\/newskyvn.com\/product\/air30-8-h-2500-38a\/#breadcrumb\",\"itemListElement\":[{\"@type\":\"ListItem\",\"position\":1,\"name\":\"Product\",\"item\":\"https:\/\/newskyvn.com\/en\/san-pham\/\"},{\"@type\":\"ListItem\",\"position\":2,\"name\":\"AIR30-8-H-2500\/38a\"}]}]}<\/script>\n<!-- \/ Yoast SEO plugin. -->","_links":{"self":[{"href":"https:\/\/newskyvn.com\/en\/wp-json\/wp\/v2\/product\/883"}],"collection":[{"href":"https:\/\/newskyvn.com\/en\/wp-json\/wp\/v2\/product"}],"about":[{"href":"https:\/\/newskyvn.com\/en\/wp-json\/wp\/v2\/types\/product"}],"replies":[{"embeddable":true,"href":"https:\/\/newskyvn.com\/en\/wp-json\/wp\/v2\/comments?post=883"}],"wp:featuredmedia":[{"embeddable":true,"href":"https:\/\/newskyvn.com\/en\/wp-json\/wp\/v2\/media\/885"}],"wp:attachment":[{"href":"https:\/\/newskyvn.com\/en\/wp-json\/wp\/v2\/media?parent=883"}],"wp:term":[{"taxonomy":"product_cat","embeddable":true,"href":"https:\/\/newskyvn.com\/en\/wp-json\/wp\/v2\/product_cat?post=883"},{"taxonomy":"product_tag","embeddable":true,"href":"https:\/\/newskyvn.com\/en\/wp-json\/wp\/v2\/product_tag?post=883"}],"curies":[{"name":"wp","href":"https:\/\/api.w.org\/{rel}","templated":true}]}}