{"id":877,"date":"2021-09-11T09:02:11","date_gmt":"2021-09-11T09:02:11","guid":{"rendered":"https:\/\/newskyvn.com\/?post_type=product&#038;p=877"},"modified":"2021-09-11T09:02:12","modified_gmt":"2021-09-11T09:02:12","slug":"rms-d","status":"publish","type":"product","link":"https:\/\/newskyvn.com\/en\/product\/rms-d\/","title":{"rendered":"RMS-D"},"content":{"rendered":"<p>&nbsp;<\/p>\n<p id=\"techdata\"><span style=\"color: #0000ff;\"><strong>Datasheet excerpt: Technical data of\u00a0 RMS-D<\/strong><\/span><\/p>\n<table class=\"standard enum\">\n<tbody>\n<tr>\n<th colspan=\"2\">Product Description<\/th>\n<\/tr>\n<tr>\n<td colspan=\"3\">Premium radar motion sensor offering additional functions, dynamic version offering direction detection, 2 m x 4.5 m detection range, max. installation height: 4 m, black housing, relay contact output, cable connection<\/td>\n<\/tr>\n<\/tbody>\n<\/table>\n<table class=\"standard enum\">\n<tbody>\n<tr>\n<th colspan=\"3\">General specifications<\/th>\n<\/tr>\n<tr>\n<td colspan=\"2\">Sensing range<\/td>\n<td>broad: 2000x 4500 mm (DxW) at 2200 mm mounting height and 30\u00b0 tilt angle<br \/>\nnarrow: 4500x 2000 mm (DxW) at 2200 mm mounting height and 30\u00b0 tilt angle<\/td>\n<\/tr>\n<tr>\n<td colspan=\"2\">Function principle<\/td>\n<td>Microwave module<\/td>\n<\/tr>\n<tr>\n<td colspan=\"2\">Detection speed<\/td>\n<td>min. 0.1 m\/s<\/td>\n<\/tr>\n<tr>\n<td colspan=\"2\">Setting angle<\/td>\n<td>Horizontal: -30\u00b0 &#8230; +30\u00b0 in 5\u00b0 increments<br \/>\nVertical: 0\u00b0 &#8230; 90\u00b0 in 10\u00b0 increments<\/td>\n<\/tr>\n<tr>\n<td colspan=\"2\">Operating frequency<\/td>\n<td>24.15 &#8230; 24.25 GHz K-Band<\/td>\n<\/tr>\n<tr>\n<td colspan=\"2\">Operating mode<\/td>\n<td>Radar motion sensor<\/td>\n<\/tr>\n<tr>\n<td colspan=\"2\">Transmitter radiated power (EIRP)<\/td>\n<td>&lt; 20 dBm<\/td>\n<\/tr>\n<tr>\n<th colspan=\"3\">Functional safety related parameters<\/th>\n<\/tr>\n<tr>\n<td colspan=\"2\">MTTF<sub>d<\/sub><\/td>\n<td>640 a<\/td>\n<\/tr>\n<tr>\n<td colspan=\"2\">Mission Time (T<sub>M<\/sub>)<\/td>\n<td>20 a<\/td>\n<\/tr>\n<tr>\n<td colspan=\"2\">Diagnostic Coverage (DC)<\/td>\n<td>0 %<\/td>\n<\/tr>\n<tr>\n<th colspan=\"3\">Indicators\/operating means<\/th>\n<\/tr>\n<tr>\n<td colspan=\"2\">Function indicator<\/td>\n<td>LED red\/green<\/td>\n<\/tr>\n<tr>\n<td colspan=\"2\">Control elements<\/td>\n<td>DIP-switch for selection of operating modes : Direction detection , Cross traffic suppression , Slow-motion , Switching type<\/td>\n<\/tr>\n<tr>\n<td colspan=\"2\">Control elements<\/td>\n<td>sensitivity adjustment<\/td>\n<\/tr>\n<tr>\n<td colspan=\"2\">Control elements<\/td>\n<td>Adjustment for off delay<\/td>\n<\/tr>\n<tr>\n<th colspan=\"3\">Electrical specifications<\/th>\n<\/tr>\n<tr>\n<td colspan=\"2\">Operating voltage<\/td>\n<td>12 &#8230; 36 V DC , 12 &#8230; 28 V AC<\/td>\n<\/tr>\n<tr>\n<td colspan=\"2\">No-load supply current<\/td>\n<td>\u2264 50 mA at 24 V DC<\/td>\n<\/tr>\n<tr>\n<td colspan=\"2\">Power consumption<\/td>\n<td>\u2264 1.2 W at 24 V DC<br \/>\n\u2264 1.7 W at 36 V DC<\/td>\n<\/tr>\n<tr>\n<th colspan=\"3\">Output<\/th>\n<\/tr>\n<tr>\n<td colspan=\"2\">Switching type<\/td>\n<td>NO\/NC<\/td>\n<\/tr>\n<tr>\n<td colspan=\"2\">Signal output<\/td>\n<td>Relay, 1 NO contact\/NC contact<\/td>\n<\/tr>\n<tr>\n<td colspan=\"2\">Switching voltage<\/td>\n<td>max. 48 V AC \/ 48 V DC<\/td>\n<\/tr>\n<tr>\n<td colspan=\"2\">Switching current<\/td>\n<td>max. 0.5 A AC \/ 1 A DC<\/td>\n<\/tr>\n<tr>\n<td colspan=\"2\">Switching power<\/td>\n<td>max. 24 W \/ 60 VA<\/td>\n<\/tr>\n<tr>\n<td colspan=\"2\">De-energized delay<\/td>\n<td>0.2 &#8230; 5 s adjustable (1 sec factory setting)<\/td>\n<\/tr>\n<tr>\n<th colspan=\"3\">Approvals and certificates<\/th>\n<\/tr>\n<tr>\n<td colspan=\"2\">CE conformity<\/td>\n<td>2014\/53\/EU This device can be used in all countries within the European Union. In other countries, all applicable national regulations must be observed.<\/td>\n<\/tr>\n<tr>\n<td colspan=\"2\">FCC approval<\/td>\n<td>No &#8211; Use in North America is not permitted.<\/td>\n<\/tr>\n<tr>\n<th colspan=\"3\">Ambient conditions<\/th>\n<\/tr>\n<tr>\n<td colspan=\"2\">Operating temperature<\/td>\n<td>-20 &#8230; 60 \u00b0C (-4 &#8230; 140 \u00b0F)<\/td>\n<\/tr>\n<tr>\n<td colspan=\"2\">Storage temperature<\/td>\n<td>-30 &#8230; 70 \u00b0C (-22 &#8230; 158 \u00b0F)<\/td>\n<\/tr>\n<tr>\n<td colspan=\"2\">Relative humidity<\/td>\n<td>max. 90 % non-condensing<\/td>\n<\/tr>\n<tr>\n<th colspan=\"3\">Mechanical specifications<\/th>\n<\/tr>\n<tr>\n<td colspan=\"2\">Mounting height<\/td>\n<td>max. 4000 mm<\/td>\n<\/tr>\n<tr>\n<td colspan=\"2\">Degree of protection<\/td>\n<td>IP54<\/td>\n<\/tr>\n<tr>\n<td colspan=\"2\">Connection<\/td>\n<td>Male connector 4-pin , 5 m connecting cable included with delivery<\/td>\n<\/tr>\n<tr>\n<td colspan=\"2\">Material<\/td>\n<td><\/td>\n<\/tr>\n<tr>\n<td><\/td>\n<td>Housing<\/td>\n<td class=\"subattribute\">ABS, anthracite<\/td>\n<\/tr>\n<tr>\n<td colspan=\"2\">Mass<\/td>\n<td>120 g<\/td>\n<\/tr>\n<tr>\n<td colspan=\"2\">Dimensions<\/td>\n<td>123 mm x 65 mm x 57 mm<\/td>\n<\/tr>\n<tr>\n<th colspan=\"3\">Suitable series<\/th>\n<\/tr>\n<tr>\n<td colspan=\"2\">Series<\/td>\n<td>RMS<\/td>\n<\/tr>\n<\/tbody>\n<\/table>\n<p>&nbsp;<\/p>\n<p><strong><span style=\"color: #0000ff;\">Classifications<\/span><\/strong><\/p>\n<table class=\"standard enum\">\n<tbody>\n<tr>\n<th>System<\/th>\n<th>Classcode<\/th>\n<\/tr>\n<tr>\n<td>ECLASS 11.0<\/td>\n<td>27280890<\/td>\n<\/tr>\n<tr>\n<td>ECLASS 10.0.1<\/td>\n<td>27280890<\/td>\n<\/tr>\n<tr>\n<td>ECLASS 9.0<\/td>\n<td>27280890<\/td>\n<\/tr>\n<tr>\n<td>ECLASS 8.0<\/td>\n<td>27280890<\/td>\n<\/tr>\n<tr>\n<td>ECLASS 5.1<\/td>\n<td>27270990<\/td>\n<\/tr>\n<tr>\n<td>ETIM 8.0<\/td>\n<td>EC000138<\/td>\n<\/tr>\n<tr>\n<td>ETIM 7.0<\/td>\n<td>EC000138<\/td>\n<\/tr>\n<tr>\n<td>ETIM 6.0<\/td>\n<td>EC000138<\/td>\n<\/tr>\n<tr>\n<td>UNSPSC 12.1<\/td>\n<td>39121528<\/td>\n<\/tr>\n<\/tbody>\n<\/table>\n<p><\/p>","protected":false},"excerpt":{"rendered":"<ul id=\"productfeatures\">\n<li>Microwave motion sensor with intelligent functions<\/li>\n<li>Reliable detection of people and vehicles<\/li>\n<li>Direction detection<\/li>\n<li>Cross traffic suppression<\/li>\n<li>&#8220;Slow motion&#8221; for extremely slow motions<\/li>\n<li>Simplest adjustement of the sensing range<\/li>\n<\/ul>\n","protected":false},"featured_media":879,"comment_status":"open","ping_status":"closed","template":"","meta":[],"product_cat":[24,41],"product_tag":[],"yoast_head":"<!-- This site is optimized with the Yoast SEO plugin v16.6.1 - https:\/\/yoast.com\/wordpress\/plugins\/seo\/ -->\n<title>RMS-D - NEW SKY CO.,LTD<\/title>\n<meta name=\"robots\" content=\"index, follow, max-snippet:-1, max-image-preview:large, max-video-preview:-1\" \/>\n<link rel=\"canonical\" href=\"https:\/\/newskyvn.com\/product\/rms-d\/\" \/>\n<meta property=\"og:locale\" content=\"en_US\" \/>\n<meta property=\"og:type\" content=\"article\" \/>\n<meta property=\"og:title\" content=\"RMS-D - NEW SKY CO.,LTD\" \/>\n<meta property=\"og:description\" content=\"[:vi]  C\u1ea3m bi\u1ebfn chuy\u1ec3n \u0111\u1ed9ng vi s\u00f3ng v\u1edbi c\u00e1c ch\u1ee9c n\u0103ng th\u00f4ng minh  Ph\u00e1t hi\u1ec7n ng\u01b0\u1eddi v\u00e0 ph\u01b0\u01a1ng ti\u1ec7n \u0111\u00e1ng tin c\u1eady  Ph\u00e1t hi\u1ec7n h\u01b0\u1edbng  Ng\u0103n ch\u1eb7n l\u01b0u l\u01b0\u1ee3ng truy c\u1eadp ch\u00e9o  &quot;Chuy\u1ec3n \u0111\u1ed9ng ch\u1eadm&quot; cho chuy\u1ec3n \u0111\u1ed9ng c\u1ef1c ch\u1eadm  \u0110i\u1ec1u ch\u1ec9nh \u0111\u01a1n gi\u1ea3n nh\u1ea5t c\u1ee7a ph\u1ea1m vi c\u1ea3m bi\u1ebfn [:en]  Microwave motion sensor with intelligent functions  Reliable detection of people and vehicles  Direction detection  Cross traffic suppression  &quot;Slow motion&quot; for extremely slow motions  Simplest adjustement of the sensing range [:]\" \/>\n<meta property=\"og:url\" content=\"https:\/\/newskyvn.com\/product\/rms-d\/\" \/>\n<meta property=\"og:site_name\" content=\"NEW SKY CO.,LTD\" \/>\n<meta property=\"article:modified_time\" content=\"2021-09-11T09:02:12+00:00\" \/>\n<meta property=\"og:image\" content=\"https:\/\/newskyvn.com\/wp-content\/uploads\/2021\/09\/RMS-D.jpg\" \/>\n\t<meta property=\"og:image:width\" content=\"500\" \/>\n\t<meta property=\"og:image:height\" content=\"500\" \/>\n<meta name=\"twitter:card\" content=\"summary_large_image\" \/>\n<meta name=\"twitter:label1\" content=\"Est. reading time\" \/>\n\t<meta name=\"twitter:data1\" content=\"2 minutes\" \/>\n<script type=\"application\/ld+json\" class=\"yoast-schema-graph\">{\"@context\":\"https:\/\/schema.org\",\"@graph\":[{\"@type\":\"WebSite\",\"@id\":\"https:\/\/newskyvn.com\/#website\",\"url\":\"https:\/\/newskyvn.com\/\",\"name\":\"NEW SKY CO.,LTD\",\"description\":\"C\\u00f4ng Ty TNHH S\\u1ea3n Xu\\u1ea5t Th\\u01b0\\u01a1ng M\\u1ea1i D\\u1ecbch V\\u1ee5 T\\u00e2n Thi\\u00ean\",\"potentialAction\":[{\"@type\":\"SearchAction\",\"target\":{\"@type\":\"EntryPoint\",\"urlTemplate\":\"https:\/\/newskyvn.com\/?s={search_term_string}\"},\"query-input\":\"required name=search_term_string\"}],\"inLanguage\":\"en-US\"},{\"@type\":\"ImageObject\",\"@id\":\"https:\/\/newskyvn.com\/product\/rms-d\/#primaryimage\",\"inLanguage\":\"en-US\",\"url\":\"https:\/\/newskyvn.com\/wp-content\/uploads\/2021\/09\/RMS-D.jpg\",\"contentUrl\":\"https:\/\/newskyvn.com\/wp-content\/uploads\/2021\/09\/RMS-D.jpg\",\"width\":500,\"height\":500},{\"@type\":\"WebPage\",\"@id\":\"https:\/\/newskyvn.com\/product\/rms-d\/#webpage\",\"url\":\"https:\/\/newskyvn.com\/product\/rms-d\/\",\"name\":\"RMS-D - NEW SKY CO.,LTD\",\"isPartOf\":{\"@id\":\"https:\/\/newskyvn.com\/#website\"},\"primaryImageOfPage\":{\"@id\":\"https:\/\/newskyvn.com\/product\/rms-d\/#primaryimage\"},\"datePublished\":\"2021-09-11T09:02:11+00:00\",\"dateModified\":\"2021-09-11T09:02:12+00:00\",\"breadcrumb\":{\"@id\":\"https:\/\/newskyvn.com\/product\/rms-d\/#breadcrumb\"},\"inLanguage\":\"en-US\",\"potentialAction\":[{\"@type\":\"ReadAction\",\"target\":[\"https:\/\/newskyvn.com\/product\/rms-d\/\"]}]},{\"@type\":\"BreadcrumbList\",\"@id\":\"https:\/\/newskyvn.com\/product\/rms-d\/#breadcrumb\",\"itemListElement\":[{\"@type\":\"ListItem\",\"position\":1,\"name\":\"Product\",\"item\":\"https:\/\/newskyvn.com\/en\/san-pham\/\"},{\"@type\":\"ListItem\",\"position\":2,\"name\":\"RMS-D\"}]}]}<\/script>\n<!-- \/ Yoast SEO plugin. -->","_links":{"self":[{"href":"https:\/\/newskyvn.com\/en\/wp-json\/wp\/v2\/product\/877"}],"collection":[{"href":"https:\/\/newskyvn.com\/en\/wp-json\/wp\/v2\/product"}],"about":[{"href":"https:\/\/newskyvn.com\/en\/wp-json\/wp\/v2\/types\/product"}],"replies":[{"embeddable":true,"href":"https:\/\/newskyvn.com\/en\/wp-json\/wp\/v2\/comments?post=877"}],"wp:featuredmedia":[{"embeddable":true,"href":"https:\/\/newskyvn.com\/en\/wp-json\/wp\/v2\/media\/879"}],"wp:attachment":[{"href":"https:\/\/newskyvn.com\/en\/wp-json\/wp\/v2\/media?parent=877"}],"wp:term":[{"taxonomy":"product_cat","embeddable":true,"href":"https:\/\/newskyvn.com\/en\/wp-json\/wp\/v2\/product_cat?post=877"},{"taxonomy":"product_tag","embeddable":true,"href":"https:\/\/newskyvn.com\/en\/wp-json\/wp\/v2\/product_tag?post=877"}],"curies":[{"name":"wp","href":"https:\/\/api.w.org\/{rel}","templated":true}]}}