{"id":867,"date":"2021-09-11T08:42:10","date_gmt":"2021-09-11T08:42:10","guid":{"rendered":"https:\/\/newskyvn.com\/?post_type=product&#038;p=867"},"modified":"2021-09-11T08:42:11","modified_gmt":"2021-09-11T08:42:11","slug":"doorscan-ds-2p-1200","status":"publish","type":"product","link":"https:\/\/newskyvn.com\/en\/product\/doorscan-ds-2p-1200\/","title":{"rendered":"DoorScan-DS-2P-1200"},"content":{"rendered":"<p>&nbsp;<\/p>\n<p id=\"techdata\"><strong><span style=\"color: #0000ff;\">Datasheet excerpt: Technical data of\u00a0 DoorScan-DS-2P-1200<\/span><\/strong><\/p>\n<table class=\"standard enum\">\n<tbody>\n<tr>\n<th colspan=\"2\">Product Description<\/th>\n<\/tr>\n<tr>\n<td colspan=\"3\">Light curtain for individual protection for automatic doors in accordance with DIN\u00a018650\/EN\u00a016005, complete system for a door measuring up to 1200\u00a0mm wide, NPN output<\/td>\n<\/tr>\n<\/tbody>\n<\/table>\n<table class=\"standard enum\">\n<tbody>\n<tr>\n<th colspan=\"3\">General specifications<\/th>\n<\/tr>\n<tr>\n<td colspan=\"2\">Detection range min.<\/td>\n<td>0 &#8230; 1500 mm<\/td>\n<\/tr>\n<tr>\n<td colspan=\"2\">Detection range max.<\/td>\n<td>0 &#8230; 3500 mm (Upright CA test body)<\/td>\n<\/tr>\n<tr>\n<td colspan=\"2\">Sensing range<\/td>\n<td>1000 mm at installation height of 2100 mm<\/td>\n<\/tr>\n<tr>\n<td colspan=\"2\">Light source<\/td>\n<td>IRED 850 nm<\/td>\n<\/tr>\n<tr>\n<td colspan=\"2\">Black\/White difference (6 %\/90 %)<\/td>\n<td>&lt; 2 % at 2000 mm sensor range<\/td>\n<\/tr>\n<tr>\n<td colspan=\"2\">Number of beams<\/td>\n<td>10<\/td>\n<\/tr>\n<tr>\n<td colspan=\"2\">Operating mode<\/td>\n<td>Background evaluation<\/td>\n<\/tr>\n<tr>\n<td colspan=\"2\">Diameter of the light spot<\/td>\n<td>8 cm at 2000 mm sensor range<\/td>\n<\/tr>\n<tr>\n<th colspan=\"3\">Functional safety related parameters<\/th>\n<\/tr>\n<tr>\n<td colspan=\"2\">Safety Integrity Level (SIL)<\/td>\n<td>SIL 2<\/td>\n<\/tr>\n<tr>\n<td colspan=\"2\">Performance level (PL)<\/td>\n<td>PL d<\/td>\n<\/tr>\n<tr>\n<td colspan=\"2\">Category<\/td>\n<td>Cat. 2<\/td>\n<\/tr>\n<tr>\n<td colspan=\"2\">MTTF<sub>d<\/sub><\/td>\n<td>112.7 a<\/td>\n<\/tr>\n<tr>\n<td colspan=\"2\">Mission Time (T<sub>M<\/sub>)<\/td>\n<td>10 a<\/td>\n<\/tr>\n<tr>\n<th colspan=\"3\">Indicators\/operating means<\/th>\n<\/tr>\n<tr>\n<td colspan=\"2\">Function indicator<\/td>\n<td>Receiver: Red LED: detection, excess gain, fault code<br \/>\nInterface: Red LED: detection, excess gain, fault code<br \/>\nYellow LED: teach status<br \/>\nGreen LED: blank status<br \/>\nGreen LED: DIP switch status<\/td>\n<\/tr>\n<tr>\n<td colspan=\"2\">Control elements<\/td>\n<td>Teach-In key , DIP-switch for selection of operating modes<\/td>\n<\/tr>\n<tr>\n<th colspan=\"3\">Electrical specifications<\/th>\n<\/tr>\n<tr>\n<td colspan=\"2\">Operating voltage<\/td>\n<td>24 V DC +\/- 20 %<\/td>\n<\/tr>\n<tr>\n<td colspan=\"2\">No-load supply current<\/td>\n<td>max. 200 mA<\/td>\n<\/tr>\n<tr>\n<td colspan=\"2\">Power consumption<\/td>\n<td>4.8 W<\/td>\n<\/tr>\n<tr>\n<th colspan=\"3\">Input<\/th>\n<\/tr>\n<tr>\n<td colspan=\"2\">Test input<\/td>\n<td>high level \u2265 15 V low level \u2264 2 V<\/td>\n<\/tr>\n<tr>\n<td colspan=\"2\">Control input<\/td>\n<td>Standby active at U = 11 V DC at 30 V DC<\/td>\n<\/tr>\n<tr>\n<th colspan=\"3\">Output<\/th>\n<\/tr>\n<tr>\n<td colspan=\"2\">Switching type<\/td>\n<td>light on<\/td>\n<\/tr>\n<tr>\n<td colspan=\"2\">Signal output<\/td>\n<td>switchable NPN or PNP , short-circuit protected<\/td>\n<\/tr>\n<tr>\n<td colspan=\"2\">Switching voltage<\/td>\n<td>max. 30 V DC<\/td>\n<\/tr>\n<tr>\n<td colspan=\"2\">Switching current<\/td>\n<td>max. 100 mA<\/td>\n<\/tr>\n<tr>\n<td colspan=\"2\">Response time<\/td>\n<td>\u2264 52 ms<br \/>\n\u2264 200 ms in boost operating mode<\/td>\n<\/tr>\n<tr>\n<th colspan=\"3\">Conformity<\/th>\n<\/tr>\n<tr>\n<td colspan=\"2\">Functional safety<\/td>\n<td>ISO\u00a013849-1 ; EN\u00a061508\u00a0part1-4<\/td>\n<\/tr>\n<tr>\n<td colspan=\"2\">Product standard<\/td>\n<td>EN 12978<\/td>\n<\/tr>\n<tr>\n<th colspan=\"3\">Approvals and certificates<\/th>\n<\/tr>\n<tr>\n<td colspan=\"2\">CCC approval<\/td>\n<td>CCC approval \/ marking not required for products rated \u226436 V<\/td>\n<\/tr>\n<tr>\n<th colspan=\"3\">Ambient conditions<\/th>\n<\/tr>\n<tr>\n<td colspan=\"2\">Ambient temperature<\/td>\n<td>-30 &#8230; 60 \u00b0C (-22 &#8230; 140 \u00b0F)<\/td>\n<\/tr>\n<tr>\n<th colspan=\"3\">Mechanical specifications<\/th>\n<\/tr>\n<tr>\n<td colspan=\"2\">Housing length L<\/td>\n<td>1200 mm<\/td>\n<\/tr>\n<tr>\n<td colspan=\"2\">Mounting height<\/td>\n<td>max. 3500 mm<\/td>\n<\/tr>\n<tr>\n<td colspan=\"2\">Degree of protection<\/td>\n<td>IP54 (iwhen mounted)<\/td>\n<\/tr>\n<tr>\n<td colspan=\"2\">Connection<\/td>\n<td>Plug-in terminal with 6-wire connection cable<\/td>\n<\/tr>\n<tr>\n<td colspan=\"2\">Material<\/td>\n<td><\/td>\n<\/tr>\n<tr>\n<td><\/td>\n<td>Housing<\/td>\n<td class=\"subattribute\">Aluminum \/ PA<\/td>\n<\/tr>\n<tr>\n<td><\/td>\n<td>Optical face<\/td>\n<td class=\"subattribute\">PC (Polycarbonate)<\/td>\n<\/tr>\n<tr>\n<td colspan=\"2\">Mass<\/td>\n<td>approx. 2100 g<\/td>\n<\/tr>\n<tr>\n<td colspan=\"2\">Dimensions<\/td>\n<td>(W\u00a0x\u00a0H\u00a0x\u00a0D) : 42 mm x 1200 mm x 37 mm<\/td>\n<\/tr>\n<tr>\n<th colspan=\"3\">General information<\/th>\n<\/tr>\n<tr>\n<td colspan=\"2\">Scope of delivery<\/td>\n<td>Sensor system for hinge side and leading edge side (2 emitter and receiver modules each, 1 interface module, connecting cable, 2 housing profiles and optical covers each, 4 end caps)<\/td>\n<\/tr>\n<\/tbody>\n<\/table>\n<p>&nbsp;<\/p>\n<p><span style=\"color: #0000ff;\"><strong>Classifications<\/strong><\/span><\/p>\n<table class=\"standard enum\">\n<tbody>\n<tr>\n<th>System<\/th>\n<th>Classcode<\/th>\n<\/tr>\n<tr>\n<td>ECLASS 11.0<\/td>\n<td>27270913<\/td>\n<\/tr>\n<tr>\n<td>ECLASS 10.0.1<\/td>\n<td>27270913<\/td>\n<\/tr>\n<tr>\n<td>ECLASS 9.0<\/td>\n<td>27270913<\/td>\n<\/tr>\n<tr>\n<td>ECLASS 8.0<\/td>\n<td>27270913<\/td>\n<\/tr>\n<tr>\n<td>ECLASS 5.1<\/td>\n<td>27270903<\/td>\n<\/tr>\n<tr>\n<td>ETIM 7.0<\/td>\n<td>EC002550<\/td>\n<\/tr>\n<tr>\n<td>ETIM 6.0<\/td>\n<td>EC002550<\/td>\n<\/tr>\n<tr>\n<td>ETIM 5.0<\/td>\n<td>EC001821<\/td>\n<\/tr>\n<tr>\n<td>UNSPSC 12.1<\/td>\n<td>39121528<\/td>\n<\/tr>\n<\/tbody>\n<\/table>\n<p><\/p>","protected":false},"excerpt":{"rendered":"<ul id=\"productfeatures\">\n<li>Moving presence sensor for automatic doors<\/li>\n<li>SIL 2, certified in accordance with DIN 18650\/EN 16005<\/li>\n<li>Exceptional detection reliability<\/li>\n<li>Reliable operation with all floor coverings<\/li>\n<li>Complete protection up to the wall without sensor shutoff<\/li>\n<li>Additional protection of the main and secondary closing edges<\/li>\n<li>Tool-free module mounting using snap-in mechanism<\/li>\n<li>Switchable NPN or PNP outputs<\/li>\n<\/ul>\n","protected":false},"featured_media":868,"comment_status":"open","ping_status":"closed","template":"","meta":[],"product_cat":[24,41],"product_tag":[],"yoast_head":"<!-- This site is optimized with the Yoast SEO plugin v16.6.1 - https:\/\/yoast.com\/wordpress\/plugins\/seo\/ -->\n<title>DoorScan-DS-2P-1200 - NEW SKY CO.,LTD<\/title>\n<meta name=\"robots\" content=\"index, follow, max-snippet:-1, max-image-preview:large, max-video-preview:-1\" \/>\n<link rel=\"canonical\" href=\"https:\/\/newskyvn.com\/product\/doorscan-ds-2p-1200\/\" \/>\n<meta property=\"og:locale\" content=\"en_US\" \/>\n<meta property=\"og:type\" content=\"article\" \/>\n<meta property=\"og:title\" content=\"DoorScan-DS-2P-1200 - NEW SKY CO.,LTD\" \/>\n<meta property=\"og:description\" content=\"[:vi]  C\u1ea3m bi\u1ebfn hi\u1ec7n di\u1ec7n di chuy\u1ec3n cho c\u1eeda t\u1ef1 \u0111\u1ed9ng  SIL 2, \u0111\u01b0\u1ee3c ch\u1ee9ng nh\u1eadn ph\u00f9 h\u1ee3p v\u1edbi DIN 18650 \/ EN 16005  \u0110\u1ed9 tin c\u1eady ph\u00e1t hi\u1ec7n v\u01b0\u1ee3t tr\u1ed9i  Ho\u1ea1t \u0111\u1ed9ng \u0111\u00e1ng tin c\u1eady v\u1edbi t\u1ea5t c\u1ea3 c\u00e1c l\u1edbp ph\u1ee7 s\u00e0n  B\u1ea3o v\u1ec7 ho\u00e0n to\u00e0n \u0111\u1ebfn t\u1eadn t\u01b0\u1eddng m\u00e0 kh\u00f4ng c\u1ea7n ng\u1eaft c\u1ea3m bi\u1ebfn  B\u1ea3o v\u1ec7 b\u1ed5 sung c\u00e1c c\u1ea1nh \u0111\u00f3ng ch\u00ednh v\u00e0 ph\u1ee5  G\u1eafn m\u00f4-\u0111un kh\u00f4ng c\u1ea7n d\u1ee5ng c\u1ee5 b\u1eb1ng c\u01a1 ch\u1ebf snap-in  \u0110\u1ea7u ra NPN ho\u1eb7c PNP c\u00f3 th\u1ec3 chuy\u1ec3n \u0111\u1ed5i [:en]  Moving presence sensor for automatic doors  SIL 2, certified in accordance with DIN 18650\/EN 16005  Exceptional detection reliability  Reliable operation with all floor coverings  Complete protection up to the wall without sensor shutoff  Additional protection of the main and secondary closing edges  Tool-free module mounting using snap-in mechanism  Switchable NPN or PNP outputs [:]\" \/>\n<meta property=\"og:url\" content=\"https:\/\/newskyvn.com\/product\/doorscan-ds-2p-1200\/\" \/>\n<meta property=\"og:site_name\" content=\"NEW SKY CO.,LTD\" \/>\n<meta property=\"article:modified_time\" content=\"2021-09-11T08:42:11+00:00\" \/>\n<meta property=\"og:image\" content=\"https:\/\/newskyvn.com\/wp-content\/uploads\/2021\/09\/DS-2P.jpg\" \/>\n\t<meta property=\"og:image:width\" content=\"500\" \/>\n\t<meta property=\"og:image:height\" content=\"500\" \/>\n<meta name=\"twitter:card\" content=\"summary_large_image\" \/>\n<meta name=\"twitter:label1\" content=\"Est. reading time\" \/>\n\t<meta name=\"twitter:data1\" content=\"2 minutes\" \/>\n<script type=\"application\/ld+json\" class=\"yoast-schema-graph\">{\"@context\":\"https:\/\/schema.org\",\"@graph\":[{\"@type\":\"WebSite\",\"@id\":\"https:\/\/newskyvn.com\/#website\",\"url\":\"https:\/\/newskyvn.com\/\",\"name\":\"NEW SKY CO.,LTD\",\"description\":\"C\\u00f4ng Ty TNHH S\\u1ea3n Xu\\u1ea5t Th\\u01b0\\u01a1ng M\\u1ea1i D\\u1ecbch V\\u1ee5 T\\u00e2n Thi\\u00ean\",\"potentialAction\":[{\"@type\":\"SearchAction\",\"target\":{\"@type\":\"EntryPoint\",\"urlTemplate\":\"https:\/\/newskyvn.com\/?s={search_term_string}\"},\"query-input\":\"required name=search_term_string\"}],\"inLanguage\":\"en-US\"},{\"@type\":\"ImageObject\",\"@id\":\"https:\/\/newskyvn.com\/product\/doorscan-ds-2p-1200\/#primaryimage\",\"inLanguage\":\"en-US\",\"url\":\"https:\/\/newskyvn.com\/wp-content\/uploads\/2021\/09\/DS-2P.jpg\",\"contentUrl\":\"https:\/\/newskyvn.com\/wp-content\/uploads\/2021\/09\/DS-2P.jpg\",\"width\":500,\"height\":500},{\"@type\":\"WebPage\",\"@id\":\"https:\/\/newskyvn.com\/product\/doorscan-ds-2p-1200\/#webpage\",\"url\":\"https:\/\/newskyvn.com\/product\/doorscan-ds-2p-1200\/\",\"name\":\"DoorScan-DS-2P-1200 - NEW SKY CO.,LTD\",\"isPartOf\":{\"@id\":\"https:\/\/newskyvn.com\/#website\"},\"primaryImageOfPage\":{\"@id\":\"https:\/\/newskyvn.com\/product\/doorscan-ds-2p-1200\/#primaryimage\"},\"datePublished\":\"2021-09-11T08:42:10+00:00\",\"dateModified\":\"2021-09-11T08:42:11+00:00\",\"breadcrumb\":{\"@id\":\"https:\/\/newskyvn.com\/product\/doorscan-ds-2p-1200\/#breadcrumb\"},\"inLanguage\":\"en-US\",\"potentialAction\":[{\"@type\":\"ReadAction\",\"target\":[\"https:\/\/newskyvn.com\/product\/doorscan-ds-2p-1200\/\"]}]},{\"@type\":\"BreadcrumbList\",\"@id\":\"https:\/\/newskyvn.com\/product\/doorscan-ds-2p-1200\/#breadcrumb\",\"itemListElement\":[{\"@type\":\"ListItem\",\"position\":1,\"name\":\"Product\",\"item\":\"https:\/\/newskyvn.com\/en\/san-pham\/\"},{\"@type\":\"ListItem\",\"position\":2,\"name\":\"DoorScan-DS-2P-1200\"}]}]}<\/script>\n<!-- \/ Yoast SEO plugin. -->","_links":{"self":[{"href":"https:\/\/newskyvn.com\/en\/wp-json\/wp\/v2\/product\/867"}],"collection":[{"href":"https:\/\/newskyvn.com\/en\/wp-json\/wp\/v2\/product"}],"about":[{"href":"https:\/\/newskyvn.com\/en\/wp-json\/wp\/v2\/types\/product"}],"replies":[{"embeddable":true,"href":"https:\/\/newskyvn.com\/en\/wp-json\/wp\/v2\/comments?post=867"}],"wp:featuredmedia":[{"embeddable":true,"href":"https:\/\/newskyvn.com\/en\/wp-json\/wp\/v2\/media\/868"}],"wp:attachment":[{"href":"https:\/\/newskyvn.com\/en\/wp-json\/wp\/v2\/media?parent=867"}],"wp:term":[{"taxonomy":"product_cat","embeddable":true,"href":"https:\/\/newskyvn.com\/en\/wp-json\/wp\/v2\/product_cat?post=867"},{"taxonomy":"product_tag","embeddable":true,"href":"https:\/\/newskyvn.com\/en\/wp-json\/wp\/v2\/product_tag?post=867"}],"curies":[{"name":"wp","href":"https:\/\/api.w.org\/{rel}","templated":true}]}}