{"id":860,"date":"2021-09-11T07:52:44","date_gmt":"2021-09-11T07:52:44","guid":{"rendered":"https:\/\/newskyvn.com\/?post_type=product&#038;p=860"},"modified":"2021-09-11T07:59:33","modified_gmt":"2021-09-11T07:59:33","slug":"pse4-sc-01","status":"publish","type":"product","link":"https:\/\/newskyvn.com\/en\/product\/pse4-sc-01\/","title":{"rendered":"PSE4-SC-01"},"content":{"rendered":"<p>&nbsp;<\/p>\n<p id=\"techdata\"><strong><span style=\"color: #0000ff;\">Datasheet excerpt: Technical data of\u00a0 PSE4-SC-01<\/span><\/strong><\/p>\n<table class=\"standard enum\">\n<tbody>\n<tr>\n<th colspan=\"2\">Product Description<\/th>\n<\/tr>\n<tr>\n<td colspan=\"3\">Safety control unit from the PSE4 series<\/td>\n<\/tr>\n<\/tbody>\n<\/table>\n<table class=\"standard enum\">\n<tbody>\n<tr>\n<th colspan=\"3\">Limit data<\/th>\n<\/tr>\n<tr>\n<td colspan=\"2\">Permissible cable length<\/td>\n<td>200 m<\/td>\n<\/tr>\n<tr>\n<th colspan=\"3\">Functional safety related parameters<\/th>\n<\/tr>\n<tr>\n<td colspan=\"2\">Performance level (PL)<\/td>\n<td>PL e<\/td>\n<\/tr>\n<tr>\n<td colspan=\"2\">Category<\/td>\n<td>Cat. 4<\/td>\n<\/tr>\n<tr>\n<td colspan=\"2\">MTTF<sub>d<\/sub><\/td>\n<td>166 a<\/td>\n<\/tr>\n<tr>\n<td colspan=\"2\">Mission Time (T<sub>M<\/sub>)<\/td>\n<td>20 a<\/td>\n<\/tr>\n<tr>\n<td colspan=\"2\">Diagnostic Coverage (DC)<\/td>\n<td>99 %<\/td>\n<\/tr>\n<tr>\n<th colspan=\"3\">Indicators\/operating means<\/th>\n<\/tr>\n<tr>\n<td colspan=\"2\">Operation indicator<\/td>\n<td>LED green: Power on<\/td>\n<\/tr>\n<tr>\n<td colspan=\"2\">Function indicator<\/td>\n<td>LED green<\/td>\n<\/tr>\n<tr>\n<th colspan=\"3\">Electrical specifications<\/th>\n<\/tr>\n<tr>\n<td colspan=\"2\">Operating voltage<\/td>\n<td>24 V DC +20\/-10 %<\/td>\n<\/tr>\n<tr>\n<td colspan=\"2\">Power consumption<\/td>\n<td>&lt; 4 W<\/td>\n<\/tr>\n<tr>\n<th colspan=\"3\">Output<\/th>\n<\/tr>\n<tr>\n<td colspan=\"2\">Signal output<\/td>\n<td>relay, 2 NO<\/td>\n<\/tr>\n<tr>\n<td colspan=\"2\">Switching voltage<\/td>\n<td>max. 250 V AC\/DC<\/td>\n<\/tr>\n<tr>\n<td colspan=\"2\">Switching current<\/td>\n<td>max. 4 A<\/td>\n<\/tr>\n<tr>\n<td colspan=\"2\">Switching power<\/td>\n<td>1000 VA<\/td>\n<\/tr>\n<tr>\n<td colspan=\"2\">Response time<\/td>\n<td>32 ms<\/td>\n<\/tr>\n<tr>\n<th colspan=\"3\">Conformity<\/th>\n<\/tr>\n<tr>\n<td colspan=\"2\">Functional safety<\/td>\n<td>ISO\u00a013849-1<\/td>\n<\/tr>\n<tr>\n<td colspan=\"2\">Product standard<\/td>\n<td>EN 12978 ; ISO 13856-2<\/td>\n<\/tr>\n<tr>\n<th colspan=\"3\">Approvals and certificates<\/th>\n<\/tr>\n<tr>\n<td colspan=\"2\">UL approval<\/td>\n<td>cULus Listed File no: NRNT.E344450<\/td>\n<\/tr>\n<tr>\n<td colspan=\"2\">T\u00dcV approval<\/td>\n<td>T\u00dcV Rheinland 968\/M 301.00\/11<\/td>\n<\/tr>\n<tr>\n<th colspan=\"3\">Ambient conditions<\/th>\n<\/tr>\n<tr>\n<td colspan=\"2\">Ambient temperature<\/td>\n<td>5 &#8230; 55 \u00b0C (41 &#8230; 131 \u00b0F)<\/td>\n<\/tr>\n<tr>\n<td colspan=\"2\">Pollution degree<\/td>\n<td>2<\/td>\n<\/tr>\n<tr>\n<th colspan=\"3\">Mechanical specifications<\/th>\n<\/tr>\n<tr>\n<td colspan=\"2\">Degree of protection<\/td>\n<td>IP20<\/td>\n<\/tr>\n<tr>\n<td colspan=\"2\">Connection<\/td>\n<td>screw terminals , Cable cross-section 0.2 &#8230; 2.5 mm<sup>2<\/sup><\/td>\n<\/tr>\n<tr>\n<td colspan=\"2\">Material<\/td>\n<td>Polyethylene (PE)<\/td>\n<\/tr>\n<tr>\n<td colspan=\"2\">Mass<\/td>\n<td>approx. 200 g<\/td>\n<\/tr>\n<\/tbody>\n<\/table>\n<p>&nbsp;<\/p>\n<p><strong><span style=\"color: #0000ff;\">Classifications<\/span><\/strong><\/p>\n<table class=\"standard enum\">\n<tbody>\n<tr>\n<th>System<\/th>\n<th>Classcode<\/th>\n<\/tr>\n<tr>\n<td>ECLASS 11.0<\/td>\n<td>27243101<\/td>\n<\/tr>\n<tr>\n<td>ECLASS 10.0.1<\/td>\n<td>27243101<\/td>\n<\/tr>\n<tr>\n<td>ECLASS 9.0<\/td>\n<td>27243101<\/td>\n<\/tr>\n<tr>\n<td>ECLASS 8.0<\/td>\n<td>27243101<\/td>\n<\/tr>\n<tr>\n<td>ECLASS 5.1<\/td>\n<td>27272790<\/td>\n<\/tr>\n<tr>\n<td>ETIM 8.0<\/td>\n<td>EC002538<\/td>\n<\/tr>\n<tr>\n<td>ETIM 7.0<\/td>\n<td>EC002538<\/td>\n<\/tr>\n<tr>\n<td>ETIM 6.0<\/td>\n<td>EC002538<\/td>\n<\/tr>\n<tr>\n<td>UNSPSC 12.1<\/td>\n<td>46171620<\/td>\n<\/tr>\n<\/tbody>\n<\/table>\n<p><\/p>","protected":false},"excerpt":{"rendered":"<ul id=\"productfeatures\">\n<li>Safety control unit<\/li>\n<li>For evaluating safety thru-beam sensors PSE4-SL<\/li>\n<li>Safety category 4 according to EN61496-1<\/li>\n<li>24 V DC supply voltage<\/li>\n<li>2 safe output contacts<\/li>\n<li>Performance level PLe (EN13849-1) is attainable<\/li>\n<li>Component of PSE4 modular system<\/li>\n<\/ul>\n","protected":false},"featured_media":862,"comment_status":"open","ping_status":"closed","template":"","meta":[],"product_cat":[24,40],"product_tag":[],"yoast_head":"<!-- This site is optimized with the Yoast SEO plugin v16.6.1 - https:\/\/yoast.com\/wordpress\/plugins\/seo\/ -->\n<title>PSE4-SC-01 - NEW SKY CO.,LTD<\/title>\n<meta name=\"robots\" content=\"index, follow, max-snippet:-1, max-image-preview:large, max-video-preview:-1\" \/>\n<link rel=\"canonical\" href=\"https:\/\/newskyvn.com\/product\/pse4-sc-01\/\" \/>\n<meta property=\"og:locale\" content=\"en_US\" \/>\n<meta property=\"og:type\" content=\"article\" \/>\n<meta property=\"og:title\" content=\"PSE4-SC-01 - NEW SKY CO.,LTD\" \/>\n<meta property=\"og:description\" content=\"[:vi]  Thi\u1ebft b\u1ecb \u0111i\u1ec1u khi\u1ec3n - ki\u1ec3m so\u00e1t an to\u00e0n  \u1ee8ng d\u1ee5ng \u0111\u00e1nh gi\u00e1 c\u1ea3m bi\u1ebfn ch\u00f9m tia an to\u00e0n PSE4-SL  Lo\u1ea1i an to\u00e0n 4 theo EN61496-1  \u0110i\u1ec7n \u00e1p cung c\u1ea5p 24 V DC  2 ti\u1ebfp \u0111i\u1ec3m \u0111\u1ea7u ra an to\u00e0n  M\u1ee9c hi\u1ec7u su\u1ea5t PLe (EN13849-1) c\u00f3 th\u1ec3 \u0111\u1ea1t \u0111\u01b0\u1ee3c  Th\u00e0nh ph\u1ea7n c\u1ee7a h\u1ec7 th\u1ed1ng m\u00f4-\u0111un PSE4 [:en]  Safety control unit  For evaluating safety thru-beam sensors PSE4-SL  Safety category 4 according to EN61496-1  24 V DC supply voltage  2 safe output contacts  Performance level PLe (EN13849-1) is attainable  Component of PSE4 modular system [:]\" \/>\n<meta property=\"og:url\" content=\"https:\/\/newskyvn.com\/product\/pse4-sc-01\/\" \/>\n<meta property=\"og:site_name\" content=\"NEW SKY CO.,LTD\" \/>\n<meta property=\"article:modified_time\" content=\"2021-09-11T07:59:33+00:00\" \/>\n<meta property=\"og:image\" content=\"https:\/\/newskyvn.com\/wp-content\/uploads\/2021\/09\/PSE4.jpg\" \/>\n\t<meta property=\"og:image:width\" content=\"500\" \/>\n\t<meta property=\"og:image:height\" content=\"500\" \/>\n<meta name=\"twitter:card\" content=\"summary_large_image\" \/>\n<meta name=\"twitter:label1\" content=\"Est. reading time\" \/>\n\t<meta name=\"twitter:data1\" content=\"1 minute\" \/>\n<script type=\"application\/ld+json\" class=\"yoast-schema-graph\">{\"@context\":\"https:\/\/schema.org\",\"@graph\":[{\"@type\":\"WebSite\",\"@id\":\"https:\/\/newskyvn.com\/#website\",\"url\":\"https:\/\/newskyvn.com\/\",\"name\":\"NEW SKY CO.,LTD\",\"description\":\"C\\u00f4ng Ty TNHH S\\u1ea3n Xu\\u1ea5t Th\\u01b0\\u01a1ng M\\u1ea1i D\\u1ecbch V\\u1ee5 T\\u00e2n Thi\\u00ean\",\"potentialAction\":[{\"@type\":\"SearchAction\",\"target\":{\"@type\":\"EntryPoint\",\"urlTemplate\":\"https:\/\/newskyvn.com\/?s={search_term_string}\"},\"query-input\":\"required name=search_term_string\"}],\"inLanguage\":\"en-US\"},{\"@type\":\"ImageObject\",\"@id\":\"https:\/\/newskyvn.com\/product\/pse4-sc-01\/#primaryimage\",\"inLanguage\":\"en-US\",\"url\":\"https:\/\/newskyvn.com\/wp-content\/uploads\/2021\/09\/PSE4.jpg\",\"contentUrl\":\"https:\/\/newskyvn.com\/wp-content\/uploads\/2021\/09\/PSE4.jpg\",\"width\":500,\"height\":500},{\"@type\":\"WebPage\",\"@id\":\"https:\/\/newskyvn.com\/product\/pse4-sc-01\/#webpage\",\"url\":\"https:\/\/newskyvn.com\/product\/pse4-sc-01\/\",\"name\":\"PSE4-SC-01 - NEW SKY CO.,LTD\",\"isPartOf\":{\"@id\":\"https:\/\/newskyvn.com\/#website\"},\"primaryImageOfPage\":{\"@id\":\"https:\/\/newskyvn.com\/product\/pse4-sc-01\/#primaryimage\"},\"datePublished\":\"2021-09-11T07:52:44+00:00\",\"dateModified\":\"2021-09-11T07:59:33+00:00\",\"breadcrumb\":{\"@id\":\"https:\/\/newskyvn.com\/product\/pse4-sc-01\/#breadcrumb\"},\"inLanguage\":\"en-US\",\"potentialAction\":[{\"@type\":\"ReadAction\",\"target\":[\"https:\/\/newskyvn.com\/product\/pse4-sc-01\/\"]}]},{\"@type\":\"BreadcrumbList\",\"@id\":\"https:\/\/newskyvn.com\/product\/pse4-sc-01\/#breadcrumb\",\"itemListElement\":[{\"@type\":\"ListItem\",\"position\":1,\"name\":\"Product\",\"item\":\"https:\/\/newskyvn.com\/en\/san-pham\/\"},{\"@type\":\"ListItem\",\"position\":2,\"name\":\"PSE4-SC-01\"}]}]}<\/script>\n<!-- \/ Yoast SEO plugin. -->","_links":{"self":[{"href":"https:\/\/newskyvn.com\/en\/wp-json\/wp\/v2\/product\/860"}],"collection":[{"href":"https:\/\/newskyvn.com\/en\/wp-json\/wp\/v2\/product"}],"about":[{"href":"https:\/\/newskyvn.com\/en\/wp-json\/wp\/v2\/types\/product"}],"replies":[{"embeddable":true,"href":"https:\/\/newskyvn.com\/en\/wp-json\/wp\/v2\/comments?post=860"}],"wp:featuredmedia":[{"embeddable":true,"href":"https:\/\/newskyvn.com\/en\/wp-json\/wp\/v2\/media\/862"}],"wp:attachment":[{"href":"https:\/\/newskyvn.com\/en\/wp-json\/wp\/v2\/media?parent=860"}],"wp:term":[{"taxonomy":"product_cat","embeddable":true,"href":"https:\/\/newskyvn.com\/en\/wp-json\/wp\/v2\/product_cat?post=860"},{"taxonomy":"product_tag","embeddable":true,"href":"https:\/\/newskyvn.com\/en\/wp-json\/wp\/v2\/product_tag?post=860"}],"curies":[{"name":"wp","href":"https:\/\/api.w.org\/{rel}","templated":true}]}}