{"id":854,"date":"2021-09-11T07:33:15","date_gmt":"2021-09-11T07:33:15","guid":{"rendered":"https:\/\/newskyvn.com\/?post_type=product&#038;p=854"},"modified":"2021-09-11T07:33:15","modified_gmt":"2021-09-11T07:33:15","slug":"slp10-2-l","status":"publish","type":"product","link":"https:\/\/newskyvn.com\/en\/product\/slp10-2-l\/","title":{"rendered":"SLP10-2-L"},"content":{"rendered":"<p>&nbsp;<\/p>\n<p id=\"techdata\"><strong><span style=\"color: #0000ff;\">Datasheet excerpt: Technical data of\u00a0 SLP10-2-L<\/span><\/strong><\/p>\n<table class=\"standard enum\">\n<tbody>\n<tr>\n<th colspan=\"3\">System components<\/th>\n<\/tr>\n<tr>\n<td colspan=\"2\">Emitter<\/td>\n<td>SLP10-2-T<\/td>\n<\/tr>\n<tr>\n<td colspan=\"2\">Receiver<\/td>\n<td>SLP10-2-R-L<\/td>\n<\/tr>\n<tr>\n<th colspan=\"3\">General specifications<\/th>\n<\/tr>\n<tr>\n<td colspan=\"2\">Effective detection range<\/td>\n<td>0.2 &#8230; 10 m<\/td>\n<\/tr>\n<tr>\n<td colspan=\"2\">Light source<\/td>\n<td>LED<\/td>\n<\/tr>\n<tr>\n<td colspan=\"2\">Light type<\/td>\n<td>modulated visible red light<\/td>\n<\/tr>\n<tr>\n<td colspan=\"2\">Tests<\/td>\n<td>IEC\/EN 61496<\/td>\n<\/tr>\n<tr>\n<td colspan=\"2\">Safety type according to IEC\/EN 61496<\/td>\n<td>4<\/td>\n<\/tr>\n<tr>\n<td colspan=\"2\">Marking<\/td>\n<td>CE<\/td>\n<\/tr>\n<tr>\n<td colspan=\"2\">Target size<\/td>\n<td>static: 32 mm<br \/>\ndynamic: 50 mm (at v = 1.6 m\/s of the obstacle)<\/td>\n<\/tr>\n<tr>\n<td colspan=\"2\">Beam spacing<\/td>\n<td>500 mm<\/td>\n<\/tr>\n<tr>\n<td colspan=\"2\">Number of beams<\/td>\n<td>2<\/td>\n<\/tr>\n<tr>\n<td colspan=\"2\">Angle of divergence<\/td>\n<td>&lt; 5 \u00b0<\/td>\n<\/tr>\n<tr>\n<th colspan=\"3\">Functional safety related parameters<\/th>\n<\/tr>\n<tr>\n<td colspan=\"2\">Performance level (PL)<\/td>\n<td>PL e<\/td>\n<\/tr>\n<tr>\n<td colspan=\"2\">Category<\/td>\n<td>Cat. 4<\/td>\n<\/tr>\n<tr>\n<td colspan=\"2\">Mission Time (T<sub>M<\/sub>)<\/td>\n<td>20 a<\/td>\n<\/tr>\n<tr>\n<td colspan=\"2\">PFH<sub>d<\/sub><\/td>\n<td>2.81 E-9<\/td>\n<\/tr>\n<tr>\n<td colspan=\"2\">Type<\/td>\n<td>4<\/td>\n<\/tr>\n<tr>\n<th colspan=\"3\">Indicators\/operating means<\/th>\n<\/tr>\n<tr>\n<td colspan=\"2\">Operation indicator<\/td>\n<td>LED red in receiver<\/td>\n<\/tr>\n<tr>\n<td colspan=\"2\">Function indicator<\/td>\n<td>LED red: per receiver channel<br \/>\noff: Interruption<br \/>\nflashes: receiver<br \/>\ncontinuously on: reception with sufficient stability control<\/td>\n<\/tr>\n<tr>\n<td colspan=\"2\">Muting indicator<\/td>\n<td>Indicator lamp<\/td>\n<\/tr>\n<tr>\n<td colspan=\"2\">Pre-fault indicator<\/td>\n<td>Functional display flashing<\/td>\n<\/tr>\n<tr>\n<th colspan=\"3\">Electrical specifications<\/th>\n<\/tr>\n<tr>\n<td colspan=\"2\">Operating voltage<\/td>\n<td>Power supply via control unit<\/td>\n<\/tr>\n<tr>\n<td colspan=\"2\">Protection class<\/td>\n<td>III<\/td>\n<\/tr>\n<tr>\n<th colspan=\"3\">Conformity<\/th>\n<\/tr>\n<tr>\n<td colspan=\"2\">Functional safety<\/td>\n<td>ISO\u00a013849-1<\/td>\n<\/tr>\n<tr>\n<td colspan=\"2\">Product standard<\/td>\n<td>EN\u00a061496-1 ; IEC\u00a061496-2<\/td>\n<\/tr>\n<tr>\n<th colspan=\"3\">Approvals and certificates<\/th>\n<\/tr>\n<tr>\n<td colspan=\"2\">CE conformity<\/td>\n<td>CE<\/td>\n<\/tr>\n<tr>\n<td colspan=\"2\">Approvals<\/td>\n<td>T\u00dcV S\u00dcD<\/td>\n<\/tr>\n<tr>\n<th colspan=\"3\">Ambient conditions<\/th>\n<\/tr>\n<tr>\n<td colspan=\"2\">Ambient temperature<\/td>\n<td>-20 &#8230; 60 \u00b0C (-4 &#8230; 140 \u00b0F)<\/td>\n<\/tr>\n<tr>\n<td colspan=\"2\">Storage temperature<\/td>\n<td>-20 &#8230; 70 \u00b0C (-4 &#8230; 158 \u00b0F)<\/td>\n<\/tr>\n<tr>\n<td colspan=\"2\">Relative humidity<\/td>\n<td>max. 95 %, not condensing<\/td>\n<\/tr>\n<tr>\n<th colspan=\"3\">Mechanical specifications<\/th>\n<\/tr>\n<tr>\n<td colspan=\"2\">Degree of protection<\/td>\n<td>IP65<\/td>\n<\/tr>\n<tr>\n<td colspan=\"2\">Connection<\/td>\n<td>M16 cable gland ,<br \/>\nterminal compartment<\/td>\n<\/tr>\n<tr>\n<td colspan=\"2\">Connection options<\/td>\n<td>Further electrical connection options on request:<br \/>\nConnector DIN 43 651 Hirschmann, emitter:\u00a06-pin+PE, receiver:\u00a011-pin+PE<\/td>\n<\/tr>\n<tr>\n<td colspan=\"2\">Material<\/td>\n<td><\/td>\n<\/tr>\n<tr>\n<td><\/td>\n<td>Housing<\/td>\n<td class=\"subattribute\">extruded aluminum profile, RAL 1021 (yellow) coated<\/td>\n<\/tr>\n<tr>\n<td><\/td>\n<td>Optical face<\/td>\n<td class=\"subattribute\">Plastic pane<\/td>\n<\/tr>\n<tr>\n<td colspan=\"2\">Mass<\/td>\n<td>Per 2100 g<\/td>\n<\/tr>\n<\/tbody>\n<\/table>\n<p>&nbsp;<\/p>\n<p><span style=\"color: #0000ff;\"><strong>Classifications<\/strong><\/span><\/p>\n<table class=\"standard enum\">\n<tbody>\n<tr>\n<th>System<\/th>\n<th>Classcode<\/th>\n<\/tr>\n<tr>\n<td>ECLASS 11.0<\/td>\n<td>27272703<\/td>\n<\/tr>\n<tr>\n<td>ECLASS 10.0.1<\/td>\n<td>27272703<\/td>\n<\/tr>\n<tr>\n<td>ECLASS 9.0<\/td>\n<td>27272703<\/td>\n<\/tr>\n<tr>\n<td>ECLASS 8.0<\/td>\n<td>27272703<\/td>\n<\/tr>\n<tr>\n<td>ECLASS 5.1<\/td>\n<td>27272703<\/td>\n<\/tr>\n<tr>\n<td>ETIM 8.0<\/td>\n<td>EC002549<\/td>\n<\/tr>\n<tr>\n<td>ETIM 7.0<\/td>\n<td>EC002549<\/td>\n<\/tr>\n<tr>\n<td>ETIM 6.0<\/td>\n<td>EC002549<\/td>\n<\/tr>\n<tr>\n<td>ETIM 5.0<\/td>\n<td>EC002549<\/td>\n<\/tr>\n<tr>\n<td>UNSPSC 12.1<\/td>\n<td>46171620<\/td>\n<\/tr>\n<\/tbody>\n<\/table>\n<p><\/p>","protected":false},"excerpt":{"rendered":"<ul id=\"productfeatures\">\n<li>Sensing range up to 10 m<\/li>\n<li>Self-monitoring (type 4 according to IEC\/EN 61496-1)<\/li>\n<li>2-radial design<\/li>\n<li>Beam spacing 500 mm<\/li>\n<li>Red transmission light<\/li>\n<li>Integrated function display<\/li>\n<li>Pre-fault indication<\/li>\n<li>Operation on control units of SB4 (SafeBox)<\/li>\n<\/ul>\n","protected":false},"featured_media":856,"comment_status":"open","ping_status":"closed","template":"","meta":[],"product_cat":[24,40],"product_tag":[],"yoast_head":"<!-- This site is optimized with the Yoast SEO plugin v16.6.1 - https:\/\/yoast.com\/wordpress\/plugins\/seo\/ -->\n<title>SLP10-2-L - NEW SKY CO.,LTD<\/title>\n<meta name=\"robots\" content=\"index, follow, max-snippet:-1, max-image-preview:large, max-video-preview:-1\" \/>\n<link rel=\"canonical\" href=\"https:\/\/newskyvn.com\/product\/slp10-2-l\/\" \/>\n<meta property=\"og:locale\" content=\"en_US\" \/>\n<meta property=\"og:type\" content=\"article\" \/>\n<meta property=\"og:title\" content=\"SLP10-2-L - NEW SKY CO.,LTD\" \/>\n<meta property=\"og:description\" content=\"[:vi]  Ph\u1ea1m vi c\u1ea3m bi\u1ebfn l\u00ean \u0111\u1ebfn 10 m  T\u1ef1 gi\u00e1m s\u00e1t (lo\u1ea1i 4 theo IEC \/ EN 61496-1)  Thi\u1ebft k\u1ebf 2 m\u1eb7t k\u00ednh  Kho\u1ea3ng c\u00e1ch ch\u00f9m 500 mm  \u00c1nh s\u00e1ng truy\u1ec1n m\u00e0u \u0111\u1ecf  Hi\u1ec3n th\u1ecb ch\u1ee9c n\u0103ng t\u00edch h\u1ee3p  Ch\u1ec9 b\u00e1o tr\u01b0\u1edbc l\u1ed7i  Ho\u1ea1t \u0111\u1ed9ng tr\u00ean c\u00e1c \u0111\u01a1n v\u1ecb \u0111i\u1ec1u khi\u1ec3n c\u1ee7a SB4 (SafeBox) [:en]  Sensing range up to 10 m  Self-monitoring (type 4 according to IEC\/EN 61496-1)  2-radial design  Beam spacing 500 mm  Red transmission light  Integrated function display  Pre-fault indication  Operation on control units of SB4 (SafeBox) [:]\" \/>\n<meta property=\"og:url\" content=\"https:\/\/newskyvn.com\/product\/slp10-2-l\/\" \/>\n<meta property=\"og:site_name\" content=\"NEW SKY CO.,LTD\" \/>\n<meta property=\"og:image\" content=\"https:\/\/newskyvn.com\/wp-content\/uploads\/2021\/09\/SLP10.jpg\" \/>\n\t<meta property=\"og:image:width\" content=\"500\" \/>\n\t<meta property=\"og:image:height\" content=\"500\" \/>\n<meta name=\"twitter:card\" content=\"summary_large_image\" \/>\n<meta name=\"twitter:label1\" content=\"Est. reading time\" \/>\n\t<meta name=\"twitter:data1\" content=\"2 minutes\" \/>\n<script type=\"application\/ld+json\" class=\"yoast-schema-graph\">{\"@context\":\"https:\/\/schema.org\",\"@graph\":[{\"@type\":\"WebSite\",\"@id\":\"https:\/\/newskyvn.com\/#website\",\"url\":\"https:\/\/newskyvn.com\/\",\"name\":\"NEW SKY CO.,LTD\",\"description\":\"C\\u00f4ng Ty TNHH S\\u1ea3n Xu\\u1ea5t Th\\u01b0\\u01a1ng M\\u1ea1i D\\u1ecbch V\\u1ee5 T\\u00e2n Thi\\u00ean\",\"potentialAction\":[{\"@type\":\"SearchAction\",\"target\":{\"@type\":\"EntryPoint\",\"urlTemplate\":\"https:\/\/newskyvn.com\/?s={search_term_string}\"},\"query-input\":\"required name=search_term_string\"}],\"inLanguage\":\"en-US\"},{\"@type\":\"ImageObject\",\"@id\":\"https:\/\/newskyvn.com\/product\/slp10-2-l\/#primaryimage\",\"inLanguage\":\"en-US\",\"url\":\"https:\/\/newskyvn.com\/wp-content\/uploads\/2021\/09\/SLP10.jpg\",\"contentUrl\":\"https:\/\/newskyvn.com\/wp-content\/uploads\/2021\/09\/SLP10.jpg\",\"width\":500,\"height\":500},{\"@type\":\"WebPage\",\"@id\":\"https:\/\/newskyvn.com\/product\/slp10-2-l\/#webpage\",\"url\":\"https:\/\/newskyvn.com\/product\/slp10-2-l\/\",\"name\":\"SLP10-2-L - NEW SKY CO.,LTD\",\"isPartOf\":{\"@id\":\"https:\/\/newskyvn.com\/#website\"},\"primaryImageOfPage\":{\"@id\":\"https:\/\/newskyvn.com\/product\/slp10-2-l\/#primaryimage\"},\"datePublished\":\"2021-09-11T07:33:15+00:00\",\"dateModified\":\"2021-09-11T07:33:15+00:00\",\"breadcrumb\":{\"@id\":\"https:\/\/newskyvn.com\/product\/slp10-2-l\/#breadcrumb\"},\"inLanguage\":\"en-US\",\"potentialAction\":[{\"@type\":\"ReadAction\",\"target\":[\"https:\/\/newskyvn.com\/product\/slp10-2-l\/\"]}]},{\"@type\":\"BreadcrumbList\",\"@id\":\"https:\/\/newskyvn.com\/product\/slp10-2-l\/#breadcrumb\",\"itemListElement\":[{\"@type\":\"ListItem\",\"position\":1,\"name\":\"Product\",\"item\":\"https:\/\/newskyvn.com\/en\/san-pham\/\"},{\"@type\":\"ListItem\",\"position\":2,\"name\":\"SLP10-2-L\"}]}]}<\/script>\n<!-- \/ Yoast SEO plugin. -->","_links":{"self":[{"href":"https:\/\/newskyvn.com\/en\/wp-json\/wp\/v2\/product\/854"}],"collection":[{"href":"https:\/\/newskyvn.com\/en\/wp-json\/wp\/v2\/product"}],"about":[{"href":"https:\/\/newskyvn.com\/en\/wp-json\/wp\/v2\/types\/product"}],"replies":[{"embeddable":true,"href":"https:\/\/newskyvn.com\/en\/wp-json\/wp\/v2\/comments?post=854"}],"wp:featuredmedia":[{"embeddable":true,"href":"https:\/\/newskyvn.com\/en\/wp-json\/wp\/v2\/media\/856"}],"wp:attachment":[{"href":"https:\/\/newskyvn.com\/en\/wp-json\/wp\/v2\/media?parent=854"}],"wp:term":[{"taxonomy":"product_cat","embeddable":true,"href":"https:\/\/newskyvn.com\/en\/wp-json\/wp\/v2\/product_cat?post=854"},{"taxonomy":"product_tag","embeddable":true,"href":"https:\/\/newskyvn.com\/en\/wp-json\/wp\/v2\/product_tag?post=854"}],"curies":[{"name":"wp","href":"https:\/\/api.w.org\/{rel}","templated":true}]}}