{"id":848,"date":"2021-09-11T07:19:10","date_gmt":"2021-09-11T07:19:10","guid":{"rendered":"https:\/\/newskyvn.com\/?post_type=product&#038;p=848"},"modified":"2021-09-11T07:19:12","modified_gmt":"2021-09-11T07:19:12","slug":"slc14-1050-129-130-151","status":"publish","type":"product","link":"https:\/\/newskyvn.com\/en\/product\/slc14-1050-129-130-151\/","title":{"rendered":"SLC14-1050\/129\/130\/151"},"content":{"rendered":"<p>&nbsp;<\/p>\n<p id=\"techdata\"><strong><span style=\"color: #0000ff;\">Datasheet excerpt: Technical data of\u00a0 SLC14-1050\/129\/130\/151<\/span><\/strong><\/p>\n<table class=\"standard enum\">\n<tbody>\n<tr>\n<th colspan=\"3\">System components<\/th>\n<\/tr>\n<tr>\n<td colspan=\"2\">Emitter<\/td>\n<td>SLC14-1050-T\/130<\/td>\n<\/tr>\n<tr>\n<td colspan=\"2\">Receiver<\/td>\n<td>SLC14-1050-R\/129\/130\/151<\/td>\n<\/tr>\n<tr>\n<th colspan=\"3\">General specifications<\/th>\n<\/tr>\n<tr>\n<td colspan=\"2\">Effective detection range<\/td>\n<td>0.2 &#8230; 5 m<\/td>\n<\/tr>\n<tr>\n<td colspan=\"2\">Light source<\/td>\n<td>IRED<\/td>\n<\/tr>\n<tr>\n<td colspan=\"2\">Light type<\/td>\n<td>modulated infrared light<\/td>\n<\/tr>\n<tr>\n<td colspan=\"2\">Safety type according to IEC\/EN 61496<\/td>\n<td>4<\/td>\n<\/tr>\n<tr>\n<td colspan=\"2\">Protection field height<\/td>\n<td>1050 mm<\/td>\n<\/tr>\n<tr>\n<td colspan=\"2\">Number of beams<\/td>\n<td>112<\/td>\n<\/tr>\n<tr>\n<td colspan=\"2\">Operating mode<\/td>\n<td>can be selected with or without start\/restart disable<\/td>\n<\/tr>\n<tr>\n<td colspan=\"2\">Optical resolution<\/td>\n<td>14 mm<\/td>\n<\/tr>\n<tr>\n<td colspan=\"2\">Angle of divergence<\/td>\n<td>&lt; 5 \u00b0<\/td>\n<\/tr>\n<tr>\n<th colspan=\"3\">Functional safety related parameters<\/th>\n<\/tr>\n<tr>\n<td colspan=\"2\">Safety Integrity Level (SIL)<\/td>\n<td>SIL 3<\/td>\n<\/tr>\n<tr>\n<td colspan=\"2\">Performance level (PL)<\/td>\n<td>PL e<\/td>\n<\/tr>\n<tr>\n<td colspan=\"2\">Category<\/td>\n<td>Cat. 4<\/td>\n<\/tr>\n<tr>\n<td colspan=\"2\">Mission Time (T<sub>M<\/sub>)<\/td>\n<td>20 a<\/td>\n<\/tr>\n<tr>\n<td colspan=\"2\">PFH<sub>d<\/sub><\/td>\n<td>2.42 E-8<\/td>\n<\/tr>\n<tr>\n<th colspan=\"3\">Indicators\/operating means<\/th>\n<\/tr>\n<tr>\n<td colspan=\"2\">Diagnostics indicator<\/td>\n<td>7-segment display in receiver<\/td>\n<\/tr>\n<tr>\n<td colspan=\"2\">Function indicator<\/td>\n<td>in receiver:<br \/>\nLED red: OSSD off<br \/>\nLED green: OSSD on<br \/>\nLED yellow: Protected area free, system start-ready<\/td>\n<\/tr>\n<tr>\n<td colspan=\"2\">Pre-fault indicator<\/td>\n<td>LED orange<\/td>\n<\/tr>\n<tr>\n<th colspan=\"3\">Electrical specifications<\/th>\n<\/tr>\n<tr>\n<td colspan=\"2\">Operating voltage<\/td>\n<td>24 V DC (-30 %\/+25 %)<\/td>\n<\/tr>\n<tr>\n<th colspan=\"3\">Input<\/th>\n<\/tr>\n<tr>\n<td colspan=\"2\">Function input<\/td>\n<td>Start release<\/td>\n<\/tr>\n<tr>\n<th colspan=\"3\">Output<\/th>\n<\/tr>\n<tr>\n<td colspan=\"2\">Safety output<\/td>\n<td>2 separated fail safe semiconductor outputs<\/td>\n<\/tr>\n<tr>\n<td colspan=\"2\">Signal output<\/td>\n<td>1 PNP, max. 100 mA for start readiness<\/td>\n<\/tr>\n<tr>\n<td colspan=\"2\">Switching voltage<\/td>\n<td>Operating voltage -2 V<\/td>\n<\/tr>\n<tr>\n<td colspan=\"2\">Switching current<\/td>\n<td>max. 0.5 A<\/td>\n<\/tr>\n<tr>\n<th colspan=\"3\">Conformity<\/th>\n<\/tr>\n<tr>\n<td colspan=\"2\">Functional safety<\/td>\n<td>ISO\u00a013849-1<\/td>\n<\/tr>\n<tr>\n<td colspan=\"2\">Product standard<\/td>\n<td>EN\u00a061496-1 ; IEC\u00a061496-2<\/td>\n<\/tr>\n<tr>\n<th colspan=\"3\">Mechanical specifications<\/th>\n<\/tr>\n<tr>\n<td colspan=\"2\">Degree of protection<\/td>\n<td>IP67<\/td>\n<\/tr>\n<tr>\n<td colspan=\"2\">Connection<\/td>\n<td>Emitter: M12 connector, 4-pin Receiver: M12 connector, 8-pin<\/td>\n<\/tr>\n<\/tbody>\n<\/table>\n<p>&nbsp;<\/p>\n<p>&nbsp;<\/p>\n<p><span style=\"color: #0000ff;\"><strong>Classifications<\/strong><\/span><\/p>\n<table class=\"standard enum\">\n<tbody>\n<tr>\n<th>System<\/th>\n<th>Classcode<\/th>\n<\/tr>\n<tr>\n<td>ECLASS 11.0<\/td>\n<td>27272704<\/td>\n<\/tr>\n<tr>\n<td>ECLASS 10.0.1<\/td>\n<td>27272704<\/td>\n<\/tr>\n<tr>\n<td>ECLASS 9.0<\/td>\n<td>27272704<\/td>\n<\/tr>\n<tr>\n<td>ECLASS 8.0<\/td>\n<td>27272704<\/td>\n<\/tr>\n<tr>\n<td>ECLASS 5.1<\/td>\n<td>27272704<\/td>\n<\/tr>\n<tr>\n<td>ETIM 8.0<\/td>\n<td>EC002549<\/td>\n<\/tr>\n<tr>\n<td>ETIM 7.0<\/td>\n<td>EC002549<\/td>\n<\/tr>\n<tr>\n<td>ETIM 6.0<\/td>\n<td>EC002549<\/td>\n<\/tr>\n<tr>\n<td>ETIM 5.0<\/td>\n<td>EC002549<\/td>\n<\/tr>\n<tr>\n<td>UNSPSC 12.1<\/td>\n<td>46171620<\/td>\n<\/tr>\n<\/tbody>\n<\/table>\n<p><\/p>","protected":false},"excerpt":{"rendered":"<ul id=\"productfeatures\">\n<li>Sensing range up to 5 m<\/li>\n<li>Resolution 14 mm (finger protection)<\/li>\n<li>Self-monitoring (type 4 according to IEC\/EN 61496-1)<\/li>\n<li>Master\/Slave detection, Plug and Play<\/li>\n<li>Very short response time<\/li>\n<li>Degree of protection IP67<\/li>\n<li>Integrated function display<\/li>\n<li>Pre-fault indication<\/li>\n<li>Connection via appliance socket M12\u00a0x\u00a0b1<\/li>\n<li>Safety outputs OSSD in potential-separated semiconductor version<\/li>\n<li>Protective field height up to 1800 mm<\/li>\n<li>Start\/Restart disable preset by Option \/129<\/li>\n<\/ul>\n","protected":false},"featured_media":850,"comment_status":"open","ping_status":"closed","template":"","meta":[],"product_cat":[24,40],"product_tag":[],"yoast_head":"<!-- This site is optimized with the Yoast SEO plugin v16.6.1 - https:\/\/yoast.com\/wordpress\/plugins\/seo\/ -->\n<title>SLC14-1050\/129\/130\/151 - NEW SKY CO.,LTD<\/title>\n<meta name=\"robots\" content=\"index, follow, max-snippet:-1, max-image-preview:large, max-video-preview:-1\" \/>\n<link rel=\"canonical\" href=\"https:\/\/newskyvn.com\/product\/slc14-1050-129-130-151\/\" \/>\n<meta property=\"og:locale\" content=\"en_US\" \/>\n<meta property=\"og:type\" content=\"article\" \/>\n<meta property=\"og:title\" content=\"SLC14-1050\/129\/130\/151 - NEW SKY CO.,LTD\" \/>\n<meta property=\"og:description\" content=\"[:vi]  Ph\u1ea1m vi c\u1ea3m bi\u1ebfn l\u00ean \u0111\u1ebfn 5 m  \u0110\u1ed9 ph\u00e2n gi\u1ea3i 14 mm (b\u1ea3o v\u1ec7 ng\u00f3n tay)  T\u1ef1 gi\u00e1m s\u00e1t (lo\u1ea1i 4 theo IEC \/ EN 61496-1)  Ph\u00e1t hi\u1ec7n Master \/ Slave, Plug and Play  Th\u1eddi gian ph\u1ea3n h\u1ed3i r\u1ea5t ng\u1eafn  M\u1ee9c \u0111\u1ed9 b\u1ea3o v\u1ec7 IP67  Hi\u1ec3n th\u1ecb ch\u1ee9c n\u0103ng t\u00edch h\u1ee3p  Ch\u1ec9 b\u00e1o tr\u01b0\u1edbc l\u1ed7i  K\u1ebft n\u1ed1i qua \u1ed5 c\u1eafm thi\u1ebft b\u1ecb M12 x b1  \u0110\u1ea7u ra an to\u00e0n OSSD trong phi\u00ean b\u1ea3n b\u00e1n d\u1eabn \u0111\u01b0\u1ee3c ph\u00e2n t\u00e1ch ti\u1ec1m n\u0103ng  Chi\u1ec1u cao tr\u01b0\u1eddng b\u1ea3o v\u1ec7 l\u00ean \u0111\u1ebfn 1800 mm  Kh\u1edfi \u0111\u1ed9ng \/ Kh\u1edfi \u0111\u1ed9ng l\u1ea1i v\u00f4 hi\u1ec7u h\u00f3a c\u00e0i \u0111\u1eb7t tr\u01b0\u1edbc b\u1eb1ng T\u00f9y ch\u1ecdn \/ 129 [:en]  Sensing range up to 5 m  Resolution 14 mm (finger protection)  Self-monitoring (type 4 according to IEC\/EN 61496-1)  Master\/Slave detection, Plug and Play  Very short response time  Degree of protection IP67  Integrated function display  Pre-fault indication  Connection via appliance socket M12\u00a0x\u00a0b1  Safety outputs OSSD in potential-separated semiconductor version  Protective field height up to 1800 mm  Start\/Restart disable preset by Option \/129 [:]\" \/>\n<meta property=\"og:url\" content=\"https:\/\/newskyvn.com\/product\/slc14-1050-129-130-151\/\" \/>\n<meta property=\"og:site_name\" content=\"NEW SKY CO.,LTD\" \/>\n<meta property=\"article:modified_time\" content=\"2021-09-11T07:19:12+00:00\" \/>\n<meta property=\"og:image\" content=\"https:\/\/newskyvn.com\/wp-content\/uploads\/2021\/09\/SLC14.jpg\" \/>\n\t<meta property=\"og:image:width\" content=\"500\" \/>\n\t<meta property=\"og:image:height\" content=\"500\" \/>\n<meta name=\"twitter:card\" content=\"summary_large_image\" \/>\n<meta name=\"twitter:label1\" content=\"Est. reading time\" \/>\n\t<meta name=\"twitter:data1\" content=\"2 minutes\" \/>\n<script type=\"application\/ld+json\" class=\"yoast-schema-graph\">{\"@context\":\"https:\/\/schema.org\",\"@graph\":[{\"@type\":\"WebSite\",\"@id\":\"https:\/\/newskyvn.com\/#website\",\"url\":\"https:\/\/newskyvn.com\/\",\"name\":\"NEW SKY CO.,LTD\",\"description\":\"C\\u00f4ng Ty TNHH S\\u1ea3n Xu\\u1ea5t Th\\u01b0\\u01a1ng M\\u1ea1i D\\u1ecbch V\\u1ee5 T\\u00e2n Thi\\u00ean\",\"potentialAction\":[{\"@type\":\"SearchAction\",\"target\":{\"@type\":\"EntryPoint\",\"urlTemplate\":\"https:\/\/newskyvn.com\/?s={search_term_string}\"},\"query-input\":\"required name=search_term_string\"}],\"inLanguage\":\"en-US\"},{\"@type\":\"ImageObject\",\"@id\":\"https:\/\/newskyvn.com\/product\/slc14-1050-129-130-151\/#primaryimage\",\"inLanguage\":\"en-US\",\"url\":\"https:\/\/newskyvn.com\/wp-content\/uploads\/2021\/09\/SLC14.jpg\",\"contentUrl\":\"https:\/\/newskyvn.com\/wp-content\/uploads\/2021\/09\/SLC14.jpg\",\"width\":500,\"height\":500},{\"@type\":\"WebPage\",\"@id\":\"https:\/\/newskyvn.com\/product\/slc14-1050-129-130-151\/#webpage\",\"url\":\"https:\/\/newskyvn.com\/product\/slc14-1050-129-130-151\/\",\"name\":\"SLC14-1050\/129\/130\/151 - NEW SKY CO.,LTD\",\"isPartOf\":{\"@id\":\"https:\/\/newskyvn.com\/#website\"},\"primaryImageOfPage\":{\"@id\":\"https:\/\/newskyvn.com\/product\/slc14-1050-129-130-151\/#primaryimage\"},\"datePublished\":\"2021-09-11T07:19:10+00:00\",\"dateModified\":\"2021-09-11T07:19:12+00:00\",\"breadcrumb\":{\"@id\":\"https:\/\/newskyvn.com\/product\/slc14-1050-129-130-151\/#breadcrumb\"},\"inLanguage\":\"en-US\",\"potentialAction\":[{\"@type\":\"ReadAction\",\"target\":[\"https:\/\/newskyvn.com\/product\/slc14-1050-129-130-151\/\"]}]},{\"@type\":\"BreadcrumbList\",\"@id\":\"https:\/\/newskyvn.com\/product\/slc14-1050-129-130-151\/#breadcrumb\",\"itemListElement\":[{\"@type\":\"ListItem\",\"position\":1,\"name\":\"Product\",\"item\":\"https:\/\/newskyvn.com\/en\/san-pham\/\"},{\"@type\":\"ListItem\",\"position\":2,\"name\":\"SLC14-1050\/129\/130\/151\"}]}]}<\/script>\n<!-- \/ Yoast SEO plugin. -->","_links":{"self":[{"href":"https:\/\/newskyvn.com\/en\/wp-json\/wp\/v2\/product\/848"}],"collection":[{"href":"https:\/\/newskyvn.com\/en\/wp-json\/wp\/v2\/product"}],"about":[{"href":"https:\/\/newskyvn.com\/en\/wp-json\/wp\/v2\/types\/product"}],"replies":[{"embeddable":true,"href":"https:\/\/newskyvn.com\/en\/wp-json\/wp\/v2\/comments?post=848"}],"wp:featuredmedia":[{"embeddable":true,"href":"https:\/\/newskyvn.com\/en\/wp-json\/wp\/v2\/media\/850"}],"wp:attachment":[{"href":"https:\/\/newskyvn.com\/en\/wp-json\/wp\/v2\/media?parent=848"}],"wp:term":[{"taxonomy":"product_cat","embeddable":true,"href":"https:\/\/newskyvn.com\/en\/wp-json\/wp\/v2\/product_cat?post=848"},{"taxonomy":"product_tag","embeddable":true,"href":"https:\/\/newskyvn.com\/en\/wp-json\/wp\/v2\/product_tag?post=848"}],"curies":[{"name":"wp","href":"https:\/\/api.w.org\/{rel}","templated":true}]}}