{"id":829,"date":"2021-09-11T04:29:44","date_gmt":"2021-09-11T04:29:44","guid":{"rendered":"https:\/\/newskyvn.com\/?post_type=product&#038;p=829"},"modified":"2021-09-11T04:29:46","modified_gmt":"2021-09-11T04:29:46","slug":"sla12-115","status":"publish","type":"product","link":"https:\/\/newskyvn.com\/en\/product\/sla12-115\/","title":{"rendered":"SLA12 \/ 115"},"content":{"rendered":"<p>&nbsp;<\/p>\n<p id=\"techdata\"><strong><span style=\"color: #0000ff;\">Datasheet excerpt: Technical data of\u00a0 SLA12\/115<\/span><\/strong><\/p>\n<table class=\"standard enum\">\n<tbody>\n<tr>\n<th colspan=\"3\">System components<\/th>\n<\/tr>\n<tr>\n<td colspan=\"2\">Emitter<\/td>\n<td>SLA12-T\/115<\/td>\n<\/tr>\n<tr>\n<td colspan=\"2\">Receiver<\/td>\n<td>SLA12-R\/115<\/td>\n<\/tr>\n<tr>\n<th colspan=\"3\">General specifications<\/th>\n<\/tr>\n<tr>\n<td colspan=\"2\">Effective detection range<\/td>\n<td>0.2 &#8230; 10 m<\/td>\n<\/tr>\n<tr>\n<td colspan=\"2\">Threshold detection range<\/td>\n<td>16 m<\/td>\n<\/tr>\n<tr>\n<td colspan=\"2\">Light source<\/td>\n<td>LED, 660 nm<\/td>\n<\/tr>\n<tr>\n<td colspan=\"2\">Light type<\/td>\n<td>modulated visible red light<\/td>\n<\/tr>\n<tr>\n<td colspan=\"2\">Target size<\/td>\n<td>static: 10 mm dynamic: 30 mm (at v = 1.6 m\/s of the obstacle)<\/td>\n<\/tr>\n<tr>\n<td colspan=\"2\">Alignment aid<\/td>\n<td>LED red<\/td>\n<\/tr>\n<tr>\n<td colspan=\"2\">Angle of divergence<\/td>\n<td>&lt; 5 \u00b0<\/td>\n<\/tr>\n<tr>\n<th colspan=\"3\">Functional safety related parameters<\/th>\n<\/tr>\n<tr>\n<td colspan=\"2\">Safety Integrity Level (SIL)<\/td>\n<td>SIL 3<\/td>\n<\/tr>\n<tr>\n<td colspan=\"2\">Performance level (PL)<\/td>\n<td>PL e<\/td>\n<\/tr>\n<tr>\n<td colspan=\"2\">Category<\/td>\n<td>Cat. 4<\/td>\n<\/tr>\n<tr>\n<td colspan=\"2\">Mission Time (T<sub>M<\/sub>)<\/td>\n<td>20 a<\/td>\n<\/tr>\n<tr>\n<td colspan=\"2\">PFH<sub>d<\/sub><\/td>\n<td>4.4 E-10<\/td>\n<\/tr>\n<tr>\n<td colspan=\"2\">Type<\/td>\n<td>4<\/td>\n<\/tr>\n<tr>\n<th colspan=\"3\">Indicators\/operating means<\/th>\n<\/tr>\n<tr>\n<td colspan=\"2\">Operation indicator<\/td>\n<td>LED green<\/td>\n<\/tr>\n<tr>\n<td colspan=\"2\">Function indicator<\/td>\n<td>LED yellow:<br \/>\n1. LED lit constantly: signal &gt; 2 x switching point (function reserve)<br \/>\n2. LED flashes: signal between 1 x switching point and 2 x switching point<br \/>\n3. LED off: signal &lt; switching point<\/td>\n<\/tr>\n<tr>\n<th colspan=\"3\">Electrical specifications<\/th>\n<\/tr>\n<tr>\n<td colspan=\"2\">Operating voltage<\/td>\n<td>Power supply via control unit<\/td>\n<\/tr>\n<tr>\n<th colspan=\"3\">Conformity<\/th>\n<\/tr>\n<tr>\n<td colspan=\"2\">Functional safety<\/td>\n<td>ISO\u00a013849-1<\/td>\n<\/tr>\n<tr>\n<td colspan=\"2\">Product standard<\/td>\n<td>EN\u00a061496-1 ; IEC\u00a061496-2<\/td>\n<\/tr>\n<tr>\n<th colspan=\"3\">Approvals and certificates<\/th>\n<\/tr>\n<tr>\n<td colspan=\"2\">CE conformity<\/td>\n<td>CE<\/td>\n<\/tr>\n<tr>\n<td colspan=\"2\">CCC approval<\/td>\n<td>CCC approval \/ marking not required for products rated \u226436 V<\/td>\n<\/tr>\n<tr>\n<td colspan=\"2\">Approvals<\/td>\n<td>T\u00dcV<\/td>\n<\/tr>\n<tr>\n<th colspan=\"3\">Ambient conditions<\/th>\n<\/tr>\n<tr>\n<td colspan=\"2\">Ambient temperature<\/td>\n<td>-20 &#8230; 60 \u00b0C (-4 &#8230; 140 \u00b0F)<\/td>\n<\/tr>\n<tr>\n<td colspan=\"2\">Storage temperature<\/td>\n<td>-20 &#8230; 70 \u00b0C (-4 &#8230; 158 \u00b0F)<\/td>\n<\/tr>\n<tr>\n<td colspan=\"2\">Relative humidity<\/td>\n<td>max. 95 %, not condensing<\/td>\n<\/tr>\n<tr>\n<th colspan=\"3\">Mechanical specifications<\/th>\n<\/tr>\n<tr>\n<td colspan=\"2\">Degree of protection<\/td>\n<td>IP67 according to EN 60529<\/td>\n<\/tr>\n<tr>\n<td colspan=\"2\">Connection<\/td>\n<td>2.5 m, 5-wire, fixed cable, Euronorm<\/td>\n<\/tr>\n<tr>\n<td colspan=\"2\">Material<\/td>\n<td><\/td>\n<\/tr>\n<tr>\n<td><\/td>\n<td>Housing<\/td>\n<td class=\"subattribute\">Frame: nickel plated, die cast zinc,<br \/>\nLaterals: glass-fiber reinforced plastic PC RAL 1021 (yellow)<\/td>\n<\/tr>\n<tr>\n<td><\/td>\n<td>Optical face<\/td>\n<td class=\"subattribute\">Plastic pane<\/td>\n<\/tr>\n<tr>\n<td colspan=\"2\">Mass<\/td>\n<td>per device 60 g<\/td>\n<\/tr>\n<\/tbody>\n<\/table>\n<p>&nbsp;<\/p>\n<p><strong><span style=\"color: #0000ff;\">Classifications<\/span><\/strong><\/p>\n<table class=\"standard enum\">\n<tbody>\n<tr>\n<th>System<\/th>\n<th>Classcode<\/th>\n<\/tr>\n<tr>\n<td>ECLASS 11.0<\/td>\n<td>27272701<\/td>\n<\/tr>\n<tr>\n<td>ECLASS 10.0.1<\/td>\n<td>27272701<\/td>\n<\/tr>\n<tr>\n<td>ECLASS 9.0<\/td>\n<td>27272701<\/td>\n<\/tr>\n<tr>\n<td>ECLASS 8.0<\/td>\n<td>27272701<\/td>\n<\/tr>\n<tr>\n<td>ECLASS 5.1<\/td>\n<td>27272701<\/td>\n<\/tr>\n<tr>\n<td>ETIM 8.0<\/td>\n<td>EC002716<\/td>\n<\/tr>\n<tr>\n<td>ETIM 7.0<\/td>\n<td>EC002716<\/td>\n<\/tr>\n<tr>\n<td>ETIM 6.0<\/td>\n<td>EC002716<\/td>\n<\/tr>\n<tr>\n<td>ETIM 5.0<\/td>\n<td>EC002716<\/td>\n<\/tr>\n<tr>\n<td>UNSPSC 12.1<\/td>\n<td>46171620<\/td>\n<\/tr>\n<\/tbody>\n<\/table>\n<p><\/p>","protected":false},"excerpt":{"rendered":"<ul id=\"productfeatures\">\n<li>Sensing range up to 10 m<\/li>\n<li>Self-monitoring (type 4 according to IEC\/EN 61496-1)<\/li>\n<li>Red transmission light<\/li>\n<li>Integrated alignment aid<\/li>\n<li>Clearly visible LED functional display and pre-fault indicator on the receiver<\/li>\n<li>Sturdy housing<\/li>\n<li>Waterproof, degree of protection IP67<\/li>\n<li>Operation on control units of SB4 (SafeBox)<\/li>\n<\/ul>\n","protected":false},"featured_media":831,"comment_status":"open","ping_status":"closed","template":"","meta":[],"product_cat":[24,40],"product_tag":[],"yoast_head":"<!-- This site is optimized with the Yoast SEO plugin v16.6.1 - https:\/\/yoast.com\/wordpress\/plugins\/seo\/ -->\n<title>SLA12 \/ 115 - NEW SKY CO.,LTD<\/title>\n<meta name=\"robots\" content=\"index, follow, max-snippet:-1, max-image-preview:large, max-video-preview:-1\" \/>\n<link rel=\"canonical\" href=\"https:\/\/newskyvn.com\/product\/sla12-115\/\" \/>\n<meta property=\"og:locale\" content=\"en_US\" \/>\n<meta property=\"og:type\" content=\"article\" \/>\n<meta property=\"og:title\" content=\"SLA12 \/ 115 - NEW SKY CO.,LTD\" \/>\n<meta property=\"og:description\" content=\"[:vi]  Ph\u1ea1m vi c\u1ea3m bi\u1ebfn l\u00ean \u0111\u1ebfn 10 m  T\u1ef1 gi\u00e1m s\u00e1t (ki\u1ec3u 4 theo IEC \/ EN 61496-1)  \u00c1nh s\u00e1ng truy\u1ec1n m\u00e0u \u0111\u1ecf  H\u1ed7 tr\u1ee3 c\u0103n ch\u1ec9nh t\u00edch h\u1ee3p  M\u00e0n h\u00ecnh ch\u1ee9c n\u0103ng LED hi\u1ec3n th\u1ecb r\u00f5 r\u00e0ng v\u00e0 ch\u1ec9 b\u00e1o tr\u01b0\u1edbc l\u1ed7i tr\u00ean b\u1ed9 thu  V\u1ecf ch\u1eafc ch\u1eafn  Ch\u1ed1ng th\u1ea5m n\u01b0\u1edbc, m\u1ee9c \u0111\u1ed9 b\u1ea3o v\u1ec7 IP67  Ho\u1ea1t \u0111\u1ed9ng tr\u00ean c\u00e1c \u0111\u01a1n v\u1ecb \u0111i\u1ec1u khi\u1ec3n c\u1ee7a SB4 (SafeBox) [:en]  Sensing range up to 10 m  Self-monitoring (type 4 according to IEC\/EN 61496-1)  Red transmission light  Integrated alignment aid  Clearly visible LED functional display and pre-fault indicator on the receiver  Sturdy housing  Waterproof, degree of protection IP67  Operation on control units of SB4 (SafeBox) [:]\" \/>\n<meta property=\"og:url\" content=\"https:\/\/newskyvn.com\/product\/sla12-115\/\" \/>\n<meta property=\"og:site_name\" content=\"NEW SKY CO.,LTD\" \/>\n<meta property=\"article:modified_time\" content=\"2021-09-11T04:29:46+00:00\" \/>\n<meta property=\"og:image\" content=\"https:\/\/newskyvn.com\/wp-content\/uploads\/2021\/09\/SLA12-1.jpg\" \/>\n\t<meta property=\"og:image:width\" content=\"500\" \/>\n\t<meta property=\"og:image:height\" content=\"500\" \/>\n<meta name=\"twitter:card\" content=\"summary_large_image\" \/>\n<meta name=\"twitter:label1\" content=\"Est. reading time\" \/>\n\t<meta name=\"twitter:data1\" content=\"2 minutes\" \/>\n<script type=\"application\/ld+json\" class=\"yoast-schema-graph\">{\"@context\":\"https:\/\/schema.org\",\"@graph\":[{\"@type\":\"WebSite\",\"@id\":\"https:\/\/newskyvn.com\/#website\",\"url\":\"https:\/\/newskyvn.com\/\",\"name\":\"NEW SKY CO.,LTD\",\"description\":\"C\\u00f4ng Ty TNHH S\\u1ea3n Xu\\u1ea5t Th\\u01b0\\u01a1ng M\\u1ea1i D\\u1ecbch V\\u1ee5 T\\u00e2n Thi\\u00ean\",\"potentialAction\":[{\"@type\":\"SearchAction\",\"target\":{\"@type\":\"EntryPoint\",\"urlTemplate\":\"https:\/\/newskyvn.com\/?s={search_term_string}\"},\"query-input\":\"required name=search_term_string\"}],\"inLanguage\":\"en-US\"},{\"@type\":\"ImageObject\",\"@id\":\"https:\/\/newskyvn.com\/product\/sla12-115\/#primaryimage\",\"inLanguage\":\"en-US\",\"url\":\"https:\/\/newskyvn.com\/wp-content\/uploads\/2021\/09\/SLA12-1.jpg\",\"contentUrl\":\"https:\/\/newskyvn.com\/wp-content\/uploads\/2021\/09\/SLA12-1.jpg\",\"width\":500,\"height\":500},{\"@type\":\"WebPage\",\"@id\":\"https:\/\/newskyvn.com\/product\/sla12-115\/#webpage\",\"url\":\"https:\/\/newskyvn.com\/product\/sla12-115\/\",\"name\":\"SLA12 \/ 115 - NEW SKY CO.,LTD\",\"isPartOf\":{\"@id\":\"https:\/\/newskyvn.com\/#website\"},\"primaryImageOfPage\":{\"@id\":\"https:\/\/newskyvn.com\/product\/sla12-115\/#primaryimage\"},\"datePublished\":\"2021-09-11T04:29:44+00:00\",\"dateModified\":\"2021-09-11T04:29:46+00:00\",\"breadcrumb\":{\"@id\":\"https:\/\/newskyvn.com\/product\/sla12-115\/#breadcrumb\"},\"inLanguage\":\"en-US\",\"potentialAction\":[{\"@type\":\"ReadAction\",\"target\":[\"https:\/\/newskyvn.com\/product\/sla12-115\/\"]}]},{\"@type\":\"BreadcrumbList\",\"@id\":\"https:\/\/newskyvn.com\/product\/sla12-115\/#breadcrumb\",\"itemListElement\":[{\"@type\":\"ListItem\",\"position\":1,\"name\":\"Product\",\"item\":\"https:\/\/newskyvn.com\/en\/san-pham\/\"},{\"@type\":\"ListItem\",\"position\":2,\"name\":\"SLA12 \/ 115\"}]}]}<\/script>\n<!-- \/ Yoast SEO plugin. -->","_links":{"self":[{"href":"https:\/\/newskyvn.com\/en\/wp-json\/wp\/v2\/product\/829"}],"collection":[{"href":"https:\/\/newskyvn.com\/en\/wp-json\/wp\/v2\/product"}],"about":[{"href":"https:\/\/newskyvn.com\/en\/wp-json\/wp\/v2\/types\/product"}],"replies":[{"embeddable":true,"href":"https:\/\/newskyvn.com\/en\/wp-json\/wp\/v2\/comments?post=829"}],"wp:featuredmedia":[{"embeddable":true,"href":"https:\/\/newskyvn.com\/en\/wp-json\/wp\/v2\/media\/831"}],"wp:attachment":[{"href":"https:\/\/newskyvn.com\/en\/wp-json\/wp\/v2\/media?parent=829"}],"wp:term":[{"taxonomy":"product_cat","embeddable":true,"href":"https:\/\/newskyvn.com\/en\/wp-json\/wp\/v2\/product_cat?post=829"},{"taxonomy":"product_tag","embeddable":true,"href":"https:\/\/newskyvn.com\/en\/wp-json\/wp\/v2\/product_tag?post=829"}],"curies":[{"name":"wp","href":"https:\/\/api.w.org\/{rel}","templated":true}]}}