{"id":805,"date":"2021-09-11T02:56:59","date_gmt":"2021-09-11T02:56:59","guid":{"rendered":"https:\/\/newskyvn.com\/?post_type=product&#038;p=805"},"modified":"2024-09-15T12:48:34","modified_gmt":"2024-09-15T12:48:34","slug":"al2109-p-1820-25-49-76a-143","status":"publish","type":"product","link":"https:\/\/newskyvn.com\/en\/product\/al2109-p-1820-25-49-76a-143\/","title":{"rendered":"AL2109-P-1820\/25\/49\/76a\/143"},"content":{"rendered":"<p>&nbsp;<\/p>\n<p id=\"techdata\"><strong><span style=\"color: #0000ff;\">Datasheet excerpt: Technical data of\u00a0 AL2109-P-1820\/25\/49\/76a\/143<\/span><\/strong><\/p>\n<table class=\"standard enum\">\n<tbody>\n<tr>\n<th colspan=\"2\">Product Description<\/th>\n<\/tr>\n<tr>\n<td colspan=\"3\">High-resolution light grid for detecting people and objects, set comprising emitter and receiver, field height: 1800\u00a0mm, light\/dark on, 1 NPN output and 1 PNP output, M8 plug<\/td>\n<\/tr>\n<\/tbody>\n<\/table>\n<table class=\"standard enum\">\n<tbody>\n<tr>\n<th colspan=\"3\">General specifications<\/th>\n<\/tr>\n<tr>\n<td colspan=\"2\">Effective detection range<\/td>\n<td>0 &#8230; 3500 mm<\/td>\n<\/tr>\n<tr>\n<td colspan=\"2\">Threshold detection range<\/td>\n<td>3500 mm<\/td>\n<\/tr>\n<tr>\n<td colspan=\"2\">Light source<\/td>\n<td>IRED<\/td>\n<\/tr>\n<tr>\n<td colspan=\"2\">Light type<\/td>\n<td>modulated infrared light , 950 nm<\/td>\n<\/tr>\n<tr>\n<td colspan=\"2\">Field height<\/td>\n<td>1800 mm<\/td>\n<\/tr>\n<tr>\n<td colspan=\"2\">Beam crossover<\/td>\n<td>automatic, 3x\/5x\/7x (depending on distance between transmitter\/receiver)<\/td>\n<\/tr>\n<tr>\n<td colspan=\"2\">Beam spacing<\/td>\n<td>90 mm<\/td>\n<\/tr>\n<tr>\n<td colspan=\"2\">Number of beams<\/td>\n<td>61 &#8230; 135 (dynamic)<\/td>\n<\/tr>\n<tr>\n<th colspan=\"3\">Functional safety related parameters<\/th>\n<\/tr>\n<tr>\n<td colspan=\"2\">MTTF<sub>d<\/sub><\/td>\n<td>180 a<\/td>\n<\/tr>\n<tr>\n<td colspan=\"2\">Mission Time (T<sub>M<\/sub>)<\/td>\n<td>20 a<\/td>\n<\/tr>\n<tr>\n<td colspan=\"2\">Diagnostic Coverage (DC)<\/td>\n<td>0 %<\/td>\n<\/tr>\n<tr>\n<th colspan=\"3\">Indicators\/operating means<\/th>\n<\/tr>\n<tr>\n<td colspan=\"2\">Function indicator<\/td>\n<td>LED red (in receiver): Illuminates after connecting operating power, goes out when an object is detected<\/td>\n<\/tr>\n<tr>\n<th colspan=\"3\">Electrical specifications<\/th>\n<\/tr>\n<tr>\n<td colspan=\"2\">Operating voltage<\/td>\n<td>11 &#8230; 30 V DC<\/td>\n<\/tr>\n<tr>\n<th colspan=\"3\">Output<\/th>\n<\/tr>\n<tr>\n<td colspan=\"2\">Switching type<\/td>\n<td>light on<\/td>\n<\/tr>\n<tr>\n<th colspan=\"3\">Compliance with standards and directives<\/th>\n<\/tr>\n<tr>\n<td colspan=\"2\">Standard conformity<\/td>\n<td><\/td>\n<\/tr>\n<tr>\n<td><\/td>\n<td>Product standard<\/td>\n<td class=\"subattribute\">EN 60947-5-2:2007 EN 60947-5-2\/A1:2012 IEC 60947-5-2 Edition 3.1:2012-09<\/td>\n<\/tr>\n<tr>\n<th colspan=\"3\">Ambient conditions<\/th>\n<\/tr>\n<tr>\n<td colspan=\"2\">Ambient temperature<\/td>\n<td>-20 &#8230; 60 \u00b0C (-4 &#8230; 140 \u00b0F)<\/td>\n<\/tr>\n<tr>\n<th colspan=\"3\">Mechanical specifications<\/th>\n<\/tr>\n<tr>\n<td colspan=\"2\">Profile width<\/td>\n<td>9 mm<\/td>\n<\/tr>\n<tr>\n<td colspan=\"2\">Degree of protection<\/td>\n<td>IP54<\/td>\n<\/tr>\n<tr>\n<td colspan=\"2\">Connection<\/td>\n<td>M8 x 1 connector, 4-pin<\/td>\n<\/tr>\n<tr>\n<td colspan=\"2\">Material<\/td>\n<td><\/td>\n<\/tr>\n<tr>\n<td><\/td>\n<td>Housing<\/td>\n<td class=\"subattribute\">aluminum<\/td>\n<\/tr>\n<tr>\n<td><\/td>\n<td>Optical face<\/td>\n<td class=\"subattribute\">plastic<\/td>\n<\/tr>\n<\/tbody>\n<\/table>\n<p>&nbsp;<\/p>\n<p><span style=\"color: #0000ff;\"><strong>Classifications<\/strong><\/span><\/p>\n<table class=\"standard enum\">\n<tbody>\n<tr>\n<th>System<\/th>\n<th>Classcode<\/th>\n<\/tr>\n<tr>\n<td>ECLASS 11.0<\/td>\n<td>27270910<\/td>\n<\/tr>\n<tr>\n<td>ECLASS 10.0.1<\/td>\n<td>27270910<\/td>\n<\/tr>\n<tr>\n<td>ECLASS 9.0<\/td>\n<td>27270910<\/td>\n<\/tr>\n<tr>\n<td>ECLASS 8.0<\/td>\n<td>27270910<\/td>\n<\/tr>\n<tr>\n<td>ECLASS 5.1<\/td>\n<td>27270910<\/td>\n<\/tr>\n<tr>\n<td>ETIM 8.0<\/td>\n<td>EC002549<\/td>\n<\/tr>\n<tr>\n<td>ETIM 7.0<\/td>\n<td>EC002549<\/td>\n<\/tr>\n<tr>\n<td>ETIM 6.0<\/td>\n<td>EC002549<\/td>\n<\/tr>\n<tr>\n<td>ETIM 5.0<\/td>\n<td>EC002549<\/td>\n<\/tr>\n<tr>\n<td>UNSPSC 12.1<\/td>\n<td>39121528<\/td>\n<\/tr>\n<\/tbody>\n<\/table>\n<p><\/p>","protected":false},"excerpt":{"rendered":"<ul id=\"productfeatures\">\n<li>Low-profile, high resolution light grid for monitoring locking edges on elevators and accesses<\/li>\n<li>In accord with EN81-20 and EN81-70<\/li>\n<li>Dense monitoring field with up to 135 beams ensures that small objects are detected<\/li>\n<li>Object detection up to distance of zero<\/li>\n<li>Automatic beam crossing<\/li>\n<li>Test input<\/li>\n<li>Insensitive to reflection and ambient light<\/li>\n<\/ul>\n","protected":false},"featured_media":807,"comment_status":"open","ping_status":"closed","template":"","meta":[],"product_cat":[24,37],"product_tag":[],"yoast_head":"<!-- This site is optimized with the Yoast SEO plugin v16.6.1 - https:\/\/yoast.com\/wordpress\/plugins\/seo\/ -->\n<title>AL2109-P-1820\/25\/49\/76a\/143 - NEW SKY CO.,LTD<\/title>\n<meta name=\"robots\" content=\"index, follow, max-snippet:-1, max-image-preview:large, max-video-preview:-1\" \/>\n<link rel=\"canonical\" href=\"https:\/\/newskyvn.com\/product\/al2109-p-1820-25-49-76a-143\/\" \/>\n<meta property=\"og:locale\" content=\"en_US\" \/>\n<meta property=\"og:type\" content=\"article\" \/>\n<meta property=\"og:title\" content=\"AL2109-P-1820\/25\/49\/76a\/143 - NEW SKY CO.,LTD\" \/>\n<meta property=\"og:description\" content=\"[:vi]  L\u01b0\u1edbi \u00e1nh s\u00e1ng c\u00f3 c\u1ea5u h\u00ecnh th\u1ea5p, \u0111\u1ed9 ph\u00e2n gi\u1ea3i cao \u0111\u1ec3 gi\u00e1m s\u00e1t c\u00e1c g\u1edd kh\u00f3a tr\u00ean thang m\u00e1y v\u00e0 l\u1ed1i v\u00e0o  Ph\u00f9 h\u1ee3p v\u1edbi EN81-20 v\u00e0 EN81-70  Tr\u01b0\u1eddng gi\u00e1m s\u00e1t d\u00e0y \u0111\u1eb7c v\u1edbi l\u00ean \u0111\u1ebfn 135 ch\u00f9m tia \u0111\u1ea3m b\u1ea3o r\u1eb1ng c\u00e1c v\u1eadt th\u1ec3 nh\u1ecf \u0111\u01b0\u1ee3c ph\u00e1t hi\u1ec7n  Ph\u00e1t hi\u1ec7n \u0111\u1ed1i t\u01b0\u1ee3ng l\u00ean \u0111\u1ebfn kho\u1ea3ng c\u00e1ch b\u1eb1ng kh\u00f4ng  Ch\u00f9m tia t\u1ef1 \u0111\u1ed9ng  Ki\u1ec3m tra \u0111\u1ea7u v\u00e0o  Kh\u00f4ng nh\u1ea1y c\u1ea3m v\u1edbi ph\u1ea3n x\u1ea1 v\u00e0 \u00e1nh s\u00e1ng xung quanh [:en]  Low-profile, high resolution light grid for monitoring locking edges on elevators and accesses  In accord with EN81-20 and EN81-70  Dense monitoring field with up to 135 beams ensures that small objects are detected  Object detection up to distance of zero  Automatic beam crossing  Test input  Insensitive to reflection and ambient light [:]\" \/>\n<meta property=\"og:url\" content=\"https:\/\/newskyvn.com\/product\/al2109-p-1820-25-49-76a-143\/\" \/>\n<meta property=\"og:site_name\" content=\"NEW SKY CO.,LTD\" \/>\n<meta property=\"article:modified_time\" content=\"2024-09-15T12:48:34+00:00\" \/>\n<meta property=\"og:image\" content=\"https:\/\/newskyvn.com\/wp-content\/uploads\/2021\/09\/AL2109.jpg\" \/>\n\t<meta property=\"og:image:width\" content=\"500\" \/>\n\t<meta property=\"og:image:height\" content=\"500\" \/>\n<meta name=\"twitter:card\" content=\"summary_large_image\" \/>\n<meta name=\"twitter:label1\" content=\"Est. reading time\" \/>\n\t<meta name=\"twitter:data1\" content=\"1 minute\" \/>\n<script type=\"application\/ld+json\" class=\"yoast-schema-graph\">{\"@context\":\"https:\/\/schema.org\",\"@graph\":[{\"@type\":\"WebSite\",\"@id\":\"https:\/\/newskyvn.com\/#website\",\"url\":\"https:\/\/newskyvn.com\/\",\"name\":\"NEW SKY CO.,LTD\",\"description\":\"C\\u00f4ng Ty TNHH S\\u1ea3n Xu\\u1ea5t Th\\u01b0\\u01a1ng M\\u1ea1i D\\u1ecbch V\\u1ee5 T\\u00e2n Thi\\u00ean\",\"potentialAction\":[{\"@type\":\"SearchAction\",\"target\":{\"@type\":\"EntryPoint\",\"urlTemplate\":\"https:\/\/newskyvn.com\/?s={search_term_string}\"},\"query-input\":\"required name=search_term_string\"}],\"inLanguage\":\"en-US\"},{\"@type\":\"ImageObject\",\"@id\":\"https:\/\/newskyvn.com\/product\/al2109-p-1820-25-49-76a-143\/#primaryimage\",\"inLanguage\":\"en-US\",\"url\":\"https:\/\/newskyvn.com\/wp-content\/uploads\/2021\/09\/AL2109.jpg\",\"contentUrl\":\"https:\/\/newskyvn.com\/wp-content\/uploads\/2021\/09\/AL2109.jpg\",\"width\":500,\"height\":500},{\"@type\":\"WebPage\",\"@id\":\"https:\/\/newskyvn.com\/product\/al2109-p-1820-25-49-76a-143\/#webpage\",\"url\":\"https:\/\/newskyvn.com\/product\/al2109-p-1820-25-49-76a-143\/\",\"name\":\"AL2109-P-1820\/25\/49\/76a\/143 - NEW SKY CO.,LTD\",\"isPartOf\":{\"@id\":\"https:\/\/newskyvn.com\/#website\"},\"primaryImageOfPage\":{\"@id\":\"https:\/\/newskyvn.com\/product\/al2109-p-1820-25-49-76a-143\/#primaryimage\"},\"datePublished\":\"2021-09-11T02:56:59+00:00\",\"dateModified\":\"2024-09-15T12:48:34+00:00\",\"breadcrumb\":{\"@id\":\"https:\/\/newskyvn.com\/product\/al2109-p-1820-25-49-76a-143\/#breadcrumb\"},\"inLanguage\":\"en-US\",\"potentialAction\":[{\"@type\":\"ReadAction\",\"target\":[\"https:\/\/newskyvn.com\/product\/al2109-p-1820-25-49-76a-143\/\"]}]},{\"@type\":\"BreadcrumbList\",\"@id\":\"https:\/\/newskyvn.com\/product\/al2109-p-1820-25-49-76a-143\/#breadcrumb\",\"itemListElement\":[{\"@type\":\"ListItem\",\"position\":1,\"name\":\"Product\",\"item\":\"https:\/\/newskyvn.com\/en\/san-pham\/\"},{\"@type\":\"ListItem\",\"position\":2,\"name\":\"AL2109-P-1820\/25\/49\/76a\/143\"}]}]}<\/script>\n<!-- \/ Yoast SEO plugin. -->","_links":{"self":[{"href":"https:\/\/newskyvn.com\/en\/wp-json\/wp\/v2\/product\/805"}],"collection":[{"href":"https:\/\/newskyvn.com\/en\/wp-json\/wp\/v2\/product"}],"about":[{"href":"https:\/\/newskyvn.com\/en\/wp-json\/wp\/v2\/types\/product"}],"replies":[{"embeddable":true,"href":"https:\/\/newskyvn.com\/en\/wp-json\/wp\/v2\/comments?post=805"}],"wp:featuredmedia":[{"embeddable":true,"href":"https:\/\/newskyvn.com\/en\/wp-json\/wp\/v2\/media\/807"}],"wp:attachment":[{"href":"https:\/\/newskyvn.com\/en\/wp-json\/wp\/v2\/media?parent=805"}],"wp:term":[{"taxonomy":"product_cat","embeddable":true,"href":"https:\/\/newskyvn.com\/en\/wp-json\/wp\/v2\/product_cat?post=805"},{"taxonomy":"product_tag","embeddable":true,"href":"https:\/\/newskyvn.com\/en\/wp-json\/wp\/v2\/product_tag?post=805"}],"curies":[{"name":"wp","href":"https:\/\/api.w.org\/{rel}","templated":true}]}}