{"id":802,"date":"2021-09-11T02:34:00","date_gmt":"2021-09-11T02:34:00","guid":{"rendered":"https:\/\/newskyvn.com\/?post_type=product&#038;p=802"},"modified":"2021-09-16T03:39:32","modified_gmt":"2021-09-16T03:39:32","slug":"vdm70-10-l-87-122-160","status":"publish","type":"product","link":"https:\/\/newskyvn.com\/en\/product\/vdm70-10-l-87-122-160\/","title":{"rendered":"VDM70-10-L\/87\/122\/160"},"content":{"rendered":"<p>&nbsp;<\/p>\n<p id=\"techdata\"><strong><span style=\"color: #0000ff;\">Datasheet excerpt: Technical data of\u00a0 VDM70-10-L\/87\/122\/160<\/span><\/strong><\/p>\n<table class=\"standard enum\">\n<tbody>\n<tr>\n<th colspan=\"2\">Product Description<\/th>\n<\/tr>\n<tr>\n<td colspan=\"3\">Distance sensor, PRT, measuring range up to 10 m, SSI interface, Analog output, M16 plug<\/td>\n<\/tr>\n<\/tbody>\n<\/table>\n<table class=\"standard enum\">\n<tbody>\n<tr>\n<th colspan=\"3\">General specifications<\/th>\n<\/tr>\n<tr>\n<td colspan=\"2\">Measurement range<\/td>\n<td>0.5 &#8230; 10 m by 90\u00a0% reflection (white)<\/td>\n<\/tr>\n<tr>\n<td colspan=\"2\">Light source<\/td>\n<td>laser diode<\/td>\n<\/tr>\n<tr>\n<td colspan=\"2\">Light type<\/td>\n<td>modulated visible red light<br \/>\nmodulated infrared light<\/td>\n<\/tr>\n<tr>\n<td colspan=\"2\">Laser nominal ratings<\/td>\n<td><\/td>\n<\/tr>\n<tr>\n<td><\/td>\n<td>Laser class<\/td>\n<td class=\"subattribute\">Measurement laser: 1<br \/>\nAlignment laser: 2<\/td>\n<\/tr>\n<tr>\n<td><\/td>\n<td>Wave length<\/td>\n<td class=\"subattribute\">Measurement laser: 905 nm<br \/>\nAlignment laser: 650 nm<\/td>\n<\/tr>\n<tr>\n<td colspan=\"2\">Measuring method<\/td>\n<td>Pulse Ranging Technology (PRT)<\/td>\n<\/tr>\n<tr>\n<td colspan=\"2\">Diameter of the light spot<\/td>\n<td>3 mm x 10 mm at a distance of 4 m<\/td>\n<\/tr>\n<tr>\n<td colspan=\"2\">Resolution<\/td>\n<td>0.1 mm or 0.125 mm<\/td>\n<\/tr>\n<tr>\n<th colspan=\"3\">Functional safety related parameters<\/th>\n<\/tr>\n<tr>\n<td colspan=\"2\">MTTF<sub>d<\/sub><\/td>\n<td>230 a<\/td>\n<\/tr>\n<tr>\n<td colspan=\"2\">Mission Time (T<sub>M<\/sub>)<\/td>\n<td>20 a<\/td>\n<\/tr>\n<tr>\n<td colspan=\"2\">Diagnostic Coverage (DC)<\/td>\n<td>0 %<\/td>\n<\/tr>\n<tr>\n<th colspan=\"3\">Indicators\/operating means<\/th>\n<\/tr>\n<tr>\n<td colspan=\"2\">Function indicator<\/td>\n<td>LED yellow: switching state , LED orange : error message<\/td>\n<\/tr>\n<tr>\n<td colspan=\"2\">Control elements<\/td>\n<td>Keypad (3 membrane keys) for parameter settings on the LCD display<\/td>\n<\/tr>\n<tr>\n<th colspan=\"3\">Electrical specifications<\/th>\n<\/tr>\n<tr>\n<td colspan=\"2\">Operating voltage<\/td>\n<td>18 &#8230; 30 V DC<\/td>\n<\/tr>\n<tr>\n<th colspan=\"3\">Interface<\/th>\n<\/tr>\n<tr>\n<td colspan=\"2\">Interface type<\/td>\n<td>RS\u00a0422, SSI<\/td>\n<\/tr>\n<tr>\n<th colspan=\"3\">Output<\/th>\n<\/tr>\n<tr>\n<td colspan=\"2\">Signal output<\/td>\n<td>2 PNP, short-circuit protected, reverse polarity protected<\/td>\n<\/tr>\n<tr>\n<td colspan=\"2\">Other outputs<\/td>\n<td>Service output, plausibility output, PNP, short-circuit protected 50 mA<\/td>\n<\/tr>\n<tr>\n<th colspan=\"3\">Compliance with standards and directives<\/th>\n<\/tr>\n<tr>\n<td colspan=\"2\">Directive conformity<\/td>\n<td><\/td>\n<\/tr>\n<tr>\n<td><\/td>\n<td>EMC Directive 2004\/108\/EC<\/td>\n<td class=\"subattribute\">EN 60947-5-2<\/td>\n<\/tr>\n<tr>\n<td colspan=\"2\">Standard conformity<\/td>\n<td><\/td>\n<\/tr>\n<tr>\n<td><\/td>\n<td>Laser class<\/td>\n<td class=\"subattribute\">IEC\u00a060825-1:2007<\/td>\n<\/tr>\n<tr>\n<th colspan=\"3\">Mechanical specifications<\/th>\n<\/tr>\n<tr>\n<td colspan=\"2\">Degree of protection<\/td>\n<td>IP67<\/td>\n<\/tr>\n<tr>\n<td colspan=\"2\">Connection<\/td>\n<td>12-pin M16 connector<\/td>\n<\/tr>\n<tr>\n<td colspan=\"2\">Material<\/td>\n<td><\/td>\n<\/tr>\n<tr>\n<td><\/td>\n<td>Housing<\/td>\n<td class=\"subattribute\">ABS<\/td>\n<\/tr>\n<tr>\n<td><\/td>\n<td>Optical face<\/td>\n<td class=\"subattribute\">PMMA<\/td>\n<\/tr>\n<\/tbody>\n<\/table>\n<p>&nbsp;<\/p>\n<p><span style=\"color: #0000ff;\"><strong>Classifications<\/strong><\/span><\/p>\n<table class=\"standard enum\">\n<tbody>\n<tr>\n<th>System<\/th>\n<th>Classcode<\/th>\n<\/tr>\n<tr>\n<td>ECLASS 11.0<\/td>\n<td>27270801<\/td>\n<\/tr>\n<tr>\n<td>ECLASS 10.0.1<\/td>\n<td>27270801<\/td>\n<\/tr>\n<tr>\n<td>ECLASS 9.0<\/td>\n<td>27270801<\/td>\n<\/tr>\n<tr>\n<td>ECLASS 8.0<\/td>\n<td>27270801<\/td>\n<\/tr>\n<tr>\n<td>ECLASS 5.1<\/td>\n<td>27270801<\/td>\n<\/tr>\n<tr>\n<td>ETIM 8.0<\/td>\n<td>EC001825<\/td>\n<\/tr>\n<tr>\n<td>ETIM 7.0<\/td>\n<td>EC001825<\/td>\n<\/tr>\n<tr>\n<td>ETIM 6.0<\/td>\n<td>EC001825<\/td>\n<\/tr>\n<tr>\n<td>ETIM 5.0<\/td>\n<td>EC001825<\/td>\n<\/tr>\n<\/tbody>\n<\/table>\n<p><\/p>","protected":false},"excerpt":{"rendered":"<ul id=\"productfeatures\">\n<li>Distance measurement using object<\/li>\n<li>Measuring method PRT (Pulse Ranging Technology)<\/li>\n<li>Can be aligned using an integrated pilot laser<\/li>\n<li>SSI interface<\/li>\n<li>Adjustable switch outputs<\/li>\n<li>Not sensitive to ambient light<\/li>\n<li>Analog output 4\u00a0mA\u00a0&#8230;\u00a020\u00a0mA<\/li>\n<\/ul>\n","protected":false},"featured_media":804,"comment_status":"open","ping_status":"closed","template":"","meta":[],"product_cat":[24,38,31,57],"product_tag":[],"yoast_head":"<!-- This site is optimized with the Yoast SEO plugin v16.6.1 - https:\/\/yoast.com\/wordpress\/plugins\/seo\/ -->\n<title>VDM70-10-L\/87\/122\/160 - NEW SKY CO.,LTD<\/title>\n<meta name=\"robots\" content=\"index, follow, max-snippet:-1, max-image-preview:large, max-video-preview:-1\" \/>\n<link rel=\"canonical\" href=\"https:\/\/newskyvn.com\/product\/vdm70-10-l-87-122-160\/\" \/>\n<meta property=\"og:locale\" content=\"en_US\" \/>\n<meta property=\"og:type\" content=\"article\" \/>\n<meta property=\"og:title\" content=\"VDM70-10-L\/87\/122\/160 - NEW SKY CO.,LTD\" \/>\n<meta property=\"og:description\" content=\"[:vi]  \u0110o kho\u1ea3ng c\u00e1ch b\u1eb1ng \u0111\u1ed1i t\u01b0\u1ee3ng  Ph\u01b0\u01a1ng ph\u00e1p \u0111o PRT (C\u00f4ng ngh\u1ec7 \u0111o xung)  C\u00f3 th\u1ec3 \u0111\u01b0\u1ee3c c\u0103n ch\u1ec9nh b\u1eb1ng c\u00e1ch s\u1eed d\u1ee5ng m\u1ed9t tia laser th\u00ed \u0111i\u1ec3m t\u00edch h\u1ee3p  Giao di\u1ec7n SSI  \u0110\u1ea7u ra c\u00f4ng t\u1eafc c\u00f3 th\u1ec3 \u0111i\u1ec1u ch\u1ec9nh  Kh\u00f4ng nh\u1ea1y c\u1ea3m v\u1edbi \u00e1nh s\u00e1ng xung quanh  \u0110\u1ea7u ra t\u01b0\u01a1ng t\u1ef1 4 mA ... 20 mA [:en]  Distance measurement using object  Measuring method PRT (Pulse Ranging Technology)  Can be aligned using an integrated pilot laser  SSI interface  Adjustable switch outputs  Not sensitive to ambient light  Analog output 4\u00a0mA\u00a0...\u00a020\u00a0mA [:]\" \/>\n<meta property=\"og:url\" content=\"https:\/\/newskyvn.com\/product\/vdm70-10-l-87-122-160\/\" \/>\n<meta property=\"og:site_name\" content=\"NEW SKY CO.,LTD\" \/>\n<meta property=\"article:modified_time\" content=\"2021-09-16T03:39:32+00:00\" \/>\n<meta property=\"og:image\" content=\"https:\/\/newskyvn.com\/wp-content\/uploads\/2021\/09\/VDM70.jpg\" \/>\n\t<meta property=\"og:image:width\" content=\"500\" \/>\n\t<meta property=\"og:image:height\" content=\"500\" \/>\n<meta name=\"twitter:card\" content=\"summary_large_image\" \/>\n<meta name=\"twitter:label1\" content=\"Est. reading time\" \/>\n\t<meta name=\"twitter:data1\" content=\"2 minutes\" \/>\n<script type=\"application\/ld+json\" class=\"yoast-schema-graph\">{\"@context\":\"https:\/\/schema.org\",\"@graph\":[{\"@type\":\"WebSite\",\"@id\":\"https:\/\/newskyvn.com\/#website\",\"url\":\"https:\/\/newskyvn.com\/\",\"name\":\"NEW SKY CO.,LTD\",\"description\":\"C\\u00f4ng Ty TNHH S\\u1ea3n Xu\\u1ea5t Th\\u01b0\\u01a1ng M\\u1ea1i D\\u1ecbch V\\u1ee5 T\\u00e2n Thi\\u00ean\",\"potentialAction\":[{\"@type\":\"SearchAction\",\"target\":{\"@type\":\"EntryPoint\",\"urlTemplate\":\"https:\/\/newskyvn.com\/?s={search_term_string}\"},\"query-input\":\"required name=search_term_string\"}],\"inLanguage\":\"en-US\"},{\"@type\":\"ImageObject\",\"@id\":\"https:\/\/newskyvn.com\/product\/vdm70-10-l-87-122-160\/#primaryimage\",\"inLanguage\":\"en-US\",\"url\":\"https:\/\/newskyvn.com\/wp-content\/uploads\/2021\/09\/VDM70.jpg\",\"contentUrl\":\"https:\/\/newskyvn.com\/wp-content\/uploads\/2021\/09\/VDM70.jpg\",\"width\":500,\"height\":500},{\"@type\":\"WebPage\",\"@id\":\"https:\/\/newskyvn.com\/product\/vdm70-10-l-87-122-160\/#webpage\",\"url\":\"https:\/\/newskyvn.com\/product\/vdm70-10-l-87-122-160\/\",\"name\":\"VDM70-10-L\/87\/122\/160 - NEW SKY CO.,LTD\",\"isPartOf\":{\"@id\":\"https:\/\/newskyvn.com\/#website\"},\"primaryImageOfPage\":{\"@id\":\"https:\/\/newskyvn.com\/product\/vdm70-10-l-87-122-160\/#primaryimage\"},\"datePublished\":\"2021-09-11T02:34:00+00:00\",\"dateModified\":\"2021-09-16T03:39:32+00:00\",\"breadcrumb\":{\"@id\":\"https:\/\/newskyvn.com\/product\/vdm70-10-l-87-122-160\/#breadcrumb\"},\"inLanguage\":\"en-US\",\"potentialAction\":[{\"@type\":\"ReadAction\",\"target\":[\"https:\/\/newskyvn.com\/product\/vdm70-10-l-87-122-160\/\"]}]},{\"@type\":\"BreadcrumbList\",\"@id\":\"https:\/\/newskyvn.com\/product\/vdm70-10-l-87-122-160\/#breadcrumb\",\"itemListElement\":[{\"@type\":\"ListItem\",\"position\":1,\"name\":\"Product\",\"item\":\"https:\/\/newskyvn.com\/en\/san-pham\/\"},{\"@type\":\"ListItem\",\"position\":2,\"name\":\"VDM70-10-L\/87\/122\/160\"}]}]}<\/script>\n<!-- \/ Yoast SEO plugin. -->","_links":{"self":[{"href":"https:\/\/newskyvn.com\/en\/wp-json\/wp\/v2\/product\/802"}],"collection":[{"href":"https:\/\/newskyvn.com\/en\/wp-json\/wp\/v2\/product"}],"about":[{"href":"https:\/\/newskyvn.com\/en\/wp-json\/wp\/v2\/types\/product"}],"replies":[{"embeddable":true,"href":"https:\/\/newskyvn.com\/en\/wp-json\/wp\/v2\/comments?post=802"}],"wp:featuredmedia":[{"embeddable":true,"href":"https:\/\/newskyvn.com\/en\/wp-json\/wp\/v2\/media\/804"}],"wp:attachment":[{"href":"https:\/\/newskyvn.com\/en\/wp-json\/wp\/v2\/media?parent=802"}],"wp:term":[{"taxonomy":"product_cat","embeddable":true,"href":"https:\/\/newskyvn.com\/en\/wp-json\/wp\/v2\/product_cat?post=802"},{"taxonomy":"product_tag","embeddable":true,"href":"https:\/\/newskyvn.com\/en\/wp-json\/wp\/v2\/product_tag?post=802"}],"curies":[{"name":"wp","href":"https:\/\/api.w.org\/{rel}","templated":true}]}}