{"id":788,"date":"2021-09-10T12:51:06","date_gmt":"2021-09-10T12:51:06","guid":{"rendered":"https:\/\/newskyvn.com\/?post_type=product&#038;p=788"},"modified":"2021-09-16T03:43:27","modified_gmt":"2021-09-16T03:43:27","slug":"obd10m-r2000-4ep-v1v17","status":"publish","type":"product","link":"https:\/\/newskyvn.com\/en\/product\/obd10m-r2000-4ep-v1v17\/","title":{"rendered":"OBD10M-R2000-4EP-V1V17"},"content":{"rendered":"<p>&nbsp;<\/p>\n<p id=\"techdata\"><strong><span style=\"color: #0000ff;\">Datasheet excerpt: Technical data of\u00a0 OBD10M-R2000-4EP-V1V17<\/span><\/strong><\/p>\n<table class=\"standard enum\">\n<tbody>\n<tr>\n<th colspan=\"2\">Product Description<\/th>\n<\/tr>\n<tr>\n<td colspan=\"3\">R2000 Detection, 2-D LiDAR sensor for precise field monitoring, measuring range to object up to 10\u00a0m<\/td>\n<\/tr>\n<\/tbody>\n<\/table>\n<table class=\"standard enum\">\n<tbody>\n<tr>\n<th colspan=\"3\">General specifications<\/th>\n<\/tr>\n<tr>\n<td colspan=\"2\">Measurement range<\/td>\n<td>0.2 &#8230; 3 m (bk 10%)<br \/>\n0.2\u00a0to\u00a010\u00a0m (wh 90%)<br \/>\n0.2\u00a0to\u00a030\u00a0m (reflector)<\/td>\n<\/tr>\n<tr>\n<td colspan=\"2\">Light source<\/td>\n<td>laser diode<\/td>\n<\/tr>\n<tr>\n<td colspan=\"2\">Light type<\/td>\n<td>modulated visible red light<\/td>\n<\/tr>\n<tr>\n<td colspan=\"2\">Laser nominal ratings<\/td>\n<td><\/td>\n<\/tr>\n<tr>\n<td><\/td>\n<td>Note<\/td>\n<td class=\"subattribute\">LASER LIGHT , DO NOT STARE INTO BEAM<\/td>\n<\/tr>\n<tr>\n<td><\/td>\n<td>Laser class<\/td>\n<td class=\"subattribute\">1<\/td>\n<\/tr>\n<tr>\n<td><\/td>\n<td>Wave length<\/td>\n<td class=\"subattribute\">660 nm<\/td>\n<\/tr>\n<tr>\n<td><\/td>\n<td>Beam divergence<\/td>\n<td class=\"subattribute\">1 mrad<\/td>\n<\/tr>\n<tr>\n<td><\/td>\n<td>Pulse length<\/td>\n<td class=\"subattribute\">5 ns<\/td>\n<\/tr>\n<tr>\n<td><\/td>\n<td>Repetition rate<\/td>\n<td class=\"subattribute\">54 kHz<\/td>\n<\/tr>\n<tr>\n<td><\/td>\n<td>max. pulse energy<\/td>\n<td class=\"subattribute\">&lt; 4 nJ<\/td>\n<\/tr>\n<tr>\n<td colspan=\"2\">Measuring method<\/td>\n<td>Pulse Ranging Technology (PRT)<\/td>\n<\/tr>\n<tr>\n<td colspan=\"2\">Scan rate<\/td>\n<td>10\u00a0Hz, 20\u00a0Hz, 30\u00a0Hz<\/td>\n<\/tr>\n<tr>\n<td colspan=\"2\">Scanning angle<\/td>\n<td>360\u00b0<\/td>\n<\/tr>\n<tr>\n<td colspan=\"2\">Diameter of the light spot<\/td>\n<td>&lt; 20 mm at 10 m<\/td>\n<\/tr>\n<tr>\n<td colspan=\"2\">Ambient light limit<\/td>\n<td>80000 Lux<\/td>\n<\/tr>\n<tr>\n<th colspan=\"3\">Functional safety related parameters<\/th>\n<\/tr>\n<tr>\n<td colspan=\"2\">MTTF<sub>d<\/sub><\/td>\n<td>75 a<\/td>\n<\/tr>\n<tr>\n<td colspan=\"2\">Mission Time (T<sub>M<\/sub>)<\/td>\n<td>20 a<\/td>\n<\/tr>\n<tr>\n<td colspan=\"2\">Diagnostic Coverage (DC)<\/td>\n<td>0 %<\/td>\n<\/tr>\n<tr>\n<th colspan=\"3\">Indicators\/operating means<\/th>\n<\/tr>\n<tr>\n<td colspan=\"2\">Operation indicator<\/td>\n<td>LED green<\/td>\n<\/tr>\n<tr>\n<td colspan=\"2\">Data flow indicator<\/td>\n<td>LED yellow: active ethernet<br \/>\nLED green: Ethernet link<\/td>\n<\/tr>\n<tr>\n<td colspan=\"2\">Function indicator<\/td>\n<td>LED red: fault<br \/>\nYellow LED: I\/Q1 + I\/Q2<\/td>\n<\/tr>\n<tr>\n<td colspan=\"2\">Control elements<\/td>\n<td>2 Button<\/td>\n<\/tr>\n<tr>\n<td colspan=\"2\">Parameterization indicator<\/td>\n<td>24 x 252 pixels , red<\/td>\n<\/tr>\n<tr>\n<th colspan=\"3\">Electrical specifications<\/th>\n<\/tr>\n<tr>\n<td colspan=\"2\">Operating voltage<\/td>\n<td>10 &#8230; 30 V DC<\/td>\n<\/tr>\n<tr>\n<td colspan=\"2\">Ripple<\/td>\n<td>10 % within the supply tolerance<\/td>\n<\/tr>\n<tr>\n<td colspan=\"2\">No-load supply current<\/td>\n<td>\u2264 400 mA \/ 24 V DC<\/td>\n<\/tr>\n<tr>\n<td colspan=\"2\">Power consumption<\/td>\n<td>&lt; 10 W<\/td>\n<\/tr>\n<tr>\n<td colspan=\"2\">Time delay before availability<\/td>\n<td>&lt; 40 s<\/td>\n<\/tr>\n<tr>\n<th colspan=\"3\">Integrated application<\/th>\n<\/tr>\n<tr>\n<td colspan=\"2\">Application<\/td>\n<td>Field monitoring<\/td>\n<\/tr>\n<tr>\n<td colspan=\"2\">Number of fields<\/td>\n<td>4<\/td>\n<\/tr>\n<tr>\n<td colspan=\"2\">Response time<\/td>\n<td>30 ms + 1 Scan duration<\/td>\n<\/tr>\n<tr>\n<td colspan=\"2\">Detectable object shape<\/td>\n<td>Almost any<\/td>\n<\/tr>\n<tr>\n<td colspan=\"2\">Object size<\/td>\n<td>&gt; 1 mm<\/td>\n<\/tr>\n<tr>\n<td colspan=\"2\">Linking fields<\/td>\n<td>Up to 4 x 3 levels<\/td>\n<\/tr>\n<tr>\n<th colspan=\"3\">Interface<\/th>\n<\/tr>\n<tr>\n<td colspan=\"2\">Interface type<\/td>\n<td>4 x switching inputs\/outputs (selectable)<\/td>\n<\/tr>\n<tr>\n<th colspan=\"3\">Input\/Output<\/th>\n<\/tr>\n<tr>\n<td colspan=\"2\">Input\/output type<\/td>\n<td>4 Inputs\/Outputs , Independently configurable , short circuit\/reverse polarity protected<\/td>\n<\/tr>\n<tr>\n<th colspan=\"3\">Input<\/th>\n<\/tr>\n<tr>\n<td colspan=\"2\">Switching threshold<\/td>\n<td>low: Ue &lt; 5\u00a0V,<br \/>\nhigh: Ue &gt; 10\u00a0V<\/td>\n<\/tr>\n<tr>\n<th colspan=\"3\">Output<\/th>\n<\/tr>\n<tr>\n<td colspan=\"2\">Switching threshold<\/td>\n<td>low: Ua &lt; 1\u00a0V,<br \/>\nhigh: Ua &gt; Ub &#8211; 1\u00a0V<\/td>\n<\/tr>\n<tr>\n<td colspan=\"2\">Switching current<\/td>\n<td>100 mA per output<\/td>\n<\/tr>\n<tr>\n<th colspan=\"3\">Conformity<\/th>\n<\/tr>\n<tr>\n<td colspan=\"2\">Laser safety<\/td>\n<td>EN 60825-1:2014<\/td>\n<\/tr>\n<tr>\n<th colspan=\"3\">Compliance with standards and directives<\/th>\n<\/tr>\n<tr>\n<td colspan=\"2\">Standard conformity<\/td>\n<td><\/td>\n<\/tr>\n<tr>\n<td><\/td>\n<td>Product standard<\/td>\n<td class=\"subattribute\">IEC 60947-5-2<\/td>\n<\/tr>\n<tr>\n<td><\/td>\n<td>Shock and impact resistance<\/td>\n<td class=\"subattribute\">EN 60068-2-6 EN 60068-2-27<\/td>\n<\/tr>\n<tr>\n<th colspan=\"3\">Measurement accuracy<\/th>\n<\/tr>\n<tr>\n<td colspan=\"2\">Measuring speed<\/td>\n<td>54000 measurements per second<\/td>\n<\/tr>\n<tr>\n<td colspan=\"2\">Angle resolution<\/td>\n<td>0,071\u00b0; 0,15\u00b0; 0,2\u00b0<\/td>\n<\/tr>\n<tr>\n<td colspan=\"2\">Repeat accuracy<\/td>\n<td>&lt; 12 mm<\/td>\n<\/tr>\n<tr>\n<th colspan=\"3\">Approvals and certificates<\/th>\n<\/tr>\n<tr>\n<td colspan=\"2\">Protection class<\/td>\n<td>III (operating voltage 50 V)<\/td>\n<\/tr>\n<tr>\n<td colspan=\"2\">UL approval<\/td>\n<td>cULus Listed, Class 2 Power Source, Type 1 enclosure<\/td>\n<\/tr>\n<tr>\n<td colspan=\"2\">CCC approval<\/td>\n<td>CCC approval \/ marking not required for products rated \u226436 V<\/td>\n<\/tr>\n<tr>\n<th colspan=\"3\">Ambient conditions<\/th>\n<\/tr>\n<tr>\n<td colspan=\"2\">Ambient temperature<\/td>\n<td>-10 &#8230; 50 \u00b0C (14 &#8230; 122 \u00b0F)<\/td>\n<\/tr>\n<tr>\n<td colspan=\"2\">Storage temperature<\/td>\n<td>-20 &#8230; 70 \u00b0C (-4 &#8230; 158 \u00b0F)<\/td>\n<\/tr>\n<tr>\n<td colspan=\"2\">Relative humidity<\/td>\n<td>95 % , no moisture condensation<\/td>\n<\/tr>\n<tr>\n<th colspan=\"3\">Mechanical specifications<\/th>\n<\/tr>\n<tr>\n<td colspan=\"2\">Housing width<\/td>\n<td>106 mm<\/td>\n<\/tr>\n<tr>\n<td colspan=\"2\">Housing height<\/td>\n<td>116.5 mm<\/td>\n<\/tr>\n<tr>\n<td colspan=\"2\">Degree of protection<\/td>\n<td>IP65<\/td>\n<\/tr>\n<tr>\n<td colspan=\"2\">Connection<\/td>\n<td>4-pin, M12x1 connector, A-coded (supply) ,<br \/>\n8-pin, M12x1 connector, A-coded (MultiPort) ,<br \/>\n4-pin, M12x1 socket, D-coded (LAN)<\/td>\n<\/tr>\n<tr>\n<td colspan=\"2\">Material<\/td>\n<td><\/td>\n<\/tr>\n<tr>\n<td><\/td>\n<td>Housing<\/td>\n<td class=\"subattribute\">ABS + PC + Aluminum<\/td>\n<\/tr>\n<tr>\n<td><\/td>\n<td>Optical face<\/td>\n<td class=\"subattribute\">PMMA<\/td>\n<\/tr>\n<tr>\n<td colspan=\"2\">Mass<\/td>\n<td>approx. 0.8 kg<\/td>\n<\/tr>\n<\/tbody>\n<\/table>\n<p>&nbsp;<\/p>\n<p><span style=\"color: #0000ff;\"><strong>Classifications<\/strong><\/span><\/p>\n<table class=\"standard enum\">\n<tbody>\n<tr>\n<th>System<\/th>\n<th>Classcode<\/th>\n<\/tr>\n<tr>\n<td>ECLASS 11.0<\/td>\n<td>27270913<\/td>\n<\/tr>\n<tr>\n<td>ECLASS 10.0.1<\/td>\n<td>27270913<\/td>\n<\/tr>\n<tr>\n<td>ECLASS 9.0<\/td>\n<td>27270913<\/td>\n<\/tr>\n<tr>\n<td>ECLASS 8.0<\/td>\n<td>27270913<\/td>\n<\/tr>\n<tr>\n<td>ECLASS 5.1<\/td>\n<td>27270801<\/td>\n<\/tr>\n<tr>\n<td>ETIM 8.0<\/td>\n<td>EC001825<\/td>\n<\/tr>\n<tr>\n<td>ETIM 7.0<\/td>\n<td>EC001825<\/td>\n<\/tr>\n<tr>\n<td>ETIM 6.0<\/td>\n<td>EC001825<\/td>\n<\/tr>\n<tr>\n<td>ETIM 5.0<\/td>\n<td>EC001825<\/td>\n<\/tr>\n<\/tbody>\n<\/table>\n<p><\/p>","protected":false},"excerpt":{"rendered":"<ul id=\"productfeatures\">\n<li>4 freely programmable monitoring fields<\/li>\n<li>4 inputs\/outputs (selectable)<\/li>\n<li>High angle resolution<\/li>\n<li>360\u00b0-angle of measurement<\/li>\n<li>Measuring method PRT (Pulse Ranging Technology)<\/li>\n<\/ul>\n","protected":false},"featured_media":790,"comment_status":"open","ping_status":"closed","template":"","meta":[],"product_cat":[24,38,31,57],"product_tag":[],"yoast_head":"<!-- This site is optimized with the Yoast SEO plugin v16.6.1 - https:\/\/yoast.com\/wordpress\/plugins\/seo\/ -->\n<title>OBD10M-R2000-4EP-V1V17 - NEW SKY CO.,LTD<\/title>\n<meta name=\"robots\" content=\"index, follow, max-snippet:-1, max-image-preview:large, max-video-preview:-1\" \/>\n<link rel=\"canonical\" href=\"https:\/\/newskyvn.com\/product\/obd10m-r2000-4ep-v1v17\/\" \/>\n<meta property=\"og:locale\" content=\"en_US\" \/>\n<meta property=\"og:type\" content=\"article\" \/>\n<meta property=\"og:title\" content=\"OBD10M-R2000-4EP-V1V17 - NEW SKY CO.,LTD\" \/>\n<meta property=\"og:description\" content=\"[:vi]  4 tr\u01b0\u1eddng gi\u00e1m s\u00e1t c\u00f3 th\u1ec3 l\u1eadp tr\u00ecnh t\u1ef1 do  4 \u0111\u1ea7u v\u00e0o \/ \u0111\u1ea7u ra (c\u00f3 th\u1ec3 l\u1ef1a ch\u1ecdn)  \u0110\u1ed9 ph\u00e2n gi\u1ea3i g\u00f3c cao  360 \u00b0 h\u00ecnh tam gi\u00e1c \u0111o  Ph\u01b0\u01a1ng ph\u00e1p \u0111o PRT (C\u00f4ng ngh\u1ec7 \u0111o xung) [:en]  4 freely programmable monitoring fields  4 inputs\/outputs (selectable)  High angle resolution  360\u00b0-angle of measurement  Measuring method PRT (Pulse Ranging Technology) [:]\" \/>\n<meta property=\"og:url\" content=\"https:\/\/newskyvn.com\/product\/obd10m-r2000-4ep-v1v17\/\" \/>\n<meta property=\"og:site_name\" content=\"NEW SKY CO.,LTD\" \/>\n<meta property=\"article:modified_time\" content=\"2021-09-16T03:43:27+00:00\" \/>\n<meta property=\"og:image\" content=\"https:\/\/newskyvn.com\/wp-content\/uploads\/2021\/09\/OD10M.jpg\" \/>\n\t<meta property=\"og:image:width\" content=\"500\" \/>\n\t<meta property=\"og:image:height\" content=\"500\" \/>\n<meta name=\"twitter:card\" content=\"summary_large_image\" \/>\n<meta name=\"twitter:label1\" content=\"Est. reading time\" \/>\n\t<meta name=\"twitter:data1\" content=\"3 minutes\" \/>\n<script type=\"application\/ld+json\" class=\"yoast-schema-graph\">{\"@context\":\"https:\/\/schema.org\",\"@graph\":[{\"@type\":\"WebSite\",\"@id\":\"https:\/\/newskyvn.com\/#website\",\"url\":\"https:\/\/newskyvn.com\/\",\"name\":\"NEW SKY CO.,LTD\",\"description\":\"C\\u00f4ng Ty TNHH S\\u1ea3n Xu\\u1ea5t Th\\u01b0\\u01a1ng M\\u1ea1i D\\u1ecbch V\\u1ee5 T\\u00e2n Thi\\u00ean\",\"potentialAction\":[{\"@type\":\"SearchAction\",\"target\":{\"@type\":\"EntryPoint\",\"urlTemplate\":\"https:\/\/newskyvn.com\/?s={search_term_string}\"},\"query-input\":\"required name=search_term_string\"}],\"inLanguage\":\"en-US\"},{\"@type\":\"ImageObject\",\"@id\":\"https:\/\/newskyvn.com\/product\/obd10m-r2000-4ep-v1v17\/#primaryimage\",\"inLanguage\":\"en-US\",\"url\":\"https:\/\/newskyvn.com\/wp-content\/uploads\/2021\/09\/OD10M.jpg\",\"contentUrl\":\"https:\/\/newskyvn.com\/wp-content\/uploads\/2021\/09\/OD10M.jpg\",\"width\":500,\"height\":500},{\"@type\":\"WebPage\",\"@id\":\"https:\/\/newskyvn.com\/product\/obd10m-r2000-4ep-v1v17\/#webpage\",\"url\":\"https:\/\/newskyvn.com\/product\/obd10m-r2000-4ep-v1v17\/\",\"name\":\"OBD10M-R2000-4EP-V1V17 - NEW SKY CO.,LTD\",\"isPartOf\":{\"@id\":\"https:\/\/newskyvn.com\/#website\"},\"primaryImageOfPage\":{\"@id\":\"https:\/\/newskyvn.com\/product\/obd10m-r2000-4ep-v1v17\/#primaryimage\"},\"datePublished\":\"2021-09-10T12:51:06+00:00\",\"dateModified\":\"2021-09-16T03:43:27+00:00\",\"breadcrumb\":{\"@id\":\"https:\/\/newskyvn.com\/product\/obd10m-r2000-4ep-v1v17\/#breadcrumb\"},\"inLanguage\":\"en-US\",\"potentialAction\":[{\"@type\":\"ReadAction\",\"target\":[\"https:\/\/newskyvn.com\/product\/obd10m-r2000-4ep-v1v17\/\"]}]},{\"@type\":\"BreadcrumbList\",\"@id\":\"https:\/\/newskyvn.com\/product\/obd10m-r2000-4ep-v1v17\/#breadcrumb\",\"itemListElement\":[{\"@type\":\"ListItem\",\"position\":1,\"name\":\"Product\",\"item\":\"https:\/\/newskyvn.com\/en\/san-pham\/\"},{\"@type\":\"ListItem\",\"position\":2,\"name\":\"OBD10M-R2000-4EP-V1V17\"}]}]}<\/script>\n<!-- \/ Yoast SEO plugin. -->","_links":{"self":[{"href":"https:\/\/newskyvn.com\/en\/wp-json\/wp\/v2\/product\/788"}],"collection":[{"href":"https:\/\/newskyvn.com\/en\/wp-json\/wp\/v2\/product"}],"about":[{"href":"https:\/\/newskyvn.com\/en\/wp-json\/wp\/v2\/types\/product"}],"replies":[{"embeddable":true,"href":"https:\/\/newskyvn.com\/en\/wp-json\/wp\/v2\/comments?post=788"}],"wp:featuredmedia":[{"embeddable":true,"href":"https:\/\/newskyvn.com\/en\/wp-json\/wp\/v2\/media\/790"}],"wp:attachment":[{"href":"https:\/\/newskyvn.com\/en\/wp-json\/wp\/v2\/media?parent=788"}],"wp:term":[{"taxonomy":"product_cat","embeddable":true,"href":"https:\/\/newskyvn.com\/en\/wp-json\/wp\/v2\/product_cat?post=788"},{"taxonomy":"product_tag","embeddable":true,"href":"https:\/\/newskyvn.com\/en\/wp-json\/wp\/v2\/product_tag?post=788"}],"curies":[{"name":"wp","href":"https:\/\/api.w.org\/{rel}","templated":true}]}}