{"id":775,"date":"2021-09-10T12:23:38","date_gmt":"2021-09-10T12:23:38","guid":{"rendered":"https:\/\/newskyvn.com\/?post_type=product&#038;p=775"},"modified":"2021-09-16T03:45:41","modified_gmt":"2021-09-16T03:45:41","slug":"vdm100-150-p-g2","status":"publish","type":"product","link":"https:\/\/newskyvn.com\/en\/product\/vdm100-150-p-g2\/","title":{"rendered":"VDM100-150-P \/ G2"},"content":{"rendered":"<p>&nbsp;<\/p>\n<p id=\"techdata\"><strong><span style=\"color: #0000ff;\">Datasheet excerpt: Technical data of\u00a0 VDM100-150-P\/G2<\/span><\/strong><\/p>\n<table class=\"standard enum\">\n<tbody>\n<tr>\n<th colspan=\"2\">Product Description<\/th>\n<\/tr>\n<tr>\n<td colspan=\"3\">Distance sensor for positioning tasks accurate to the millimeter, PRT, measuring range up to 150\u00a0m, PROFIBUS, M12 plug<\/td>\n<\/tr>\n<\/tbody>\n<\/table>\n<table class=\"standard enum\">\n<tbody>\n<tr>\n<th colspan=\"3\">General specifications<\/th>\n<\/tr>\n<tr>\n<td colspan=\"2\">Measurement range<\/td>\n<td>0.3 &#8230; 150 m<\/td>\n<\/tr>\n<tr>\n<td colspan=\"2\">Reference target<\/td>\n<td>Foil reflector 500 mm x 500 mm<\/td>\n<\/tr>\n<tr>\n<td colspan=\"2\">Light source<\/td>\n<td>laser diode<\/td>\n<\/tr>\n<tr>\n<td colspan=\"2\">Laser nominal ratings<\/td>\n<td><\/td>\n<\/tr>\n<tr>\n<td><\/td>\n<td>Note<\/td>\n<td class=\"subattribute\">VISIBLE AND INVISIBLE LASER RADIATION , DO NOT STARE INTO BEAM<\/td>\n<\/tr>\n<tr>\n<td><\/td>\n<td>Laser class<\/td>\n<td class=\"subattribute\">Measurement laser: 1<br \/>\nAlignment laser: 2<\/td>\n<\/tr>\n<tr>\n<td><\/td>\n<td>Wave length<\/td>\n<td class=\"subattribute\">Measurement laser: 905 nm<br \/>\nAlignment laser: 660 nm<\/td>\n<\/tr>\n<tr>\n<td><\/td>\n<td>Beam divergence<\/td>\n<td class=\"subattribute\">Measurement laser: 2 mrad<br \/>\nAlignment laser: 1 mrad<\/td>\n<\/tr>\n<tr>\n<td><\/td>\n<td>Pulse length<\/td>\n<td class=\"subattribute\">Measurement laser: 4 ns<\/td>\n<\/tr>\n<tr>\n<td><\/td>\n<td>Repetition rate<\/td>\n<td class=\"subattribute\">Measurement laser: 20 kHz<\/td>\n<\/tr>\n<tr>\n<td><\/td>\n<td>Maximum optical power output<\/td>\n<td class=\"subattribute\">\nAlignment laser: 0.6 mW<\/td>\n<\/tr>\n<tr>\n<td><\/td>\n<td>max. pulse energy<\/td>\n<td class=\"subattribute\">Measurement laser: 12 nJ<\/td>\n<\/tr>\n<tr>\n<td colspan=\"2\">Measuring method<\/td>\n<td>Pulse Ranging Technology (PRT)<\/td>\n<\/tr>\n<tr>\n<td colspan=\"2\">Max. Motion velocity<\/td>\n<td>15 m\/s<\/td>\n<\/tr>\n<tr>\n<td colspan=\"2\">Alignment aid<\/td>\n<td>Laser pointer<\/td>\n<\/tr>\n<tr>\n<td colspan=\"2\">Life span<\/td>\n<td>&gt; 100000 h<\/td>\n<\/tr>\n<tr>\n<td colspan=\"2\">Diameter of the light spot<\/td>\n<td>&lt; 35 cm at 150 m<\/td>\n<\/tr>\n<tr>\n<td colspan=\"2\">Ambient light limit<\/td>\n<td>&gt; 100000 Lux<\/td>\n<\/tr>\n<tr>\n<td colspan=\"2\">Resolution<\/td>\n<td>0.1 mm , adjustable<\/td>\n<\/tr>\n<tr>\n<td colspan=\"2\">Temperature influence<\/td>\n<td>0.03 mm\/K<\/td>\n<\/tr>\n<tr>\n<th colspan=\"3\">Functional safety related parameters<\/th>\n<\/tr>\n<tr>\n<td colspan=\"2\">MTTF<sub>d<\/sub><\/td>\n<td>89 a<\/td>\n<\/tr>\n<tr>\n<td colspan=\"2\">Mission Time (T<sub>M<\/sub>)<\/td>\n<td>20 a<\/td>\n<\/tr>\n<tr>\n<td colspan=\"2\">Diagnostic Coverage (DC)<\/td>\n<td>0 %<\/td>\n<\/tr>\n<tr>\n<th colspan=\"3\">Indicators\/operating means<\/th>\n<\/tr>\n<tr>\n<td colspan=\"2\">Function indicator<\/td>\n<td>4 LEDs<\/td>\n<\/tr>\n<tr>\n<td colspan=\"2\">Control elements<\/td>\n<td>Control panel (4 membrane keys) for setting parameters<\/td>\n<\/tr>\n<tr>\n<td colspan=\"2\">Parameterization indicator<\/td>\n<td>Illuminated display for displaying measured values and parameterization<\/td>\n<\/tr>\n<tr>\n<th colspan=\"3\">Electrical specifications<\/th>\n<\/tr>\n<tr>\n<td colspan=\"2\">Operating voltage<\/td>\n<td>18 &#8230; 30 V DC<\/td>\n<\/tr>\n<tr>\n<td colspan=\"2\">No-load supply current<\/td>\n<td>250 mA (18 V) &#8230; 150 mA (30 V)<\/td>\n<\/tr>\n<tr>\n<td colspan=\"2\">Protection class<\/td>\n<td>III (operating voltage 50 V)<\/td>\n<\/tr>\n<tr>\n<td colspan=\"2\">Time delay before availability<\/td>\n<td>&lt; 10 s<\/td>\n<\/tr>\n<tr>\n<th colspan=\"3\">Interface<\/th>\n<\/tr>\n<tr>\n<td colspan=\"2\">Interface type<\/td>\n<td>PROFIBUS DP acc. to EN\u00a050170<\/td>\n<\/tr>\n<tr>\n<td colspan=\"2\">Transfer rate<\/td>\n<td>9.6 kbit\/s &#8230; 12 Mbit\/s , adjustable<\/td>\n<\/tr>\n<tr>\n<th colspan=\"3\">Input\/Output<\/th>\n<\/tr>\n<tr>\n<td colspan=\"2\">Input\/output type<\/td>\n<td>2 PNP inputs\/outputs, independent configuration, short-circuit protected, reverse polarity protected<\/td>\n<\/tr>\n<tr>\n<th colspan=\"3\">Input<\/th>\n<\/tr>\n<tr>\n<td colspan=\"2\">Switching threshold<\/td>\n<td>low: Ue &lt; 6\u00a0V,<br \/>\nhigh: Ue &gt; 16\u00a0V<\/td>\n<\/tr>\n<tr>\n<th colspan=\"3\">Output<\/th>\n<\/tr>\n<tr>\n<td colspan=\"2\">Switching threshold<\/td>\n<td>low: Ua &lt; 1\u00a0V,<br \/>\nhigh: Ua &gt; Ub &#8211; 1\u00a0V<\/td>\n<\/tr>\n<tr>\n<td colspan=\"2\">Switching current<\/td>\n<td>200 mA per output<\/td>\n<\/tr>\n<tr>\n<th colspan=\"3\">Conformity<\/th>\n<\/tr>\n<tr>\n<td colspan=\"2\">Product standard<\/td>\n<td>EN 60947-5-2<\/td>\n<\/tr>\n<tr>\n<td colspan=\"2\">Laser safety<\/td>\n<td>IEC\u00a060825-1:2007<\/td>\n<\/tr>\n<tr>\n<th colspan=\"3\">Measurement accuracy<\/th>\n<\/tr>\n<tr>\n<td colspan=\"2\">Measured value output<\/td>\n<td>1 ms<\/td>\n<\/tr>\n<tr>\n<td colspan=\"2\">Average data age<\/td>\n<td>3 ms , 6 ms , 12 ms , 25 ms , 50 ms , adjustable<\/td>\n<\/tr>\n<tr>\n<td colspan=\"2\">Offset<\/td>\n<td>max. 2 mm (between two devices)<\/td>\n<\/tr>\n<tr>\n<td colspan=\"2\">Absolute accuracy<\/td>\n<td>\u00b1 2.5 mm (&gt; 3 m); \u00b1 3.5 mm (0.3 m to 3 m)<\/td>\n<\/tr>\n<tr>\n<td colspan=\"2\">Repeat accuracy<\/td>\n<td>&lt; 0.5 mm<\/td>\n<\/tr>\n<tr>\n<th colspan=\"3\">Approvals and certificates<\/th>\n<\/tr>\n<tr>\n<td colspan=\"2\">UL approval<\/td>\n<td>cULus Listed, Class 2 Power Source, Type 1 enclosure<\/td>\n<\/tr>\n<tr>\n<td colspan=\"2\">FDA approval<\/td>\n<td>IEC 60825-1:2007 Complies with 21 CFR 1040.10 and 1040.11 except for deviations pursuant to Laser Notice No. 50, dated June 24, 2007<\/td>\n<\/tr>\n<tr>\n<th colspan=\"3\">Ambient conditions<\/th>\n<\/tr>\n<tr>\n<td colspan=\"2\">Ambient temperature<\/td>\n<td>-10 &#8230; 50 \u00b0C (14 &#8230; 122 \u00b0F)<\/td>\n<\/tr>\n<tr>\n<td colspan=\"2\">Storage temperature<\/td>\n<td>-20 &#8230; 70 \u00b0C (-4 &#8230; 158 \u00b0F)<\/td>\n<\/tr>\n<tr>\n<td colspan=\"2\">Relative humidity<\/td>\n<td>95 % , no moisture condensation<\/td>\n<\/tr>\n<tr>\n<th colspan=\"3\">Mechanical specifications<\/th>\n<\/tr>\n<tr>\n<td colspan=\"2\">Housing width<\/td>\n<td>140 mm<\/td>\n<\/tr>\n<tr>\n<td colspan=\"2\">Housing height<\/td>\n<td>100 mm<\/td>\n<\/tr>\n<tr>\n<td colspan=\"2\">Degree of protection<\/td>\n<td>IP65<\/td>\n<\/tr>\n<tr>\n<td colspan=\"2\">Connection<\/td>\n<td>4-pin, M12x1 connector, standard (supply) ,<br \/>\n5-pin, M12x1 connector, B-coded (Bus In) ,<br \/>\n5-pin, M12x1 socket, B-coded (Bus Out) ,<br \/>\n8-pin, M12x1 connector, service<\/td>\n<\/tr>\n<tr>\n<td colspan=\"2\">Material<\/td>\n<td><\/td>\n<\/tr>\n<tr>\n<td><\/td>\n<td>Housing<\/td>\n<td class=\"subattribute\">ABS \/ PC<\/td>\n<\/tr>\n<tr>\n<td><\/td>\n<td>Optical face<\/td>\n<td class=\"subattribute\">PMMA , hard coated<\/td>\n<\/tr>\n<tr>\n<td colspan=\"2\">Mass<\/td>\n<td>approx. 700 g<\/td>\n<\/tr>\n<\/tbody>\n<\/table>\n<p>&nbsp;<\/p>\n<p><span style=\"color: #0000ff;\"><strong>Classifications<\/strong><\/span><\/p>\n<table class=\"standard enum\">\n<tbody>\n<tr>\n<th>System<\/th>\n<th>Classcode<\/th>\n<\/tr>\n<tr>\n<td>ECLASS 11.0<\/td>\n<td>27270801<\/td>\n<\/tr>\n<tr>\n<td>ECLASS 10.0.1<\/td>\n<td>27270801<\/td>\n<\/tr>\n<tr>\n<td>ECLASS 9.0<\/td>\n<td>27270801<\/td>\n<\/tr>\n<tr>\n<td>ECLASS 8.0<\/td>\n<td>27270801<\/td>\n<\/tr>\n<tr>\n<td>ECLASS 5.1<\/td>\n<td>27270801<\/td>\n<\/tr>\n<tr>\n<td>ETIM 8.0<\/td>\n<td>EC001825<\/td>\n<\/tr>\n<tr>\n<td>ETIM 7.0<\/td>\n<td>EC001825<\/td>\n<\/tr>\n<tr>\n<td>ETIM 6.0<\/td>\n<td>EC001825<\/td>\n<\/tr>\n<tr>\n<td>ETIM 5.0<\/td>\n<td>EC001825<\/td>\n<\/tr>\n<\/tbody>\n<\/table>\n<p><\/p>","protected":false},"excerpt":{"rendered":"<ul id=\"productfeatures\">\n<li>Measuring method PRT (Pulse Ranging Technology)<\/li>\n<li>Non-contact precision measurement<\/li>\n<li>Ultra-fast data acquisition<\/li>\n<li>Active dynamic control<\/li>\n<li>Modern lightweight design, extremely robust<\/li>\n<li>Simple programming with 4 keys and luminous display<\/li>\n<\/ul>\n","protected":false},"featured_media":778,"comment_status":"open","ping_status":"closed","template":"","meta":[],"product_cat":[24,38,31,57],"product_tag":[],"yoast_head":"<!-- This site is optimized with the Yoast SEO plugin v16.6.1 - https:\/\/yoast.com\/wordpress\/plugins\/seo\/ -->\n<title>VDM100-150-P \/ G2 - NEW SKY CO.,LTD<\/title>\n<meta name=\"robots\" content=\"index, follow, max-snippet:-1, max-image-preview:large, max-video-preview:-1\" \/>\n<link rel=\"canonical\" href=\"https:\/\/newskyvn.com\/product\/vdm100-150-p-g2\/\" \/>\n<meta property=\"og:locale\" content=\"en_US\" \/>\n<meta property=\"og:type\" content=\"article\" \/>\n<meta property=\"og:title\" content=\"VDM100-150-P \/ G2 - NEW SKY CO.,LTD\" \/>\n<meta property=\"og:description\" content=\"[:vi]  Ph\u01b0\u01a1ng ph\u00e1p \u0111o PRT (C\u00f4ng ngh\u1ec7 \u0111o xung)  \u0110o \u0111\u1ed9 ch\u00ednh x\u00e1c kh\u00f4ng ti\u1ebfp x\u00fac  Thu th\u1eadp d\u1eef li\u1ec7u c\u1ef1c nhanh  Ki\u1ec3m so\u00e1t \u0111\u1ed9ng t\u00edch c\u1ef1c  Thi\u1ebft k\u1ebf nh\u1eb9 hi\u1ec7n \u0111\u1ea1i, c\u1ef1c k\u1ef3 m\u1ea1nh m\u1ebd  L\u1eadp tr\u00ecnh \u0111\u01a1n gi\u1ea3n v\u1edbi 4 ph\u00edm v\u00e0 m\u00e0n h\u00ecnh s\u00e1ng [:en]  Measuring method PRT (Pulse Ranging Technology)  Non-contact precision measurement  Ultra-fast data acquisition  Active dynamic control  Modern lightweight design, extremely robust  Simple programming with 4 keys and luminous display [:]\" \/>\n<meta property=\"og:url\" content=\"https:\/\/newskyvn.com\/product\/vdm100-150-p-g2\/\" \/>\n<meta property=\"og:site_name\" content=\"NEW SKY CO.,LTD\" \/>\n<meta property=\"article:modified_time\" content=\"2021-09-16T03:45:41+00:00\" \/>\n<meta property=\"og:image\" content=\"https:\/\/newskyvn.com\/wp-content\/uploads\/2021\/09\/VDM100.jpg\" \/>\n\t<meta property=\"og:image:width\" content=\"500\" \/>\n\t<meta property=\"og:image:height\" content=\"500\" \/>\n<meta name=\"twitter:card\" content=\"summary_large_image\" \/>\n<meta name=\"twitter:label1\" content=\"Est. reading time\" \/>\n\t<meta name=\"twitter:data1\" content=\"3 minutes\" \/>\n<script type=\"application\/ld+json\" class=\"yoast-schema-graph\">{\"@context\":\"https:\/\/schema.org\",\"@graph\":[{\"@type\":\"WebSite\",\"@id\":\"https:\/\/newskyvn.com\/#website\",\"url\":\"https:\/\/newskyvn.com\/\",\"name\":\"NEW SKY CO.,LTD\",\"description\":\"C\\u00f4ng Ty TNHH S\\u1ea3n Xu\\u1ea5t Th\\u01b0\\u01a1ng M\\u1ea1i D\\u1ecbch V\\u1ee5 T\\u00e2n Thi\\u00ean\",\"potentialAction\":[{\"@type\":\"SearchAction\",\"target\":{\"@type\":\"EntryPoint\",\"urlTemplate\":\"https:\/\/newskyvn.com\/?s={search_term_string}\"},\"query-input\":\"required name=search_term_string\"}],\"inLanguage\":\"en-US\"},{\"@type\":\"ImageObject\",\"@id\":\"https:\/\/newskyvn.com\/product\/vdm100-150-p-g2\/#primaryimage\",\"inLanguage\":\"en-US\",\"url\":\"https:\/\/newskyvn.com\/wp-content\/uploads\/2021\/09\/VDM100.jpg\",\"contentUrl\":\"https:\/\/newskyvn.com\/wp-content\/uploads\/2021\/09\/VDM100.jpg\",\"width\":500,\"height\":500},{\"@type\":\"WebPage\",\"@id\":\"https:\/\/newskyvn.com\/product\/vdm100-150-p-g2\/#webpage\",\"url\":\"https:\/\/newskyvn.com\/product\/vdm100-150-p-g2\/\",\"name\":\"VDM100-150-P \/ G2 - NEW SKY CO.,LTD\",\"isPartOf\":{\"@id\":\"https:\/\/newskyvn.com\/#website\"},\"primaryImageOfPage\":{\"@id\":\"https:\/\/newskyvn.com\/product\/vdm100-150-p-g2\/#primaryimage\"},\"datePublished\":\"2021-09-10T12:23:38+00:00\",\"dateModified\":\"2021-09-16T03:45:41+00:00\",\"breadcrumb\":{\"@id\":\"https:\/\/newskyvn.com\/product\/vdm100-150-p-g2\/#breadcrumb\"},\"inLanguage\":\"en-US\",\"potentialAction\":[{\"@type\":\"ReadAction\",\"target\":[\"https:\/\/newskyvn.com\/product\/vdm100-150-p-g2\/\"]}]},{\"@type\":\"BreadcrumbList\",\"@id\":\"https:\/\/newskyvn.com\/product\/vdm100-150-p-g2\/#breadcrumb\",\"itemListElement\":[{\"@type\":\"ListItem\",\"position\":1,\"name\":\"Product\",\"item\":\"https:\/\/newskyvn.com\/en\/san-pham\/\"},{\"@type\":\"ListItem\",\"position\":2,\"name\":\"VDM100-150-P \/ G2\"}]}]}<\/script>\n<!-- \/ Yoast SEO plugin. -->","_links":{"self":[{"href":"https:\/\/newskyvn.com\/en\/wp-json\/wp\/v2\/product\/775"}],"collection":[{"href":"https:\/\/newskyvn.com\/en\/wp-json\/wp\/v2\/product"}],"about":[{"href":"https:\/\/newskyvn.com\/en\/wp-json\/wp\/v2\/types\/product"}],"replies":[{"embeddable":true,"href":"https:\/\/newskyvn.com\/en\/wp-json\/wp\/v2\/comments?post=775"}],"wp:featuredmedia":[{"embeddable":true,"href":"https:\/\/newskyvn.com\/en\/wp-json\/wp\/v2\/media\/778"}],"wp:attachment":[{"href":"https:\/\/newskyvn.com\/en\/wp-json\/wp\/v2\/media?parent=775"}],"wp:term":[{"taxonomy":"product_cat","embeddable":true,"href":"https:\/\/newskyvn.com\/en\/wp-json\/wp\/v2\/product_cat?post=775"},{"taxonomy":"product_tag","embeddable":true,"href":"https:\/\/newskyvn.com\/en\/wp-json\/wp\/v2\/product_tag?post=775"}],"curies":[{"name":"wp","href":"https:\/\/api.w.org\/{rel}","templated":true}]}}