{"id":743,"date":"2021-09-10T08:24:15","date_gmt":"2021-09-10T08:24:15","guid":{"rendered":"https:\/\/newskyvn.com\/?post_type=product&#038;p=743"},"modified":"2021-09-10T08:24:47","modified_gmt":"2021-09-10T08:24:47","slug":"dk12-11-io-92-136","status":"publish","type":"product","link":"https:\/\/newskyvn.com\/en\/product\/dk12-11-io-92-136\/","title":{"rendered":"DK12-11-IO\/92\/136"},"content":{"rendered":"<p>&nbsp;<\/p>\n<p id=\"techdata\"><strong><span style=\"color: #0000ff;\">Datasheet excerpt: Technical data of\u00a0 DK12-11-IO\/92\/136<\/span><\/strong><\/p>\n<table class=\"standard enum\">\n<tbody>\n<tr>\n<th colspan=\"2\">Product Description<\/th>\n<\/tr>\n<tr>\n<td colspan=\"3\">Print mark contrast sensor with IO-Link interface, 11 mm detection range, RGB light parallel with the longitudinal direction of the housing, light\/dark on, 2 push-pull outputs, M12 plug<\/td>\n<\/tr>\n<\/tbody>\n<\/table>\n<table class=\"standard enum\">\n<tbody>\n<tr>\n<th colspan=\"3\">General specifications<\/th>\n<\/tr>\n<tr>\n<td colspan=\"2\">Sensor range<\/td>\n<td>11 mm \u00b1 2 mm<\/td>\n<\/tr>\n<tr>\n<td colspan=\"2\">Light source<\/td>\n<td>3 LEDs (R,G,B)<\/td>\n<\/tr>\n<tr>\n<td colspan=\"2\">Light type<\/td>\n<td>Visible green\/red\/blue, modulated light<\/td>\n<\/tr>\n<tr>\n<td colspan=\"2\">Light spot representation<\/td>\n<td>1 mm x 3 mm , light spot parallel to housing<\/td>\n<\/tr>\n<tr>\n<td colspan=\"2\">Angle deviation<\/td>\n<td>max. \u00b1 3\u00b0<\/td>\n<\/tr>\n<tr>\n<td colspan=\"2\">Teach-In<\/td>\n<td>static and dynamic Teach-In<\/td>\n<\/tr>\n<tr>\n<th colspan=\"3\">Indicators\/operating means<\/th>\n<\/tr>\n<tr>\n<td colspan=\"2\">Operation indicator<\/td>\n<td>LED green, statically lit Power on , Undervoltage indicator: Green LED, pulsing (approx. 0.8 Hz) , short-circuit : LED green flashing (approx. 4 Hz) , IO link communication: green LED goes out briefly (1 Hz)<\/td>\n<\/tr>\n<tr>\n<td colspan=\"2\">Function indicator<\/td>\n<td>2 LEDs yellow, light up in case of detection<\/td>\n<\/tr>\n<tr>\n<td colspan=\"2\">Teach-In indicator<\/td>\n<td>Teach-In mark: LED green\/yellow equiphase flashing; 2,5 Hz . Teach-In background: LED green\/yellow non equiphase flashing; 2,5 Hz . Teach-In dynamic: LED green\/yellow equiphase flashing; 1.0 Hz . Teach Error:LED green\/yellow non equiphase flashing; 8.0 Hz .<\/td>\n<\/tr>\n<tr>\n<td colspan=\"2\">Control elements<\/td>\n<td>Teach-In rotary switch for Switching operation, Teach-In mark, Teach-In background and dynamic Teach-In<\/td>\n<\/tr>\n<tr>\n<th colspan=\"3\">Electrical specifications<\/th>\n<\/tr>\n<tr>\n<td colspan=\"2\">Operating voltage<\/td>\n<td>10 &#8230; 30 V DC \/ when operating in IO-Link mode: 18 &#8230; 30 V<\/td>\n<\/tr>\n<tr>\n<td colspan=\"2\">Ripple<\/td>\n<td>10 %<\/td>\n<\/tr>\n<tr>\n<td colspan=\"2\">No-load supply current<\/td>\n<td>\u2264 60 mA at 24 V supply voltage<\/td>\n<\/tr>\n<tr>\n<th colspan=\"3\">Interface<\/th>\n<\/tr>\n<tr>\n<td colspan=\"2\">Interface type<\/td>\n<td>IO-Link<\/td>\n<\/tr>\n<tr>\n<td colspan=\"2\">Protocol<\/td>\n<td>IO-Link V1.0<\/td>\n<\/tr>\n<tr>\n<td colspan=\"2\">Mode<\/td>\n<td>COM\u00a02 (38.4 kBaud)<\/td>\n<\/tr>\n<tr>\n<th colspan=\"3\">Output<\/th>\n<\/tr>\n<tr>\n<td colspan=\"2\">Switching type<\/td>\n<td>light\/dark on<\/td>\n<\/tr>\n<tr>\n<td colspan=\"2\">Signal output<\/td>\n<td>2 push-pull (4 in 1) outputs, complementary, short-circuit proof, reverse polarity protected<\/td>\n<\/tr>\n<tr>\n<td colspan=\"2\">Switching voltage<\/td>\n<td>max. 30 V DC<\/td>\n<\/tr>\n<tr>\n<td colspan=\"2\">Switching current<\/td>\n<td>max. 100 mA<\/td>\n<\/tr>\n<tr>\n<td colspan=\"2\">Switching frequency<\/td>\n<td>12.5 kHz<\/td>\n<\/tr>\n<tr>\n<td colspan=\"2\">Response time<\/td>\n<td>40 \u00b5s<\/td>\n<\/tr>\n<tr>\n<th colspan=\"3\">Conformity<\/th>\n<\/tr>\n<tr>\n<td colspan=\"2\">Product standard<\/td>\n<td>EN 60947-5-2<\/td>\n<\/tr>\n<tr>\n<th colspan=\"3\">Approvals and certificates<\/th>\n<\/tr>\n<tr>\n<td colspan=\"2\">Protection class<\/td>\n<td>II, rated voltage \u2264 250\u00a0V\u00a0AC with pollution degree 1-2 according to IEC 60664-1<\/td>\n<\/tr>\n<tr>\n<td colspan=\"2\">UL approval<\/td>\n<td>cULus Listed , Class 2 power source<\/td>\n<\/tr>\n<tr>\n<td colspan=\"2\">CCC approval<\/td>\n<td>CCC approval \/ marking not required for products rated \u226436 V<\/td>\n<\/tr>\n<tr>\n<th colspan=\"3\">Ambient conditions<\/th>\n<\/tr>\n<tr>\n<td colspan=\"2\">Ambient temperature<\/td>\n<td>-20 &#8230; 60 \u00b0C (-4 &#8230; 140 \u00b0F)<\/td>\n<\/tr>\n<tr>\n<td colspan=\"2\">Storage temperature<\/td>\n<td>-40 &#8230; 75 \u00b0C (-40 &#8230; 167 \u00b0F)<\/td>\n<\/tr>\n<tr>\n<th colspan=\"3\">Mechanical specifications<\/th>\n<\/tr>\n<tr>\n<td colspan=\"2\">Housing width<\/td>\n<td>41.5 mm<\/td>\n<\/tr>\n<tr>\n<td colspan=\"2\">Housing height<\/td>\n<td>49 mm<\/td>\n<\/tr>\n<tr>\n<td colspan=\"2\">Housing depth<\/td>\n<td>15 mm<\/td>\n<\/tr>\n<tr>\n<td colspan=\"2\">Degree of protection<\/td>\n<td>IP67<\/td>\n<\/tr>\n<tr>\n<td colspan=\"2\">Connection<\/td>\n<td>4-pin, M12 metal connector , can be rotated 90\u00b0<\/td>\n<\/tr>\n<tr>\n<td colspan=\"2\">Material<\/td>\n<td><\/td>\n<\/tr>\n<tr>\n<td><\/td>\n<td>Housing<\/td>\n<td class=\"subattribute\">Frame: nickel plated, die cast zinc,<br \/>\nLaterals: glass-fiber reinforced plastic PC<\/td>\n<\/tr>\n<tr>\n<td><\/td>\n<td>Optical face<\/td>\n<td class=\"subattribute\">Plastic pane<\/td>\n<\/tr>\n<tr>\n<td colspan=\"2\">Mass<\/td>\n<td>60 g<\/td>\n<\/tr>\n<\/tbody>\n<\/table>\n<p>&nbsp;<\/p>\n<p><span style=\"color: #0000ff;\"><strong>Classifications<\/strong><\/span><\/p>\n<table class=\"standard enum\">\n<tbody>\n<tr>\n<th>System<\/th>\n<th>Classcode<\/th>\n<\/tr>\n<tr>\n<td>ECLASS 11.0<\/td>\n<td>27270906<\/td>\n<\/tr>\n<tr>\n<td>ECLASS 10.0.1<\/td>\n<td>27270906<\/td>\n<\/tr>\n<tr>\n<td>ECLASS 9.0<\/td>\n<td>27270906<\/td>\n<\/tr>\n<tr>\n<td>ECLASS 8.0<\/td>\n<td>27270906<\/td>\n<\/tr>\n<tr>\n<td>ECLASS 5.1<\/td>\n<td>27270906<\/td>\n<\/tr>\n<tr>\n<td>ETIM 8.0<\/td>\n<td>EC001820<\/td>\n<\/tr>\n<tr>\n<td>ETIM 7.0<\/td>\n<td>EC001820<\/td>\n<\/tr>\n<tr>\n<td>ETIM 6.0<\/td>\n<td>EC001820<\/td>\n<\/tr>\n<tr>\n<td>ETIM 5.0<\/td>\n<td>EC001820<\/td>\n<\/tr>\n<tr>\n<td>UNSPSC 12.1<\/td>\n<td>39121528<\/td>\n<\/tr>\n<\/tbody>\n<\/table>\n<p><\/p>","protected":false},"excerpt":{"rendered":"<ul id=\"productfeatures\">\n<li>O-link interface for service and process data<\/li>\n<li>Diffuse mode sensor for recording any print mark<\/li>\n<li>TEACH-IN, static and dynamic<\/li>\n<li>40 \u00b5s response time, suitable for extremely rapid scanning processes<\/li>\n<li>3 emitter colors: green, red and blue<\/li>\n<\/ul>\n","protected":false},"featured_media":745,"comment_status":"open","ping_status":"closed","template":"","meta":[],"product_cat":[24,45],"product_tag":[],"yoast_head":"<!-- This site is optimized with the Yoast SEO plugin v16.6.1 - https:\/\/yoast.com\/wordpress\/plugins\/seo\/ -->\n<title>DK12-11-IO\/92\/136 - NEW SKY CO.,LTD<\/title>\n<meta name=\"robots\" content=\"index, follow, max-snippet:-1, max-image-preview:large, max-video-preview:-1\" \/>\n<link rel=\"canonical\" href=\"https:\/\/newskyvn.com\/product\/dk12-11-io-92-136\/\" \/>\n<meta property=\"og:locale\" content=\"en_US\" \/>\n<meta property=\"og:type\" content=\"article\" \/>\n<meta property=\"og:title\" content=\"DK12-11-IO\/92\/136 - NEW SKY CO.,LTD\" \/>\n<meta property=\"og:description\" content=\"[:vi]  Lo\u1ea1i c\u1ea3m bi\u1ebfn t\u01b0\u01a1ng ph\u1ea3n  Giao di\u1ec7n k\u1ebft n\u1ed1i IO-link cho d\u1eef li\u1ec7u d\u1ecbch v\u1ee5 v\u00e0 quy tr\u00ecnh  C\u1ea3m bi\u1ebfn ch\u1ebf \u0111\u1ed9 khu\u1ebfch t\u00e1n \u0111\u1ec3 ghi l\u1ea1i b\u1ea5t k\u1ef3 d\u1ea5u in n\u00e0o  C\u00f3 n\u00fat ch\u1ec9nh nh\u1edb \u0111\u1ed9 t\u01b0\u01a1ng ph\u1ea3n, t\u0129nh v\u00e0 \u0111\u1ed9ng  Th\u1eddi gian \u0111\u00e1p \u1ee9ng 40 \u00b5s, th\u00edch h\u1ee3p cho c\u00e1c quy tr\u00ecnh qu\u00e9t c\u1ef1c nhanh  3 m\u00e0u ph\u00e1t: xanh l\u00e1 c\u00e2y, \u0111\u1ecf v\u00e0 xanh d\u01b0\u01a1ng [:en]  O-link interface for service and process data  Diffuse mode sensor for recording any print mark  TEACH-IN, static and dynamic  40 \u00b5s response time, suitable for extremely rapid scanning processes  3 emitter colors: green, red and blue [:]\" \/>\n<meta property=\"og:url\" content=\"https:\/\/newskyvn.com\/product\/dk12-11-io-92-136\/\" \/>\n<meta property=\"og:site_name\" content=\"NEW SKY CO.,LTD\" \/>\n<meta property=\"article:modified_time\" content=\"2021-09-10T08:24:47+00:00\" \/>\n<meta property=\"og:image\" content=\"https:\/\/newskyvn.com\/wp-content\/uploads\/2021\/09\/DK12.jpg\" \/>\n\t<meta property=\"og:image:width\" content=\"500\" \/>\n\t<meta property=\"og:image:height\" content=\"500\" \/>\n<meta name=\"twitter:card\" content=\"summary_large_image\" \/>\n<meta name=\"twitter:label1\" content=\"Est. reading time\" \/>\n\t<meta name=\"twitter:data1\" content=\"2 minutes\" \/>\n<script type=\"application\/ld+json\" class=\"yoast-schema-graph\">{\"@context\":\"https:\/\/schema.org\",\"@graph\":[{\"@type\":\"WebSite\",\"@id\":\"https:\/\/newskyvn.com\/#website\",\"url\":\"https:\/\/newskyvn.com\/\",\"name\":\"NEW SKY CO.,LTD\",\"description\":\"C\\u00f4ng Ty TNHH S\\u1ea3n Xu\\u1ea5t Th\\u01b0\\u01a1ng M\\u1ea1i D\\u1ecbch V\\u1ee5 T\\u00e2n Thi\\u00ean\",\"potentialAction\":[{\"@type\":\"SearchAction\",\"target\":{\"@type\":\"EntryPoint\",\"urlTemplate\":\"https:\/\/newskyvn.com\/?s={search_term_string}\"},\"query-input\":\"required name=search_term_string\"}],\"inLanguage\":\"en-US\"},{\"@type\":\"ImageObject\",\"@id\":\"https:\/\/newskyvn.com\/product\/dk12-11-io-92-136\/#primaryimage\",\"inLanguage\":\"en-US\",\"url\":\"https:\/\/newskyvn.com\/wp-content\/uploads\/2021\/09\/DK12.jpg\",\"contentUrl\":\"https:\/\/newskyvn.com\/wp-content\/uploads\/2021\/09\/DK12.jpg\",\"width\":500,\"height\":500},{\"@type\":\"WebPage\",\"@id\":\"https:\/\/newskyvn.com\/product\/dk12-11-io-92-136\/#webpage\",\"url\":\"https:\/\/newskyvn.com\/product\/dk12-11-io-92-136\/\",\"name\":\"DK12-11-IO\/92\/136 - NEW SKY CO.,LTD\",\"isPartOf\":{\"@id\":\"https:\/\/newskyvn.com\/#website\"},\"primaryImageOfPage\":{\"@id\":\"https:\/\/newskyvn.com\/product\/dk12-11-io-92-136\/#primaryimage\"},\"datePublished\":\"2021-09-10T08:24:15+00:00\",\"dateModified\":\"2021-09-10T08:24:47+00:00\",\"breadcrumb\":{\"@id\":\"https:\/\/newskyvn.com\/product\/dk12-11-io-92-136\/#breadcrumb\"},\"inLanguage\":\"en-US\",\"potentialAction\":[{\"@type\":\"ReadAction\",\"target\":[\"https:\/\/newskyvn.com\/product\/dk12-11-io-92-136\/\"]}]},{\"@type\":\"BreadcrumbList\",\"@id\":\"https:\/\/newskyvn.com\/product\/dk12-11-io-92-136\/#breadcrumb\",\"itemListElement\":[{\"@type\":\"ListItem\",\"position\":1,\"name\":\"Product\",\"item\":\"https:\/\/newskyvn.com\/en\/san-pham\/\"},{\"@type\":\"ListItem\",\"position\":2,\"name\":\"DK12-11-IO\/92\/136\"}]}]}<\/script>\n<!-- \/ Yoast SEO plugin. -->","_links":{"self":[{"href":"https:\/\/newskyvn.com\/en\/wp-json\/wp\/v2\/product\/743"}],"collection":[{"href":"https:\/\/newskyvn.com\/en\/wp-json\/wp\/v2\/product"}],"about":[{"href":"https:\/\/newskyvn.com\/en\/wp-json\/wp\/v2\/types\/product"}],"replies":[{"embeddable":true,"href":"https:\/\/newskyvn.com\/en\/wp-json\/wp\/v2\/comments?post=743"}],"wp:featuredmedia":[{"embeddable":true,"href":"https:\/\/newskyvn.com\/en\/wp-json\/wp\/v2\/media\/745"}],"wp:attachment":[{"href":"https:\/\/newskyvn.com\/en\/wp-json\/wp\/v2\/media?parent=743"}],"wp:term":[{"taxonomy":"product_cat","embeddable":true,"href":"https:\/\/newskyvn.com\/en\/wp-json\/wp\/v2\/product_cat?post=743"},{"taxonomy":"product_tag","embeddable":true,"href":"https:\/\/newskyvn.com\/en\/wp-json\/wp\/v2\/product_tag?post=743"}],"curies":[{"name":"wp","href":"https:\/\/api.w.org\/{rel}","templated":true}]}}