{"id":727,"date":"2021-09-10T07:37:44","date_gmt":"2021-09-10T07:37:44","guid":{"rendered":"https:\/\/newskyvn.com\/?post_type=product&#038;p=727"},"modified":"2025-05-21T16:38:44","modified_gmt":"2025-05-21T16:38:44","slug":"ral150-ir-32-98","status":"publish","type":"product","link":"https:\/\/newskyvn.com\/en\/product\/ral150-ir-32-98\/","title":{"rendered":"RAL150-IR\/32\/98"},"content":{"rendered":"<p>&nbsp;<\/p>\n<p id=\"techdata\"><strong><span style=\"color: #0000ff;\">Datasheet excerpt: Technical data of\u00a0 RAL150-IR\/32\/98<\/span><\/strong><\/p>\n<table class=\"standard enum\">\n<tbody>\n<tr>\n<th colspan=\"2\">Product Description<\/th>\n<\/tr>\n<tr>\n<td colspan=\"3\">Compact slot grid sensor, optimized for detection of small parts, 150\u00a0mm slot width, infrared light, PNP output, M8 plug<\/td>\n<\/tr>\n<\/tbody>\n<\/table>\n<table class=\"standard enum\">\n<tbody>\n<tr>\n<th colspan=\"3\">General specifications<\/th>\n<\/tr>\n<tr>\n<td colspan=\"2\">Light source<\/td>\n<td>IRED<\/td>\n<\/tr>\n<tr>\n<td colspan=\"2\">Light type<\/td>\n<td>modulated infrared light<\/td>\n<\/tr>\n<tr>\n<td colspan=\"2\">Marking<\/td>\n<td>CE<\/td>\n<\/tr>\n<tr>\n<td colspan=\"2\">Slot width<\/td>\n<td>150 mm<\/td>\n<\/tr>\n<tr>\n<td colspan=\"2\">Slot depth<\/td>\n<td>150 mm<\/td>\n<\/tr>\n<tr>\n<td colspan=\"2\">Ambient light limit<\/td>\n<td>10000 Lux<\/td>\n<\/tr>\n<tr>\n<td colspan=\"2\">Resolution<\/td>\n<td>3 mm<\/td>\n<\/tr>\n<tr>\n<td colspan=\"2\">Temperature influence<\/td>\n<td>&lt; 10 %<\/td>\n<\/tr>\n<tr>\n<td colspan=\"2\">active zone<\/td>\n<td>150 mm x 144 mm<\/td>\n<\/tr>\n<tr>\n<th colspan=\"3\">Indicators\/operating means<\/th>\n<\/tr>\n<tr>\n<td colspan=\"2\">Function indicator<\/td>\n<td>LED, yellow<\/td>\n<\/tr>\n<tr>\n<td colspan=\"2\">Control elements<\/td>\n<td>sensitivity adjustment<\/td>\n<\/tr>\n<tr>\n<td colspan=\"2\">Control elements<\/td>\n<td>Time adjuster for Pulse stretching and Dynamic\/static operation<\/td>\n<\/tr>\n<tr>\n<th colspan=\"3\">Electrical specifications<\/th>\n<\/tr>\n<tr>\n<td colspan=\"2\">Operating voltage<\/td>\n<td>24 V DC \u00b1 20 %<\/td>\n<\/tr>\n<tr>\n<td colspan=\"2\">No-load supply current<\/td>\n<td>&lt; 70 mA<\/td>\n<\/tr>\n<tr>\n<th colspan=\"3\">Output<\/th>\n<\/tr>\n<tr>\n<td colspan=\"2\">Switching type<\/td>\n<td>dark on<\/td>\n<\/tr>\n<tr>\n<td colspan=\"2\">Signal output<\/td>\n<td>1 PNP output, short-circuit protected, reverse polarity protected, open collector<\/td>\n<\/tr>\n<tr>\n<td colspan=\"2\">Switching voltage<\/td>\n<td>max. 30 V DC<\/td>\n<\/tr>\n<tr>\n<td colspan=\"2\">Switching current<\/td>\n<td>200 mA<\/td>\n<\/tr>\n<tr>\n<td colspan=\"2\">Voltage drop<\/td>\n<td>&lt; 2.5 V<\/td>\n<\/tr>\n<tr>\n<td colspan=\"2\">Switching frequency<\/td>\n<td>5000 Hz<\/td>\n<\/tr>\n<tr>\n<td colspan=\"2\">Repeat accuracy<\/td>\n<td>0.1 mm<\/td>\n<\/tr>\n<tr>\n<td colspan=\"2\">Pulse extension<\/td>\n<td>0.1 &#8230; 150 ms<\/td>\n<\/tr>\n<tr>\n<th colspan=\"3\">Conformity<\/th>\n<\/tr>\n<tr>\n<td colspan=\"2\">Product standard<\/td>\n<td>EN 60947-5-2<\/td>\n<\/tr>\n<tr>\n<th colspan=\"3\">Ambient conditions<\/th>\n<\/tr>\n<tr>\n<td colspan=\"2\">Ambient temperature<\/td>\n<td>-10 &#8230; 60 \u00b0C (14 &#8230; 140 \u00b0F)<\/td>\n<\/tr>\n<tr>\n<th colspan=\"3\">Mechanical specifications<\/th>\n<\/tr>\n<tr>\n<td colspan=\"2\">Housing width<\/td>\n<td>20 mm<\/td>\n<\/tr>\n<tr>\n<td colspan=\"2\">Housing height<\/td>\n<td>190 mm<\/td>\n<\/tr>\n<tr>\n<td colspan=\"2\">Degree of protection<\/td>\n<td>IP67<\/td>\n<\/tr>\n<tr>\n<td colspan=\"2\">Connection<\/td>\n<td>M8 connector, 3-pin<\/td>\n<\/tr>\n<tr>\n<td colspan=\"2\">Material<\/td>\n<td><\/td>\n<\/tr>\n<tr>\n<td><\/td>\n<td>Housing<\/td>\n<td class=\"subattribute\">black anodized aluminum<\/td>\n<\/tr>\n<tr>\n<td><\/td>\n<td>Optical face<\/td>\n<td class=\"subattribute\">glass<\/td>\n<\/tr>\n<tr>\n<td colspan=\"2\">Mass<\/td>\n<td>500 g<\/td>\n<\/tr>\n<\/tbody>\n<\/table>\n<p>&nbsp;<\/p>\n<p><span style=\"color: #0000ff;\"><strong>Classifications<\/strong><\/span><\/p>\n<table class=\"standard enum\">\n<tbody>\n<tr>\n<th>System<\/th>\n<th>Classcode<\/th>\n<\/tr>\n<tr>\n<td>ECLASS 11.0<\/td>\n<td>27270911<\/td>\n<\/tr>\n<tr>\n<td>ECLASS 10.0.1<\/td>\n<td>27270911<\/td>\n<\/tr>\n<tr>\n<td>ECLASS 9.0<\/td>\n<td>27270911<\/td>\n<\/tr>\n<tr>\n<td>ECLASS 8.0<\/td>\n<td>27270911<\/td>\n<\/tr>\n<tr>\n<td>ECLASS 5.1<\/td>\n<td>27270911<\/td>\n<\/tr>\n<tr>\n<td>ETIM 8.0<\/td>\n<td>EC002721<\/td>\n<\/tr>\n<tr>\n<td>ETIM 7.0<\/td>\n<td>EC002721<\/td>\n<\/tr>\n<tr>\n<td>ETIM 6.0<\/td>\n<td>EC002721<\/td>\n<\/tr>\n<tr>\n<td>ETIM 5.0<\/td>\n<td>EC002721<\/td>\n<\/tr>\n<tr>\n<td>UNSPSC 12.1<\/td>\n<td>39121528<\/td>\n<\/tr>\n<\/tbody>\n<\/table>\n<p><\/p>","protected":false},"excerpt":{"rendered":"<h1 class=\"alternative\">lot grid sensor RAL150-IR\/32\/98<\/h1>\n<ul id=\"productfeatures\">\n<li>Compact slot grid sensor<\/li>\n<li>Open frame with wide detection area<\/li>\n<li>Optimized for the detection of small parts<\/li>\n<li>Option to suppress stationary objects<\/li>\n<li>Detection of very small guided and non-guided parts in free fall<\/li>\n<\/ul>\n","protected":false},"featured_media":729,"comment_status":"open","ping_status":"closed","template":"","meta":[],"product_cat":[24,27],"product_tag":[],"yoast_head":"<!-- This site is optimized with the Yoast SEO plugin v16.6.1 - https:\/\/yoast.com\/wordpress\/plugins\/seo\/ -->\n<title>RAL150-IR\/32\/98 - NEW SKY CO.,LTD<\/title>\n<meta name=\"robots\" content=\"index, follow, max-snippet:-1, max-image-preview:large, max-video-preview:-1\" \/>\n<link rel=\"canonical\" href=\"https:\/\/newskyvn.com\/product\/ral150-ir-32-98\/\" \/>\n<meta property=\"og:locale\" content=\"en_US\" \/>\n<meta property=\"og:type\" content=\"article\" \/>\n<meta property=\"og:title\" content=\"RAL150-IR\/32\/98 - NEW SKY CO.,LTD\" \/>\n<meta property=\"og:description\" content=\"[:vi]  C\u1ea3m bi\u1ebfn l\u01b0\u1edbi khe nh\u1ecf g\u1ecdn  Khung m\u1edf v\u1edbi v\u00f9ng ph\u00e1t hi\u1ec7n r\u1ed9ng  \u0110\u01b0\u1ee3c t\u1ed1i \u01b0u h\u00f3a \u0111\u1ec3 ph\u00e1t hi\u1ec7n c\u00e1cchi ti\u1ebft nh\u1ecf  T\u00f9y ch\u1ecdn \u0111\u1ec3 ng\u0103n ch\u1eb7n c\u00e1c \u0111\u1ed1i t\u01b0\u1ee3ng \u0111\u1ee9ng y\u00ean  Ph\u00e1t hi\u1ec7n c\u00e1c chi ti\u1ebft r\u1ea5t nh\u1ecf \u0111\u01b0\u1ee3c d\u1eabn h\u01b0\u1edbng v\u00e0 kh\u00f4ng \u0111\u01b0\u1ee3c d\u1eabn h\u01b0\u1edbng khi r\u01a1i t\u1ef1 do [:en]lot grid sensor RAL150-IR\/32\/98   Compact slot grid sensor  Open frame with wide detection area  Optimized for the detection of small parts  Option to suppress stationary objects  Detection of very small guided and non-guided parts in free fall [:]\" \/>\n<meta property=\"og:url\" content=\"https:\/\/newskyvn.com\/product\/ral150-ir-32-98\/\" \/>\n<meta property=\"og:site_name\" content=\"NEW SKY CO.,LTD\" \/>\n<meta property=\"article:modified_time\" content=\"2025-05-21T16:38:44+00:00\" \/>\n<meta property=\"og:image\" content=\"https:\/\/newskyvn.com\/wp-content\/uploads\/2021\/09\/RAL150.jpg\" \/>\n\t<meta property=\"og:image:width\" content=\"500\" \/>\n\t<meta property=\"og:image:height\" content=\"500\" \/>\n<meta name=\"twitter:card\" content=\"summary_large_image\" \/>\n<meta name=\"twitter:label1\" content=\"Est. reading time\" \/>\n\t<meta name=\"twitter:data1\" content=\"2 minutes\" \/>\n<script type=\"application\/ld+json\" class=\"yoast-schema-graph\">{\"@context\":\"https:\/\/schema.org\",\"@graph\":[{\"@type\":\"WebSite\",\"@id\":\"https:\/\/newskyvn.com\/#website\",\"url\":\"https:\/\/newskyvn.com\/\",\"name\":\"NEW SKY CO.,LTD\",\"description\":\"C\\u00f4ng Ty TNHH S\\u1ea3n Xu\\u1ea5t Th\\u01b0\\u01a1ng M\\u1ea1i D\\u1ecbch V\\u1ee5 T\\u00e2n Thi\\u00ean\",\"potentialAction\":[{\"@type\":\"SearchAction\",\"target\":{\"@type\":\"EntryPoint\",\"urlTemplate\":\"https:\/\/newskyvn.com\/?s={search_term_string}\"},\"query-input\":\"required name=search_term_string\"}],\"inLanguage\":\"en-US\"},{\"@type\":\"ImageObject\",\"@id\":\"https:\/\/newskyvn.com\/product\/ral150-ir-32-98\/#primaryimage\",\"inLanguage\":\"en-US\",\"url\":\"https:\/\/newskyvn.com\/wp-content\/uploads\/2021\/09\/RAL150.jpg\",\"contentUrl\":\"https:\/\/newskyvn.com\/wp-content\/uploads\/2021\/09\/RAL150.jpg\",\"width\":500,\"height\":500},{\"@type\":\"WebPage\",\"@id\":\"https:\/\/newskyvn.com\/product\/ral150-ir-32-98\/#webpage\",\"url\":\"https:\/\/newskyvn.com\/product\/ral150-ir-32-98\/\",\"name\":\"RAL150-IR\/32\/98 - NEW SKY CO.,LTD\",\"isPartOf\":{\"@id\":\"https:\/\/newskyvn.com\/#website\"},\"primaryImageOfPage\":{\"@id\":\"https:\/\/newskyvn.com\/product\/ral150-ir-32-98\/#primaryimage\"},\"datePublished\":\"2021-09-10T07:37:44+00:00\",\"dateModified\":\"2025-05-21T16:38:44+00:00\",\"breadcrumb\":{\"@id\":\"https:\/\/newskyvn.com\/product\/ral150-ir-32-98\/#breadcrumb\"},\"inLanguage\":\"en-US\",\"potentialAction\":[{\"@type\":\"ReadAction\",\"target\":[\"https:\/\/newskyvn.com\/product\/ral150-ir-32-98\/\"]}]},{\"@type\":\"BreadcrumbList\",\"@id\":\"https:\/\/newskyvn.com\/product\/ral150-ir-32-98\/#breadcrumb\",\"itemListElement\":[{\"@type\":\"ListItem\",\"position\":1,\"name\":\"Product\",\"item\":\"https:\/\/newskyvn.com\/en\/san-pham\/\"},{\"@type\":\"ListItem\",\"position\":2,\"name\":\"RAL150-IR\/32\/98\"}]}]}<\/script>\n<!-- \/ Yoast SEO plugin. -->","_links":{"self":[{"href":"https:\/\/newskyvn.com\/en\/wp-json\/wp\/v2\/product\/727"}],"collection":[{"href":"https:\/\/newskyvn.com\/en\/wp-json\/wp\/v2\/product"}],"about":[{"href":"https:\/\/newskyvn.com\/en\/wp-json\/wp\/v2\/types\/product"}],"replies":[{"embeddable":true,"href":"https:\/\/newskyvn.com\/en\/wp-json\/wp\/v2\/comments?post=727"}],"wp:featuredmedia":[{"embeddable":true,"href":"https:\/\/newskyvn.com\/en\/wp-json\/wp\/v2\/media\/729"}],"wp:attachment":[{"href":"https:\/\/newskyvn.com\/en\/wp-json\/wp\/v2\/media?parent=727"}],"wp:term":[{"taxonomy":"product_cat","embeddable":true,"href":"https:\/\/newskyvn.com\/en\/wp-json\/wp\/v2\/product_cat?post=727"},{"taxonomy":"product_tag","embeddable":true,"href":"https:\/\/newskyvn.com\/en\/wp-json\/wp\/v2\/product_tag?post=727"}],"curies":[{"name":"wp","href":"https:\/\/api.w.org\/{rel}","templated":true}]}}