{"id":710,"date":"2021-09-10T03:54:41","date_gmt":"2021-09-10T03:54:41","guid":{"rendered":"https:\/\/newskyvn.com\/?post_type=product&#038;p=710"},"modified":"2021-09-10T03:56:05","modified_gmt":"2021-09-10T03:56:05","slug":"rl61-ll-ir-z92136","status":"publish","type":"product","link":"https:\/\/newskyvn.com\/en\/product\/rl61-ll-ir-z92136\/","title":{"rendered":"RL61-LL-IR-Z92136"},"content":{"rendered":"<p>&nbsp;<\/p>\n<p id=\"techdata\"><strong><span style=\"color: #0000ff;\">Datasheet excerpt: Technical data of\u00a0 RL61-LL-IR-Z\/92\/136<\/span><\/strong><\/p>\n<table class=\"standard enum\">\n<tbody>\n<tr>\n<th colspan=\"2\">Product Description<\/th>\n<\/tr>\n<tr>\n<td colspan=\"3\">Fiber optic sensor<\/td>\n<\/tr>\n<\/tbody>\n<\/table>\n<table class=\"standard enum\">\n<tbody>\n<tr>\n<th colspan=\"3\">General specifications<\/th>\n<\/tr>\n<tr>\n<td colspan=\"2\">Detection range<\/td>\n<td>Dependent on fibers selected<\/td>\n<\/tr>\n<tr>\n<td colspan=\"2\">Light source<\/td>\n<td>IRED<\/td>\n<\/tr>\n<tr>\n<td colspan=\"2\">Light type<\/td>\n<td>modulated infrared light , 850 nm<\/td>\n<\/tr>\n<tr>\n<th colspan=\"3\">Indicators\/operating means<\/th>\n<\/tr>\n<tr>\n<td colspan=\"2\">Function indicator<\/td>\n<td>2 LEDs yellow<br \/>\nON: object inside the sensing range<br \/>\nOFF: object outside the sensing range<\/td>\n<\/tr>\n<tr>\n<td colspan=\"2\">Control elements<\/td>\n<td>Light-on\/dark-on changeover switch<\/td>\n<\/tr>\n<tr>\n<td colspan=\"2\">Control elements<\/td>\n<td>Sensing range adjuster<\/td>\n<\/tr>\n<tr>\n<th colspan=\"3\">Electrical specifications<\/th>\n<\/tr>\n<tr>\n<td colspan=\"2\">Operating voltage<\/td>\n<td>10 &#8230; 30 V DC<\/td>\n<\/tr>\n<tr>\n<th colspan=\"3\">Output<\/th>\n<\/tr>\n<tr>\n<td colspan=\"2\">Switching type<\/td>\n<td>light\/dark on, switchable<\/td>\n<\/tr>\n<tr>\n<td colspan=\"2\">Signal output<\/td>\n<td>2 push-pull (4 in 1) outputs, short-circuit protected, reverse polarity protected<\/td>\n<\/tr>\n<tr>\n<th colspan=\"3\">Compliance with standards and directives<\/th>\n<\/tr>\n<tr>\n<td colspan=\"2\">Standard conformity<\/td>\n<td><\/td>\n<\/tr>\n<tr>\n<td><\/td>\n<td>Product standard<\/td>\n<td class=\"subattribute\">EN 60947-5-2:2007<br \/>\nIEC 60947-5-2:2007<\/td>\n<\/tr>\n<tr>\n<th colspan=\"3\">Mechanical specifications<\/th>\n<\/tr>\n<tr>\n<td colspan=\"2\">Degree of protection<\/td>\n<td>IP67<\/td>\n<\/tr>\n<tr>\n<td colspan=\"2\">Connection<\/td>\n<td>4-pin, M12 x 1 connector<\/td>\n<\/tr>\n<tr>\n<td colspan=\"2\">Material<\/td>\n<td><\/td>\n<\/tr>\n<tr>\n<td><\/td>\n<td>Housing<\/td>\n<td class=\"subattribute\">PC (Polycarbonate)<\/td>\n<\/tr>\n<tr>\n<td><\/td>\n<td>Optical face<\/td>\n<td class=\"subattribute\">PMMA<\/td>\n<\/tr>\n<\/tbody>\n<\/table>\n<p>&nbsp;<\/p>\n<p><strong><span style=\"color: #0000ff;\">Classifications<\/span><\/strong><\/p>\n<table class=\"standard enum\">\n<tbody>\n<tr>\n<th>System<\/th>\n<th>Classcode<\/th>\n<\/tr>\n<tr>\n<td>ECLASS 11.0<\/td>\n<td>27270905<\/td>\n<\/tr>\n<tr>\n<td>ECLASS 10.0.1<\/td>\n<td>27270905<\/td>\n<\/tr>\n<tr>\n<td>ECLASS 9.0<\/td>\n<td>27270905<\/td>\n<\/tr>\n<tr>\n<td>ECLASS 8.0<\/td>\n<td>27270905<\/td>\n<\/tr>\n<tr>\n<td>ECLASS 5.1<\/td>\n<td>27270905<\/td>\n<\/tr>\n<tr>\n<td>ETIM 8.0<\/td>\n<td>EC002651<\/td>\n<\/tr>\n<tr>\n<td>ETIM 7.0<\/td>\n<td>EC002651<\/td>\n<\/tr>\n<tr>\n<td>ETIM 6.0<\/td>\n<td>EC002651<\/td>\n<\/tr>\n<tr>\n<td>ETIM 5.0<\/td>\n<td>EC002651<\/td>\n<\/tr>\n<tr>\n<td>UNSPSC 12.1<\/td>\n<td>39121528<\/td>\n<\/tr>\n<\/tbody>\n<\/table>\n<p><\/p>","protected":false},"excerpt":{"rendered":"<ul id=\"productfeatures\">\n<li>Cost-optimized series for standard tasks in a special design<\/li>\n<li>Compact design<\/li>\n<li>Wide range of mounting options thanks to cubic housing design with M30 thread<\/li>\n<li>360\u00b0 high visibility LEDs<\/li>\n<li>Programmable ON-delay, OFF-delay, and One-shot timers<\/li>\n<li>4-in-1 output (push-pull)<\/li>\n<li>Version with infrared light<\/li>\n<li>Includes universal fiber adapter kit<\/li>\n<\/ul>\n","protected":false},"featured_media":711,"comment_status":"open","ping_status":"closed","template":"","meta":[],"product_cat":[24,26],"product_tag":[],"yoast_head":"<!-- This site is optimized with the Yoast SEO plugin v16.6.1 - https:\/\/yoast.com\/wordpress\/plugins\/seo\/ -->\n<title>RL61-LL-IR-Z92136 - NEW SKY CO.,LTD<\/title>\n<meta name=\"robots\" content=\"index, follow, max-snippet:-1, max-image-preview:large, max-video-preview:-1\" \/>\n<link rel=\"canonical\" href=\"https:\/\/newskyvn.com\/product\/rl61-ll-ir-z92136\/\" \/>\n<meta property=\"og:locale\" content=\"en_US\" \/>\n<meta property=\"og:type\" content=\"article\" \/>\n<meta property=\"og:title\" content=\"RL61-LL-IR-Z92136 - NEW SKY CO.,LTD\" \/>\n<meta property=\"og:description\" content=\"[:vi]  D\u00f2ng s\u1ea3n ph\u1ea9m \u0111\u01b0\u1ee3c t\u1ed1i \u01b0u h\u00f3a chi ph\u00ed cho c\u00e1c t\u00e1c v\u1ee5 ti\u00eau chu\u1ea9n trong m\u1ed9t thi\u1ebft k\u1ebf \u0111\u1eb7c bi\u1ec7t  Thi\u1ebft k\u1ebf nh\u1ecf g\u1ecdn  Nhi\u1ec1u t\u00f9y ch\u1ecdn l\u1eafp \u0111\u1eb7t nh\u1edd thi\u1ebft k\u1ebf v\u1ecf h\u00ecnh kh\u1ed1i v\u1edbi ren M30  \u0110\u00e8n LED t\u1ea7m nh\u00ecn cao 360 \u00b0  C\u00e1c b\u1ed9 h\u1eb9n gi\u1edd B\u1eacT, tr\u1ec5, T\u1eaeT v\u00e0 m\u1ed9t l\u1ea7n b\u1ea5m gi\u1edd c\u00f3 th\u1ec3 l\u1eadp tr\u00ecnh  \u0110\u1ea7u ra 4 trong 1 (\u0111\u1ea9y-k\u00e9o)  Phi\u00ean b\u1ea3n c\u00f3 \u0111\u00e8n h\u1ed3ng ngo\u1ea1i  Bao g\u1ed3m b\u1ed9 chuy\u1ec3n \u0111\u1ed5i s\u1ee3i quang ph\u1ed5 qu\u00e1t [:en]  Cost-optimized series for standard tasks in a special design  Compact design  Wide range of mounting options thanks to cubic housing design with M30 thread  360\u00b0 high visibility LEDs  Programmable ON-delay, OFF-delay, and One-shot timers  4-in-1 output (push-pull)  Version with infrared light  Includes universal fiber adapter kit [:]\" \/>\n<meta property=\"og:url\" content=\"https:\/\/newskyvn.com\/product\/rl61-ll-ir-z92136\/\" \/>\n<meta property=\"og:site_name\" content=\"NEW SKY CO.,LTD\" \/>\n<meta property=\"article:modified_time\" content=\"2021-09-10T03:56:05+00:00\" \/>\n<meta property=\"og:image\" content=\"https:\/\/newskyvn.com\/wp-content\/uploads\/2021\/09\/RL61.jpg\" \/>\n\t<meta property=\"og:image:width\" content=\"500\" \/>\n\t<meta property=\"og:image:height\" content=\"500\" \/>\n<meta name=\"twitter:card\" content=\"summary_large_image\" \/>\n<meta name=\"twitter:label1\" content=\"Est. reading time\" \/>\n\t<meta name=\"twitter:data1\" content=\"1 minute\" \/>\n<script type=\"application\/ld+json\" class=\"yoast-schema-graph\">{\"@context\":\"https:\/\/schema.org\",\"@graph\":[{\"@type\":\"WebSite\",\"@id\":\"https:\/\/newskyvn.com\/#website\",\"url\":\"https:\/\/newskyvn.com\/\",\"name\":\"NEW SKY CO.,LTD\",\"description\":\"C\\u00f4ng Ty TNHH S\\u1ea3n Xu\\u1ea5t Th\\u01b0\\u01a1ng M\\u1ea1i D\\u1ecbch V\\u1ee5 T\\u00e2n Thi\\u00ean\",\"potentialAction\":[{\"@type\":\"SearchAction\",\"target\":{\"@type\":\"EntryPoint\",\"urlTemplate\":\"https:\/\/newskyvn.com\/?s={search_term_string}\"},\"query-input\":\"required name=search_term_string\"}],\"inLanguage\":\"en-US\"},{\"@type\":\"ImageObject\",\"@id\":\"https:\/\/newskyvn.com\/product\/rl61-ll-ir-z92136\/#primaryimage\",\"inLanguage\":\"en-US\",\"url\":\"https:\/\/newskyvn.com\/wp-content\/uploads\/2021\/09\/RL61.jpg\",\"contentUrl\":\"https:\/\/newskyvn.com\/wp-content\/uploads\/2021\/09\/RL61.jpg\",\"width\":500,\"height\":500},{\"@type\":\"WebPage\",\"@id\":\"https:\/\/newskyvn.com\/product\/rl61-ll-ir-z92136\/#webpage\",\"url\":\"https:\/\/newskyvn.com\/product\/rl61-ll-ir-z92136\/\",\"name\":\"RL61-LL-IR-Z92136 - NEW SKY CO.,LTD\",\"isPartOf\":{\"@id\":\"https:\/\/newskyvn.com\/#website\"},\"primaryImageOfPage\":{\"@id\":\"https:\/\/newskyvn.com\/product\/rl61-ll-ir-z92136\/#primaryimage\"},\"datePublished\":\"2021-09-10T03:54:41+00:00\",\"dateModified\":\"2021-09-10T03:56:05+00:00\",\"breadcrumb\":{\"@id\":\"https:\/\/newskyvn.com\/product\/rl61-ll-ir-z92136\/#breadcrumb\"},\"inLanguage\":\"en-US\",\"potentialAction\":[{\"@type\":\"ReadAction\",\"target\":[\"https:\/\/newskyvn.com\/product\/rl61-ll-ir-z92136\/\"]}]},{\"@type\":\"BreadcrumbList\",\"@id\":\"https:\/\/newskyvn.com\/product\/rl61-ll-ir-z92136\/#breadcrumb\",\"itemListElement\":[{\"@type\":\"ListItem\",\"position\":1,\"name\":\"Product\",\"item\":\"https:\/\/newskyvn.com\/en\/san-pham\/\"},{\"@type\":\"ListItem\",\"position\":2,\"name\":\"RL61-LL-IR-Z92136\"}]}]}<\/script>\n<!-- \/ Yoast SEO plugin. -->","_links":{"self":[{"href":"https:\/\/newskyvn.com\/en\/wp-json\/wp\/v2\/product\/710"}],"collection":[{"href":"https:\/\/newskyvn.com\/en\/wp-json\/wp\/v2\/product"}],"about":[{"href":"https:\/\/newskyvn.com\/en\/wp-json\/wp\/v2\/types\/product"}],"replies":[{"embeddable":true,"href":"https:\/\/newskyvn.com\/en\/wp-json\/wp\/v2\/comments?post=710"}],"wp:featuredmedia":[{"embeddable":true,"href":"https:\/\/newskyvn.com\/en\/wp-json\/wp\/v2\/media\/711"}],"wp:attachment":[{"href":"https:\/\/newskyvn.com\/en\/wp-json\/wp\/v2\/media?parent=710"}],"wp:term":[{"taxonomy":"product_cat","embeddable":true,"href":"https:\/\/newskyvn.com\/en\/wp-json\/wp\/v2\/product_cat?post=710"},{"taxonomy":"product_tag","embeddable":true,"href":"https:\/\/newskyvn.com\/en\/wp-json\/wp\/v2\/product_tag?post=710"}],"curies":[{"name":"wp","href":"https:\/\/api.w.org\/{rel}","templated":true}]}}