{"id":676,"date":"2021-09-09T09:51:24","date_gmt":"2021-09-09T09:51:24","guid":{"rendered":"https:\/\/newskyvn.com\/?post_type=product&#038;p=676"},"modified":"2021-09-09T09:51:25","modified_gmt":"2021-09-09T09:51:25","slug":"oqt150-r101-2ep-io-l","status":"publish","type":"product","link":"https:\/\/newskyvn.com\/en\/product\/oqt150-r101-2ep-io-l\/","title":{"rendered":"OQT150-R101-2EP-IO-L"},"content":{"rendered":"<p><\/p>\n<p id=\"techdata\"><strong><span style=\"color: #0000ff;\">Datasheet excerpt: Technical data of\u00a0 OQT150-R101-2EP-IO-L<\/span><\/strong><\/p>\n<table class=\"standard enum\">\n<tbody>\n<tr>\n<th colspan=\"2\">Product Description<\/th>\n<\/tr>\n<tr>\n<td colspan=\"3\">Switching diffuse mode sensor with measurement core technology, 150 mm detection range, red laser light, laser class 1, IO-Link, 2 x push-pull output, 2 m fixed cable<\/td>\n<\/tr>\n<\/tbody>\n<\/table>\n<table class=\"standard enum\">\n<tbody>\n<tr>\n<th colspan=\"3\">General specifications<\/th>\n<\/tr>\n<tr>\n<td colspan=\"2\">Detection range<\/td>\n<td>8 &#8230; 150 mm<\/td>\n<\/tr>\n<tr>\n<td colspan=\"2\">Detection range min.<\/td>\n<td>8 &#8230; 20 mm<\/td>\n<\/tr>\n<tr>\n<td colspan=\"2\">Detection range max.<\/td>\n<td>8 &#8230; 150 mm<\/td>\n<\/tr>\n<tr>\n<td colspan=\"2\">Adjustment range<\/td>\n<td>20 &#8230; 150 mm<\/td>\n<\/tr>\n<tr>\n<td colspan=\"2\">Reference target<\/td>\n<td>standard white, 100 mm x 100 mm<\/td>\n<\/tr>\n<tr>\n<td colspan=\"2\">Light source<\/td>\n<td>laser diode<\/td>\n<\/tr>\n<tr>\n<td colspan=\"2\">Light type<\/td>\n<td>modulated visible red light<\/td>\n<\/tr>\n<tr>\n<td colspan=\"2\">Laser nominal ratings<\/td>\n<td><\/td>\n<\/tr>\n<tr>\n<td><\/td>\n<td>Note<\/td>\n<td class=\"subattribute\">LASER LIGHT , DO NOT STARE INTO BEAM<\/td>\n<\/tr>\n<tr>\n<td><\/td>\n<td>Laser class<\/td>\n<td class=\"subattribute\">1<\/td>\n<\/tr>\n<tr>\n<td><\/td>\n<td>Wave length<\/td>\n<td class=\"subattribute\">680 nm<\/td>\n<\/tr>\n<tr>\n<td><\/td>\n<td>Beam divergence<\/td>\n<td class=\"subattribute\">&gt; 5 mrad ; d63 &lt; 1 mm in the range of 50 mm &#8230; 250 mm<\/td>\n<\/tr>\n<tr>\n<td><\/td>\n<td>Pulse length<\/td>\n<td class=\"subattribute\">3 \u00b5s<\/td>\n<\/tr>\n<tr>\n<td><\/td>\n<td>Repetition rate<\/td>\n<td class=\"subattribute\">approx. 3 kHz<\/td>\n<\/tr>\n<tr>\n<td><\/td>\n<td>max. pulse energy<\/td>\n<td class=\"subattribute\">15.2 nJ<\/td>\n<\/tr>\n<tr>\n<td colspan=\"2\">Black\/White difference (6 %\/90 %)<\/td>\n<td>&lt; 3 % at 150 mm<\/td>\n<\/tr>\n<tr>\n<td colspan=\"2\">Diameter of the light spot<\/td>\n<td>approx. 2 mm at a distance of 150 mm<\/td>\n<\/tr>\n<tr>\n<td colspan=\"2\">Angle of divergence<\/td>\n<td>approx. 1 \u00b0<\/td>\n<\/tr>\n<tr>\n<td colspan=\"2\">Ambient light limit<\/td>\n<td>EN 60947-5-2 : 30000 Lux<\/td>\n<\/tr>\n<tr>\n<th colspan=\"3\">Functional safety related parameters<\/th>\n<\/tr>\n<tr>\n<td colspan=\"2\">MTTF<sub>d<\/sub><\/td>\n<td>560 a<\/td>\n<\/tr>\n<tr>\n<td colspan=\"2\">Mission Time (T<sub>M<\/sub>)<\/td>\n<td>20 a<\/td>\n<\/tr>\n<tr>\n<td colspan=\"2\">Diagnostic Coverage (DC)<\/td>\n<td>0 %<\/td>\n<\/tr>\n<tr>\n<th colspan=\"3\">Indicators\/operating means<\/th>\n<\/tr>\n<tr>\n<td colspan=\"2\">Operation indicator<\/td>\n<td>LED green:<br \/>\nconstantly on &#8211; power on<br \/>\nflashing (4Hz) &#8211; short circuit<br \/>\nflashing with short break (1 Hz) &#8211; IO-Link mode<\/td>\n<\/tr>\n<tr>\n<td colspan=\"2\">Function indicator<\/td>\n<td>LED yellow:<br \/>\nconstantly on &#8211; switch output active<br \/>\nconstantly off &#8211; switch output inactive<\/td>\n<\/tr>\n<tr>\n<td colspan=\"2\">Control elements<\/td>\n<td>Teach-In key<\/td>\n<\/tr>\n<tr>\n<td colspan=\"2\">Control elements<\/td>\n<td>5-step rotary switch for operating modes selection<\/td>\n<\/tr>\n<tr>\n<th colspan=\"3\">Electrical specifications<\/th>\n<\/tr>\n<tr>\n<td colspan=\"2\">Operating voltage<\/td>\n<td>10 &#8230; 30 V DC<\/td>\n<\/tr>\n<tr>\n<td colspan=\"2\">Ripple<\/td>\n<td>max. 10 %<\/td>\n<\/tr>\n<tr>\n<td colspan=\"2\">No-load supply current<\/td>\n<td>&lt; 20 mA at 24 V supply voltage<\/td>\n<\/tr>\n<tr>\n<td colspan=\"2\">Protection class<\/td>\n<td>III<\/td>\n<\/tr>\n<tr>\n<th colspan=\"3\">Interface<\/th>\n<\/tr>\n<tr>\n<td colspan=\"2\">Interface type<\/td>\n<td>IO-Link ( via C\/Q = BK )<\/td>\n<\/tr>\n<tr>\n<td colspan=\"2\">Device profile<\/td>\n<td>Smart Sensor<\/td>\n<\/tr>\n<tr>\n<td colspan=\"2\">Transfer rate<\/td>\n<td>COM\u00a02 (38.4 kBaud)<\/td>\n<\/tr>\n<tr>\n<td colspan=\"2\">IO-Link Revision<\/td>\n<td>1.1<\/td>\n<\/tr>\n<tr>\n<td colspan=\"2\">Min. cycle time<\/td>\n<td>2.3 ms<\/td>\n<\/tr>\n<tr>\n<td colspan=\"2\">Process data width<\/td>\n<td>Process data input 2\u00a0Bit<br \/>\nProcess data output 2\u00a0Bit<\/td>\n<\/tr>\n<tr>\n<td colspan=\"2\">SIO mode support<\/td>\n<td>yes<\/td>\n<\/tr>\n<tr>\n<td colspan=\"2\">Device ID<\/td>\n<td>0x110802 (1116162)<\/td>\n<\/tr>\n<tr>\n<td colspan=\"2\">Compatible master port type<\/td>\n<td>A<\/td>\n<\/tr>\n<tr>\n<th colspan=\"3\">Output<\/th>\n<\/tr>\n<tr>\n<td colspan=\"2\">Switching type<\/td>\n<td>The default setting is:<br \/>\nC\/Q &#8211; BK: NPN normally open, PNP normally closed, IO-Link<br \/>\nQ2 &#8211; WH: NPN normally open, PNP normally closed<\/td>\n<\/tr>\n<tr>\n<td colspan=\"2\">Signal output<\/td>\n<td>2 push-pull (4 in 1)outputs, short-circuit protected, reverse polarity protected, overvoltage protected<\/td>\n<\/tr>\n<tr>\n<td colspan=\"2\">Switching voltage<\/td>\n<td>max. 30 V DC<\/td>\n<\/tr>\n<tr>\n<td colspan=\"2\">Switching current<\/td>\n<td>max. 100 mA , resistive load<\/td>\n<\/tr>\n<tr>\n<td colspan=\"2\">Usage category<\/td>\n<td>DC-12 and DC-13<\/td>\n<\/tr>\n<tr>\n<td colspan=\"2\">Voltage drop<\/td>\n<td>\u2264 1.5 V DC<\/td>\n<\/tr>\n<tr>\n<td colspan=\"2\">Switching frequency<\/td>\n<td>217 Hz<\/td>\n<\/tr>\n<tr>\n<td colspan=\"2\">Response time<\/td>\n<td>2.3 ms<\/td>\n<\/tr>\n<tr>\n<th colspan=\"3\">Conformity<\/th>\n<\/tr>\n<tr>\n<td colspan=\"2\">Communication interface<\/td>\n<td>IEC 61131-9<\/td>\n<\/tr>\n<tr>\n<td colspan=\"2\">Product standard<\/td>\n<td>EN 60947-5-2<\/td>\n<\/tr>\n<tr>\n<td colspan=\"2\">Laser safety<\/td>\n<td>EN 60825-1:2014<\/td>\n<\/tr>\n<tr>\n<th colspan=\"3\">Approvals and certificates<\/th>\n<\/tr>\n<tr>\n<td colspan=\"2\">UL approval<\/td>\n<td>E87056 , cULus Listed , class 2 power supply , type rating 1<\/td>\n<\/tr>\n<tr>\n<td colspan=\"2\">FDA approval<\/td>\n<td>IEC 60825-1:2007 Complies with 21 CFR 1040.10 and 1040.11 except for deviations pursuant to Laser Notice No. 50, dated June 24, 2007<\/td>\n<\/tr>\n<tr>\n<th colspan=\"3\">Ambient conditions<\/th>\n<\/tr>\n<tr>\n<td colspan=\"2\">Ambient temperature<\/td>\n<td>-40 &#8230; 60 \u00b0C (-40 &#8230; 140 \u00b0F) , fixed cable<br \/>\n-25 &#8230; 60 \u00b0C (-13 &#8230; 140 \u00b0F) , movable cable not appropriate for conveyor chains<\/td>\n<\/tr>\n<tr>\n<td colspan=\"2\">Storage temperature<\/td>\n<td>-40 &#8230; 70 \u00b0C (-40 &#8230; 158 \u00b0F)<\/td>\n<\/tr>\n<tr>\n<th colspan=\"3\">Mechanical specifications<\/th>\n<\/tr>\n<tr>\n<td colspan=\"2\">Housing width<\/td>\n<td>13.9 mm<\/td>\n<\/tr>\n<tr>\n<td colspan=\"2\">Housing height<\/td>\n<td>33.8 mm<\/td>\n<\/tr>\n<tr>\n<td colspan=\"2\">Housing depth<\/td>\n<td>18.3 mm<\/td>\n<\/tr>\n<tr>\n<td colspan=\"2\">Degree of protection<\/td>\n<td>IP67 \/ IP69 \/ IP69K<\/td>\n<\/tr>\n<tr>\n<td colspan=\"2\">Connection<\/td>\n<td>2 m fixed cable<\/td>\n<\/tr>\n<tr>\n<td colspan=\"2\">Material<\/td>\n<td><\/td>\n<\/tr>\n<tr>\n<td><\/td>\n<td>Housing<\/td>\n<td class=\"subattribute\">PC (Polycarbonate)<\/td>\n<\/tr>\n<tr>\n<td><\/td>\n<td>Optical face<\/td>\n<td class=\"subattribute\">PMMA<\/td>\n<\/tr>\n<tr>\n<td colspan=\"2\">Mass<\/td>\n<td>approx. 36 g<\/td>\n<\/tr>\n<tr>\n<td colspan=\"2\">Cable length<\/td>\n<td>2 m<\/td>\n<\/tr>\n<\/tbody>\n<\/table>\n<p>&nbsp;<\/p>\n<p><span style=\"color: #0000ff;\"><strong>Classifications<\/strong><\/span><\/p>\n<table class=\"standard enum\">\n<tbody>\n<tr>\n<th>System<\/th>\n<th>Classcode<\/th>\n<\/tr>\n<tr>\n<td>ECLASS 11.0<\/td>\n<td>27270801<\/td>\n<\/tr>\n<tr>\n<td>ECLASS 10.0.1<\/td>\n<td>27270801<\/td>\n<\/tr>\n<tr>\n<td>ECLASS 9.0<\/td>\n<td>27270801<\/td>\n<\/tr>\n<tr>\n<td>ECLASS 8.0<\/td>\n<td>27270801<\/td>\n<\/tr>\n<tr>\n<td>ECLASS 5.1<\/td>\n<td>27270801<\/td>\n<\/tr>\n<tr>\n<td>ETIM 8.0<\/td>\n<td>EC001825<\/td>\n<\/tr>\n<tr>\n<td>ETIM 7.0<\/td>\n<td>EC001825<\/td>\n<\/tr>\n<tr>\n<td>ETIM 6.0<\/td>\n<td>EC001825<\/td>\n<\/tr>\n<tr>\n<td>ETIM 5.0<\/td>\n<td>EC001825<\/td>\n<\/tr>\n<tr>\n<td>UNSPSC 12.1<\/td>\n<td>41111613<\/td>\n<\/tr>\n<\/tbody>\n<\/table>\n<p><\/p>","protected":false},"excerpt":{"rendered":"<ul id=\"productfeatures\">\n<li>Miniature design with versatile mounting options<\/li>\n<li>Multi Pixel Technology (MPT) &#8211; flexibility and adaptability<\/li>\n<li>Reduction of device variety &#8211; several switch points within one sensor<\/li>\n<li>DuraBeam Laser Sensors &#8211; durable and employable like an LED<\/li>\n<li>Reliable detection of all surfaces, independent of color and structure<\/li>\n<li>IO-link interface for service and process data<\/li>\n<\/ul>\n","protected":false},"featured_media":678,"comment_status":"open","ping_status":"closed","template":"","meta":[],"product_cat":[24,25],"product_tag":[],"yoast_head":"<!-- This site is optimized with the Yoast SEO plugin v16.6.1 - https:\/\/yoast.com\/wordpress\/plugins\/seo\/ -->\n<title>OQT150-R101-2EP-IO-L - NEW SKY CO.,LTD<\/title>\n<meta name=\"robots\" content=\"index, follow, max-snippet:-1, max-image-preview:large, max-video-preview:-1\" \/>\n<link rel=\"canonical\" href=\"https:\/\/newskyvn.com\/product\/oqt150-r101-2ep-io-l\/\" \/>\n<meta property=\"og:locale\" content=\"en_US\" \/>\n<meta property=\"og:type\" content=\"article\" \/>\n<meta property=\"og:title\" content=\"OQT150-R101-2EP-IO-L - NEW SKY CO.,LTD\" \/>\n<meta property=\"og:description\" content=\"[:vi]  Thi\u1ebft k\u1ebf thu nh\u1ecf v\u1edbi c\u00e1c t\u00f9y ch\u1ecdn l\u1eafp \u0111\u1eb7t linh ho\u1ea1t  C\u00f4ng ngh\u1ec7 \u0111a \u0111i\u1ec3m \u1ea3nh (MPT) - t\u00ednh linh ho\u1ea1t v\u00e0 kh\u1ea3 n\u0103ng th\u00edch \u1ee9ng  Gi\u1ea3m s\u1ef1 \u0111a d\u1ea1ng c\u1ee7a thi\u1ebft b\u1ecb - m\u1ed9t s\u1ed1 \u0111i\u1ec3m chuy\u1ec3n \u0111\u1ed5i trong m\u1ed9t c\u1ea3m bi\u1ebfn  C\u1ea3m bi\u1ebfn Laser DuraBeam - b\u1ec1n v\u00e0 c\u00f3 th\u1ec3 s\u1eed d\u1ee5ng nh\u01b0 \u0111\u00e8n LED  Ph\u00e1t hi\u1ec7n \u0111\u00e1ng tin c\u1eady t\u1ea5t c\u1ea3 c\u00e1c b\u1ec1 m\u1eb7t, kh\u00f4ng ph\u1ee5 thu\u1ed9c v\u00e0o m\u00e0u s\u1eafc v\u00e0 c\u1ea5u tr\u00fac  Giao di\u1ec7n li\u00ean k\u1ebft IO cho d\u1eef li\u1ec7u d\u1ecbch v\u1ee5 v\u00e0 quy tr\u00ecnh [:en]  Miniature design with versatile mounting options  Multi Pixel Technology (MPT) - flexibility and adaptability  Reduction of device variety - several switch points within one sensor  DuraBeam Laser Sensors - durable and employable like an LED  Reliable detection of all surfaces, independent of color and structure  IO-link interface for service and process data [:]\" \/>\n<meta property=\"og:url\" content=\"https:\/\/newskyvn.com\/product\/oqt150-r101-2ep-io-l\/\" \/>\n<meta property=\"og:site_name\" content=\"NEW SKY CO.,LTD\" \/>\n<meta property=\"article:modified_time\" content=\"2021-09-09T09:51:25+00:00\" \/>\n<meta property=\"og:image\" content=\"https:\/\/newskyvn.com\/wp-content\/uploads\/2021\/09\/QT150.jpg\" \/>\n\t<meta property=\"og:image:width\" content=\"500\" \/>\n\t<meta property=\"og:image:height\" content=\"500\" \/>\n<meta name=\"twitter:card\" content=\"summary_large_image\" \/>\n<meta name=\"twitter:label1\" content=\"Est. reading time\" \/>\n\t<meta name=\"twitter:data1\" content=\"3 minutes\" \/>\n<script type=\"application\/ld+json\" class=\"yoast-schema-graph\">{\"@context\":\"https:\/\/schema.org\",\"@graph\":[{\"@type\":\"WebSite\",\"@id\":\"https:\/\/newskyvn.com\/#website\",\"url\":\"https:\/\/newskyvn.com\/\",\"name\":\"NEW SKY CO.,LTD\",\"description\":\"C\\u00f4ng Ty TNHH S\\u1ea3n Xu\\u1ea5t Th\\u01b0\\u01a1ng M\\u1ea1i D\\u1ecbch V\\u1ee5 T\\u00e2n Thi\\u00ean\",\"potentialAction\":[{\"@type\":\"SearchAction\",\"target\":{\"@type\":\"EntryPoint\",\"urlTemplate\":\"https:\/\/newskyvn.com\/?s={search_term_string}\"},\"query-input\":\"required name=search_term_string\"}],\"inLanguage\":\"en-US\"},{\"@type\":\"ImageObject\",\"@id\":\"https:\/\/newskyvn.com\/product\/oqt150-r101-2ep-io-l\/#primaryimage\",\"inLanguage\":\"en-US\",\"url\":\"https:\/\/newskyvn.com\/wp-content\/uploads\/2021\/09\/QT150.jpg\",\"contentUrl\":\"https:\/\/newskyvn.com\/wp-content\/uploads\/2021\/09\/QT150.jpg\",\"width\":500,\"height\":500},{\"@type\":\"WebPage\",\"@id\":\"https:\/\/newskyvn.com\/product\/oqt150-r101-2ep-io-l\/#webpage\",\"url\":\"https:\/\/newskyvn.com\/product\/oqt150-r101-2ep-io-l\/\",\"name\":\"OQT150-R101-2EP-IO-L - NEW SKY CO.,LTD\",\"isPartOf\":{\"@id\":\"https:\/\/newskyvn.com\/#website\"},\"primaryImageOfPage\":{\"@id\":\"https:\/\/newskyvn.com\/product\/oqt150-r101-2ep-io-l\/#primaryimage\"},\"datePublished\":\"2021-09-09T09:51:24+00:00\",\"dateModified\":\"2021-09-09T09:51:25+00:00\",\"breadcrumb\":{\"@id\":\"https:\/\/newskyvn.com\/product\/oqt150-r101-2ep-io-l\/#breadcrumb\"},\"inLanguage\":\"en-US\",\"potentialAction\":[{\"@type\":\"ReadAction\",\"target\":[\"https:\/\/newskyvn.com\/product\/oqt150-r101-2ep-io-l\/\"]}]},{\"@type\":\"BreadcrumbList\",\"@id\":\"https:\/\/newskyvn.com\/product\/oqt150-r101-2ep-io-l\/#breadcrumb\",\"itemListElement\":[{\"@type\":\"ListItem\",\"position\":1,\"name\":\"Product\",\"item\":\"https:\/\/newskyvn.com\/en\/san-pham\/\"},{\"@type\":\"ListItem\",\"position\":2,\"name\":\"OQT150-R101-2EP-IO-L\"}]}]}<\/script>\n<!-- \/ Yoast SEO plugin. -->","_links":{"self":[{"href":"https:\/\/newskyvn.com\/en\/wp-json\/wp\/v2\/product\/676"}],"collection":[{"href":"https:\/\/newskyvn.com\/en\/wp-json\/wp\/v2\/product"}],"about":[{"href":"https:\/\/newskyvn.com\/en\/wp-json\/wp\/v2\/types\/product"}],"replies":[{"embeddable":true,"href":"https:\/\/newskyvn.com\/en\/wp-json\/wp\/v2\/comments?post=676"}],"wp:featuredmedia":[{"embeddable":true,"href":"https:\/\/newskyvn.com\/en\/wp-json\/wp\/v2\/media\/678"}],"wp:attachment":[{"href":"https:\/\/newskyvn.com\/en\/wp-json\/wp\/v2\/media?parent=676"}],"wp:term":[{"taxonomy":"product_cat","embeddable":true,"href":"https:\/\/newskyvn.com\/en\/wp-json\/wp\/v2\/product_cat?post=676"},{"taxonomy":"product_tag","embeddable":true,"href":"https:\/\/newskyvn.com\/en\/wp-json\/wp\/v2\/product_tag?post=676"}],"curies":[{"name":"wp","href":"https:\/\/api.w.org\/{rel}","templated":true}]}}