{"id":650,"date":"2021-09-09T07:14:35","date_gmt":"2021-09-09T07:14:35","guid":{"rendered":"https:\/\/newskyvn.com\/?post_type=product&#038;p=650"},"modified":"2021-09-09T07:15:34","modified_gmt":"2021-09-09T07:15:34","slug":"ml100-8-h-250-bu-95-103","status":"publish","type":"product","link":"https:\/\/newskyvn.com\/en\/product\/ml100-8-h-250-bu-95-103\/","title":{"rendered":"ML100-8-H-250-BU \/ 95\/103"},"content":{"rendered":"<p><\/p>\n<p id=\"techdata\"><strong><span style=\"color: #0000ff;\">Datasheet excerpt: Technical data of\u00a0 ML100-8-H-250-BU\/95\/103<\/span><\/strong><\/p>\n<table class=\"standard enum\">\n<tbody>\n<tr>\n<th colspan=\"2\">Product Description<\/th>\n<\/tr>\n<tr>\n<td colspan=\"3\">Triangulation sensor with background suppression, 250 mm adjustable detection range, blue light, light\/dark on, pnp output, M8 plug 4-pin<\/td>\n<\/tr>\n<\/tbody>\n<\/table>\n<table class=\"standard enum\">\n<tbody>\n<tr>\n<th colspan=\"3\">General specifications<\/th>\n<\/tr>\n<tr>\n<td colspan=\"2\">Detection range<\/td>\n<td>5 &#8230; 250 mm<\/td>\n<\/tr>\n<tr>\n<td colspan=\"2\">Detection range min.<\/td>\n<td>5 &#8230; 30 mm<\/td>\n<\/tr>\n<tr>\n<td colspan=\"2\">Detection range max.<\/td>\n<td>5 &#8230; 250 mm<\/td>\n<\/tr>\n<tr>\n<td colspan=\"2\">Adjustment range<\/td>\n<td>30 &#8230; 250 mm<\/td>\n<\/tr>\n<tr>\n<td colspan=\"2\">Reference target<\/td>\n<td>standard white, 100 mm x 100 mm<\/td>\n<\/tr>\n<tr>\n<td colspan=\"2\">Light source<\/td>\n<td>LED<\/td>\n<\/tr>\n<tr>\n<td colspan=\"2\">Light type<\/td>\n<td>modulated visible blue light<\/td>\n<\/tr>\n<tr>\n<td colspan=\"2\">Polarization filter<\/td>\n<td>no<\/td>\n<\/tr>\n<tr>\n<td colspan=\"2\">Black-white difference (6 %\/90 %)<\/td>\n<td>&lt;30% at 250 mm, &lt;20% at 200 mm, &lt;10% at 150 mm<\/td>\n<\/tr>\n<tr>\n<td colspan=\"2\">Diameter of the light spot<\/td>\n<td>approx. 14 mm at a distance of 250 mm<\/td>\n<\/tr>\n<tr>\n<td colspan=\"2\">Angle of divergence<\/td>\n<td>approx. 4 \u00b0<\/td>\n<\/tr>\n<tr>\n<td colspan=\"2\">Optical face<\/td>\n<td>frontal<\/td>\n<\/tr>\n<tr>\n<td colspan=\"2\">Ambient light limit<\/td>\n<td>EN 60947-5-2<\/td>\n<\/tr>\n<tr>\n<th colspan=\"3\">Functional safety related parameters<\/th>\n<\/tr>\n<tr>\n<td colspan=\"2\">MTTF<sub>d<\/sub><\/td>\n<td>840 a<\/td>\n<\/tr>\n<tr>\n<td colspan=\"2\">Mission Time (T<sub>M<\/sub>)<\/td>\n<td>20 a<\/td>\n<\/tr>\n<tr>\n<td colspan=\"2\">Diagnostic Coverage (DC)<\/td>\n<td>0 %<\/td>\n<\/tr>\n<tr>\n<th colspan=\"3\">Indicators\/operating means<\/th>\n<\/tr>\n<tr>\n<td colspan=\"2\">Operation indicator<\/td>\n<td>LED green: power on<\/td>\n<\/tr>\n<tr>\n<td colspan=\"2\">Function indicator<\/td>\n<td>LED yellow: lights when object is detected<\/td>\n<\/tr>\n<tr>\n<td colspan=\"2\">Control elements<\/td>\n<td>Sensing range adjuster<\/td>\n<\/tr>\n<tr>\n<td colspan=\"2\">Control elements<\/td>\n<td>Light-on\/dark-on changeover switch<\/td>\n<\/tr>\n<tr>\n<th colspan=\"3\">Electrical specifications<\/th>\n<\/tr>\n<tr>\n<td colspan=\"2\">Operating voltage<\/td>\n<td>10 &#8230; 30 V DC<\/td>\n<\/tr>\n<tr>\n<td colspan=\"2\">Ripple<\/td>\n<td>max. 10 %<\/td>\n<\/tr>\n<tr>\n<td colspan=\"2\">No-load supply current<\/td>\n<td>&lt; 20 mA<\/td>\n<\/tr>\n<tr>\n<th colspan=\"3\">Output<\/th>\n<\/tr>\n<tr>\n<td colspan=\"2\">Switching type<\/td>\n<td>The switching type of the sensor is adjustable. The default setting is: light-on<\/td>\n<\/tr>\n<tr>\n<td colspan=\"2\">Signal output<\/td>\n<td>1 PNP output, short-circuit protected, reverse polarity protected, open collector<\/td>\n<\/tr>\n<tr>\n<td colspan=\"2\">Switching voltage<\/td>\n<td>max. 30 V DC<\/td>\n<\/tr>\n<tr>\n<td colspan=\"2\">Switching current<\/td>\n<td>max. 100 mA , resistive load<\/td>\n<\/tr>\n<tr>\n<td colspan=\"2\">Voltage drop<\/td>\n<td>\u2264 1.5 V DC<\/td>\n<\/tr>\n<tr>\n<td colspan=\"2\">Switching frequency<\/td>\n<td>500 Hz<\/td>\n<\/tr>\n<tr>\n<td colspan=\"2\">Response time<\/td>\n<td>1 ms<\/td>\n<\/tr>\n<tr>\n<th colspan=\"3\">Conformity<\/th>\n<\/tr>\n<tr>\n<td colspan=\"2\">Product standard<\/td>\n<td>EN 60947-5-2<\/td>\n<\/tr>\n<tr>\n<th colspan=\"3\">Approvals and certificates<\/th>\n<\/tr>\n<tr>\n<td colspan=\"2\">UL approval<\/td>\n<td>cULus Listed, Class 2 Power Source or listed Power Supply with a limited voltage output with (maybe integrated) fuse (max. 3.3 A according UL248), Type 1 enclosure<\/td>\n<\/tr>\n<tr>\n<td colspan=\"2\">CCC approval<\/td>\n<td>CCC approval \/ marking not required for products rated \u226436 V<\/td>\n<\/tr>\n<tr>\n<th colspan=\"3\">Ambient conditions<\/th>\n<\/tr>\n<tr>\n<td colspan=\"2\">Ambient temperature<\/td>\n<td>-30 &#8230; 60 \u00b0C (-22 &#8230; 140 \u00b0F)<\/td>\n<\/tr>\n<tr>\n<td colspan=\"2\">Storage temperature<\/td>\n<td>-40 &#8230; 70 \u00b0C (-40 &#8230; 158 \u00b0F)<\/td>\n<\/tr>\n<tr>\n<th colspan=\"3\">Mechanical specifications<\/th>\n<\/tr>\n<tr>\n<td colspan=\"2\">Housing width<\/td>\n<td>11 mm<\/td>\n<\/tr>\n<tr>\n<td colspan=\"2\">Housing height<\/td>\n<td>31 mm<\/td>\n<\/tr>\n<tr>\n<td colspan=\"2\">Housing depth<\/td>\n<td>20 mm<\/td>\n<\/tr>\n<tr>\n<td colspan=\"2\">Degree of protection<\/td>\n<td>IP67<\/td>\n<\/tr>\n<tr>\n<td colspan=\"2\">Connection<\/td>\n<td>Connector M8 x 1 , 4-pin<\/td>\n<\/tr>\n<tr>\n<td colspan=\"2\">Material<\/td>\n<td><\/td>\n<\/tr>\n<tr>\n<td><\/td>\n<td>Housing<\/td>\n<td class=\"subattribute\">PC (Polycarbonate)<\/td>\n<\/tr>\n<tr>\n<td><\/td>\n<td>Optical face<\/td>\n<td class=\"subattribute\">PMMA<\/td>\n<\/tr>\n<tr>\n<td colspan=\"2\">Mass<\/td>\n<td>approx. 10 g<\/td>\n<\/tr>\n<tr>\n<td colspan=\"2\">Tightening torque, fastening screws<\/td>\n<td>0.6 Nm<\/td>\n<\/tr>\n<\/tbody>\n<\/table>\n<p>&nbsp;<\/p>\n<p><span style=\"color: #0000ff;\"><strong>Classifications<\/strong><\/span><\/p>\n<table class=\"standard enum\">\n<tbody>\n<tr>\n<th>System<\/th>\n<th>Classcode<\/th>\n<\/tr>\n<tr>\n<td>ECLASS 11.0<\/td>\n<td>27270904<\/td>\n<\/tr>\n<tr>\n<td>ECLASS 10.0.1<\/td>\n<td>27270904<\/td>\n<\/tr>\n<tr>\n<td>ECLASS 9.0<\/td>\n<td>27270904<\/td>\n<\/tr>\n<tr>\n<td>ECLASS 8.0<\/td>\n<td>27270904<\/td>\n<\/tr>\n<tr>\n<td>ECLASS 5.1<\/td>\n<td>27270904<\/td>\n<\/tr>\n<tr>\n<td>ETIM 8.0<\/td>\n<td>EC002719<\/td>\n<\/tr>\n<tr>\n<td>ETIM 7.0<\/td>\n<td>EC002719<\/td>\n<\/tr>\n<tr>\n<td>ETIM 6.0<\/td>\n<td>EC002719<\/td>\n<\/tr>\n<tr>\n<td>ETIM 5.0<\/td>\n<td>EC002719<\/td>\n<\/tr>\n<tr>\n<td>UNSPSC 12.1<\/td>\n<td>39121528<\/td>\n<\/tr>\n<\/tbody>\n<\/table>\n<p><\/p>","protected":false},"excerpt":{"rendered":"<ul id=\"productfeatures\">\n<li>Miniature design<\/li>\n<li>Easy to use<\/li>\n<li>Full metal thread mounting<\/li>\n<li>Highly visible LEDs for Power ON and switching state<\/li>\n<li>Not sensitive to ambient light<\/li>\n<li>Very bright, highly visible blue light spot<\/li>\n<\/ul>\n","protected":false},"featured_media":651,"comment_status":"open","ping_status":"closed","template":"","meta":[],"product_cat":[24,36],"product_tag":[],"yoast_head":"<!-- This site is optimized with the Yoast SEO plugin v16.6.1 - https:\/\/yoast.com\/wordpress\/plugins\/seo\/ -->\n<title>ML100-8-H-250-BU \/ 95\/103 - NEW SKY CO.,LTD<\/title>\n<meta name=\"robots\" content=\"index, follow, max-snippet:-1, max-image-preview:large, max-video-preview:-1\" \/>\n<link rel=\"canonical\" href=\"https:\/\/newskyvn.com\/product\/ml100-8-h-250-bu-95-103\/\" \/>\n<meta property=\"og:locale\" content=\"en_US\" \/>\n<meta property=\"og:type\" content=\"article\" \/>\n<meta property=\"og:title\" content=\"ML100-8-H-250-BU \/ 95\/103 - NEW SKY CO.,LTD\" \/>\n<meta property=\"og:description\" content=\"[:vi]  Thi\u1ebft k\u1ebf thu nh\u1ecf  D\u1ec5 s\u1eed d\u1ee5ng  G\u1eafn ren ho\u00e0n to\u00e0n b\u1eb1ng kim lo\u1ea1i  \u0110\u00e8n LED hi\u1ec3n th\u1ecb r\u00f5 r\u00e0ng cho tr\u1ea1ng th\u00e1i B\u1eacT ngu\u1ed3n v\u00e0 chuy\u1ec3n m\u1ea1ch  Kh\u00f4ng nh\u1ea1y c\u1ea3m v\u1edbi \u00e1nh s\u00e1ng xung quanh  \u0110i\u1ec3m \u00e1nh s\u00e1ng xanh lam r\u1ea5t s\u00e1ng, r\u1ea5t d\u1ec5 nh\u00ecn th\u1ea5y [:en]  Miniature design  Easy to use  Full metal thread mounting  Highly visible LEDs for Power ON and switching state  Not sensitive to ambient light  Very bright, highly visible blue light spot [:]\" \/>\n<meta property=\"og:url\" content=\"https:\/\/newskyvn.com\/product\/ml100-8-h-250-bu-95-103\/\" \/>\n<meta property=\"og:site_name\" content=\"NEW SKY CO.,LTD\" \/>\n<meta property=\"article:modified_time\" content=\"2021-09-09T07:15:34+00:00\" \/>\n<meta property=\"og:image\" content=\"https:\/\/newskyvn.com\/wp-content\/uploads\/2021\/09\/ML100_BU.jpg\" \/>\n\t<meta property=\"og:image:width\" content=\"500\" \/>\n\t<meta property=\"og:image:height\" content=\"500\" \/>\n<meta name=\"twitter:card\" content=\"summary_large_image\" \/>\n<meta name=\"twitter:label1\" content=\"Est. reading time\" \/>\n\t<meta name=\"twitter:data1\" content=\"2 minutes\" \/>\n<script type=\"application\/ld+json\" class=\"yoast-schema-graph\">{\"@context\":\"https:\/\/schema.org\",\"@graph\":[{\"@type\":\"WebSite\",\"@id\":\"https:\/\/newskyvn.com\/#website\",\"url\":\"https:\/\/newskyvn.com\/\",\"name\":\"NEW SKY CO.,LTD\",\"description\":\"C\\u00f4ng Ty TNHH S\\u1ea3n Xu\\u1ea5t Th\\u01b0\\u01a1ng M\\u1ea1i D\\u1ecbch V\\u1ee5 T\\u00e2n Thi\\u00ean\",\"potentialAction\":[{\"@type\":\"SearchAction\",\"target\":{\"@type\":\"EntryPoint\",\"urlTemplate\":\"https:\/\/newskyvn.com\/?s={search_term_string}\"},\"query-input\":\"required name=search_term_string\"}],\"inLanguage\":\"en-US\"},{\"@type\":\"ImageObject\",\"@id\":\"https:\/\/newskyvn.com\/product\/ml100-8-h-250-bu-95-103\/#primaryimage\",\"inLanguage\":\"en-US\",\"url\":\"https:\/\/newskyvn.com\/wp-content\/uploads\/2021\/09\/ML100_BU.jpg\",\"contentUrl\":\"https:\/\/newskyvn.com\/wp-content\/uploads\/2021\/09\/ML100_BU.jpg\",\"width\":500,\"height\":500},{\"@type\":\"WebPage\",\"@id\":\"https:\/\/newskyvn.com\/product\/ml100-8-h-250-bu-95-103\/#webpage\",\"url\":\"https:\/\/newskyvn.com\/product\/ml100-8-h-250-bu-95-103\/\",\"name\":\"ML100-8-H-250-BU \/ 95\/103 - NEW SKY CO.,LTD\",\"isPartOf\":{\"@id\":\"https:\/\/newskyvn.com\/#website\"},\"primaryImageOfPage\":{\"@id\":\"https:\/\/newskyvn.com\/product\/ml100-8-h-250-bu-95-103\/#primaryimage\"},\"datePublished\":\"2021-09-09T07:14:35+00:00\",\"dateModified\":\"2021-09-09T07:15:34+00:00\",\"breadcrumb\":{\"@id\":\"https:\/\/newskyvn.com\/product\/ml100-8-h-250-bu-95-103\/#breadcrumb\"},\"inLanguage\":\"en-US\",\"potentialAction\":[{\"@type\":\"ReadAction\",\"target\":[\"https:\/\/newskyvn.com\/product\/ml100-8-h-250-bu-95-103\/\"]}]},{\"@type\":\"BreadcrumbList\",\"@id\":\"https:\/\/newskyvn.com\/product\/ml100-8-h-250-bu-95-103\/#breadcrumb\",\"itemListElement\":[{\"@type\":\"ListItem\",\"position\":1,\"name\":\"Product\",\"item\":\"https:\/\/newskyvn.com\/en\/san-pham\/\"},{\"@type\":\"ListItem\",\"position\":2,\"name\":\"ML100-8-H-250-BU \/ 95\/103\"}]}]}<\/script>\n<!-- \/ Yoast SEO plugin. -->","_links":{"self":[{"href":"https:\/\/newskyvn.com\/en\/wp-json\/wp\/v2\/product\/650"}],"collection":[{"href":"https:\/\/newskyvn.com\/en\/wp-json\/wp\/v2\/product"}],"about":[{"href":"https:\/\/newskyvn.com\/en\/wp-json\/wp\/v2\/types\/product"}],"replies":[{"embeddable":true,"href":"https:\/\/newskyvn.com\/en\/wp-json\/wp\/v2\/comments?post=650"}],"wp:featuredmedia":[{"embeddable":true,"href":"https:\/\/newskyvn.com\/en\/wp-json\/wp\/v2\/media\/651"}],"wp:attachment":[{"href":"https:\/\/newskyvn.com\/en\/wp-json\/wp\/v2\/media?parent=650"}],"wp:term":[{"taxonomy":"product_cat","embeddable":true,"href":"https:\/\/newskyvn.com\/en\/wp-json\/wp\/v2\/product_cat?post=650"},{"taxonomy":"product_tag","embeddable":true,"href":"https:\/\/newskyvn.com\/en\/wp-json\/wp\/v2\/product_tag?post=650"}],"curies":[{"name":"wp","href":"https:\/\/api.w.org\/{rel}","templated":true}]}}