{"id":616,"date":"2021-09-08T09:57:24","date_gmt":"2021-09-08T09:57:24","guid":{"rendered":"http:\/\/thanh.halink.asia\/newskyvn\/?post_type=product&#038;p=616"},"modified":"2021-09-08T09:57:24","modified_gmt":"2021-09-08T09:57:24","slug":"obg8000-r200-2ep-io-v1","status":"publish","type":"product","link":"https:\/\/newskyvn.com\/en\/product\/obg8000-r200-2ep-io-v1\/","title":{"rendered":"OBG8000-R200-2EP-IO-V1"},"content":{"rendered":"<p>&nbsp;<\/p>\n<p id=\"techdata\"><strong><span style=\"color: #0000ff;\">Datasheet excerpt: Technical data of\u00a0 OBG8000-R200-2EP-IO-V1<\/span><\/strong><\/p>\n<table class=\"standard enum\">\n<tbody>\n<tr>\n<th colspan=\"2\">Product Description<\/th>\n<\/tr>\n<tr>\n<td colspan=\"3\">Retroreflective sensor with polarization filter for clear object detection<\/td>\n<\/tr>\n<\/tbody>\n<\/table>\n<table class=\"standard enum\">\n<tbody>\n<tr>\n<th colspan=\"3\">General specifications<\/th>\n<\/tr>\n<tr>\n<td colspan=\"2\">Effective detection range<\/td>\n<td>0 &#8230; 5.6 m in TEACH mode ; 0 &#8230; 8 m at switch position &#8220;N&#8221;<\/td>\n<\/tr>\n<tr>\n<td colspan=\"2\">Reflector distance<\/td>\n<td>0 &#8230; 5.6 m in TEACH mode ; 0 &#8230; 8 m at switch position &#8220;N&#8221;<\/td>\n<\/tr>\n<tr>\n<td colspan=\"2\">Threshold detection range<\/td>\n<td>9 m<\/td>\n<\/tr>\n<tr>\n<td colspan=\"2\">Reference target<\/td>\n<td>H85-2 reflector<\/td>\n<\/tr>\n<tr>\n<td colspan=\"2\">Light source<\/td>\n<td>LED<\/td>\n<\/tr>\n<tr>\n<td colspan=\"2\">Light type<\/td>\n<td>modulated visible red light<\/td>\n<\/tr>\n<tr>\n<td colspan=\"2\">LED risk group labelling<\/td>\n<td>exempt group<\/td>\n<\/tr>\n<tr>\n<td colspan=\"2\">Polarization filter<\/td>\n<td>yes<\/td>\n<\/tr>\n<tr>\n<td colspan=\"2\">Diameter of the light spot<\/td>\n<td>approx. 170 mm at a distance of 3.5 m<\/td>\n<\/tr>\n<tr>\n<td colspan=\"2\">Angle of divergence<\/td>\n<td>approx. 5 \u00b0<\/td>\n<\/tr>\n<tr>\n<td colspan=\"2\">Ambient light limit<\/td>\n<td>EN 60947-5-2 : 18000 Lux<\/td>\n<\/tr>\n<tr>\n<th colspan=\"3\">Functional safety related parameters<\/th>\n<\/tr>\n<tr>\n<td colspan=\"2\">MTTF<sub>d<\/sub><\/td>\n<td>600 a<\/td>\n<\/tr>\n<tr>\n<td colspan=\"2\">Mission Time (T<sub>M<\/sub>)<\/td>\n<td>20 a<\/td>\n<\/tr>\n<tr>\n<td colspan=\"2\">Diagnostic Coverage (DC)<\/td>\n<td>0 %<\/td>\n<\/tr>\n<tr>\n<th colspan=\"3\">Indicators\/operating means<\/th>\n<\/tr>\n<tr>\n<td colspan=\"2\">Operation indicator<\/td>\n<td>LED green:<br \/>\nconstantly on &#8211; power on<br \/>\nflashing (4Hz) &#8211; short circuit<br \/>\nflashing with short break (1 Hz) &#8211; IO-Link mode<\/td>\n<\/tr>\n<tr>\n<td colspan=\"2\">Function indicator<\/td>\n<td>Yellow LED:<br \/>\nPermanently lit &#8211; light path clear<br \/>\nPermanently off &#8211; object detected<br \/>\nFlashing (4\u00a0Hz) &#8211; insufficient operating reserve<\/td>\n<\/tr>\n<tr>\n<td colspan=\"2\">Control elements<\/td>\n<td>Teach-In key<\/td>\n<\/tr>\n<tr>\n<td colspan=\"2\">Control elements<\/td>\n<td>5-step rotary switch for operating modes selection<\/td>\n<\/tr>\n<tr>\n<td colspan=\"2\">Contrast detection levels<\/td>\n<td>10 % &#8211; clean, water filled PET bottles<br \/>\n18 % &#8211; clear glass bottles<br \/>\n40 % &#8211; colored glass or opaque materials<br \/>\nAdjustable via rotary switch<\/td>\n<\/tr>\n<tr>\n<th colspan=\"3\">Electrical specifications<\/th>\n<\/tr>\n<tr>\n<td colspan=\"2\">Operating voltage<\/td>\n<td>10 &#8230; 30 V DC<\/td>\n<\/tr>\n<tr>\n<td colspan=\"2\">Ripple<\/td>\n<td>max. 10 %<\/td>\n<\/tr>\n<tr>\n<td colspan=\"2\">No-load supply current<\/td>\n<td>&lt; 25 mA at 24 V supply voltage<\/td>\n<\/tr>\n<tr>\n<td colspan=\"2\">Protection class<\/td>\n<td>III<\/td>\n<\/tr>\n<tr>\n<th colspan=\"3\">Interface<\/th>\n<\/tr>\n<tr>\n<td colspan=\"2\">Interface type<\/td>\n<td>IO-Link ( via C\/Q = pin 4 )<\/td>\n<\/tr>\n<tr>\n<td colspan=\"2\">Device profile<\/td>\n<td>Identification and diagnosis<br \/>\nSmart Sensor type 2.4<\/td>\n<\/tr>\n<tr>\n<td colspan=\"2\">Transfer rate<\/td>\n<td>COM\u00a02 (38.4 kBaud)<\/td>\n<\/tr>\n<tr>\n<td colspan=\"2\">IO-Link Revision<\/td>\n<td>1.1<\/td>\n<\/tr>\n<tr>\n<td colspan=\"2\">Min. cycle time<\/td>\n<td>2.3 ms<\/td>\n<\/tr>\n<tr>\n<td colspan=\"2\">Process data width<\/td>\n<td>Process data input 2\u00a0Bit<br \/>\nProcess data output 2\u00a0Bit<\/td>\n<\/tr>\n<tr>\n<td colspan=\"2\">SIO mode support<\/td>\n<td>yes<\/td>\n<\/tr>\n<tr>\n<td colspan=\"2\">Device ID<\/td>\n<td>0x111A01 (1120769)<\/td>\n<\/tr>\n<tr>\n<td colspan=\"2\">Compatible master port type<\/td>\n<td>A<\/td>\n<\/tr>\n<tr>\n<th colspan=\"3\">Output<\/th>\n<\/tr>\n<tr>\n<td colspan=\"2\">Switching type<\/td>\n<td>The switching type of the sensor is adjustable. The default setting is:<br \/>\nC\/Q &#8211; Pin4: NPN normally open \/ dark-on, PNP normally closed \/ light-on, IO-Link<br \/>\n\/Q &#8211; Pin2: NPN normally closed \/ light-on, PNP normally open \/ dark-on<\/td>\n<\/tr>\n<tr>\n<td colspan=\"2\">Signal output<\/td>\n<td>2 push-pull (4 in 1)outputs, short-circuit protected, reverse polarity protected, overvoltage protected<\/td>\n<\/tr>\n<tr>\n<td colspan=\"2\">Switching voltage<\/td>\n<td>max. 30 V DC<\/td>\n<\/tr>\n<tr>\n<td colspan=\"2\">Switching current<\/td>\n<td>max. 100 mA , resistive load<\/td>\n<\/tr>\n<tr>\n<td colspan=\"2\">Usage category<\/td>\n<td>DC-12 and DC-13<\/td>\n<\/tr>\n<tr>\n<td colspan=\"2\">Voltage drop<\/td>\n<td>\u2264 1.5 V DC<\/td>\n<\/tr>\n<tr>\n<td colspan=\"2\">Switching frequency<\/td>\n<td>500 Hz<\/td>\n<\/tr>\n<tr>\n<td colspan=\"2\">Response time<\/td>\n<td>1 ms<\/td>\n<\/tr>\n<tr>\n<th colspan=\"3\">Conformity<\/th>\n<\/tr>\n<tr>\n<td colspan=\"2\">Communication interface<\/td>\n<td>IEC 61131-9<\/td>\n<\/tr>\n<tr>\n<td colspan=\"2\">Product standard<\/td>\n<td>EN 60947-5-2<\/td>\n<\/tr>\n<tr>\n<th colspan=\"3\">Approvals and certificates<\/th>\n<\/tr>\n<tr>\n<td colspan=\"2\">UL approval<\/td>\n<td>E87056 , cULus Listed , class 2 power supply , type rating 1<\/td>\n<\/tr>\n<tr>\n<td colspan=\"2\">CCC approval<\/td>\n<td>CCC approval \/ marking not required for products rated \u226436 V<\/td>\n<\/tr>\n<tr>\n<th colspan=\"3\">Ambient conditions<\/th>\n<\/tr>\n<tr>\n<td colspan=\"2\">Ambient temperature<\/td>\n<td>-20 &#8230; 60 \u00b0C (-4 &#8230; 140 \u00b0F)<\/td>\n<\/tr>\n<tr>\n<td colspan=\"2\">Storage temperature<\/td>\n<td>-40 &#8230; 70 \u00b0C (-40 &#8230; 158 \u00b0F)<\/td>\n<\/tr>\n<tr>\n<th colspan=\"3\">Mechanical specifications<\/th>\n<\/tr>\n<tr>\n<td colspan=\"2\">Housing width<\/td>\n<td>15 mm<\/td>\n<\/tr>\n<tr>\n<td colspan=\"2\">Housing height<\/td>\n<td>50.6 mm<\/td>\n<\/tr>\n<tr>\n<td colspan=\"2\">Housing depth<\/td>\n<td>41.7 mm<\/td>\n<\/tr>\n<tr>\n<td colspan=\"2\">Degree of protection<\/td>\n<td>IP67 \/ IP69 \/ IP69K<\/td>\n<\/tr>\n<tr>\n<td colspan=\"2\">Connection<\/td>\n<td>4-pin, M12 x 1 connector, 90\u00b0 rotatable<\/td>\n<\/tr>\n<tr>\n<td colspan=\"2\">Material<\/td>\n<td><\/td>\n<\/tr>\n<tr>\n<td><\/td>\n<td>Housing<\/td>\n<td class=\"subattribute\">PC (Polycarbonate)<\/td>\n<\/tr>\n<tr>\n<td><\/td>\n<td>Optical face<\/td>\n<td class=\"subattribute\">PMMA<\/td>\n<\/tr>\n<tr>\n<td colspan=\"2\">Mass<\/td>\n<td>approx. 37 g<\/td>\n<\/tr>\n<tr>\n<td colspan=\"2\">Cable length<\/td>\n<td>0.3 m<\/td>\n<\/tr>\n<\/tbody>\n<\/table>\n<p>&nbsp;<\/p>\n<p><span style=\"color: #0000ff;\"><strong>Classifications<\/strong><\/span><\/p>\n<table class=\"standard enum\">\n<tbody>\n<tr>\n<th>System<\/th>\n<th>Classcode<\/th>\n<\/tr>\n<tr>\n<td>ECLASS 11.0<\/td>\n<td>27270903<\/td>\n<\/tr>\n<tr>\n<td>ECLASS 10.0.1<\/td>\n<td>27270903<\/td>\n<\/tr>\n<tr>\n<td>ECLASS 9.0<\/td>\n<td>27270903<\/td>\n<\/tr>\n<tr>\n<td>ECLASS 8.0<\/td>\n<td>27270903<\/td>\n<\/tr>\n<tr>\n<td>ECLASS 5.1<\/td>\n<td>27270903<\/td>\n<\/tr>\n<tr>\n<td>ETIM 8.0<\/td>\n<td>EC001821<\/td>\n<\/tr>\n<tr>\n<td>ETIM 7.0<\/td>\n<td>EC001821<\/td>\n<\/tr>\n<tr>\n<td>ETIM 6.0<\/td>\n<td>EC001821<\/td>\n<\/tr>\n<tr>\n<td>ETIM 5.0<\/td>\n<td>EC001821<\/td>\n<\/tr>\n<tr>\n<td>UNSPSC 12.1<\/td>\n<td>39121528<\/td>\n<\/tr>\n<\/tbody>\n<\/table>\n<p><\/p>","protected":false},"excerpt":{"rendered":"<ul id=\"productfeatures\">\n<li>Medium design with versatile mounting options<\/li>\n<li>Detects transparent objects, i.e., clear glass, PET and transparent films<\/li>\n<li>Two machines in one: clear object detection or reflection operating mode with long range<\/li>\n<li>High degree of protection IP69K<\/li>\n<li>IO-link interface for service and process data<\/li>\n<\/ul>\n","protected":false},"featured_media":617,"comment_status":"open","ping_status":"closed","template":"","meta":[],"product_cat":[24,43],"product_tag":[],"yoast_head":"<!-- This site is optimized with the Yoast SEO plugin v16.6.1 - https:\/\/yoast.com\/wordpress\/plugins\/seo\/ -->\n<title>OBG8000-R200-2EP-IO-V1 - NEW SKY CO.,LTD<\/title>\n<meta name=\"robots\" content=\"index, follow, max-snippet:-1, max-image-preview:large, max-video-preview:-1\" \/>\n<link rel=\"canonical\" href=\"https:\/\/newskyvn.com\/product\/obg8000-r200-2ep-io-v1\/\" \/>\n<meta property=\"og:locale\" content=\"en_US\" \/>\n<meta property=\"og:type\" content=\"article\" \/>\n<meta property=\"og:title\" content=\"OBG8000-R200-2EP-IO-V1 - NEW SKY CO.,LTD\" \/>\n<meta property=\"og:description\" content=\"[:vi]  Thi\u1ebft k\u1ebf trung b\u00ecnh v\u1edbi c\u00e1c t\u00f9y ch\u1ecdn l\u1eafp \u0111\u1eb7t linh ho\u1ea1t  Ph\u00e1t hi\u1ec7n c\u00e1c v\u1eadt th\u1ec3 trong su\u1ed1t, t\u1ee9c l\u00e0 k\u00ednh trong, PET v\u00e0 phim trong su\u1ed1t  Hai m\u00e1y trong m\u1ed9t: ph\u00e1t hi\u1ec7n \u0111\u1ed1i t\u01b0\u1ee3ng r\u00f5 r\u00e0ng ho\u1eb7c ch\u1ebf \u0111\u1ed9 ho\u1ea1t \u0111\u1ed9ng ph\u1ea3n chi\u1ebfu v\u1edbi t\u1ea7m xa  M\u1ee9c \u0111\u1ed9 b\u1ea3o v\u1ec7 cao IP69K  Giao di\u1ec7n IO-link cho d\u1eef li\u1ec7u d\u1ecbch v\u1ee5 v\u00e0 quy tr\u00ecnh [:en]  Medium design with versatile mounting options  Detects transparent objects, i.e., clear glass, PET and transparent films  Two machines in one: clear object detection or reflection operating mode with long range  High degree of protection IP69K  IO-link interface for service and process data [:]\" \/>\n<meta property=\"og:url\" content=\"https:\/\/newskyvn.com\/product\/obg8000-r200-2ep-io-v1\/\" \/>\n<meta property=\"og:site_name\" content=\"NEW SKY CO.,LTD\" \/>\n<meta property=\"og:image\" content=\"http:\/\/newskyvn.com\/wp-content\/uploads\/2021\/09\/OBG8000.jpg\" \/>\n\t<meta property=\"og:image:width\" content=\"500\" \/>\n\t<meta property=\"og:image:height\" content=\"500\" \/>\n<meta name=\"twitter:card\" content=\"summary_large_image\" \/>\n<meta name=\"twitter:label1\" content=\"Est. reading time\" \/>\n\t<meta name=\"twitter:data1\" content=\"3 minutes\" \/>\n<script type=\"application\/ld+json\" class=\"yoast-schema-graph\">{\"@context\":\"https:\/\/schema.org\",\"@graph\":[{\"@type\":\"WebSite\",\"@id\":\"https:\/\/newskyvn.com\/#website\",\"url\":\"https:\/\/newskyvn.com\/\",\"name\":\"NEW SKY CO.,LTD\",\"description\":\"C\\u00f4ng Ty TNHH S\\u1ea3n Xu\\u1ea5t Th\\u01b0\\u01a1ng M\\u1ea1i D\\u1ecbch V\\u1ee5 T\\u00e2n Thi\\u00ean\",\"potentialAction\":[{\"@type\":\"SearchAction\",\"target\":{\"@type\":\"EntryPoint\",\"urlTemplate\":\"https:\/\/newskyvn.com\/?s={search_term_string}\"},\"query-input\":\"required name=search_term_string\"}],\"inLanguage\":\"en-US\"},{\"@type\":\"ImageObject\",\"@id\":\"https:\/\/newskyvn.com\/product\/obg8000-r200-2ep-io-v1\/#primaryimage\",\"inLanguage\":\"en-US\",\"url\":\"https:\/\/newskyvn.com\/wp-content\/uploads\/2021\/09\/OBG8000.jpg\",\"contentUrl\":\"https:\/\/newskyvn.com\/wp-content\/uploads\/2021\/09\/OBG8000.jpg\",\"width\":500,\"height\":500},{\"@type\":\"WebPage\",\"@id\":\"https:\/\/newskyvn.com\/product\/obg8000-r200-2ep-io-v1\/#webpage\",\"url\":\"https:\/\/newskyvn.com\/product\/obg8000-r200-2ep-io-v1\/\",\"name\":\"OBG8000-R200-2EP-IO-V1 - NEW SKY CO.,LTD\",\"isPartOf\":{\"@id\":\"https:\/\/newskyvn.com\/#website\"},\"primaryImageOfPage\":{\"@id\":\"https:\/\/newskyvn.com\/product\/obg8000-r200-2ep-io-v1\/#primaryimage\"},\"datePublished\":\"2021-09-08T09:57:24+00:00\",\"dateModified\":\"2021-09-08T09:57:24+00:00\",\"breadcrumb\":{\"@id\":\"https:\/\/newskyvn.com\/product\/obg8000-r200-2ep-io-v1\/#breadcrumb\"},\"inLanguage\":\"en-US\",\"potentialAction\":[{\"@type\":\"ReadAction\",\"target\":[\"https:\/\/newskyvn.com\/product\/obg8000-r200-2ep-io-v1\/\"]}]},{\"@type\":\"BreadcrumbList\",\"@id\":\"https:\/\/newskyvn.com\/product\/obg8000-r200-2ep-io-v1\/#breadcrumb\",\"itemListElement\":[{\"@type\":\"ListItem\",\"position\":1,\"name\":\"Product\",\"item\":\"https:\/\/newskyvn.com\/en\/san-pham\/\"},{\"@type\":\"ListItem\",\"position\":2,\"name\":\"OBG8000-R200-2EP-IO-V1\"}]}]}<\/script>\n<!-- \/ Yoast SEO plugin. -->","_links":{"self":[{"href":"https:\/\/newskyvn.com\/en\/wp-json\/wp\/v2\/product\/616"}],"collection":[{"href":"https:\/\/newskyvn.com\/en\/wp-json\/wp\/v2\/product"}],"about":[{"href":"https:\/\/newskyvn.com\/en\/wp-json\/wp\/v2\/types\/product"}],"replies":[{"embeddable":true,"href":"https:\/\/newskyvn.com\/en\/wp-json\/wp\/v2\/comments?post=616"}],"wp:featuredmedia":[{"embeddable":true,"href":"https:\/\/newskyvn.com\/en\/wp-json\/wp\/v2\/media\/617"}],"wp:attachment":[{"href":"https:\/\/newskyvn.com\/en\/wp-json\/wp\/v2\/media?parent=616"}],"wp:term":[{"taxonomy":"product_cat","embeddable":true,"href":"https:\/\/newskyvn.com\/en\/wp-json\/wp\/v2\/product_cat?post=616"},{"taxonomy":"product_tag","embeddable":true,"href":"https:\/\/newskyvn.com\/en\/wp-json\/wp\/v2\/product_tag?post=616"}],"curies":[{"name":"wp","href":"https:\/\/api.w.org\/{rel}","templated":true}]}}