{"id":588,"date":"2021-09-08T04:18:09","date_gmt":"2021-09-08T04:18:09","guid":{"rendered":"http:\/\/thanh.halink.asia\/newskyvn\/?post_type=product&#038;p=588"},"modified":"2021-09-30T02:54:22","modified_gmt":"2021-09-30T02:54:22","slug":"obe2000-r2-se2","status":"publish","type":"product","link":"https:\/\/newskyvn.com\/en\/product\/obe2000-r2-se2\/","title":{"rendered":"OBE2000-R2-SE2"},"content":{"rendered":"<p><\/p>\n<p id=\"techdata\"><strong><span style=\"color: #0000ff;\">Datasheet excerpt: Technical data of\u00a0 OBE2000-R3-SE0<\/span><\/strong><\/p>\n<table class=\"standard enum\">\n<tbody>\n<tr>\n<th colspan=\"2\">Product Description<\/th>\n<\/tr>\n<tr>\n<td colspan=\"3\">Thru-beam sensor for standard applications, miniature design, 2000\u00a0mm detection range, red light, dark on, NPN output, fixed cable<\/td>\n<\/tr>\n<\/tbody>\n<\/table>\n<table class=\"standard enum\">\n<tbody>\n<tr>\n<th colspan=\"3\">System components<\/th>\n<\/tr>\n<tr>\n<td colspan=\"2\">Emitter<\/td>\n<td>OBE2000-R3<\/td>\n<\/tr>\n<tr>\n<td colspan=\"2\">Receiver<\/td>\n<td>OBE2000-R3-E0<\/td>\n<\/tr>\n<tr>\n<th colspan=\"3\">General specifications<\/th>\n<\/tr>\n<tr>\n<td colspan=\"2\">Effective detection range<\/td>\n<td>Long range mode: 0 &#8230; 2 m<br \/>\nHigh precision mode: 0 &#8230; 200 mm<\/td>\n<\/tr>\n<tr>\n<td colspan=\"2\">Threshold detection range<\/td>\n<td>Long range mode: 2.5 m<br \/>\nHigh precision mode: 300 mm<\/td>\n<\/tr>\n<tr>\n<td colspan=\"2\">Light source<\/td>\n<td>LED<\/td>\n<\/tr>\n<tr>\n<td colspan=\"2\">Light type<\/td>\n<td>modulated visible red light , 630 nm<\/td>\n<\/tr>\n<tr>\n<td colspan=\"2\">Angle deviation<\/td>\n<td>approx. 2 \u00b0<\/td>\n<\/tr>\n<tr>\n<td colspan=\"2\">Diameter of the light spot<\/td>\n<td>Long range mode: 150 mm at a distance of 2000 mm High precision mode: 0.5 mm at a distance of 50 mm<\/td>\n<\/tr>\n<tr>\n<td colspan=\"2\">Angle of divergence<\/td>\n<td>approx. 2 \u00b0<\/td>\n<\/tr>\n<tr>\n<td colspan=\"2\">Optical face<\/td>\n<td>frontal<\/td>\n<\/tr>\n<tr>\n<td colspan=\"2\">Ambient light limit<\/td>\n<td>EN 60947-5-2 : 30000 Lux<\/td>\n<\/tr>\n<tr>\n<th colspan=\"3\">Functional safety related parameters<\/th>\n<\/tr>\n<tr>\n<td colspan=\"2\">MTTF<sub>d<\/sub><\/td>\n<td>806 a<\/td>\n<\/tr>\n<tr>\n<td colspan=\"2\">Mission Time (T<sub>M<\/sub>)<\/td>\n<td>20 a<\/td>\n<\/tr>\n<tr>\n<td colspan=\"2\">Diagnostic Coverage (DC)<\/td>\n<td>0 %<\/td>\n<\/tr>\n<tr>\n<th colspan=\"3\">Indicators\/operating means<\/th>\n<\/tr>\n<tr>\n<td colspan=\"2\">Operation indicator<\/td>\n<td>LED green, statically lit Power on , short-circuit : LED green flashing (approx. 4 Hz)<\/td>\n<\/tr>\n<tr>\n<td colspan=\"2\">Function indicator<\/td>\n<td>Receiver: LED yellow, lights up when light beam is free, flashes when falling short of the stability control ; OFF when light beam is interrupted<\/td>\n<\/tr>\n<tr>\n<th colspan=\"3\">Electrical specifications<\/th>\n<\/tr>\n<tr>\n<td colspan=\"2\">Operating voltage<\/td>\n<td>10 &#8230; 30 V DC , class 2<\/td>\n<\/tr>\n<tr>\n<td colspan=\"2\">No-load supply current<\/td>\n<td>Emitter: \u2264 11 mA<br \/>\nReceiver: \u2264 8 mA<\/td>\n<\/tr>\n<tr>\n<th colspan=\"3\">Input<\/th>\n<\/tr>\n<tr>\n<td colspan=\"2\">Control input<\/td>\n<td>Emitter selection BK: not connected, Long Range mode BK: 0 V, High Precicion Mode<\/td>\n<\/tr>\n<tr>\n<td colspan=\"2\">Switching threshold<\/td>\n<td>Teach-In input<\/td>\n<\/tr>\n<tr>\n<th colspan=\"3\">Output<\/th>\n<\/tr>\n<tr>\n<td colspan=\"2\">Switching type<\/td>\n<td>NO contact<\/td>\n<\/tr>\n<tr>\n<td colspan=\"2\">Signal output<\/td>\n<td>1 NPN output, short-circuit protected, reverse polarity protected, open collector<\/td>\n<\/tr>\n<tr>\n<td colspan=\"2\">Switching voltage<\/td>\n<td>max. 30 V DC<\/td>\n<\/tr>\n<tr>\n<td colspan=\"2\">Switching current<\/td>\n<td>max. 50 mA , resistive load<\/td>\n<\/tr>\n<tr>\n<td colspan=\"2\">Voltage drop<\/td>\n<td>\u2264 1.5 V DC<\/td>\n<\/tr>\n<tr>\n<td colspan=\"2\">Switching frequency<\/td>\n<td>approx. 800 Hz<\/td>\n<\/tr>\n<tr>\n<td colspan=\"2\">Response time<\/td>\n<td>600 \u00b5s<\/td>\n<\/tr>\n<tr>\n<th colspan=\"3\">Conformity<\/th>\n<\/tr>\n<tr>\n<td colspan=\"2\">Product standard<\/td>\n<td>EN 60947-5-2<\/td>\n<\/tr>\n<tr>\n<th colspan=\"3\">Approvals and certificates<\/th>\n<\/tr>\n<tr>\n<td colspan=\"2\">UL approval<\/td>\n<td>cULus Recognized, Class 2 Power Source<\/td>\n<\/tr>\n<tr>\n<td colspan=\"2\">CCC approval<\/td>\n<td>CCC approval \/ marking not required for products rated \u226436 V<\/td>\n<\/tr>\n<tr>\n<th colspan=\"3\">Ambient conditions<\/th>\n<\/tr>\n<tr>\n<td colspan=\"2\">Ambient temperature<\/td>\n<td>-25 &#8230; 60 \u00b0C (-13 &#8230; 140 \u00b0F)<\/td>\n<\/tr>\n<tr>\n<td colspan=\"2\">Storage temperature<\/td>\n<td>-30 &#8230; 70 \u00b0C (-22 &#8230; 158 \u00b0F)<\/td>\n<\/tr>\n<tr>\n<th colspan=\"3\">Mechanical specifications<\/th>\n<\/tr>\n<tr>\n<td colspan=\"2\">Housing width<\/td>\n<td>7.5 mm<\/td>\n<\/tr>\n<tr>\n<td colspan=\"2\">Housing height<\/td>\n<td>26 mm<\/td>\n<\/tr>\n<tr>\n<td colspan=\"2\">Housing depth<\/td>\n<td>13.8 mm<\/td>\n<\/tr>\n<tr>\n<td colspan=\"2\">Degree of protection<\/td>\n<td>IP67<\/td>\n<\/tr>\n<tr>\n<td colspan=\"2\">Connection<\/td>\n<td>2 m fixed cable<\/td>\n<\/tr>\n<tr>\n<td colspan=\"2\">Material<\/td>\n<td><\/td>\n<\/tr>\n<tr>\n<td><\/td>\n<td>Housing<\/td>\n<td class=\"subattribute\">PC\/ABS and TPU<\/td>\n<\/tr>\n<tr>\n<td><\/td>\n<td>Optical face<\/td>\n<td class=\"subattribute\">glass<\/td>\n<\/tr>\n<tr>\n<td><\/td>\n<td>Cable<\/td>\n<td class=\"subattribute\">PUR<\/td>\n<\/tr>\n<tr>\n<td colspan=\"2\">Mass<\/td>\n<td>approx. 20 g Per sensor<\/td>\n<\/tr>\n<tr>\n<td colspan=\"2\">Cable length<\/td>\n<td>2 m<\/td>\n<\/tr>\n<\/tbody>\n<\/table>\n<p>&nbsp;<\/p>\n<p><strong><span style=\"color: #0000ff;\">Classifications<\/span><\/strong><\/p>\n<table class=\"standard enum\">\n<tbody>\n<tr>\n<th>System<\/th>\n<th>Classcode<\/th>\n<\/tr>\n<tr>\n<td>ECLASS 11.0<\/td>\n<td>27270901<\/td>\n<\/tr>\n<tr>\n<td>ECLASS 10.0.1<\/td>\n<td>27270901<\/td>\n<\/tr>\n<tr>\n<td>ECLASS 9.0<\/td>\n<td>27270901<\/td>\n<\/tr>\n<tr>\n<td>ECLASS 8.0<\/td>\n<td>27270901<\/td>\n<\/tr>\n<tr>\n<td>ECLASS 5.1<\/td>\n<td>27270901<\/td>\n<\/tr>\n<tr>\n<td>ETIM 8.0<\/td>\n<td>EC002716<\/td>\n<\/tr>\n<tr>\n<td>ETIM 7.0<\/td>\n<td>EC002716<\/td>\n<\/tr>\n<tr>\n<td>ETIM 6.0<\/td>\n<td>EC002716<\/td>\n<\/tr>\n<tr>\n<td>ETIM 5.0<\/td>\n<td>EC002716<\/td>\n<\/tr>\n<tr>\n<td>UNSPSC 12.1<\/td>\n<td>39121528<\/td>\n<\/tr>\n<\/tbody>\n<\/table>\n<p><\/p>","protected":false},"excerpt":{"rendered":"<ul id=\"productfeatures\">\n<li>45\u00b0 cable outlet for maximum mounting freedom under extremely tight space constraints<\/li>\n<li>Improvement in machine availability with abrasion-resistant, antistatic glass front<\/li>\n<li>Extremely large detection range in Long Range Mode<\/li>\n<li>Option of switching to high precision mode for greater switching accuracy<\/li>\n<\/ul>\n","protected":false},"featured_media":590,"comment_status":"open","ping_status":"closed","template":"","meta":[],"product_cat":[24,44],"product_tag":[],"yoast_head":"<!-- This site is optimized with the Yoast SEO plugin v16.6.1 - https:\/\/yoast.com\/wordpress\/plugins\/seo\/ -->\n<title>OBE2000-R2-SE2 - NEW SKY CO.,LTD<\/title>\n<meta name=\"robots\" content=\"index, follow, max-snippet:-1, max-image-preview:large, max-video-preview:-1\" \/>\n<link rel=\"canonical\" href=\"https:\/\/newskyvn.com\/product\/obe2000-r2-se2\/\" \/>\n<meta property=\"og:locale\" content=\"en_US\" \/>\n<meta property=\"og:type\" content=\"article\" \/>\n<meta property=\"og:title\" content=\"OBE2000-R2-SE2 - NEW SKY CO.,LTD\" \/>\n<meta property=\"og:description\" content=\"[:vi]  \u0111u\u1ed1i c\u00e1p c\u00e1p 45 \u00b0 cho kh\u1ea3 n\u0103ng t\u1ef1 do l\u1eafp \u0111\u1eb7t t\u1ed1i \u0111a trong \u0111i\u1ec1u ki\u1ec7n h\u1ea1n ch\u1ebf v\u1ec1 kh\u00f4ng gian c\u1ef1c k\u1ef3 ch\u1eadt h\u1eb9p  C\u1ea3i thi\u1ec7n t\u00ednh kh\u1ea3 d\u1ee5ng c\u1ee7a m\u00e1y v\u1edbi m\u1eb7t tr\u01b0\u1edbc b\u1eb1ng k\u00ednh ch\u1ed1ng m\u00e0i m\u00f2n, ch\u1ed1ng t\u0129nh \u0111i\u1ec7n  Ph\u1ea1m vi ph\u00e1t hi\u1ec7n c\u1ef1c l\u1edbn trong Ch\u1ebf \u0111\u1ed9 Ph\u1ea1m vi d\u00e0i  T\u00f9y ch\u1ecdn chuy\u1ec3n sang ch\u1ebf \u0111\u1ed9 ch\u00ednh x\u00e1c cao \u0111\u1ec3 chuy\u1ec3n \u0111\u1ed5i \u0111\u1ed9 ch\u00ednh x\u00e1c cao h\u01a1n [:en]  45\u00b0 cable outlet for maximum mounting freedom under extremely tight space constraints  Improvement in machine availability with abrasion-resistant, antistatic glass front  Extremely large detection range in Long Range Mode  Option of switching to high precision mode for greater switching accuracy [:]\" \/>\n<meta property=\"og:url\" content=\"https:\/\/newskyvn.com\/product\/obe2000-r2-se2\/\" \/>\n<meta property=\"og:site_name\" content=\"NEW SKY CO.,LTD\" \/>\n<meta property=\"article:modified_time\" content=\"2021-09-30T02:54:22+00:00\" \/>\n<meta property=\"og:image\" content=\"https:\/\/newskyvn.com\/wp-content\/uploads\/2021\/09\/OBE2000.jpg\" \/>\n\t<meta property=\"og:image:width\" content=\"500\" \/>\n\t<meta property=\"og:image:height\" content=\"500\" \/>\n<meta name=\"twitter:card\" content=\"summary_large_image\" \/>\n<meta name=\"twitter:label1\" content=\"Est. reading time\" \/>\n\t<meta name=\"twitter:data1\" content=\"2 minutes\" \/>\n<script type=\"application\/ld+json\" class=\"yoast-schema-graph\">{\"@context\":\"https:\/\/schema.org\",\"@graph\":[{\"@type\":\"WebSite\",\"@id\":\"https:\/\/newskyvn.com\/#website\",\"url\":\"https:\/\/newskyvn.com\/\",\"name\":\"NEW SKY CO.,LTD\",\"description\":\"C\\u00f4ng Ty TNHH S\\u1ea3n Xu\\u1ea5t Th\\u01b0\\u01a1ng M\\u1ea1i D\\u1ecbch V\\u1ee5 T\\u00e2n Thi\\u00ean\",\"potentialAction\":[{\"@type\":\"SearchAction\",\"target\":{\"@type\":\"EntryPoint\",\"urlTemplate\":\"https:\/\/newskyvn.com\/?s={search_term_string}\"},\"query-input\":\"required name=search_term_string\"}],\"inLanguage\":\"en-US\"},{\"@type\":\"ImageObject\",\"@id\":\"https:\/\/newskyvn.com\/product\/obe2000-r2-se2\/#primaryimage\",\"inLanguage\":\"en-US\",\"url\":\"https:\/\/newskyvn.com\/wp-content\/uploads\/2021\/09\/OBE2000.jpg\",\"contentUrl\":\"https:\/\/newskyvn.com\/wp-content\/uploads\/2021\/09\/OBE2000.jpg\",\"width\":500,\"height\":500},{\"@type\":\"WebPage\",\"@id\":\"https:\/\/newskyvn.com\/product\/obe2000-r2-se2\/#webpage\",\"url\":\"https:\/\/newskyvn.com\/product\/obe2000-r2-se2\/\",\"name\":\"OBE2000-R2-SE2 - NEW SKY CO.,LTD\",\"isPartOf\":{\"@id\":\"https:\/\/newskyvn.com\/#website\"},\"primaryImageOfPage\":{\"@id\":\"https:\/\/newskyvn.com\/product\/obe2000-r2-se2\/#primaryimage\"},\"datePublished\":\"2021-09-08T04:18:09+00:00\",\"dateModified\":\"2021-09-30T02:54:22+00:00\",\"breadcrumb\":{\"@id\":\"https:\/\/newskyvn.com\/product\/obe2000-r2-se2\/#breadcrumb\"},\"inLanguage\":\"en-US\",\"potentialAction\":[{\"@type\":\"ReadAction\",\"target\":[\"https:\/\/newskyvn.com\/product\/obe2000-r2-se2\/\"]}]},{\"@type\":\"BreadcrumbList\",\"@id\":\"https:\/\/newskyvn.com\/product\/obe2000-r2-se2\/#breadcrumb\",\"itemListElement\":[{\"@type\":\"ListItem\",\"position\":1,\"name\":\"Product\",\"item\":\"https:\/\/newskyvn.com\/en\/san-pham\/\"},{\"@type\":\"ListItem\",\"position\":2,\"name\":\"OBE2000-R2-SE2\"}]}]}<\/script>\n<!-- \/ Yoast SEO plugin. -->","_links":{"self":[{"href":"https:\/\/newskyvn.com\/en\/wp-json\/wp\/v2\/product\/588"}],"collection":[{"href":"https:\/\/newskyvn.com\/en\/wp-json\/wp\/v2\/product"}],"about":[{"href":"https:\/\/newskyvn.com\/en\/wp-json\/wp\/v2\/types\/product"}],"replies":[{"embeddable":true,"href":"https:\/\/newskyvn.com\/en\/wp-json\/wp\/v2\/comments?post=588"}],"wp:featuredmedia":[{"embeddable":true,"href":"https:\/\/newskyvn.com\/en\/wp-json\/wp\/v2\/media\/590"}],"wp:attachment":[{"href":"https:\/\/newskyvn.com\/en\/wp-json\/wp\/v2\/media?parent=588"}],"wp:term":[{"taxonomy":"product_cat","embeddable":true,"href":"https:\/\/newskyvn.com\/en\/wp-json\/wp\/v2\/product_cat?post=588"},{"taxonomy":"product_tag","embeddable":true,"href":"https:\/\/newskyvn.com\/en\/wp-json\/wp\/v2\/product_tag?post=588"}],"curies":[{"name":"wp","href":"https:\/\/api.w.org\/{rel}","templated":true}]}}