{"id":582,"date":"2021-09-08T03:05:09","date_gmt":"2021-09-08T03:05:09","guid":{"rendered":"http:\/\/thanh.halink.asia\/newskyvn\/?post_type=product&#038;p=582"},"modified":"2021-09-08T03:18:44","modified_gmt":"2021-09-08T03:18:44","slug":"obe1500-r2f-se0-l","status":"publish","type":"product","link":"https:\/\/newskyvn.com\/en\/product\/obe1500-r2f-se0-l\/","title":{"rendered":"OBE1500-R2F-SE0-L"},"content":{"rendered":"<p>&nbsp;<\/p>\n<p id=\"techdata\"><strong><span style=\"color: #0000ff;\">Datasheet excerpt: Technical data of\u00a0 OBE1500-R2F-SE0-<\/span><\/strong>L<\/p>\n<table class=\"standard enum\">\n<tbody>\n<tr>\n<th colspan=\"2\">Product Description<\/th>\n<\/tr>\n<tr>\n<td colspan=\"3\">Thru-beam sensor, flat design, space-saving M2 mounting, 1500 mm detection range, red light, dark on, NPN output, fixed cable<\/td>\n<\/tr>\n<\/tbody>\n<\/table>\n<table class=\"standard enum\">\n<tbody>\n<tr>\n<th colspan=\"3\">System components<\/th>\n<\/tr>\n<tr>\n<td colspan=\"2\">Emitter<\/td>\n<td>OBE1500-R2F-S-L<\/td>\n<\/tr>\n<tr>\n<td colspan=\"2\">Receiver<\/td>\n<td>OBE1500-R2F-E0-L<\/td>\n<\/tr>\n<tr>\n<th colspan=\"3\">General specifications<\/th>\n<\/tr>\n<tr>\n<td colspan=\"2\">Effective detection range<\/td>\n<td>0 &#8230; 1500 mm<\/td>\n<\/tr>\n<tr>\n<td colspan=\"2\">Threshold detection range<\/td>\n<td>2100 mm<\/td>\n<\/tr>\n<tr>\n<td colspan=\"2\">Light source<\/td>\n<td>LASER LIGHT<\/td>\n<\/tr>\n<tr>\n<td colspan=\"2\">Light type<\/td>\n<td>modulated visible red light , 680 nm<\/td>\n<\/tr>\n<tr>\n<td colspan=\"2\">Laser nominal ratings<\/td>\n<td><\/td>\n<\/tr>\n<tr>\n<td><\/td>\n<td>Note<\/td>\n<td class=\"subattribute\">LASER LIGHT , DO NOT STARE INTO BEAM<\/td>\n<\/tr>\n<tr>\n<td><\/td>\n<td>Laser class<\/td>\n<td class=\"subattribute\">1<\/td>\n<\/tr>\n<tr>\n<td><\/td>\n<td>Wave length<\/td>\n<td class=\"subattribute\">680 nm<\/td>\n<\/tr>\n<tr>\n<td><\/td>\n<td>Beam divergence<\/td>\n<td class=\"subattribute\">&gt; 5 mrad<\/td>\n<\/tr>\n<tr>\n<td><\/td>\n<td>Pulse length<\/td>\n<td class=\"subattribute\">approx. 3 \u00b5s<\/td>\n<\/tr>\n<tr>\n<td><\/td>\n<td>Repetition rate<\/td>\n<td class=\"subattribute\">approx. 16.6 kHz<\/td>\n<\/tr>\n<tr>\n<td><\/td>\n<td>max. pulse energy<\/td>\n<td class=\"subattribute\">8 nJ<\/td>\n<\/tr>\n<tr>\n<td colspan=\"2\">Angle deviation<\/td>\n<td>approx. 0.5 \u00b0<\/td>\n<\/tr>\n<tr>\n<td colspan=\"2\">Object size<\/td>\n<td>typ. starts from 0.7 mm ; typ. from 0.3 mm (after teach-in)<\/td>\n<\/tr>\n<tr>\n<td colspan=\"2\">Diameter of the light spot<\/td>\n<td>approx. 20 mm at a distance of 1.5 m<\/td>\n<\/tr>\n<tr>\n<td colspan=\"2\">Angle of divergence<\/td>\n<td>approx. 1 \u00b0<\/td>\n<\/tr>\n<tr>\n<td colspan=\"2\">Optical face<\/td>\n<td>frontal<\/td>\n<\/tr>\n<tr>\n<td colspan=\"2\">Ambient light limit<\/td>\n<td>EN 60947-5-2 : 25000 Lux<\/td>\n<\/tr>\n<tr>\n<th colspan=\"3\">Functional safety related parameters<\/th>\n<\/tr>\n<tr>\n<td colspan=\"2\">MTTF<sub>d<\/sub><\/td>\n<td>806 a<\/td>\n<\/tr>\n<tr>\n<td colspan=\"2\">Mission Time (T<sub>M<\/sub>)<\/td>\n<td>20 a<\/td>\n<\/tr>\n<tr>\n<td colspan=\"2\">Diagnostic Coverage (DC)<\/td>\n<td>0 %<\/td>\n<\/tr>\n<tr>\n<th colspan=\"3\">Indicators\/operating means<\/th>\n<\/tr>\n<tr>\n<td colspan=\"2\">Operation indicator<\/td>\n<td>LED green, statically lit Power on , short-circuit : LED green flashing (approx. 4 Hz)<\/td>\n<\/tr>\n<tr>\n<td colspan=\"2\">Function indicator<\/td>\n<td>Receiver: LED yellow, lights up when light beam is free, flashes when falling short of the stability control ; OFF when light beam is interrupted<\/td>\n<\/tr>\n<tr>\n<th colspan=\"3\">Electrical specifications<\/th>\n<\/tr>\n<tr>\n<td colspan=\"2\">Operating voltage<\/td>\n<td>12 &#8230; 24 V<\/td>\n<\/tr>\n<tr>\n<td colspan=\"2\">No-load supply current<\/td>\n<td>Emitter: \u2264 10 mA<br \/>\nReceiver: \u2264 8 mA<\/td>\n<\/tr>\n<tr>\n<td colspan=\"2\">Protection class<\/td>\n<td>III<\/td>\n<\/tr>\n<tr>\n<th colspan=\"3\">Input<\/th>\n<\/tr>\n<tr>\n<td colspan=\"2\">Test input<\/td>\n<td>Test of switching function at 0 V<\/td>\n<\/tr>\n<tr>\n<td colspan=\"2\">Switching threshold<\/td>\n<td>Teach-In input<\/td>\n<\/tr>\n<tr>\n<th colspan=\"3\">Output<\/th>\n<\/tr>\n<tr>\n<td colspan=\"2\">Switching type<\/td>\n<td>NO contact \/ dark on<\/td>\n<\/tr>\n<tr>\n<td colspan=\"2\">Signal output<\/td>\n<td>1 NPN output, short-circuit protected, reverse polarity protected, open collector<\/td>\n<\/tr>\n<tr>\n<td colspan=\"2\">Switching voltage<\/td>\n<td>max. 30 V DC<\/td>\n<\/tr>\n<tr>\n<td colspan=\"2\">Switching current<\/td>\n<td>max. 50 mA , resistive load<\/td>\n<\/tr>\n<tr>\n<td colspan=\"2\">Voltage drop<\/td>\n<td>\u2264 1.5 V DC<\/td>\n<\/tr>\n<tr>\n<td colspan=\"2\">Switching frequency<\/td>\n<td>approx. 2 kHz<\/td>\n<\/tr>\n<tr>\n<td colspan=\"2\">Response time<\/td>\n<td>250 \u00b5s<\/td>\n<\/tr>\n<tr>\n<th colspan=\"3\">Conformity<\/th>\n<\/tr>\n<tr>\n<td colspan=\"2\">Product standard<\/td>\n<td>EN 60947-5-2<\/td>\n<\/tr>\n<tr>\n<td colspan=\"2\">Laser safety<\/td>\n<td>EN\u00a060825-1:2007<\/td>\n<\/tr>\n<tr>\n<th colspan=\"3\">Approvals and certificates<\/th>\n<\/tr>\n<tr>\n<td colspan=\"2\">UL approval<\/td>\n<td>E87056 , cULus Recognized, Class 2 Power Source<\/td>\n<\/tr>\n<tr>\n<td colspan=\"2\">CCC approval<\/td>\n<td>CCC approval \/ marking not required for products rated \u226436 V<\/td>\n<\/tr>\n<tr>\n<td colspan=\"2\">FDA approval<\/td>\n<td>IEC 60825-1:2007 Complies with 21 CFR 1040.10 and 1040.11 except for deviations pursuant to Laser Notice No. 50, dated June 24, 2007<\/td>\n<\/tr>\n<tr>\n<th colspan=\"3\">Ambient conditions<\/th>\n<\/tr>\n<tr>\n<td colspan=\"2\">Ambient temperature<\/td>\n<td>-10 &#8230; 60 \u00b0C (14 &#8230; 140 \u00b0F)<\/td>\n<\/tr>\n<tr>\n<td colspan=\"2\">Storage temperature<\/td>\n<td>-20 &#8230; 70 \u00b0C (-4 &#8230; 158 \u00b0F)<\/td>\n<\/tr>\n<tr>\n<th colspan=\"3\">Mechanical specifications<\/th>\n<\/tr>\n<tr>\n<td colspan=\"2\">Housing width<\/td>\n<td>12 mm<\/td>\n<\/tr>\n<tr>\n<td colspan=\"2\">Housing height<\/td>\n<td>25.5 mm<\/td>\n<\/tr>\n<tr>\n<td colspan=\"2\">Housing depth<\/td>\n<td>4.1 mm<\/td>\n<\/tr>\n<tr>\n<td colspan=\"2\">Degree of protection<\/td>\n<td>IP67<\/td>\n<\/tr>\n<tr>\n<td colspan=\"2\">Connection<\/td>\n<td>2 m fixed cable<\/td>\n<\/tr>\n<tr>\n<td colspan=\"2\">Material<\/td>\n<td><\/td>\n<\/tr>\n<tr>\n<td><\/td>\n<td>Housing<\/td>\n<td class=\"subattribute\">PC (Polycarbonate) and Stainless steel<\/td>\n<\/tr>\n<tr>\n<td><\/td>\n<td>Optical face<\/td>\n<td class=\"subattribute\">PMMA<\/td>\n<\/tr>\n<tr>\n<td><\/td>\n<td>Cable<\/td>\n<td class=\"subattribute\">PUR<\/td>\n<\/tr>\n<tr>\n<td colspan=\"2\">Mass<\/td>\n<td>approx. 20 g Per sensor<\/td>\n<\/tr>\n<tr>\n<td colspan=\"2\">Tightening torque, fastening screws<\/td>\n<td>0.25 Nm<\/td>\n<\/tr>\n<tr>\n<td colspan=\"2\">Cable length<\/td>\n<td>2 m<\/td>\n<\/tr>\n<\/tbody>\n<\/table>\n<p>&nbsp;<\/p>\n<p><span style=\"color: #0000ff;\"><strong>Classifications<\/strong><\/span><\/p>\n<table class=\"standard enum\">\n<tbody>\n<tr>\n<th>System<\/th>\n<th>Classcode<\/th>\n<\/tr>\n<tr>\n<td>ECLASS 11.0<\/td>\n<td>27270901<\/td>\n<\/tr>\n<tr>\n<td>ECLASS 10.0.1<\/td>\n<td>27270901<\/td>\n<\/tr>\n<tr>\n<td>ECLASS 9.0<\/td>\n<td>27270901<\/td>\n<\/tr>\n<tr>\n<td>ECLASS 8.0<\/td>\n<td>27270901<\/td>\n<\/tr>\n<tr>\n<td>ECLASS 5.1<\/td>\n<td>27270901<\/td>\n<\/tr>\n<tr>\n<td>ETIM 8.0<\/td>\n<td>EC002716<\/td>\n<\/tr>\n<tr>\n<td>ETIM 7.0<\/td>\n<td>EC002716<\/td>\n<\/tr>\n<tr>\n<td>ETIM 6.0<\/td>\n<td>EC002716<\/td>\n<\/tr>\n<tr>\n<td>ETIM 5.0<\/td>\n<td>EC002716<\/td>\n<\/tr>\n<tr>\n<td>UNSPSC 12.1<\/td>\n<td>39121528<\/td>\n<\/tr>\n<\/tbody>\n<\/table>\n<p><\/p>","protected":false},"excerpt":{"rendered":"<ul id=\"productfeatures\">\n<li>Very flat design for direct mounting without mounting bracket<\/li>\n<li>DuraBeam Laser Sensors &#8211; durable and employable like an LED<\/li>\n<li>High detection ranges achievable<\/li>\n<li>TEACH-IN<\/li>\n<li>Detection of small parts or flat objects from 0.3 mm<\/li>\n<\/ul>\n","protected":false},"featured_media":583,"comment_status":"open","ping_status":"closed","template":"","meta":[],"product_cat":[24,44],"product_tag":[],"yoast_head":"<!-- This site is optimized with the Yoast SEO plugin v16.6.1 - https:\/\/yoast.com\/wordpress\/plugins\/seo\/ -->\n<title>OBE1500-R2F-SE0-L - NEW SKY CO.,LTD<\/title>\n<meta name=\"robots\" content=\"index, follow, max-snippet:-1, max-image-preview:large, max-video-preview:-1\" \/>\n<link rel=\"canonical\" href=\"https:\/\/newskyvn.com\/product\/obe1500-r2f-se0-l\/\" \/>\n<meta property=\"og:locale\" content=\"en_US\" \/>\n<meta property=\"og:type\" content=\"article\" \/>\n<meta property=\"og:title\" content=\"OBE1500-R2F-SE0-L - NEW SKY CO.,LTD\" \/>\n<meta property=\"og:description\" content=\"[:vi]  Thi\u1ebft k\u1ebf r\u1ea5t ph\u1eb3ng \u0111\u1ec3 l\u1eafp tr\u1ef1c ti\u1ebfp m\u00e0 kh\u00f4ng c\u1ea7n gi\u00e1 \u0111\u1ee1  C\u1ea3m bi\u1ebfn Laser DuraBeam - b\u1ec1n v\u00e0 c\u00f3 th\u1ec3 s\u1eed d\u1ee5ng nh\u01b0 \u0111\u00e8n LED  C\u00f3 th\u1ec3 \u0111\u1ea1t \u0111\u01b0\u1ee3c ph\u1ea1m vi ph\u00e1t hi\u1ec7n cao  C\u00f3 n\u00fat n\u1ea1p b\u1ed9 nh\u1edb  Ph\u00e1t hi\u1ec7n c\u00e1c b\u1ed9 ph\u1eadn nh\u1ecf ho\u1eb7c v\u1eadt ph\u1eb3ng t\u1eeb 0,3 mm [:en]  Very flat design for direct mounting without mounting bracket  DuraBeam Laser Sensors - durable and employable like an LED  High detection ranges achievable  TEACH-IN  Detection of small parts or flat objects from 0.3 mm [:]\" \/>\n<meta property=\"og:url\" content=\"https:\/\/newskyvn.com\/product\/obe1500-r2f-se0-l\/\" \/>\n<meta property=\"og:site_name\" content=\"NEW SKY CO.,LTD\" \/>\n<meta property=\"article:modified_time\" content=\"2021-09-08T03:18:44+00:00\" \/>\n<meta property=\"og:image\" content=\"http:\/\/newskyvn.com\/wp-content\/uploads\/2021\/09\/OBE1500.jpg\" \/>\n\t<meta property=\"og:image:width\" content=\"500\" \/>\n\t<meta property=\"og:image:height\" content=\"500\" \/>\n<meta name=\"twitter:card\" content=\"summary_large_image\" \/>\n<meta name=\"twitter:label1\" content=\"Est. reading time\" \/>\n\t<meta name=\"twitter:data1\" content=\"2 minutes\" \/>\n<script type=\"application\/ld+json\" class=\"yoast-schema-graph\">{\"@context\":\"https:\/\/schema.org\",\"@graph\":[{\"@type\":\"WebSite\",\"@id\":\"https:\/\/newskyvn.com\/#website\",\"url\":\"https:\/\/newskyvn.com\/\",\"name\":\"NEW SKY CO.,LTD\",\"description\":\"C\\u00f4ng Ty TNHH S\\u1ea3n Xu\\u1ea5t Th\\u01b0\\u01a1ng M\\u1ea1i D\\u1ecbch V\\u1ee5 T\\u00e2n Thi\\u00ean\",\"potentialAction\":[{\"@type\":\"SearchAction\",\"target\":{\"@type\":\"EntryPoint\",\"urlTemplate\":\"https:\/\/newskyvn.com\/?s={search_term_string}\"},\"query-input\":\"required name=search_term_string\"}],\"inLanguage\":\"en-US\"},{\"@type\":\"ImageObject\",\"@id\":\"https:\/\/newskyvn.com\/product\/obe1500-r2f-se0-l\/#primaryimage\",\"inLanguage\":\"en-US\",\"url\":\"https:\/\/newskyvn.com\/wp-content\/uploads\/2021\/09\/OBE1500.jpg\",\"contentUrl\":\"https:\/\/newskyvn.com\/wp-content\/uploads\/2021\/09\/OBE1500.jpg\",\"width\":500,\"height\":500},{\"@type\":\"WebPage\",\"@id\":\"https:\/\/newskyvn.com\/product\/obe1500-r2f-se0-l\/#webpage\",\"url\":\"https:\/\/newskyvn.com\/product\/obe1500-r2f-se0-l\/\",\"name\":\"OBE1500-R2F-SE0-L - NEW SKY CO.,LTD\",\"isPartOf\":{\"@id\":\"https:\/\/newskyvn.com\/#website\"},\"primaryImageOfPage\":{\"@id\":\"https:\/\/newskyvn.com\/product\/obe1500-r2f-se0-l\/#primaryimage\"},\"datePublished\":\"2021-09-08T03:05:09+00:00\",\"dateModified\":\"2021-09-08T03:18:44+00:00\",\"breadcrumb\":{\"@id\":\"https:\/\/newskyvn.com\/product\/obe1500-r2f-se0-l\/#breadcrumb\"},\"inLanguage\":\"en-US\",\"potentialAction\":[{\"@type\":\"ReadAction\",\"target\":[\"https:\/\/newskyvn.com\/product\/obe1500-r2f-se0-l\/\"]}]},{\"@type\":\"BreadcrumbList\",\"@id\":\"https:\/\/newskyvn.com\/product\/obe1500-r2f-se0-l\/#breadcrumb\",\"itemListElement\":[{\"@type\":\"ListItem\",\"position\":1,\"name\":\"Product\",\"item\":\"https:\/\/newskyvn.com\/en\/san-pham\/\"},{\"@type\":\"ListItem\",\"position\":2,\"name\":\"OBE1500-R2F-SE0-L\"}]}]}<\/script>\n<!-- \/ Yoast SEO plugin. -->","_links":{"self":[{"href":"https:\/\/newskyvn.com\/en\/wp-json\/wp\/v2\/product\/582"}],"collection":[{"href":"https:\/\/newskyvn.com\/en\/wp-json\/wp\/v2\/product"}],"about":[{"href":"https:\/\/newskyvn.com\/en\/wp-json\/wp\/v2\/types\/product"}],"replies":[{"embeddable":true,"href":"https:\/\/newskyvn.com\/en\/wp-json\/wp\/v2\/comments?post=582"}],"wp:featuredmedia":[{"embeddable":true,"href":"https:\/\/newskyvn.com\/en\/wp-json\/wp\/v2\/media\/583"}],"wp:attachment":[{"href":"https:\/\/newskyvn.com\/en\/wp-json\/wp\/v2\/media?parent=582"}],"wp:term":[{"taxonomy":"product_cat","embeddable":true,"href":"https:\/\/newskyvn.com\/en\/wp-json\/wp\/v2\/product_cat?post=582"},{"taxonomy":"product_tag","embeddable":true,"href":"https:\/\/newskyvn.com\/en\/wp-json\/wp\/v2\/product_tag?post=582"}],"curies":[{"name":"wp","href":"https:\/\/api.w.org\/{rel}","templated":true}]}}