{"id":437,"date":"2021-09-05T08:30:14","date_gmt":"2021-09-05T08:30:14","guid":{"rendered":"http:\/\/thanh.halink.asia\/newskyvn\/?post_type=product&#038;p=437"},"modified":"2021-09-05T08:30:15","modified_gmt":"2021-09-05T08:30:15","slug":"nbb30-u1k-e2","status":"publish","type":"product","link":"https:\/\/newskyvn.com\/en\/product\/nbb30-u1k-e2\/","title":{"rendered":"NBB30-U1K-E2"},"content":{"rendered":"<p><\/p>\n<p id=\"techdata\"><strong><span style=\"color: #0000ff;\">Datasheet excerpt: Technical data of\u00a0 NBB30-U1K-E2<\/span><\/strong><\/p>\n<table class=\"standard enum\">\n<tbody>\n<tr>\n<th colspan=\"3\">General specifications<\/th>\n<\/tr>\n<tr>\n<td colspan=\"2\">Switching function<\/td>\n<td>Normally open (NO)<\/td>\n<\/tr>\n<tr>\n<td colspan=\"2\">Output type<\/td>\n<td>PNP<\/td>\n<\/tr>\n<tr>\n<td colspan=\"2\">Rated operating distance<\/td>\n<td>30 mm<\/td>\n<\/tr>\n<tr>\n<td colspan=\"2\">Installation<\/td>\n<td>flush<\/td>\n<\/tr>\n<tr>\n<td colspan=\"2\">Output polarity<\/td>\n<td>DC<\/td>\n<\/tr>\n<tr>\n<td colspan=\"2\">Assured operating distance<\/td>\n<td>0 &#8230; 24.3 mm<\/td>\n<\/tr>\n<tr>\n<td colspan=\"2\">Actual operating distance<\/td>\n<td>27 &#8230; 33 mm typ.<\/td>\n<\/tr>\n<tr>\n<td colspan=\"2\">Reduction factor r<sub>Al<\/sub><\/td>\n<td>0.4<\/td>\n<\/tr>\n<tr>\n<td colspan=\"2\">Reduction factor r<sub>Cu<\/sub><\/td>\n<td>0.37<\/td>\n<\/tr>\n<tr>\n<td colspan=\"2\">Reduction factor r<sub>304<\/sub><\/td>\n<td>0.76<\/td>\n<\/tr>\n<tr>\n<td colspan=\"2\">Reduction factor r<sub>Brass<\/sub><\/td>\n<td>0.46<\/td>\n<\/tr>\n<tr>\n<td colspan=\"2\">Output type<\/td>\n<td>3-wire<\/td>\n<\/tr>\n<tr>\n<th colspan=\"3\">Nominal ratings<\/th>\n<\/tr>\n<tr>\n<td colspan=\"2\">Operating voltage<\/td>\n<td>10 &#8230; 30 V DC<\/td>\n<\/tr>\n<tr>\n<td colspan=\"2\">Switching frequency<\/td>\n<td>0 &#8230; 60 Hz<\/td>\n<\/tr>\n<tr>\n<td colspan=\"2\">Hysteresis<\/td>\n<td>typ. 2 %<\/td>\n<\/tr>\n<tr>\n<td colspan=\"2\">Reverse polarity protection<\/td>\n<td>reverse polarity protected<\/td>\n<\/tr>\n<tr>\n<td colspan=\"2\">Short-circuit protection<\/td>\n<td>pulsing<\/td>\n<\/tr>\n<tr>\n<td colspan=\"2\">Voltage drop<\/td>\n<td>\u2264 2 V<\/td>\n<\/tr>\n<tr>\n<td colspan=\"2\">Operating current<\/td>\n<td>0 &#8230; 200 mA<\/td>\n<\/tr>\n<tr>\n<td colspan=\"2\">Off-state current<\/td>\n<td>0 &#8230; 0.5 mA<\/td>\n<\/tr>\n<tr>\n<td colspan=\"2\">No-load supply current<\/td>\n<td>\u2264 20 mA<\/td>\n<\/tr>\n<tr>\n<td colspan=\"2\">Time delay before availability<\/td>\n<td>80 ms<\/td>\n<\/tr>\n<tr>\n<td colspan=\"2\">Operating voltage indicator<\/td>\n<td>LED, green<\/td>\n<\/tr>\n<tr>\n<td colspan=\"2\">Switching state indicator<\/td>\n<td>LED, yellow<\/td>\n<\/tr>\n<tr>\n<th colspan=\"3\">Functional safety related parameters<\/th>\n<\/tr>\n<tr>\n<td colspan=\"2\">MTTF<sub>d<\/sub><\/td>\n<td>899 a<\/td>\n<\/tr>\n<tr>\n<td colspan=\"2\">Mission Time (T<sub>M<\/sub>)<\/td>\n<td>20 a<\/td>\n<\/tr>\n<tr>\n<td colspan=\"2\">Diagnostic Coverage (DC)<\/td>\n<td>0 %<\/td>\n<\/tr>\n<tr>\n<th colspan=\"3\">Compliance with standards and directives<\/th>\n<\/tr>\n<tr>\n<td colspan=\"2\">Standard conformity<\/td>\n<td><\/td>\n<\/tr>\n<tr>\n<td><\/td>\n<td>Standards<\/td>\n<td class=\"subattribute\">EN 60947-5-2:2007<br \/>\nEN 60947-5-2\/A1:2012<br \/>\nIEC 60947-5-2:2007<br \/>\nIEC 60947-5-2 AMD 1:2012<\/td>\n<\/tr>\n<tr>\n<th colspan=\"3\">Approvals and certificates<\/th>\n<\/tr>\n<tr>\n<td colspan=\"2\">UL approval<\/td>\n<td>cULus Listed, General Purpose<\/td>\n<\/tr>\n<tr>\n<td colspan=\"2\">CCC approval<\/td>\n<td>CCC approval \/ marking not required for products rated \u226436 V<\/td>\n<\/tr>\n<tr>\n<th colspan=\"3\">Ambient conditions<\/th>\n<\/tr>\n<tr>\n<td colspan=\"2\">Ambient temperature<\/td>\n<td>-25 &#8230; 70 \u00b0C (-13 &#8230; 158 \u00b0F)<\/td>\n<\/tr>\n<tr>\n<td colspan=\"2\">Storage temperature<\/td>\n<td>-40 &#8230; 85 \u00b0C (-40 &#8230; 185 \u00b0F)<\/td>\n<\/tr>\n<tr>\n<th colspan=\"3\">Mechanical specifications<\/th>\n<\/tr>\n<tr>\n<td colspan=\"2\">Connection type<\/td>\n<td>screw terminals<\/td>\n<\/tr>\n<tr>\n<td colspan=\"2\">Information for connection<\/td>\n<td>A maximum of two conductors with the same core cross section may be mounted on one terminal connection!<br \/>\ntightening torque 1.2 Nm + 10 %<\/td>\n<\/tr>\n<tr>\n<td colspan=\"2\">Core cross-section<\/td>\n<td>up to 2.5 mm<sup>2<\/sup><\/td>\n<\/tr>\n<tr>\n<td><\/td>\n<td>Minimum core cross-section<\/td>\n<td class=\"subattribute\">without wire end ferrule 0.5 mm<sup>2<\/sup>\u00a0, with connector sleeves 0.34 mm<sup>2<\/sup><\/td>\n<\/tr>\n<tr>\n<td><\/td>\n<td>Maximum core cross-section<\/td>\n<td class=\"subattribute\">without wire end ferrule 2.5 mm<sup>2<\/sup>\u00a0, with connector sleeves 1.5 mm<sup>2<\/sup><\/td>\n<\/tr>\n<tr>\n<td colspan=\"2\">Housing material<\/td>\n<td>PA<\/td>\n<\/tr>\n<tr>\n<td colspan=\"2\">Sensing face<\/td>\n<td>PA<\/td>\n<\/tr>\n<tr>\n<td colspan=\"2\">Housing base<\/td>\n<td>plastic<\/td>\n<\/tr>\n<tr>\n<td colspan=\"2\">Degree of protection<\/td>\n<td>IP68 \/ IP69<\/td>\n<\/tr>\n<tr>\n<td colspan=\"2\">Mass<\/td>\n<td>225 g<\/td>\n<\/tr>\n<tr>\n<td colspan=\"2\">Note<\/td>\n<td>Tightening torque: 1.8 Nm (housing)<\/td>\n<\/tr>\n<\/tbody>\n<\/table>\n<p>&nbsp;<\/p>\n<p><strong><span style=\"color: #0000ff;\">Classifications<\/span><\/strong><\/p>\n<table class=\"standard enum\">\n<tbody>\n<tr>\n<th>System<\/th>\n<th>Classcode<\/th>\n<\/tr>\n<tr>\n<td>ECLASS 11.0<\/td>\n<td>27270101<\/td>\n<\/tr>\n<tr>\n<td>ECLASS 10.0.1<\/td>\n<td>27270101<\/td>\n<\/tr>\n<tr>\n<td>ECLASS 9.0<\/td>\n<td>27270101<\/td>\n<\/tr>\n<tr>\n<td>ECLASS 8.0<\/td>\n<td>27270101<\/td>\n<\/tr>\n<tr>\n<td>ECLASS 5.1<\/td>\n<td>27270101<\/td>\n<\/tr>\n<tr>\n<td>ETIM 8.0<\/td>\n<td>EC002714<\/td>\n<\/tr>\n<tr>\n<td>ETIM 7.0<\/td>\n<td>EC002714<\/td>\n<\/tr>\n<tr>\n<td>ETIM 6.0<\/td>\n<td>EC002714<\/td>\n<\/tr>\n<tr>\n<td>ETIM 5.0<\/td>\n<td>EC002714<\/td>\n<\/tr>\n<tr>\n<td>UNSPSC 12.1<\/td>\n<td>39121550<\/td>\n<\/tr>\n<\/tbody>\n<\/table>\n<p><\/p>","protected":false},"excerpt":{"rendered":"<ul id=\"productfeatures\">\n<li>30 mm flush<\/li>\n<li>Active Shielding Technology<\/li>\n<li>3-wire DC<\/li>\n<li>Sensor head bidirectional and rotatable<\/li>\n<li>4 LEDs indicator for 360\u00b0 visibility<\/li>\n<\/ul>\n","protected":false},"featured_media":438,"comment_status":"open","ping_status":"closed","template":"","meta":[],"product_cat":[19,20],"product_tag":[],"yoast_head":"<!-- This site is optimized with the Yoast SEO plugin v16.6.1 - https:\/\/yoast.com\/wordpress\/plugins\/seo\/ -->\n<title>NBB30-U1K-E2 - NEW SKY CO.,LTD<\/title>\n<meta name=\"robots\" content=\"index, follow, max-snippet:-1, max-image-preview:large, max-video-preview:-1\" \/>\n<link rel=\"canonical\" href=\"https:\/\/newskyvn.com\/product\/nbb30-u1k-e2\/\" \/>\n<meta property=\"og:locale\" content=\"en_US\" \/>\n<meta property=\"og:type\" content=\"article\" \/>\n<meta property=\"og:title\" content=\"NBB30-U1K-E2 - NEW SKY CO.,LTD\" \/>\n<meta property=\"og:description\" content=\"[:vi]  Kho\u1ea3ng c\u00e1ch c\u1ea3m bi\u1ebfn max 30 mm, m\u1eb7t c\u1ea3m bi\u1ebfn ph\u1eb3ng.  C\u00f4ng ngh\u1ec7 che ch\u1eafn t\u00edch c\u1ef1c  DC 3 d\u00e2y  \u0110\u1ea7u c\u1ea3m bi\u1ebfn hai chi\u1ec1u v\u00e0 c\u00f3 th\u1ec3 xoay  Ch\u1ec9 b\u00e1o 4 \u0111\u00e8n LED cho kh\u1ea3 n\u0103ng hi\u1ec3n th\u1ecb 360 \u00b0 [:en]  30 mm flush  Active Shielding Technology  3-wire DC  Sensor head bidirectional and rotatable  4 LEDs indicator for 360\u00b0 visibility [:]\" \/>\n<meta property=\"og:url\" content=\"https:\/\/newskyvn.com\/product\/nbb30-u1k-e2\/\" \/>\n<meta property=\"og:site_name\" content=\"NEW SKY CO.,LTD\" \/>\n<meta property=\"article:modified_time\" content=\"2021-09-05T08:30:15+00:00\" \/>\n<meta property=\"og:image\" content=\"http:\/\/newskyvn.com\/wp-content\/uploads\/2021\/09\/NBB30_U1.jpg\" \/>\n\t<meta property=\"og:image:width\" content=\"500\" \/>\n\t<meta property=\"og:image:height\" content=\"500\" \/>\n<meta name=\"twitter:card\" content=\"summary_large_image\" \/>\n<meta name=\"twitter:label1\" content=\"Est. reading time\" \/>\n\t<meta name=\"twitter:data1\" content=\"2 minutes\" \/>\n<script type=\"application\/ld+json\" class=\"yoast-schema-graph\">{\"@context\":\"https:\/\/schema.org\",\"@graph\":[{\"@type\":\"WebSite\",\"@id\":\"https:\/\/newskyvn.com\/#website\",\"url\":\"https:\/\/newskyvn.com\/\",\"name\":\"NEW SKY CO.,LTD\",\"description\":\"C\\u00f4ng Ty TNHH S\\u1ea3n Xu\\u1ea5t Th\\u01b0\\u01a1ng M\\u1ea1i D\\u1ecbch V\\u1ee5 T\\u00e2n Thi\\u00ean\",\"potentialAction\":[{\"@type\":\"SearchAction\",\"target\":{\"@type\":\"EntryPoint\",\"urlTemplate\":\"https:\/\/newskyvn.com\/?s={search_term_string}\"},\"query-input\":\"required name=search_term_string\"}],\"inLanguage\":\"en-US\"},{\"@type\":\"ImageObject\",\"@id\":\"https:\/\/newskyvn.com\/product\/nbb30-u1k-e2\/#primaryimage\",\"inLanguage\":\"en-US\",\"url\":\"https:\/\/newskyvn.com\/wp-content\/uploads\/2021\/09\/NBB30_U1.jpg\",\"contentUrl\":\"https:\/\/newskyvn.com\/wp-content\/uploads\/2021\/09\/NBB30_U1.jpg\",\"width\":500,\"height\":500},{\"@type\":\"WebPage\",\"@id\":\"https:\/\/newskyvn.com\/product\/nbb30-u1k-e2\/#webpage\",\"url\":\"https:\/\/newskyvn.com\/product\/nbb30-u1k-e2\/\",\"name\":\"NBB30-U1K-E2 - NEW SKY CO.,LTD\",\"isPartOf\":{\"@id\":\"https:\/\/newskyvn.com\/#website\"},\"primaryImageOfPage\":{\"@id\":\"https:\/\/newskyvn.com\/product\/nbb30-u1k-e2\/#primaryimage\"},\"datePublished\":\"2021-09-05T08:30:14+00:00\",\"dateModified\":\"2021-09-05T08:30:15+00:00\",\"breadcrumb\":{\"@id\":\"https:\/\/newskyvn.com\/product\/nbb30-u1k-e2\/#breadcrumb\"},\"inLanguage\":\"en-US\",\"potentialAction\":[{\"@type\":\"ReadAction\",\"target\":[\"https:\/\/newskyvn.com\/product\/nbb30-u1k-e2\/\"]}]},{\"@type\":\"BreadcrumbList\",\"@id\":\"https:\/\/newskyvn.com\/product\/nbb30-u1k-e2\/#breadcrumb\",\"itemListElement\":[{\"@type\":\"ListItem\",\"position\":1,\"name\":\"Product\",\"item\":\"https:\/\/newskyvn.com\/en\/san-pham\/\"},{\"@type\":\"ListItem\",\"position\":2,\"name\":\"NBB30-U1K-E2\"}]}]}<\/script>\n<!-- \/ Yoast SEO plugin. -->","_links":{"self":[{"href":"https:\/\/newskyvn.com\/en\/wp-json\/wp\/v2\/product\/437"}],"collection":[{"href":"https:\/\/newskyvn.com\/en\/wp-json\/wp\/v2\/product"}],"about":[{"href":"https:\/\/newskyvn.com\/en\/wp-json\/wp\/v2\/types\/product"}],"replies":[{"embeddable":true,"href":"https:\/\/newskyvn.com\/en\/wp-json\/wp\/v2\/comments?post=437"}],"wp:featuredmedia":[{"embeddable":true,"href":"https:\/\/newskyvn.com\/en\/wp-json\/wp\/v2\/media\/438"}],"wp:attachment":[{"href":"https:\/\/newskyvn.com\/en\/wp-json\/wp\/v2\/media?parent=437"}],"wp:term":[{"taxonomy":"product_cat","embeddable":true,"href":"https:\/\/newskyvn.com\/en\/wp-json\/wp\/v2\/product_cat?post=437"},{"taxonomy":"product_tag","embeddable":true,"href":"https:\/\/newskyvn.com\/en\/wp-json\/wp\/v2\/product_tag?post=437"}],"curies":[{"name":"wp","href":"https:\/\/api.w.org\/{rel}","templated":true}]}}