{"id":2256,"date":"2021-10-15T09:33:23","date_gmt":"2021-10-15T09:33:23","guid":{"rendered":"https:\/\/newskyvn.com\/?post_type=product&#038;p=2256"},"modified":"2023-04-11T03:09:21","modified_gmt":"2023-04-11T03:09:21","slug":"eca30pl-profinet","status":"publish","type":"product","link":"https:\/\/newskyvn.com\/en\/product\/eca30pl-profinet\/","title":{"rendered":"ECA30PL &#8211; PROFINET"},"content":{"rendered":"<p>&nbsp;<\/p>\n<p><span style=\"color: #0000ff;\"><strong>Technical data of\u00a0\u00a0ECA30PL &#8211; PROFINET<\/strong><\/span><\/p>\n<table class=\"standard enum\">\n<tbody>\n<tr>\n<th colspan=\"2\">Product Description<\/th>\n<\/tr>\n<tr>\n<td colspan=\"3\">Cable pull rotary encoder with PROFINET interface<\/td>\n<\/tr>\n<\/tbody>\n<\/table>\n<table class=\"standard enum\">\n<tbody>\n<tr>\n<th colspan=\"3\">General specifications<\/th>\n<\/tr>\n<tr>\n<td colspan=\"2\">Detection type<\/td>\n<td>magnetic sampling<\/td>\n<\/tr>\n<tr>\n<td colspan=\"2\">Device type<\/td>\n<td>Premium Line with PROFINET interface<\/td>\n<\/tr>\n<tr>\n<td colspan=\"2\">Measuring range<\/td>\n<td>1000 &#8230; 60000 mm<\/td>\n<\/tr>\n<tr>\n<td colspan=\"2\">Construction type<\/td>\n<td>80 mm, 130 mm, 190 mm<\/td>\n<\/tr>\n<tr>\n<td colspan=\"2\">Resolution<\/td>\n<td>Cable pull:<br \/>\nDesign 80\u00a0mm: 0,024\u00a0mm<br \/>\nDesign 130 mm: 0,041 mm<br \/>\nDesign 190\u00a0mm: 0,059\u00a0mm<br \/>\nEncoder:<br \/>\n25 Bit (13 Bit\/revolution)<\/td>\n<\/tr>\n<tr>\n<th colspan=\"3\">Functional safety related parameters<\/th>\n<\/tr>\n<tr>\n<td colspan=\"2\">B<sub>10d<\/sub><\/td>\n<td>300000<\/td>\n<\/tr>\n<tr>\n<th colspan=\"3\">Electrical specifications<\/th>\n<\/tr>\n<tr>\n<td colspan=\"2\">Operating voltage<\/td>\n<td>10 &#8230; 30 V DC<\/td>\n<\/tr>\n<tr>\n<td colspan=\"2\">No-load supply current<\/td>\n<td>typ. 134 mA<\/td>\n<\/tr>\n<tr>\n<td colspan=\"2\">Power consumption<\/td>\n<td>approx. 4 W<\/td>\n<\/tr>\n<tr>\n<td colspan=\"2\">Time delay before availability<\/td>\n<td>&lt; 250 ms<\/td>\n<\/tr>\n<tr>\n<td colspan=\"2\">Output code<\/td>\n<td>binary code<\/td>\n<\/tr>\n<tr>\n<td colspan=\"2\">Code course (counting direction)<\/td>\n<td>adjustable<\/td>\n<\/tr>\n<tr>\n<th colspan=\"3\">Interface<\/th>\n<\/tr>\n<tr>\n<td colspan=\"2\">Interface type<\/td>\n<td>PROFINET IO<\/td>\n<\/tr>\n<tr>\n<td colspan=\"2\">Transfer rate<\/td>\n<td>100 MBit\/s<\/td>\n<\/tr>\n<tr>\n<th colspan=\"3\">Connection<\/th>\n<\/tr>\n<tr>\n<td colspan=\"2\">Connector<\/td>\n<td>Ethernet : 2 x M12 x 1 socket, 4-pin, D-coded ; supply : M12 x 1 connector, 4-pin, A-coded<\/td>\n<\/tr>\n<tr>\n<th colspan=\"3\">Standard conformity<\/th>\n<\/tr>\n<tr>\n<td colspan=\"2\">Degree of protection<\/td>\n<td>DIN\u00a0EN\u00a060529, IP65<\/td>\n<\/tr>\n<tr>\n<td colspan=\"2\">Climatic testing<\/td>\n<td>DIN\u00a0EN\u00a060068-2-3, no moisture condensation<\/td>\n<\/tr>\n<tr>\n<td colspan=\"2\">Emitted interference<\/td>\n<td>EN\u00a061000-6-4:2007<\/td>\n<\/tr>\n<tr>\n<td colspan=\"2\">Noise immunity<\/td>\n<td>EN\u00a061000-6-2:2005<\/td>\n<\/tr>\n<tr>\n<th colspan=\"3\">Ambient conditions<\/th>\n<\/tr>\n<tr>\n<td colspan=\"2\">Ambient temperature<\/td>\n<td>-30 &#8230; 70 \u00b0C (-22 &#8230; 158 \u00b0F)<\/td>\n<\/tr>\n<tr>\n<td colspan=\"2\">Operating temperature<\/td>\n<td>-30 &#8230; 70 \u00b0C (-22 &#8230; 158 \u00b0F)<\/td>\n<\/tr>\n<tr>\n<td colspan=\"2\">Storage temperature<\/td>\n<td>-30 &#8230; 70 \u00b0C (-22 &#8230; 158 \u00b0F)<\/td>\n<\/tr>\n<tr>\n<td colspan=\"2\">Relative humidity<\/td>\n<td>98 % , no moisture condensation<\/td>\n<\/tr>\n<tr>\n<th colspan=\"3\">Mechanical specifications<\/th>\n<\/tr>\n<tr>\n<td colspan=\"2\">Rope diameter<\/td>\n<td>1.35 mm<\/td>\n<\/tr>\n<tr>\n<td colspan=\"2\">Bending radius<\/td>\n<td>min. 17 mm<\/td>\n<\/tr>\n<tr>\n<td colspan=\"2\">Breaking force<\/td>\n<td>min. 1227 N<\/td>\n<\/tr>\n<tr>\n<td colspan=\"2\">Material<\/td>\n<td><\/td>\n<\/tr>\n<tr>\n<td><\/td>\n<td>Cable pull<\/td>\n<td class=\"subattribute\">anodized aluminum or Aluminum with Hart Coat coating<\/td>\n<\/tr>\n<tr>\n<td><\/td>\n<td>Rotary encoder<\/td>\n<td class=\"subattribute\">housing: nickel-plated steel<br \/>\nFlange: aluminum<\/td>\n<\/tr>\n<tr>\n<td><\/td>\n<td>Flange<\/td>\n<td class=\"subattribute\">Aluminum<\/td>\n<\/tr>\n<tr>\n<td><\/td>\n<td>Rope<\/td>\n<td class=\"subattribute\">Stainless steel 1.4401\/316<\/td>\n<\/tr>\n<tr>\n<td colspan=\"2\">Life span<\/td>\n<td>up to 10<sup>6<\/sup>\u00a0Cycles<\/td>\n<\/tr>\n<\/tbody>\n<\/table>\n<p>&nbsp;<\/p>\n<h2>Classifications<\/h2>\n<table class=\"standard enum\">\n<tbody>\n<tr>\n<th>System<\/th>\n<th>Classcode<\/th>\n<\/tr>\n<tr>\n<td>ECLASS 11.0<\/td>\n<td>27270502<\/td>\n<\/tr>\n<tr>\n<td>ECLASS 10.0.1<\/td>\n<td>27270502<\/td>\n<\/tr>\n<tr>\n<td>ECLASS 9.0<\/td>\n<td>27270502<\/td>\n<\/tr>\n<tr>\n<td>ECLASS 8.0<\/td>\n<td>27270502<\/td>\n<\/tr>\n<tr>\n<td>ECLASS 5.1<\/td>\n<td>27270502<\/td>\n<\/tr>\n<tr>\n<td>ETIM 8.0<\/td>\n<td>EC001486<\/td>\n<\/tr>\n<tr>\n<td>ETIM 7.0<\/td>\n<td>EC001486<\/td>\n<\/tr>\n<tr>\n<td>ETIM 6.0<\/td>\n<td>EC001486<\/td>\n<\/tr>\n<tr>\n<td>ETIM 5.0<\/td>\n<td>EC001486<\/td>\n<\/tr>\n<tr>\n<td>UNSPSC 12.1<\/td>\n<td>39121527<\/td>\n<\/tr>\n<\/tbody>\n<\/table>\n<p><\/p>","protected":false},"excerpt":{"rendered":"<p>&nbsp;<\/p>\n<p class=\"alternative\"><strong>Cable pull rotary encoder<\/strong><\/p>\n<ul id=\"productfeatures\">\n<li>Robust aluminum drum housing<\/li>\n<li>Drum travel when cable retracted using threaded spindle<\/li>\n<li>Bellows with steel tip<\/li>\n<li>Comprehensive accessories<\/li>\n<li>Housing can be coated as an option (Hart Coat)<\/li>\n<li>Rust and acid-resistant measuring cable<\/li>\n<li>PROFINET interface<\/li>\n<li>Free of wear magnetic sampling<\/li>\n<\/ul>\n","protected":false},"featured_media":2258,"comment_status":"open","ping_status":"closed","template":"","meta":[],"product_cat":[30,54],"product_tag":[182,183],"yoast_head":"<!-- This site is optimized with the Yoast SEO plugin v16.6.1 - https:\/\/yoast.com\/wordpress\/plugins\/seo\/ -->\n<title>Cable pull rotary encoder ECA30PL - PROFINET - \u0110\u1ea1i l\u00fd ch\u00ednh h\u00e3ng<\/title>\n<meta name=\"description\" content=\"Cable pull rotary encoder ECA30PL - PROFINET \u00b7 Robust aluminum drum housing \u00b7 Drum travel when cable retracted using threaded spindle....\" \/>\n<meta name=\"robots\" content=\"index, follow, max-snippet:-1, max-image-preview:large, max-video-preview:-1\" \/>\n<link rel=\"canonical\" href=\"https:\/\/newskyvn.com\/product\/eca30pl-profinet\/\" \/>\n<meta property=\"og:locale\" content=\"en_US\" \/>\n<meta property=\"og:type\" content=\"article\" \/>\n<meta property=\"og:title\" content=\"Cable pull rotary encoder ECA30PL - PROFINET - \u0110\u1ea1i l\u00fd ch\u00ednh h\u00e3ng\" \/>\n<meta property=\"og:description\" content=\"Cable pull rotary encoder ECA30PL - PROFINET \u00b7 Robust aluminum drum housing \u00b7 Drum travel when cable retracted using threaded spindle....\" \/>\n<meta property=\"og:url\" content=\"https:\/\/newskyvn.com\/product\/eca30pl-profinet\/\" \/>\n<meta property=\"og:site_name\" content=\"NEW SKY CO.,LTD\" \/>\n<meta property=\"article:modified_time\" content=\"2023-04-11T03:09:21+00:00\" \/>\n<meta property=\"og:image\" content=\"https:\/\/newskyvn.com\/wp-content\/uploads\/2021\/10\/ECA30PL-PROFINET.jpg\" \/>\n\t<meta property=\"og:image:width\" content=\"500\" \/>\n\t<meta property=\"og:image:height\" content=\"500\" \/>\n<meta name=\"twitter:card\" content=\"summary_large_image\" \/>\n<meta name=\"twitter:label1\" content=\"Est. reading time\" \/>\n\t<meta name=\"twitter:data1\" content=\"2 minutes\" \/>\n<script type=\"application\/ld+json\" class=\"yoast-schema-graph\">{\"@context\":\"https:\/\/schema.org\",\"@graph\":[{\"@type\":\"WebSite\",\"@id\":\"https:\/\/newskyvn.com\/#website\",\"url\":\"https:\/\/newskyvn.com\/\",\"name\":\"NEW SKY CO.,LTD\",\"description\":\"C\\u00f4ng Ty TNHH S\\u1ea3n Xu\\u1ea5t Th\\u01b0\\u01a1ng M\\u1ea1i D\\u1ecbch V\\u1ee5 T\\u00e2n Thi\\u00ean\",\"potentialAction\":[{\"@type\":\"SearchAction\",\"target\":{\"@type\":\"EntryPoint\",\"urlTemplate\":\"https:\/\/newskyvn.com\/?s={search_term_string}\"},\"query-input\":\"required name=search_term_string\"}],\"inLanguage\":\"en-US\"},{\"@type\":\"ImageObject\",\"@id\":\"https:\/\/newskyvn.com\/product\/eca30pl-profinet\/#primaryimage\",\"inLanguage\":\"en-US\",\"url\":\"https:\/\/newskyvn.com\/wp-content\/uploads\/2021\/10\/ECA30PL-PROFINET.jpg\",\"contentUrl\":\"https:\/\/newskyvn.com\/wp-content\/uploads\/2021\/10\/ECA30PL-PROFINET.jpg\",\"width\":500,\"height\":500,\"caption\":\"Encoder Pepperl+Fuchs Vi\\u1ec7t Nam\"},{\"@type\":\"WebPage\",\"@id\":\"https:\/\/newskyvn.com\/product\/eca30pl-profinet\/#webpage\",\"url\":\"https:\/\/newskyvn.com\/product\/eca30pl-profinet\/\",\"name\":\"Cable pull rotary encoder ECA30PL - PROFINET - \\u0110\\u1ea1i l\\u00fd ch\\u00ednh h\\u00e3ng\",\"isPartOf\":{\"@id\":\"https:\/\/newskyvn.com\/#website\"},\"primaryImageOfPage\":{\"@id\":\"https:\/\/newskyvn.com\/product\/eca30pl-profinet\/#primaryimage\"},\"datePublished\":\"2021-10-15T09:33:23+00:00\",\"dateModified\":\"2023-04-11T03:09:21+00:00\",\"description\":\"Cable pull rotary encoder ECA30PL - PROFINET \\u00b7 Robust aluminum drum housing \\u00b7 Drum travel when cable retracted using threaded spindle....\",\"breadcrumb\":{\"@id\":\"https:\/\/newskyvn.com\/product\/eca30pl-profinet\/#breadcrumb\"},\"inLanguage\":\"en-US\",\"potentialAction\":[{\"@type\":\"ReadAction\",\"target\":[\"https:\/\/newskyvn.com\/product\/eca30pl-profinet\/\"]}]},{\"@type\":\"BreadcrumbList\",\"@id\":\"https:\/\/newskyvn.com\/product\/eca30pl-profinet\/#breadcrumb\",\"itemListElement\":[{\"@type\":\"ListItem\",\"position\":1,\"name\":\"Product\",\"item\":\"https:\/\/newskyvn.com\/en\/san-pham\/\"},{\"@type\":\"ListItem\",\"position\":2,\"name\":\"ECA30PL &#8211; PROFINET\"}]}]}<\/script>\n<!-- \/ Yoast SEO plugin. -->","_links":{"self":[{"href":"https:\/\/newskyvn.com\/en\/wp-json\/wp\/v2\/product\/2256"}],"collection":[{"href":"https:\/\/newskyvn.com\/en\/wp-json\/wp\/v2\/product"}],"about":[{"href":"https:\/\/newskyvn.com\/en\/wp-json\/wp\/v2\/types\/product"}],"replies":[{"embeddable":true,"href":"https:\/\/newskyvn.com\/en\/wp-json\/wp\/v2\/comments?post=2256"}],"wp:featuredmedia":[{"embeddable":true,"href":"https:\/\/newskyvn.com\/en\/wp-json\/wp\/v2\/media\/2258"}],"wp:attachment":[{"href":"https:\/\/newskyvn.com\/en\/wp-json\/wp\/v2\/media?parent=2256"}],"wp:term":[{"taxonomy":"product_cat","embeddable":true,"href":"https:\/\/newskyvn.com\/en\/wp-json\/wp\/v2\/product_cat?post=2256"},{"taxonomy":"product_tag","embeddable":true,"href":"https:\/\/newskyvn.com\/en\/wp-json\/wp\/v2\/product_tag?post=2256"}],"curies":[{"name":"wp","href":"https:\/\/api.w.org\/{rel}","templated":true}]}}