{"id":2226,"date":"2021-10-07T09:12:36","date_gmt":"2021-10-07T09:12:36","guid":{"rendered":"https:\/\/newskyvn.com\/?post_type=product&#038;p=2226"},"modified":"2021-10-07T09:12:37","modified_gmt":"2021-10-07T09:12:37","slug":"type-7604","status":"publish","type":"product","link":"https:\/\/newskyvn.com\/en\/product\/type-7604\/","title":{"rendered":"Type 7604"},"content":{"rendered":"","protected":false},"excerpt":{"rendered":"<p>&nbsp;<\/p>\n<p><strong>Micro diaphragm pump for continuous pumping<\/strong><\/p>\n<p>The Burkert series 7604 is a unique, selfpriming, adjustable, diaphragm pump with a long service life and quiet operation that is ideally qualified for aggressive media. The pump is perfectly suited for continuous liquid low flow applications. Variations in flow rate are achieved by simply varying the frequency input. With a maximum frequency input of about 40 Hz, the fluid flows virtually pulsation free. Perfluorelastomer seals and a PEEK body are the only wetted parts, allowing the pump to be used for a wide range of aggressive fluids, organic and inorganic solvents and other difficult to handle media. The compact design (only 11 mm wide) allows for ease of mounting with standard bodies designed for surface mount (manifold) or tube connections. The low power consumption allows the device to be easily incorporated into mobile devices, and virtually eliminates any heat transfer passed from the actuator to the fluid. \u201eManufactured by Burkert\u201c ensures the user the same high quality products and proven reliability they have depended on in today\u2019s innovative market.<\/p>\n<div class=\"copy\">\n<ul>\n<li>self-priming<\/li>\n<li>nearly pulsation free<\/li>\n<li>for continuous pump applications<\/li>\n<li>diaphragm pump<\/li>\n<\/ul>\n<\/div>\n","protected":false},"featured_media":2228,"comment_status":"open","ping_status":"closed","template":"","meta":[],"product_cat":[146],"product_tag":[],"yoast_head":"<!-- This site is optimized with the Yoast SEO plugin v16.6.1 - https:\/\/yoast.com\/wordpress\/plugins\/seo\/ -->\n<title>Type 7604 - NEW SKY CO.,LTD<\/title>\n<meta name=\"robots\" content=\"index, follow, max-snippet:-1, max-image-preview:large, max-video-preview:-1\" \/>\n<link rel=\"canonical\" href=\"https:\/\/newskyvn.com\/product\/type-7604\/\" \/>\n<meta property=\"og:locale\" content=\"en_US\" \/>\n<meta property=\"og:type\" content=\"article\" \/>\n<meta property=\"og:title\" content=\"Type 7604 - NEW SKY CO.,LTD\" \/>\n<meta property=\"og:description\" content=\"[:vi]&nbsp;  B\u01a1m m\u00e0ng si\u00eau nh\u1ecf, lo\u1ea1i b\u01a1m li\u00ean t\u1ee5c  Burkert series 7604 l\u00e0 m\u1ed9t m\u00e1y b\u01a1m m\u00e0ng \u0111\u1ed9c \u0111\u00e1o, t\u1ef1 \u0111\u1ecbnh m\u1ee9c, c\u00f3 th\u1ec3 \u0111i\u1ec1u ch\u1ec9nh, c\u00f3 tu\u1ed5i th\u1ecd l\u00e2u d\u00e0i v\u00e0 ho\u1ea1t \u0111\u1ed9ng y\u00ean t\u0129nh, \u0111\u1ee7 ti\u00eau chu\u1ea9n l\u00fd t\u01b0\u1edfng cho c\u00e1c ph\u01b0\u01a1ng ti\u1ec7n truy\u1ec1n th\u00f4ng m\u1ea1nh m\u1ebd.\u00a0M\u00e1y b\u01a1m ho\u00e0n to\u00e0n ph\u00f9 h\u1ee3p cho c\u00e1c \u1ee9ng d\u1ee5ng l\u01b0u l\u01b0\u1ee3ng ch\u1ea5t l\u1ecfng th\u1ea5p li\u00ean t\u1ee5c.\u00a0C\u00e1c thay \u0111\u1ed5i v\u1ec1 t\u1ed1c \u0111\u1ed9 d\u00f2ng ch\u1ea3y c\u00f3 th\u1ec3 \u0111\u1ea1t \u0111\u01b0\u1ee3c b\u1eb1ng c\u00e1ch thay \u0111\u1ed5i \u0111\u1ea7u v\u00e0o t\u1ea7n s\u1ed1 m\u1ed9t c\u00e1ch \u0111\u01a1n gi\u1ea3n.\u00a0V\u1edbi \u0111\u1ea7u v\u00e0o t\u1ea7n s\u1ed1 t\u1ed1i \u0111a kho\u1ea3ng 40 Hz, ch\u1ea5t l\u1ecfng h\u1ea7u nh\u01b0 kh\u00f4ng c\u00f3 xung \u0111\u1ed9ng.\u00a0Ph\u1edbt Perfluorelastomer v\u00e0 th\u00e2n PEEK l\u00e0 nh\u1eefng b\u1ed9 ph\u1eadn duy nh\u1ea5t \u0111\u01b0\u1ee3c l\u00e0m \u01b0\u1edbt, cho ph\u00e9p m\u00e1y b\u01a1m \u0111\u01b0\u1ee3c s\u1eed d\u1ee5ng cho nhi\u1ec1u lo\u1ea1i ch\u1ea5t l\u1ecfng m\u1ea1nh, dung m\u00f4i h\u1eefu c\u01a1 v\u00e0 v\u00f4 c\u01a1 v\u00e0 c\u00e1c ph\u01b0\u01a1ng ti\u1ec7n kh\u00f3 x\u1eed l\u00fd kh\u00e1c.\u00a0Thi\u1ebft k\u1ebf nh\u1ecf g\u1ecdn (ch\u1ec9 r\u1ed9ng 11 mm) cho ph\u00e9p d\u1ec5 d\u00e0ng l\u1eafp v\u1edbi c\u00e1c th\u00e2n ti\u00eau chu\u1ea9n \u0111\u01b0\u1ee3c thi\u1ebft k\u1ebf \u0111\u1ec3 g\u1eafn tr\u00ean b\u1ec1 m\u1eb7t (\u1ed1ng g\u00f3p) ho\u1eb7c k\u1ebft n\u1ed1i \u1ed1ng.\u00a0M\u1ee9c ti\u00eau th\u1ee5 \u0111i\u1ec7n n\u0103ng th\u1ea5p cho ph\u00e9p thi\u1ebft b\u1ecb \u0111\u01b0\u1ee3c k\u1ebft h\u1ee3p d\u1ec5 d\u00e0ng v\u1edbi c\u00e1c thi\u1ebft b\u1ecb di \u0111\u1ed9ng,\u00a0v\u00e0 h\u1ea7u nh\u01b0 lo\u1ea1i b\u1ecf b\u1ea5t k\u1ef3 s\u1ef1 truy\u1ec1n nhi\u1ec7t n\u00e0o truy\u1ec1n t\u1eeb thi\u1ebft b\u1ecb truy\u1ec1n \u0111\u1ed9ng sang ch\u1ea5t l\u1ecfng.\u00a0\u201cS\u1ea3n xu\u1ea5t b\u1edfi Burkert\u201c \u0111\u1ea3m b\u1ea3o cho ng\u01b0\u1eddi d\u00f9ng nh\u1eefng s\u1ea3n ph\u1ea9m ch\u1ea5t l\u01b0\u1ee3ng cao v\u00e0 \u0111\u1ed9 tin c\u1eady \u0111\u00e3 \u0111\u01b0\u1ee3c ch\u1ee9ng minh m\u00e0 h\u1ecd ph\u1ee5 thu\u1ed9c v\u00e0o trong th\u1ecb tr\u01b0\u1eddng \u0111\u1ed5i m\u1edbi ng\u00e0y nay.    t\u1ef1 m\u1ed3i  g\u1ea7n nh\u01b0 kh\u00f4ng c\u00f3 xung \u0111\u1ed9ng  cho c\u00e1c \u1ee9ng d\u1ee5ng b\u01a1m li\u00ean t\u1ee5c  B\u01a1m m\u00e0ng  [:en]&nbsp;  Micro diaphragm pump for continuous pumping  The Burkert series 7604 is a unique, selfpriming, adjustable, diaphragm pump with a long service life and quiet operation that is ideally qualified for aggressive media. The pump is perfectly suited for continuous liquid low flow applications. Variations in flow rate are achieved by simply varying the frequency input. With a maximum frequency input of about 40 Hz, the fluid flows virtually pulsation free. Perfluorelastomer seals and a PEEK body are the only wetted parts, allowing the pump to be used for a wide range of aggressive fluids, organic and inorganic solvents and other difficult to handle media. The compact design (only 11 mm wide) allows for ease of mounting with standard bodies designed for surface mount (manifold) or tube connections. The low power consumption allows the device to be easily incorporated into mobile devices, and virtually eliminates any heat transfer passed from the actuator to the fluid. \u201eManufactured by Burkert\u201c ensures the user the same high quality products and proven reliability they have depended on in today\u2019s innovative market.    self-priming  nearly pulsation free  for continuous pump applications  diaphragm pump  [:]\" \/>\n<meta property=\"og:url\" content=\"https:\/\/newskyvn.com\/product\/type-7604\/\" \/>\n<meta property=\"og:site_name\" content=\"NEW SKY CO.,LTD\" \/>\n<meta property=\"article:modified_time\" content=\"2021-10-07T09:12:37+00:00\" \/>\n<meta property=\"og:image\" content=\"https:\/\/newskyvn.com\/wp-content\/uploads\/2021\/10\/Type-7604.jpg\" \/>\n\t<meta property=\"og:image:width\" content=\"500\" \/>\n\t<meta property=\"og:image:height\" content=\"500\" \/>\n<meta name=\"twitter:card\" content=\"summary_large_image\" \/>\n<script type=\"application\/ld+json\" class=\"yoast-schema-graph\">{\"@context\":\"https:\/\/schema.org\",\"@graph\":[{\"@type\":\"WebSite\",\"@id\":\"https:\/\/newskyvn.com\/#website\",\"url\":\"https:\/\/newskyvn.com\/\",\"name\":\"NEW SKY CO.,LTD\",\"description\":\"C\\u00f4ng Ty TNHH S\\u1ea3n Xu\\u1ea5t Th\\u01b0\\u01a1ng M\\u1ea1i D\\u1ecbch V\\u1ee5 T\\u00e2n Thi\\u00ean\",\"potentialAction\":[{\"@type\":\"SearchAction\",\"target\":{\"@type\":\"EntryPoint\",\"urlTemplate\":\"https:\/\/newskyvn.com\/?s={search_term_string}\"},\"query-input\":\"required name=search_term_string\"}],\"inLanguage\":\"en-US\"},{\"@type\":\"ImageObject\",\"@id\":\"https:\/\/newskyvn.com\/product\/type-7604\/#primaryimage\",\"inLanguage\":\"en-US\",\"url\":\"https:\/\/newskyvn.com\/wp-content\/uploads\/2021\/10\/Type-7604.jpg\",\"contentUrl\":\"https:\/\/newskyvn.com\/wp-content\/uploads\/2021\/10\/Type-7604.jpg\",\"width\":500,\"height\":500},{\"@type\":\"WebPage\",\"@id\":\"https:\/\/newskyvn.com\/product\/type-7604\/#webpage\",\"url\":\"https:\/\/newskyvn.com\/product\/type-7604\/\",\"name\":\"Type 7604 - NEW SKY CO.,LTD\",\"isPartOf\":{\"@id\":\"https:\/\/newskyvn.com\/#website\"},\"primaryImageOfPage\":{\"@id\":\"https:\/\/newskyvn.com\/product\/type-7604\/#primaryimage\"},\"datePublished\":\"2021-10-07T09:12:36+00:00\",\"dateModified\":\"2021-10-07T09:12:37+00:00\",\"breadcrumb\":{\"@id\":\"https:\/\/newskyvn.com\/product\/type-7604\/#breadcrumb\"},\"inLanguage\":\"en-US\",\"potentialAction\":[{\"@type\":\"ReadAction\",\"target\":[\"https:\/\/newskyvn.com\/product\/type-7604\/\"]}]},{\"@type\":\"BreadcrumbList\",\"@id\":\"https:\/\/newskyvn.com\/product\/type-7604\/#breadcrumb\",\"itemListElement\":[{\"@type\":\"ListItem\",\"position\":1,\"name\":\"Product\",\"item\":\"https:\/\/newskyvn.com\/en\/san-pham\/\"},{\"@type\":\"ListItem\",\"position\":2,\"name\":\"Type 7604\"}]}]}<\/script>\n<!-- \/ Yoast SEO plugin. -->","_links":{"self":[{"href":"https:\/\/newskyvn.com\/en\/wp-json\/wp\/v2\/product\/2226"}],"collection":[{"href":"https:\/\/newskyvn.com\/en\/wp-json\/wp\/v2\/product"}],"about":[{"href":"https:\/\/newskyvn.com\/en\/wp-json\/wp\/v2\/types\/product"}],"replies":[{"embeddable":true,"href":"https:\/\/newskyvn.com\/en\/wp-json\/wp\/v2\/comments?post=2226"}],"wp:featuredmedia":[{"embeddable":true,"href":"https:\/\/newskyvn.com\/en\/wp-json\/wp\/v2\/media\/2228"}],"wp:attachment":[{"href":"https:\/\/newskyvn.com\/en\/wp-json\/wp\/v2\/media?parent=2226"}],"wp:term":[{"taxonomy":"product_cat","embeddable":true,"href":"https:\/\/newskyvn.com\/en\/wp-json\/wp\/v2\/product_cat?post=2226"},{"taxonomy":"product_tag","embeddable":true,"href":"https:\/\/newskyvn.com\/en\/wp-json\/wp\/v2\/product_tag?post=2226"}],"curies":[{"name":"wp","href":"https:\/\/api.w.org\/{rel}","templated":true}]}}