{"id":2223,"date":"2021-10-07T09:06:13","date_gmt":"2021-10-07T09:06:13","guid":{"rendered":"https:\/\/newskyvn.com\/?post_type=product&#038;p=2223"},"modified":"2021-10-07T09:08:45","modified_gmt":"2021-10-07T09:08:45","slug":"type-7615","status":"publish","type":"product","link":"https:\/\/newskyvn.com\/en\/product\/type-7615\/","title":{"rendered":"Type 7615"},"content":{"rendered":"","protected":false},"excerpt":{"rendered":"<p>&nbsp;<\/p>\n<p><strong>Micro Dosing Unit for precise dosing in microlitre-range<\/strong><\/p>\n<p>B\u00fcrkert\u2019s Micro Dosing Unit has been designed for precise dosing applications in the microliter range. It combines high dosing accuracy and precision with excellent chemical inertness. The unit is comprised of three valves which can be opened simultaneously for flushing. Active inlet and outlet valves enable the device to pump liquid in two directions. This feature can be used to mix fluids inside a tube or channel or to constantly keep them in motion. Reagents can be sucked back from the dispensing tip to prevent drying out after dosing. The integrated heating function heats up the valves and the medium, and the unit comes with dry running capabilities.<\/p>\n<div class=\"copy\">\n<ul>\n<li>Diaphragm pump for high chemical resistance<\/li>\n<li>Dosing volume 5 \u00b5l\/stroke up to 8 ml\/min. in both directions<\/li>\n<li>Dosing accuracy &lt; +\/- 3,5 %<\/li>\n<li>Self priming<\/li>\n<li>Integrated electronics, easy to use<\/li>\n<\/ul>\n<\/div>\n","protected":false},"featured_media":2225,"comment_status":"open","ping_status":"closed","template":"","meta":[],"product_cat":[146],"product_tag":[],"yoast_head":"<!-- This site is optimized with the Yoast SEO plugin v16.6.1 - https:\/\/yoast.com\/wordpress\/plugins\/seo\/ -->\n<title>Type 7615 - NEW SKY CO.,LTD<\/title>\n<meta name=\"robots\" content=\"index, follow, max-snippet:-1, max-image-preview:large, max-video-preview:-1\" \/>\n<link rel=\"canonical\" href=\"https:\/\/newskyvn.com\/product\/type-7615\/\" \/>\n<meta property=\"og:locale\" content=\"en_US\" \/>\n<meta property=\"og:type\" content=\"article\" \/>\n<meta property=\"og:title\" content=\"Type 7615 - NEW SKY CO.,LTD\" \/>\n<meta property=\"og:description\" content=\"[:vi]&nbsp;  B\u01a1m \u0111\u1ecbnh l\u01b0\u1ee3ng si\u00eau nh\u1ecf \u0111\u1ec3 \u0111\u1ecbnh l\u01b0\u1ee3ng ch\u00ednh x\u00e1c trong ph\u1ea1m vi microlit  B\u1ed9 \u0111\u1ecbnh l\u01b0\u1ee3ng si\u00eau nh\u1ecf c\u1ee7a B\u00fcrkert \u0111\u00e3 \u0111\u01b0\u1ee3c thi\u1ebft k\u1ebf cho c\u00e1c \u1ee9ng d\u1ee5ng \u0111\u1ecbnh l\u01b0\u1ee3ng ch\u00ednh x\u00e1c trong ph\u1ea1m vi microliter.\u00a0N\u00f3 k\u1ebft h\u1ee3p \u0111\u1ed9 ch\u00ednh x\u00e1c v\u00e0 \u0111\u1ed9 ch\u00ednh x\u00e1c \u0111\u1ecbnh l\u01b0\u1ee3ng cao v\u1edbi t\u00ednh tr\u01a1 h\u00f3a h\u1ecdc tuy\u1ec7t v\u1eddi.\u00a0Thi\u1ebft b\u1ecb n\u00e0y bao g\u1ed3m ba van c\u00f3 th\u1ec3 \u0111\u01b0\u1ee3c m\u1edf \u0111\u1ed3ng th\u1eddi \u0111\u1ec3 x\u1ea3 n\u01b0\u1edbc.\u00a0C\u00e1c van \u0111\u1ea7u v\u00e0o v\u00e0 \u0111\u1ea7u ra ho\u1ea1t \u0111\u1ed9ng cho ph\u00e9p thi\u1ebft b\u1ecb b\u01a1m ch\u1ea5t l\u1ecfng theo hai h\u01b0\u1edbng.\u00a0T\u00ednh n\u0103ng n\u00e0y c\u00f3 th\u1ec3 \u0111\u01b0\u1ee3c s\u1eed d\u1ee5ng \u0111\u1ec3 tr\u1ed9n ch\u1ea5t l\u1ecfng b\u00ean trong \u1ed1ng ho\u1eb7c k\u00eanh ho\u1eb7c li\u00ean t\u1ee5c gi\u1eef cho ch\u00fang chuy\u1ec3n \u0111\u1ed9ng.\u00a0Thu\u1ed1c th\u1eed c\u00f3 th\u1ec3 \u0111\u01b0\u1ee3c h\u00fat ng\u01b0\u1ee3c l\u1ea1i t\u1eeb \u0111\u1ea7u ph\u00e2n ph\u1ed1i \u0111\u1ec3 tr\u00e1nh b\u1ecb kh\u00f4 sau khi d\u00f9ng thu\u1ed1c.\u00a0Ch\u1ee9c n\u0103ng s\u01b0\u1edfi t\u00edch h\u1ee3p l\u00e0m n\u00f3ng van v\u00e0 m\u00f4i ch\u1ea5t, \u0111\u1ed3ng th\u1eddi thi\u1ebft b\u1ecb c\u00f3 kh\u1ea3 n\u0103ng ch\u1ea1y kh\u00f4.    B\u01a1m m\u00e0ng kh\u00e1ng h\u00f3a ch\u1ea5t cao  Th\u1ec3 t\u00edch \u0111\u1ecbnh l\u01b0\u1ee3ng 5 \u00b5l \/ l\u1ea7n l\u00ean \u0111\u1ebfn 8 ml \/ ph\u00fat.\u00a0theo c\u1ea3 hai h\u01b0\u1edbng  \u0110\u1ecbnh li\u1ec1u ch\u00ednh x\u00e1c &lt;+\/- 3,5%  T\u1ef1 s\u01a1n l\u00f3t  T\u00edch h\u1ee3p \u0111i\u1ec7n t\u1eed, d\u1ec5 s\u1eed d\u1ee5ng  [:en]&nbsp;  Micro Dosing Unit for precise dosing in microlitre-range  B\u00fcrkert\u2019s Micro Dosing Unit has been designed for precise dosing applications in the microliter range. It combines high dosing accuracy and precision with excellent chemical inertness. The unit is comprised of three valves which can be opened simultaneously for flushing. Active inlet and outlet valves enable the device to pump liquid in two directions. This feature can be used to mix fluids inside a tube or channel or to constantly keep them in motion. Reagents can be sucked back from the dispensing tip to prevent drying out after dosing. The integrated heating function heats up the valves and the medium, and the unit comes with dry running capabilities.    Diaphragm pump for high chemical resistance  Dosing volume 5 \u00b5l\/stroke up to 8 ml\/min. in both directions  Dosing accuracy &lt; +\/- 3,5 %  Self priming  Integrated electronics, easy to use  [:]\" \/>\n<meta property=\"og:url\" content=\"https:\/\/newskyvn.com\/product\/type-7615\/\" \/>\n<meta property=\"og:site_name\" content=\"NEW SKY CO.,LTD\" \/>\n<meta property=\"article:modified_time\" content=\"2021-10-07T09:08:45+00:00\" \/>\n<meta property=\"og:image\" content=\"https:\/\/newskyvn.com\/wp-content\/uploads\/2021\/10\/Type-7615.jpg\" \/>\n\t<meta property=\"og:image:width\" content=\"500\" \/>\n\t<meta property=\"og:image:height\" content=\"500\" \/>\n<meta name=\"twitter:card\" content=\"summary_large_image\" \/>\n<script type=\"application\/ld+json\" class=\"yoast-schema-graph\">{\"@context\":\"https:\/\/schema.org\",\"@graph\":[{\"@type\":\"WebSite\",\"@id\":\"https:\/\/newskyvn.com\/#website\",\"url\":\"https:\/\/newskyvn.com\/\",\"name\":\"NEW SKY CO.,LTD\",\"description\":\"C\\u00f4ng Ty TNHH S\\u1ea3n Xu\\u1ea5t Th\\u01b0\\u01a1ng M\\u1ea1i D\\u1ecbch V\\u1ee5 T\\u00e2n Thi\\u00ean\",\"potentialAction\":[{\"@type\":\"SearchAction\",\"target\":{\"@type\":\"EntryPoint\",\"urlTemplate\":\"https:\/\/newskyvn.com\/?s={search_term_string}\"},\"query-input\":\"required name=search_term_string\"}],\"inLanguage\":\"en-US\"},{\"@type\":\"ImageObject\",\"@id\":\"https:\/\/newskyvn.com\/product\/type-7615\/#primaryimage\",\"inLanguage\":\"en-US\",\"url\":\"https:\/\/newskyvn.com\/wp-content\/uploads\/2021\/10\/Type-7615.jpg\",\"contentUrl\":\"https:\/\/newskyvn.com\/wp-content\/uploads\/2021\/10\/Type-7615.jpg\",\"width\":500,\"height\":500},{\"@type\":\"WebPage\",\"@id\":\"https:\/\/newskyvn.com\/product\/type-7615\/#webpage\",\"url\":\"https:\/\/newskyvn.com\/product\/type-7615\/\",\"name\":\"Type 7615 - NEW SKY CO.,LTD\",\"isPartOf\":{\"@id\":\"https:\/\/newskyvn.com\/#website\"},\"primaryImageOfPage\":{\"@id\":\"https:\/\/newskyvn.com\/product\/type-7615\/#primaryimage\"},\"datePublished\":\"2021-10-07T09:06:13+00:00\",\"dateModified\":\"2021-10-07T09:08:45+00:00\",\"breadcrumb\":{\"@id\":\"https:\/\/newskyvn.com\/product\/type-7615\/#breadcrumb\"},\"inLanguage\":\"en-US\",\"potentialAction\":[{\"@type\":\"ReadAction\",\"target\":[\"https:\/\/newskyvn.com\/product\/type-7615\/\"]}]},{\"@type\":\"BreadcrumbList\",\"@id\":\"https:\/\/newskyvn.com\/product\/type-7615\/#breadcrumb\",\"itemListElement\":[{\"@type\":\"ListItem\",\"position\":1,\"name\":\"Product\",\"item\":\"https:\/\/newskyvn.com\/en\/san-pham\/\"},{\"@type\":\"ListItem\",\"position\":2,\"name\":\"Type 7615\"}]}]}<\/script>\n<!-- \/ Yoast SEO plugin. -->","_links":{"self":[{"href":"https:\/\/newskyvn.com\/en\/wp-json\/wp\/v2\/product\/2223"}],"collection":[{"href":"https:\/\/newskyvn.com\/en\/wp-json\/wp\/v2\/product"}],"about":[{"href":"https:\/\/newskyvn.com\/en\/wp-json\/wp\/v2\/types\/product"}],"replies":[{"embeddable":true,"href":"https:\/\/newskyvn.com\/en\/wp-json\/wp\/v2\/comments?post=2223"}],"wp:featuredmedia":[{"embeddable":true,"href":"https:\/\/newskyvn.com\/en\/wp-json\/wp\/v2\/media\/2225"}],"wp:attachment":[{"href":"https:\/\/newskyvn.com\/en\/wp-json\/wp\/v2\/media?parent=2223"}],"wp:term":[{"taxonomy":"product_cat","embeddable":true,"href":"https:\/\/newskyvn.com\/en\/wp-json\/wp\/v2\/product_cat?post=2223"},{"taxonomy":"product_tag","embeddable":true,"href":"https:\/\/newskyvn.com\/en\/wp-json\/wp\/v2\/product_tag?post=2223"}],"curies":[{"name":"wp","href":"https:\/\/api.w.org\/{rel}","templated":true}]}}