{"id":2218,"date":"2021-10-07T08:57:23","date_gmt":"2021-10-07T08:57:23","guid":{"rendered":"https:\/\/newskyvn.com\/?post_type=product&#038;p=2218"},"modified":"2021-10-07T08:57:23","modified_gmt":"2021-10-07T08:57:23","slug":"type-0117-2","status":"publish","type":"product","link":"https:\/\/newskyvn.com\/en\/product\/type-0117-2\/","title":{"rendered":"Type 0117"},"content":{"rendered":"","protected":false},"excerpt":{"rendered":"<p>&nbsp;<\/p>\n<p><strong>2\/2 way Plunger-Solenoid Valve with separating diaphragm<\/strong><\/p>\n<p>Type 117 is a normally-closed direct-actingplunger-type solenoid valve with PTFE-coated diaphragm. The diaphragm isolates the fluidfrom the solenoid system. When deenergized (in circuit function A)the valve is closed by spring action. When energized, the solenoid armature is drawn in 2\/2 way, G 1\/8, UNF 1\/4-28 FluidControl Systems against a spring to open the valve. The solenoid epoxy encapsulation efficiently dissipates the heat generated by the coil.<\/p>\n<div class=\"copy\">\n<ul>\n<li>Compact design<\/li>\n<li>Low electrical power consumption<\/li>\n<li>Short response times<\/li>\n<li>Hermetically sealing isolating diaphragm<\/li>\n<li>Non-metallic valve internals<\/li>\n<\/ul>\n<\/div>\n","protected":false},"featured_media":2220,"comment_status":"open","ping_status":"closed","template":"","meta":[],"product_cat":[146],"product_tag":[],"yoast_head":"<!-- This site is optimized with the Yoast SEO plugin v16.6.1 - https:\/\/yoast.com\/wordpress\/plugins\/seo\/ -->\n<title>Type 0117 - NEW SKY CO.,LTD<\/title>\n<meta name=\"robots\" content=\"index, follow, max-snippet:-1, max-image-preview:large, max-video-preview:-1\" \/>\n<link rel=\"canonical\" href=\"https:\/\/newskyvn.com\/product\/type-0117-2\/\" \/>\n<meta property=\"og:locale\" content=\"en_US\" \/>\n<meta property=\"og:type\" content=\"article\" \/>\n<meta property=\"og:title\" content=\"Type 0117 - NEW SKY CO.,LTD\" \/>\n<meta property=\"og:description\" content=\"[:vi]&nbsp;  an \u0111i\u1ec7n t\u1eeb 2\/2 ng\u00f5 c\u00f3 m\u00e0ng ng\u0103n c\u00e1ch  Lo\u1ea1i 117 l\u00e0 van \u0111i\u1ec7n t\u1eeb lo\u1ea1i van \u0111i\u1ec7n t\u1eeb t\u00e1c \u0111\u1ed9ng tr\u1ef1c ti\u1ebfp th\u01b0\u1eddng \u0111\u00f3ng v\u1edbi m\u00e0ng ng\u0103n ph\u1ee7 PTFE.\u00a0M\u00e0ng ng\u0103n c\u00e1ch ly ch\u1ea5t l\u1ecfng kh\u1ecfi h\u1ec7 th\u1ed1ng \u0111i\u1ec7n t\u1eeb.\u00a0Khi \u0111\u01b0\u1ee3c kh\u1eed h\u00f3a ch\u1ea5t (\u1edf ch\u1ee9c n\u0103ng m\u1ea1ch A), van \u0111\u01b0\u1ee3c \u0111\u00f3ng l\u1ea1i b\u1eb1ng t\u00e1c \u0111\u1ed9ng c\u1ee7a l\u00f2 xo.\u00a0Khi \u0111\u01b0\u1ee3c c\u1ea5p \u0111i\u1ec7n, ph\u1ea7n \u1ee9ng \u0111i\u1ec7n t\u1eeb \u0111\u01b0\u1ee3c r\u00fat ra theo c\u00e1ch 2\/2, H\u1ec7 th\u1ed1ng \u0111i\u1ec1u khi\u1ec3n ch\u1ea5t l\u1ecfng G 1\/8, UNF 1 \/ 4-28 d\u1ef1a v\u00e0o l\u00f2 xo \u0111\u1ec3 m\u1edf van.\u00a0L\u1edbp bao b\u1ecdc epoxy \u0111i\u1ec7n t\u1eeb gi\u00fap t\u1ea3n nhi\u1ec7t m\u1ed9t c\u00e1ch hi\u1ec7u qu\u1ea3 b\u1edfi cu\u1ed9n d\u00e2y.    Thi\u1ebft k\u1ebf nh\u1ecf g\u1ecdn  Ti\u00eau th\u1ee5 \u0111i\u1ec7n n\u0103ng th\u1ea5p  Th\u1eddi gian ph\u1ea3n h\u1ed3i ng\u1eafn  M\u00e0ng ch\u1eafn c\u00e1ch ly ni\u00eam phong k\u00edn  Van phi kim lo\u1ea1i b\u00ean trong  [:en]&nbsp;  2\/2 way Plunger-Solenoid Valve with separating diaphragm  Type 117 is a normally-closed direct-actingplunger-type solenoid valve with PTFE-coated diaphragm. The diaphragm isolates the fluidfrom the solenoid system. When deenergized (in circuit function A)the valve is closed by spring action. When energized, the solenoid armature is drawn in 2\/2 way, G 1\/8, UNF 1\/4-28 FluidControl Systems against a spring to open the valve. The solenoid epoxy encapsulation efficiently dissipates the heat generated by the coil.    Compact design  Low electrical power consumption  Short response times  Hermetically sealing isolating diaphragm  Non-metallic valve internals  [:]\" \/>\n<meta property=\"og:url\" content=\"https:\/\/newskyvn.com\/product\/type-0117-2\/\" \/>\n<meta property=\"og:site_name\" content=\"NEW SKY CO.,LTD\" \/>\n<meta property=\"og:image\" content=\"https:\/\/newskyvn.com\/wp-content\/uploads\/2021\/10\/Type-0117.jpg\" \/>\n\t<meta property=\"og:image:width\" content=\"500\" \/>\n\t<meta property=\"og:image:height\" content=\"500\" \/>\n<meta name=\"twitter:card\" content=\"summary_large_image\" \/>\n<script type=\"application\/ld+json\" class=\"yoast-schema-graph\">{\"@context\":\"https:\/\/schema.org\",\"@graph\":[{\"@type\":\"WebSite\",\"@id\":\"https:\/\/newskyvn.com\/#website\",\"url\":\"https:\/\/newskyvn.com\/\",\"name\":\"NEW SKY CO.,LTD\",\"description\":\"C\\u00f4ng Ty TNHH S\\u1ea3n Xu\\u1ea5t Th\\u01b0\\u01a1ng M\\u1ea1i D\\u1ecbch V\\u1ee5 T\\u00e2n Thi\\u00ean\",\"potentialAction\":[{\"@type\":\"SearchAction\",\"target\":{\"@type\":\"EntryPoint\",\"urlTemplate\":\"https:\/\/newskyvn.com\/?s={search_term_string}\"},\"query-input\":\"required name=search_term_string\"}],\"inLanguage\":\"en-US\"},{\"@type\":\"ImageObject\",\"@id\":\"https:\/\/newskyvn.com\/product\/type-0117-2\/#primaryimage\",\"inLanguage\":\"en-US\",\"url\":\"https:\/\/newskyvn.com\/wp-content\/uploads\/2021\/10\/Type-0117.jpg\",\"contentUrl\":\"https:\/\/newskyvn.com\/wp-content\/uploads\/2021\/10\/Type-0117.jpg\",\"width\":500,\"height\":500},{\"@type\":\"WebPage\",\"@id\":\"https:\/\/newskyvn.com\/product\/type-0117-2\/#webpage\",\"url\":\"https:\/\/newskyvn.com\/product\/type-0117-2\/\",\"name\":\"Type 0117 - NEW SKY CO.,LTD\",\"isPartOf\":{\"@id\":\"https:\/\/newskyvn.com\/#website\"},\"primaryImageOfPage\":{\"@id\":\"https:\/\/newskyvn.com\/product\/type-0117-2\/#primaryimage\"},\"datePublished\":\"2021-10-07T08:57:23+00:00\",\"dateModified\":\"2021-10-07T08:57:23+00:00\",\"breadcrumb\":{\"@id\":\"https:\/\/newskyvn.com\/product\/type-0117-2\/#breadcrumb\"},\"inLanguage\":\"en-US\",\"potentialAction\":[{\"@type\":\"ReadAction\",\"target\":[\"https:\/\/newskyvn.com\/product\/type-0117-2\/\"]}]},{\"@type\":\"BreadcrumbList\",\"@id\":\"https:\/\/newskyvn.com\/product\/type-0117-2\/#breadcrumb\",\"itemListElement\":[{\"@type\":\"ListItem\",\"position\":1,\"name\":\"Product\",\"item\":\"https:\/\/newskyvn.com\/en\/san-pham\/\"},{\"@type\":\"ListItem\",\"position\":2,\"name\":\"Type 0117\"}]}]}<\/script>\n<!-- \/ Yoast SEO plugin. -->","_links":{"self":[{"href":"https:\/\/newskyvn.com\/en\/wp-json\/wp\/v2\/product\/2218"}],"collection":[{"href":"https:\/\/newskyvn.com\/en\/wp-json\/wp\/v2\/product"}],"about":[{"href":"https:\/\/newskyvn.com\/en\/wp-json\/wp\/v2\/types\/product"}],"replies":[{"embeddable":true,"href":"https:\/\/newskyvn.com\/en\/wp-json\/wp\/v2\/comments?post=2218"}],"wp:featuredmedia":[{"embeddable":true,"href":"https:\/\/newskyvn.com\/en\/wp-json\/wp\/v2\/media\/2220"}],"wp:attachment":[{"href":"https:\/\/newskyvn.com\/en\/wp-json\/wp\/v2\/media?parent=2218"}],"wp:term":[{"taxonomy":"product_cat","embeddable":true,"href":"https:\/\/newskyvn.com\/en\/wp-json\/wp\/v2\/product_cat?post=2218"},{"taxonomy":"product_tag","embeddable":true,"href":"https:\/\/newskyvn.com\/en\/wp-json\/wp\/v2\/product_tag?post=2218"}],"curies":[{"name":"wp","href":"https:\/\/api.w.org\/{rel}","templated":true}]}}