{"id":2215,"date":"2021-10-07T08:47:59","date_gmt":"2021-10-07T08:47:59","guid":{"rendered":"https:\/\/newskyvn.com\/?post_type=product&#038;p=2215"},"modified":"2021-10-07T08:47:59","modified_gmt":"2021-10-07T08:47:59","slug":"type-0127","status":"publish","type":"product","link":"https:\/\/newskyvn.com\/en\/product\/type-0127\/","title":{"rendered":"Type 0127"},"content":{"rendered":"","protected":false},"excerpt":{"rendered":"<p>&nbsp;<\/p>\n<p><strong>Direct-acting 2\/2 or 3\/2 way Rocker-Solenoid Valve with separating diaphragm<\/strong><\/p>\n<p>B\u00fcrkert\u2019s unique miniature rocker solenoid valve is the pioneer of isolated mini valves suitablefor laboratory, medical and analysis technology, that still set the standard! It is a highly reliable minimum volume valve that has low dead volume and is easy to purge. Boasting aninert isolating diaphragm between the actuator and body, it is operated via a rocker that separates the actuator from the fluid. Heattransfer between the actuator and the fluidis minimized due to the coil not having direct contact with the diaphragm. The valves can be manifold mounted and a simplified common wiring system is available if required. Special dead volume free designs are also obtainable on request.<\/p>\n<div class=\"copy\">\n<ul>\n<li>For maximum chemical resistance requirements<\/li>\n<li>Compact design with 16 mm width and Cv ratings up to 0.058<\/li>\n<li>Proven reliability since 1993<\/li>\n<li>Flexible design for custom manifold assemblies<\/li>\n<li>High back pressure tightness, excellent cleanability and 100 % duty cycle<\/li>\n<\/ul>\n<\/div>\n","protected":false},"featured_media":2217,"comment_status":"open","ping_status":"closed","template":"","meta":[],"product_cat":[146],"product_tag":[],"yoast_head":"<!-- This site is optimized with the Yoast SEO plugin v16.6.1 - https:\/\/yoast.com\/wordpress\/plugins\/seo\/ -->\n<title>Type 0127 - NEW SKY CO.,LTD<\/title>\n<meta name=\"robots\" content=\"index, follow, max-snippet:-1, max-image-preview:large, max-video-preview:-1\" \/>\n<link rel=\"canonical\" href=\"https:\/\/newskyvn.com\/product\/type-0127\/\" \/>\n<meta property=\"og:locale\" content=\"en_US\" \/>\n<meta property=\"og:type\" content=\"article\" \/>\n<meta property=\"og:title\" content=\"Type 0127 - NEW SKY CO.,LTD\" \/>\n<meta property=\"og:description\" content=\"[:vi]&nbsp;  Van Rocker-Solenoid 2\/2 ho\u1eb7c 3\/2 t\u00e1c \u0111\u1ed9ng tr\u1ef1c ti\u1ebfp v\u1edbi m\u00e0ng ng\u0103n c\u00e1ch  Van \u0111i\u1ec7n t\u1eeb rocker thu nh\u1ecf \u0111\u1ed9c \u0111\u00e1o c\u1ee7a B\u00fcrkert l\u00e0 s\u1ea3n ph\u1ea9m ti\u00ean phong v\u1ec1 van mini c\u00e1ch ly ph\u00f9 h\u1ee3p cho ph\u00f2ng th\u00ed nghi\u1ec7m, y t\u1ebf v\u00e0 c\u00f4ng ngh\u1ec7 ph\u00e2n t\u00edch, v\u1eabn thi\u1ebft l\u1eadp ti\u00eau chu\u1ea9n!\u00a0\u0110\u00e2y l\u00e0 m\u1ed9t van th\u1ec3 t\u00edch t\u1ed1i thi\u1ec3u c\u00f3 \u0111\u1ed9 tin c\u1eady cao, c\u00f3 th\u1ec3 t\u00edch ch\u1ebft th\u1ea5p v\u00e0 d\u1ec5 d\u00e0ng t\u1ea9y r\u1eeda.\u00a0T\u1ef1 h\u00e0o v\u1edbi m\u00e0ng ng\u0103n c\u00e1ch ly aninert gi\u1eefa thi\u1ebft b\u1ecb truy\u1ec1n \u0111\u1ed9ng v\u00e0 th\u00e2n, n\u00f3 \u0111\u01b0\u1ee3c v\u1eadn h\u00e0nh th\u00f4ng qua m\u1ed9t b\u1ed9 ph\u1eadn \u0111i\u1ec1u ch\u1ec9nh \u0111\u1ec3 t\u00e1ch thi\u1ebft b\u1ecb truy\u1ec1n \u0111\u1ed9ng kh\u1ecfi ch\u1ea5t l\u1ecfng.\u00a0S\u1ef1 truy\u1ec1n nhi\u1ec7t gi\u1eefa b\u1ed9 truy\u1ec1n \u0111\u1ed9ng v\u00e0 ch\u1ea5t l\u1ecfng \u0111\u01b0\u1ee3c gi\u1ea3m thi\u1ec3u do cu\u1ed9n d\u00e2y kh\u00f4ng ti\u1ebfp x\u00fac tr\u1ef1c ti\u1ebfp v\u1edbi m\u00e0ng ng\u0103n.\u00a0C\u00e1c van c\u00f3 th\u1ec3 \u0111\u01b0\u1ee3c l\u1eafp v\u00e0o nhi\u1ec1u \u1ed1ng g\u00f3p v\u00e0 c\u00f3 s\u1eb5n h\u1ec7 th\u1ed1ng d\u00e2y \u0111i\u1ec7n chung \u0111\u01a1n gi\u1ea3n n\u1ebfu \u0111\u01b0\u1ee3c y\u00eau c\u1ea7u.\u00a0C\u00e1c thi\u1ebft k\u1ebf mi\u1ec5n ph\u00ed kh\u1ed1i l\u01b0\u1ee3ng ch\u1ebft \u0111\u1eb7c bi\u1ec7t c\u0169ng c\u00f3 s\u1eb5n theo y\u00eau c\u1ea7u.    \u0110\u1ed1i v\u1edbi c\u00e1c y\u00eau c\u1ea7u kh\u00e1ng h\u00f3a ch\u1ea5t t\u1ed1i \u0111a  Thi\u1ebft k\u1ebf nh\u1ecf g\u1ecdn v\u1edbi chi\u1ec1u r\u1ed9ng 16 mm v\u00e0 x\u1ebfp h\u1ea1ng Cv l\u00ean \u0111\u1ebfn 0,058  \u0110\u1ed9 tin c\u1eady \u0111\u00e3 \u0111\u01b0\u1ee3c ch\u1ee9ng minh t\u1eeb n\u0103m 1993  Thi\u1ebft k\u1ebf linh ho\u1ea1t cho c\u00e1c c\u1ee5m \u1ed1ng g\u00f3p t\u00f9y ch\u1ec9nh  \u0110\u1ed9 k\u00edn \u00e1p cao, kh\u1ea3 n\u0103ng l\u00e0m s\u1ea1ch tuy\u1ec7t v\u1eddi v\u00e0 chu k\u1ef3 l\u00e0m vi\u1ec7c 100%  [:en]&nbsp;  Direct-acting 2\/2 or 3\/2 way Rocker-Solenoid Valve with separating diaphragm  B\u00fcrkert\u2019s unique miniature rocker solenoid valve is the pioneer of isolated mini valves suitablefor laboratory, medical and analysis technology, that still set the standard! It is a highly reliable minimum volume valve that has low dead volume and is easy to purge. Boasting aninert isolating diaphragm between the actuator and body, it is operated via a rocker that separates the actuator from the fluid. Heattransfer between the actuator and the fluidis minimized due to the coil not having direct contact with the diaphragm. The valves can be manifold mounted and a simplified common wiring system is available if required. Special dead volume free designs are also obtainable on request.    For maximum chemical resistance requirements  Compact design with 16 mm width and Cv ratings up to 0.058  Proven reliability since 1993  Flexible design for custom manifold assemblies  High back pressure tightness, excellent cleanability and 100 % duty cycle  [:]\" \/>\n<meta property=\"og:url\" content=\"https:\/\/newskyvn.com\/product\/type-0127\/\" \/>\n<meta property=\"og:site_name\" content=\"NEW SKY CO.,LTD\" \/>\n<meta property=\"og:image\" content=\"https:\/\/newskyvn.com\/wp-content\/uploads\/2021\/10\/Type-0127.jpg\" \/>\n\t<meta property=\"og:image:width\" content=\"500\" \/>\n\t<meta property=\"og:image:height\" content=\"500\" \/>\n<meta name=\"twitter:card\" content=\"summary_large_image\" \/>\n<script type=\"application\/ld+json\" class=\"yoast-schema-graph\">{\"@context\":\"https:\/\/schema.org\",\"@graph\":[{\"@type\":\"WebSite\",\"@id\":\"https:\/\/newskyvn.com\/#website\",\"url\":\"https:\/\/newskyvn.com\/\",\"name\":\"NEW SKY CO.,LTD\",\"description\":\"C\\u00f4ng Ty TNHH S\\u1ea3n Xu\\u1ea5t Th\\u01b0\\u01a1ng M\\u1ea1i D\\u1ecbch V\\u1ee5 T\\u00e2n Thi\\u00ean\",\"potentialAction\":[{\"@type\":\"SearchAction\",\"target\":{\"@type\":\"EntryPoint\",\"urlTemplate\":\"https:\/\/newskyvn.com\/?s={search_term_string}\"},\"query-input\":\"required name=search_term_string\"}],\"inLanguage\":\"en-US\"},{\"@type\":\"ImageObject\",\"@id\":\"https:\/\/newskyvn.com\/product\/type-0127\/#primaryimage\",\"inLanguage\":\"en-US\",\"url\":\"https:\/\/newskyvn.com\/wp-content\/uploads\/2021\/10\/Type-0127.jpg\",\"contentUrl\":\"https:\/\/newskyvn.com\/wp-content\/uploads\/2021\/10\/Type-0127.jpg\",\"width\":500,\"height\":500},{\"@type\":\"WebPage\",\"@id\":\"https:\/\/newskyvn.com\/product\/type-0127\/#webpage\",\"url\":\"https:\/\/newskyvn.com\/product\/type-0127\/\",\"name\":\"Type 0127 - NEW SKY CO.,LTD\",\"isPartOf\":{\"@id\":\"https:\/\/newskyvn.com\/#website\"},\"primaryImageOfPage\":{\"@id\":\"https:\/\/newskyvn.com\/product\/type-0127\/#primaryimage\"},\"datePublished\":\"2021-10-07T08:47:59+00:00\",\"dateModified\":\"2021-10-07T08:47:59+00:00\",\"breadcrumb\":{\"@id\":\"https:\/\/newskyvn.com\/product\/type-0127\/#breadcrumb\"},\"inLanguage\":\"en-US\",\"potentialAction\":[{\"@type\":\"ReadAction\",\"target\":[\"https:\/\/newskyvn.com\/product\/type-0127\/\"]}]},{\"@type\":\"BreadcrumbList\",\"@id\":\"https:\/\/newskyvn.com\/product\/type-0127\/#breadcrumb\",\"itemListElement\":[{\"@type\":\"ListItem\",\"position\":1,\"name\":\"Product\",\"item\":\"https:\/\/newskyvn.com\/en\/san-pham\/\"},{\"@type\":\"ListItem\",\"position\":2,\"name\":\"Type 0127\"}]}]}<\/script>\n<!-- \/ Yoast SEO plugin. -->","_links":{"self":[{"href":"https:\/\/newskyvn.com\/en\/wp-json\/wp\/v2\/product\/2215"}],"collection":[{"href":"https:\/\/newskyvn.com\/en\/wp-json\/wp\/v2\/product"}],"about":[{"href":"https:\/\/newskyvn.com\/en\/wp-json\/wp\/v2\/types\/product"}],"replies":[{"embeddable":true,"href":"https:\/\/newskyvn.com\/en\/wp-json\/wp\/v2\/comments?post=2215"}],"wp:featuredmedia":[{"embeddable":true,"href":"https:\/\/newskyvn.com\/en\/wp-json\/wp\/v2\/media\/2217"}],"wp:attachment":[{"href":"https:\/\/newskyvn.com\/en\/wp-json\/wp\/v2\/media?parent=2215"}],"wp:term":[{"taxonomy":"product_cat","embeddable":true,"href":"https:\/\/newskyvn.com\/en\/wp-json\/wp\/v2\/product_cat?post=2215"},{"taxonomy":"product_tag","embeddable":true,"href":"https:\/\/newskyvn.com\/en\/wp-json\/wp\/v2\/product_tag?post=2215"}],"curies":[{"name":"wp","href":"https:\/\/api.w.org\/{rel}","templated":true}]}}