{"id":2212,"date":"2021-10-07T08:32:16","date_gmt":"2021-10-07T08:32:16","guid":{"rendered":"https:\/\/newskyvn.com\/?post_type=product&#038;p=2212"},"modified":"2021-10-07T08:42:02","modified_gmt":"2021-10-07T08:42:02","slug":"type-6106","status":"publish","type":"product","link":"https:\/\/newskyvn.com\/en\/product\/type-6106\/","title":{"rendered":"Type 6106"},"content":{"rendered":"","protected":false},"excerpt":{"rendered":"<p>&nbsp;<\/p>\n<p><strong>2\/2 or 3\/2 way Pneumatic-Rocker-Solenoid Valve<\/strong><\/p>\n<p>The direct-acting rocker solenoid valve type 6106 is designed for use on neutral gaseous mediums. The heat input in the medium is minimal, because the housing is separated from the coil by a stainless steel plate. The valves can be mounted directly or also single or manifold mounted. They are used for dosing, filling, mixing and distributing small quantities of medium.<\/p>\n<div class=\"copy\">\n<ul>\n<li>Compact design with 16mm width<\/li>\n<li>DN 0,9 and DN 1,2 (10 bar)<\/li>\n<li>High lifecycle<\/li>\n<li>Low power consumption, ATEX Ex ia on request<\/li>\n<li>For pnmeumatic applications<\/li>\n<\/ul>\n<\/div>\n","protected":false},"featured_media":2214,"comment_status":"open","ping_status":"closed","template":"","meta":[],"product_cat":[146],"product_tag":[],"yoast_head":"<!-- This site is optimized with the Yoast SEO plugin v16.6.1 - https:\/\/yoast.com\/wordpress\/plugins\/seo\/ -->\n<title>Type 6106 - NEW SKY CO.,LTD<\/title>\n<meta name=\"robots\" content=\"index, follow, max-snippet:-1, max-image-preview:large, max-video-preview:-1\" \/>\n<link rel=\"canonical\" href=\"https:\/\/newskyvn.com\/product\/type-6106\/\" \/>\n<meta property=\"og:locale\" content=\"en_US\" \/>\n<meta property=\"og:type\" content=\"article\" \/>\n<meta property=\"og:title\" content=\"Type 6106 - NEW SKY CO.,LTD\" \/>\n<meta property=\"og:description\" content=\"[:vi]&nbsp;  Van \u0111i\u1ec7n t\u1eeb kh\u00ed n\u00e9n 2\/2 ho\u1eb7c 3\/2 ng\u00f5  Van \u0111i\u1ec7n t\u1eeb t\u00e1c \u0111\u1ed9ng tr\u1ef1c ti\u1ebfp lo\u1ea1i 6106 \u0111\u01b0\u1ee3c thi\u1ebft k\u1ebf \u0111\u1ec3 s\u1eed d\u1ee5ng tr\u00ean m\u00f4i tr\u01b0\u1eddng kh\u00ed trung t\u00ednh.\u00a0Nhi\u1ec7t \u0111\u1ea7u v\u00e0o trong m\u00f4i tr\u01b0\u1eddng l\u00e0 t\u1ed1i thi\u1ec3u, v\u00ec v\u1ecf \u0111\u01b0\u1ee3c ng\u0103n c\u00e1ch v\u1edbi cu\u1ed9n d\u00e2y b\u1eb1ng m\u1ed9t t\u1ea5m th\u00e9p kh\u00f4ng g\u1ec9.\u00a0C\u00e1c van c\u00f3 th\u1ec3 \u0111\u01b0\u1ee3c l\u1eafp tr\u1ef1c ti\u1ebfp ho\u1eb7c c\u0169ng c\u00f3 th\u1ec3 l\u1eafp \u0111\u01a1n ho\u1eb7c l\u1eafp \u1ed1ng g\u00f3p.\u00a0Ch\u00fang \u0111\u01b0\u1ee3c s\u1eed d\u1ee5ng \u0111\u1ec3 \u0111\u1ecbnh l\u01b0\u1ee3ng, l\u00e0m \u0111\u1ea7y, tr\u1ed9n v\u00e0 ph\u00e2n ph\u1ed1i l\u01b0\u1ee3ng nh\u1ecf m\u00f4i ch\u1ea5t.    Thi\u1ebft k\u1ebf nh\u1ecf g\u1ecdn v\u1edbi chi\u1ec1u r\u1ed9ng 16mm  DN 0,9 v\u00e0 DN 1,2 (10 bar)  V\u00f2ng \u0111\u1eddi cao  Ti\u00eau th\u1ee5 \u0111i\u1ec7n n\u0103ng th\u1ea5p, ATEX Ex ia theo y\u00eau c\u1ea7u  \u0110\u1ed1i v\u1edbi c\u00e1c \u1ee9ng d\u1ee5ng pnmeumatic  [:en]&nbsp;  2\/2 or 3\/2 way Pneumatic-Rocker-Solenoid Valve  The direct-acting rocker solenoid valve type 6106 is designed for use on neutral gaseous mediums. The heat input in the medium is minimal, because the housing is separated from the coil by a stainless steel plate. The valves can be mounted directly or also single or manifold mounted. They are used for dosing, filling, mixing and distributing small quantities of medium.    Compact design with 16mm width  DN 0,9 and DN 1,2 (10 bar)  High lifecycle  Low power consumption, ATEX Ex ia on request  For pnmeumatic applications  [:]\" \/>\n<meta property=\"og:url\" content=\"https:\/\/newskyvn.com\/product\/type-6106\/\" \/>\n<meta property=\"og:site_name\" content=\"NEW SKY CO.,LTD\" \/>\n<meta property=\"article:modified_time\" content=\"2021-10-07T08:42:02+00:00\" \/>\n<meta property=\"og:image\" content=\"https:\/\/newskyvn.com\/wp-content\/uploads\/2021\/10\/Type-6106.jpg\" \/>\n\t<meta property=\"og:image:width\" content=\"500\" \/>\n\t<meta property=\"og:image:height\" content=\"500\" \/>\n<meta name=\"twitter:card\" content=\"summary_large_image\" \/>\n<script type=\"application\/ld+json\" class=\"yoast-schema-graph\">{\"@context\":\"https:\/\/schema.org\",\"@graph\":[{\"@type\":\"WebSite\",\"@id\":\"https:\/\/newskyvn.com\/#website\",\"url\":\"https:\/\/newskyvn.com\/\",\"name\":\"NEW SKY CO.,LTD\",\"description\":\"C\\u00f4ng Ty TNHH S\\u1ea3n Xu\\u1ea5t Th\\u01b0\\u01a1ng M\\u1ea1i D\\u1ecbch V\\u1ee5 T\\u00e2n Thi\\u00ean\",\"potentialAction\":[{\"@type\":\"SearchAction\",\"target\":{\"@type\":\"EntryPoint\",\"urlTemplate\":\"https:\/\/newskyvn.com\/?s={search_term_string}\"},\"query-input\":\"required name=search_term_string\"}],\"inLanguage\":\"en-US\"},{\"@type\":\"ImageObject\",\"@id\":\"https:\/\/newskyvn.com\/product\/type-6106\/#primaryimage\",\"inLanguage\":\"en-US\",\"url\":\"https:\/\/newskyvn.com\/wp-content\/uploads\/2021\/10\/Type-6106.jpg\",\"contentUrl\":\"https:\/\/newskyvn.com\/wp-content\/uploads\/2021\/10\/Type-6106.jpg\",\"width\":500,\"height\":500},{\"@type\":\"WebPage\",\"@id\":\"https:\/\/newskyvn.com\/product\/type-6106\/#webpage\",\"url\":\"https:\/\/newskyvn.com\/product\/type-6106\/\",\"name\":\"Type 6106 - NEW SKY CO.,LTD\",\"isPartOf\":{\"@id\":\"https:\/\/newskyvn.com\/#website\"},\"primaryImageOfPage\":{\"@id\":\"https:\/\/newskyvn.com\/product\/type-6106\/#primaryimage\"},\"datePublished\":\"2021-10-07T08:32:16+00:00\",\"dateModified\":\"2021-10-07T08:42:02+00:00\",\"breadcrumb\":{\"@id\":\"https:\/\/newskyvn.com\/product\/type-6106\/#breadcrumb\"},\"inLanguage\":\"en-US\",\"potentialAction\":[{\"@type\":\"ReadAction\",\"target\":[\"https:\/\/newskyvn.com\/product\/type-6106\/\"]}]},{\"@type\":\"BreadcrumbList\",\"@id\":\"https:\/\/newskyvn.com\/product\/type-6106\/#breadcrumb\",\"itemListElement\":[{\"@type\":\"ListItem\",\"position\":1,\"name\":\"Product\",\"item\":\"https:\/\/newskyvn.com\/en\/san-pham\/\"},{\"@type\":\"ListItem\",\"position\":2,\"name\":\"Type 6106\"}]}]}<\/script>\n<!-- \/ Yoast SEO plugin. -->","_links":{"self":[{"href":"https:\/\/newskyvn.com\/en\/wp-json\/wp\/v2\/product\/2212"}],"collection":[{"href":"https:\/\/newskyvn.com\/en\/wp-json\/wp\/v2\/product"}],"about":[{"href":"https:\/\/newskyvn.com\/en\/wp-json\/wp\/v2\/types\/product"}],"replies":[{"embeddable":true,"href":"https:\/\/newskyvn.com\/en\/wp-json\/wp\/v2\/comments?post=2212"}],"wp:featuredmedia":[{"embeddable":true,"href":"https:\/\/newskyvn.com\/en\/wp-json\/wp\/v2\/media\/2214"}],"wp:attachment":[{"href":"https:\/\/newskyvn.com\/en\/wp-json\/wp\/v2\/media?parent=2212"}],"wp:term":[{"taxonomy":"product_cat","embeddable":true,"href":"https:\/\/newskyvn.com\/en\/wp-json\/wp\/v2\/product_cat?post=2212"},{"taxonomy":"product_tag","embeddable":true,"href":"https:\/\/newskyvn.com\/en\/wp-json\/wp\/v2\/product_tag?post=2212"}],"curies":[{"name":"wp","href":"https:\/\/api.w.org\/{rel}","templated":true}]}}