{"id":2206,"date":"2021-10-07T08:09:06","date_gmt":"2021-10-07T08:09:06","guid":{"rendered":"https:\/\/newskyvn.com\/?post_type=product&#038;p=2206"},"modified":"2021-10-07T08:09:06","modified_gmt":"2021-10-07T08:09:06","slug":"type-6606","status":"publish","type":"product","link":"https:\/\/newskyvn.com\/en\/product\/type-6606\/","title":{"rendered":"Type 6606"},"content":{"rendered":"","protected":false},"excerpt":{"rendered":"<p>&nbsp;<\/p>\n<p><strong>2\/2 or 3\/2 way Rocker-Solenoid Valve with separating diaphragm<\/strong><\/p>\n<p>The direct-acting rocker solenoid valves with isolating diaphragm of Type 6606 (2\/2- and 3\/2\u2013way) are high quality valves for analytical technology. They have minimal dead volume and internal volume with few crevices making them easy to flush out. The fluid only comes into contact with the body material and the FFKM seal. The heat transfer to the medium is minimal. The fluid path is isolated from the coil by a stainless steel plate. The valves are ideal for dosing, filling, mixing and distributing of small quantities of fluid for medical, analytical and laboratory applications.<\/p>\n<div class=\"copy\">\n<ul>\n<li>For maximum chemical resistance requirements<\/li>\n<li>Compact design with 16 mm width and Cv ratings up to 0.058<\/li>\n<li>Flexible design for custom manifold assemblies<\/li>\n<li>High back pressure tightness, excellent cleanability and 100 % duty cycle<\/li>\n<li>Normally closed, normally open and universal function<\/li>\n<\/ul>\n<\/div>\n","protected":false},"featured_media":2208,"comment_status":"open","ping_status":"closed","template":"","meta":[],"product_cat":[146],"product_tag":[],"yoast_head":"<!-- This site is optimized with the Yoast SEO plugin v16.6.1 - https:\/\/yoast.com\/wordpress\/plugins\/seo\/ -->\n<title>Type 6606 - NEW SKY CO.,LTD<\/title>\n<meta name=\"robots\" content=\"index, follow, max-snippet:-1, max-image-preview:large, max-video-preview:-1\" \/>\n<link rel=\"canonical\" href=\"https:\/\/newskyvn.com\/product\/type-6606\/\" \/>\n<meta property=\"og:locale\" content=\"en_US\" \/>\n<meta property=\"og:type\" content=\"article\" \/>\n<meta property=\"og:title\" content=\"Type 6606 - NEW SKY CO.,LTD\" \/>\n<meta property=\"og:description\" content=\"[:vi]&nbsp;  Van Rocker-Solenoid 2\/2 ho\u1eb7c 3\/2 chi\u1ec1u c\u00f3 m\u00e0ng ng\u0103n c\u00e1ch  Van \u0111i\u1ec7n t\u1eeb t\u00e1c \u0111\u1ed9ng tr\u1ef1c ti\u1ebfp v\u1edbi m\u00e0ng ng\u0103n c\u00e1ch ly Lo\u1ea1i 6606 (2\/2 v\u00e0 3\/2-chi\u1ec1u) l\u00e0 van ch\u1ea5t l\u01b0\u1ee3ng cao cho c\u00f4ng ngh\u1ec7 ph\u00e2n t\u00edch.\u00a0Ch\u00fang c\u00f3 kh\u1ed1i l\u01b0\u1ee3ng ch\u1ebft t\u1ed1i thi\u1ec3u v\u00e0 kh\u1ed1i l\u01b0\u1ee3ng b\u00ean trong v\u1edbi \u00edt \u0111\u01b0\u1eddng n\u1ee9t khi\u1ebfn ch\u00fang d\u1ec5 d\u00e0ng x\u1ea3 ra ngo\u00e0i.\u00a0Ch\u1ea5t l\u1ecfng ch\u1ec9 ti\u1ebfp x\u00fac v\u1edbi v\u1eadt li\u1ec7u c\u01a1 th\u1ec3 v\u00e0 con d\u1ea5u FFKM.\u00a0S\u1ef1 truy\u1ec1n nhi\u1ec7t cho m\u00f4i ch\u1ea5t l\u00e0 nh\u1ecf nh\u1ea5t.\u00a0\u0110\u01b0\u1eddng d\u1eabn ch\u1ea5t l\u1ecfng \u0111\u01b0\u1ee3c c\u00e1ch ly v\u1edbi cu\u1ed9n d\u00e2y b\u1eb1ng m\u1ed9t t\u1ea5m th\u00e9p kh\u00f4ng g\u1ec9.\u00a0C\u00e1c van n\u00e0y l\u00fd t\u01b0\u1edfng \u0111\u1ec3 \u0111\u1ecbnh l\u01b0\u1ee3ng, l\u00e0m \u0111\u1ea7y, tr\u1ed9n v\u00e0 ph\u00e2n ph\u1ed1i m\u1ed9t l\u01b0\u1ee3ng nh\u1ecf ch\u1ea5t l\u1ecfng cho c\u00e1c \u1ee9ng d\u1ee5ng y t\u1ebf, ph\u00e2n t\u00edch v\u00e0 ph\u00f2ng th\u00ed nghi\u1ec7m.    \u0110\u1ed1i v\u1edbi c\u00e1c y\u00eau c\u1ea7u kh\u00e1ng h\u00f3a ch\u1ea5t t\u1ed1i \u0111a  Thi\u1ebft k\u1ebf nh\u1ecf g\u1ecdn v\u1edbi chi\u1ec1u r\u1ed9ng 16 mm v\u00e0 x\u1ebfp h\u1ea1ng Cv l\u00ean \u0111\u1ebfn 0,058  Thi\u1ebft k\u1ebf linh ho\u1ea1t cho c\u00e1c c\u1ee5m \u1ed1ng g\u00f3p t\u00f9y ch\u1ec9nh  \u0110\u1ed9 k\u00edn \u00e1p cao, kh\u1ea3 n\u0103ng l\u00e0m s\u1ea1ch tuy\u1ec7t v\u1eddi v\u00e0 chu k\u1ef3 l\u00e0m vi\u1ec7c 100%  Th\u01b0\u1eddng \u0111\u00f3ng, th\u01b0\u1eddng m\u1edf v\u00e0 ch\u1ee9c n\u0103ng ph\u1ed5 qu\u00e1t  [:en]&nbsp;  2\/2 or 3\/2 way Rocker-Solenoid Valve with separating diaphragm  The direct-acting rocker solenoid valves with isolating diaphragm of Type 6606 (2\/2- and 3\/2\u2013way) are high quality valves for analytical technology. They have minimal dead volume and internal volume with few crevices making them easy to flush out. The fluid only comes into contact with the body material and the FFKM seal. The heat transfer to the medium is minimal. The fluid path is isolated from the coil by a stainless steel plate. The valves are ideal for dosing, filling, mixing and distributing of small quantities of fluid for medical, analytical and laboratory applications.    For maximum chemical resistance requirements  Compact design with 16 mm width and Cv ratings up to 0.058  Flexible design for custom manifold assemblies  High back pressure tightness, excellent cleanability and 100 % duty cycle  Normally closed, normally open and universal function  [:]\" \/>\n<meta property=\"og:url\" content=\"https:\/\/newskyvn.com\/product\/type-6606\/\" \/>\n<meta property=\"og:site_name\" content=\"NEW SKY CO.,LTD\" \/>\n<meta property=\"og:image\" content=\"https:\/\/newskyvn.com\/wp-content\/uploads\/2021\/10\/Type-6606.jpg\" \/>\n\t<meta property=\"og:image:width\" content=\"500\" \/>\n\t<meta property=\"og:image:height\" content=\"500\" \/>\n<meta name=\"twitter:card\" content=\"summary_large_image\" \/>\n<script type=\"application\/ld+json\" class=\"yoast-schema-graph\">{\"@context\":\"https:\/\/schema.org\",\"@graph\":[{\"@type\":\"WebSite\",\"@id\":\"https:\/\/newskyvn.com\/#website\",\"url\":\"https:\/\/newskyvn.com\/\",\"name\":\"NEW SKY CO.,LTD\",\"description\":\"C\\u00f4ng Ty TNHH S\\u1ea3n Xu\\u1ea5t Th\\u01b0\\u01a1ng M\\u1ea1i D\\u1ecbch V\\u1ee5 T\\u00e2n Thi\\u00ean\",\"potentialAction\":[{\"@type\":\"SearchAction\",\"target\":{\"@type\":\"EntryPoint\",\"urlTemplate\":\"https:\/\/newskyvn.com\/?s={search_term_string}\"},\"query-input\":\"required name=search_term_string\"}],\"inLanguage\":\"en-US\"},{\"@type\":\"ImageObject\",\"@id\":\"https:\/\/newskyvn.com\/product\/type-6606\/#primaryimage\",\"inLanguage\":\"en-US\",\"url\":\"https:\/\/newskyvn.com\/wp-content\/uploads\/2021\/10\/Type-6606.jpg\",\"contentUrl\":\"https:\/\/newskyvn.com\/wp-content\/uploads\/2021\/10\/Type-6606.jpg\",\"width\":500,\"height\":500},{\"@type\":\"WebPage\",\"@id\":\"https:\/\/newskyvn.com\/product\/type-6606\/#webpage\",\"url\":\"https:\/\/newskyvn.com\/product\/type-6606\/\",\"name\":\"Type 6606 - NEW SKY CO.,LTD\",\"isPartOf\":{\"@id\":\"https:\/\/newskyvn.com\/#website\"},\"primaryImageOfPage\":{\"@id\":\"https:\/\/newskyvn.com\/product\/type-6606\/#primaryimage\"},\"datePublished\":\"2021-10-07T08:09:06+00:00\",\"dateModified\":\"2021-10-07T08:09:06+00:00\",\"breadcrumb\":{\"@id\":\"https:\/\/newskyvn.com\/product\/type-6606\/#breadcrumb\"},\"inLanguage\":\"en-US\",\"potentialAction\":[{\"@type\":\"ReadAction\",\"target\":[\"https:\/\/newskyvn.com\/product\/type-6606\/\"]}]},{\"@type\":\"BreadcrumbList\",\"@id\":\"https:\/\/newskyvn.com\/product\/type-6606\/#breadcrumb\",\"itemListElement\":[{\"@type\":\"ListItem\",\"position\":1,\"name\":\"Product\",\"item\":\"https:\/\/newskyvn.com\/en\/san-pham\/\"},{\"@type\":\"ListItem\",\"position\":2,\"name\":\"Type 6606\"}]}]}<\/script>\n<!-- \/ Yoast SEO plugin. -->","_links":{"self":[{"href":"https:\/\/newskyvn.com\/en\/wp-json\/wp\/v2\/product\/2206"}],"collection":[{"href":"https:\/\/newskyvn.com\/en\/wp-json\/wp\/v2\/product"}],"about":[{"href":"https:\/\/newskyvn.com\/en\/wp-json\/wp\/v2\/types\/product"}],"replies":[{"embeddable":true,"href":"https:\/\/newskyvn.com\/en\/wp-json\/wp\/v2\/comments?post=2206"}],"wp:featuredmedia":[{"embeddable":true,"href":"https:\/\/newskyvn.com\/en\/wp-json\/wp\/v2\/media\/2208"}],"wp:attachment":[{"href":"https:\/\/newskyvn.com\/en\/wp-json\/wp\/v2\/media?parent=2206"}],"wp:term":[{"taxonomy":"product_cat","embeddable":true,"href":"https:\/\/newskyvn.com\/en\/wp-json\/wp\/v2\/product_cat?post=2206"},{"taxonomy":"product_tag","embeddable":true,"href":"https:\/\/newskyvn.com\/en\/wp-json\/wp\/v2\/product_tag?post=2206"}],"curies":[{"name":"wp","href":"https:\/\/api.w.org\/{rel}","templated":true}]}}