{"id":2203,"date":"2021-10-07T08:01:58","date_gmt":"2021-10-07T08:01:58","guid":{"rendered":"https:\/\/newskyvn.com\/?post_type=product&#038;p=2203"},"modified":"2021-10-07T08:01:58","modified_gmt":"2021-10-07T08:01:58","slug":"type-6144","status":"publish","type":"product","link":"https:\/\/newskyvn.com\/en\/product\/type-6144\/","title":{"rendered":"Type 6144"},"content":{"rendered":"","protected":false},"excerpt":{"rendered":"<p>&nbsp;<\/p>\n<p><strong>3\/2-way flipper solenoid valve, direct-acting<\/strong><\/p>\n<p>Type 6144 is a direct-acting 3\/2-way solenoid valve designed for neutral gases and liquids. Through the movement between the two end positions, the switching element (flipper) seals one of the two opposing valve seats and connects the other to the working port. This movement is caused by the magnetic field pushing a permanent magnet, which is fixed to the flipper element, when switching the solenoid. In addition to its exceptional performance characteristics, the flipper principle is especially marked by its very low switching noise and low wear level. Furthermore, integrated medium separation enables use above and beyond pneumatic applications. Depending on the application, various flange connections are available that are suitable for both individual and block installation. Installation advice: The valve must be at least 5 mm away from other ferromagnetic materials in order to avoid malfunctioning during operation.<\/p>\n<div class=\"copy\">\n<ul>\n<li>Direct-acting<\/li>\n<li>0 to 10 bar<\/li>\n<li>Low power consumption<\/li>\n<li>Standard, Ex ia version<\/li>\n<li>10 mm installation width \/ 11 mm width\/station<\/li>\n<\/ul>\n<\/div>\n","protected":false},"featured_media":2205,"comment_status":"open","ping_status":"closed","template":"","meta":[],"product_cat":[146],"product_tag":[],"yoast_head":"<!-- This site is optimized with the Yoast SEO plugin v16.6.1 - https:\/\/yoast.com\/wordpress\/plugins\/seo\/ -->\n<title>Type 6144 - NEW SKY CO.,LTD<\/title>\n<meta name=\"robots\" content=\"index, follow, max-snippet:-1, max-image-preview:large, max-video-preview:-1\" \/>\n<link rel=\"canonical\" href=\"https:\/\/newskyvn.com\/product\/type-6144\/\" \/>\n<meta property=\"og:locale\" content=\"en_US\" \/>\n<meta property=\"og:type\" content=\"article\" \/>\n<meta property=\"og:title\" content=\"Type 6144 - NEW SKY CO.,LTD\" \/>\n<meta property=\"og:description\" content=\"[:vi]&nbsp;  Van \u0111i\u1ec7n t\u1eeb c\u00f3 ch\u00e2n v\u1ecbt l\u1eadt, 3\/2 ng\u00f5, t\u00e1c \u0111\u1ed9ng tr\u1ef1c ti\u1ebfp  Lo\u1ea1i 6144 l\u00e0 van \u0111i\u1ec7n t\u1eeb 3\/2 chi\u1ec1u t\u00e1c \u0111\u1ed9ng tr\u1ef1c ti\u1ebfp \u0111\u01b0\u1ee3c thi\u1ebft k\u1ebf cho ch\u1ea5t l\u1ecfng v\u00e0 kh\u00ed trung t\u00ednh.\u00a0Th\u00f4ng qua chuy\u1ec3n \u0111\u1ed9ng gi\u1eefa hai v\u1ecb tr\u00ed cu\u1ed1i, ph\u1ea7n t\u1eed chuy\u1ec3n m\u1ea1ch (b\u1ed9 ph\u1eadn l\u1eadt) s\u1ebd ni\u00eam phong m\u1ed9t trong hai ch\u1ed7 van \u0111\u1ed1i di\u1ec7n v\u00e0 k\u1ebft n\u1ed1i c\u00e1i kia v\u1edbi c\u1ed5ng l\u00e0m vi\u1ec7c.\u00a0Chuy\u1ec3n \u0111\u1ed9ng n\u00e0y l\u00e0 do t\u1eeb tr\u01b0\u1eddng \u0111\u1ea9y m\u1ed9t nam ch\u00e2m v\u0129nh c\u1eedu, nam ch\u00e2m n\u00e0y \u0111\u01b0\u1ee3c c\u1ed1 \u0111\u1ecbnh v\u00e0o ph\u1ea7n t\u1eed l\u1eadt, khi chuy\u1ec3n m\u1ea1ch \u0111i\u1ec7n t\u1eeb.\u00a0Ngo\u00e0i c\u00e1c \u0111\u1eb7c t\u00ednh hi\u1ec7u su\u1ea5t \u0111\u1eb7c bi\u1ec7t c\u1ee7a n\u00f3, nguy\u00ean t\u1eafc l\u1eadt \u0111\u01b0\u1ee3c \u0111\u1eb7c bi\u1ec7t \u0111\u00e1nh d\u1ea5u b\u1edfi ti\u1ebfng \u1ed3n chuy\u1ec3n m\u1ea1ch r\u1ea5t th\u1ea5p v\u00e0 m\u1ee9c \u0111\u1ed9 m\u00e0i m\u00f2n th\u1ea5p.\u00a0H\u01a1n n\u1eefa, ph\u00e2n t\u00e1ch m\u00f4i tr\u01b0\u1eddng t\u00edch h\u1ee3p cho ph\u00e9p s\u1eed d\u1ee5ng tr\u00ean v\u00e0 ngo\u00e0i c\u00e1c \u1ee9ng d\u1ee5ng kh\u00ed n\u00e9n.\u00a0T\u00f9y thu\u1ed9c v\u00e0o \u1ee9ng d\u1ee5ng, c\u00e1c k\u1ebft n\u1ed1i m\u1eb7t b\u00edch kh\u00e1c nhau c\u00f3 s\u1eb5n ph\u00f9 h\u1ee3p cho c\u1ea3 c\u00e0i \u0111\u1eb7t ri\u00eang l\u1ebb v\u00e0 l\u1eafp \u0111\u1eb7t kh\u1ed1i.\u00a0T\u01b0 v\u1ea5n c\u00e0i \u0111\u1eb7t:    H\u00e0nh \u0111\u1ed9ng tr\u1ef1c ti\u1ebfp  0 \u0111\u1ebfn 10 thanh  S\u1ef1 ti\u00eau th\u1ee5 \u00edt \u0111i\u1ec7n n\u0103ng  Phi\u00ean b\u1ea3n ti\u00eau chu\u1ea9n, Ex ia  Chi\u1ec1u r\u1ed9ng l\u1eafp \u0111\u1eb7t 10 mm \/ chi\u1ec1u r\u1ed9ng 11 mm \/ tr\u1ea1m  [:en]&nbsp;  3\/2-way flipper solenoid valve, direct-acting  Type 6144 is a direct-acting 3\/2-way solenoid valve designed for neutral gases and liquids. Through the movement between the two end positions, the switching element (flipper) seals one of the two opposing valve seats and connects the other to the working port. This movement is caused by the magnetic field pushing a permanent magnet, which is fixed to the flipper element, when switching the solenoid. In addition to its exceptional performance characteristics, the flipper principle is especially marked by its very low switching noise and low wear level. Furthermore, integrated medium separation enables use above and beyond pneumatic applications. Depending on the application, various flange connections are available that are suitable for both individual and block installation. Installation advice: The valve must be at least 5 mm away from other ferromagnetic materials in order to avoid malfunctioning during operation.    Direct-acting  0 to 10 bar  Low power consumption  Standard, Ex ia version  10 mm installation width \/ 11 mm width\/station  [:]\" \/>\n<meta property=\"og:url\" content=\"https:\/\/newskyvn.com\/product\/type-6144\/\" \/>\n<meta property=\"og:site_name\" content=\"NEW SKY CO.,LTD\" \/>\n<meta property=\"og:image\" content=\"https:\/\/newskyvn.com\/wp-content\/uploads\/2021\/10\/Type-6144.jpg\" \/>\n\t<meta property=\"og:image:width\" content=\"500\" \/>\n\t<meta property=\"og:image:height\" content=\"500\" \/>\n<meta name=\"twitter:card\" content=\"summary_large_image\" \/>\n<script type=\"application\/ld+json\" class=\"yoast-schema-graph\">{\"@context\":\"https:\/\/schema.org\",\"@graph\":[{\"@type\":\"WebSite\",\"@id\":\"https:\/\/newskyvn.com\/#website\",\"url\":\"https:\/\/newskyvn.com\/\",\"name\":\"NEW SKY CO.,LTD\",\"description\":\"C\\u00f4ng Ty TNHH S\\u1ea3n Xu\\u1ea5t Th\\u01b0\\u01a1ng M\\u1ea1i D\\u1ecbch V\\u1ee5 T\\u00e2n Thi\\u00ean\",\"potentialAction\":[{\"@type\":\"SearchAction\",\"target\":{\"@type\":\"EntryPoint\",\"urlTemplate\":\"https:\/\/newskyvn.com\/?s={search_term_string}\"},\"query-input\":\"required name=search_term_string\"}],\"inLanguage\":\"en-US\"},{\"@type\":\"ImageObject\",\"@id\":\"https:\/\/newskyvn.com\/product\/type-6144\/#primaryimage\",\"inLanguage\":\"en-US\",\"url\":\"https:\/\/newskyvn.com\/wp-content\/uploads\/2021\/10\/Type-6144.jpg\",\"contentUrl\":\"https:\/\/newskyvn.com\/wp-content\/uploads\/2021\/10\/Type-6144.jpg\",\"width\":500,\"height\":500},{\"@type\":\"WebPage\",\"@id\":\"https:\/\/newskyvn.com\/product\/type-6144\/#webpage\",\"url\":\"https:\/\/newskyvn.com\/product\/type-6144\/\",\"name\":\"Type 6144 - NEW SKY CO.,LTD\",\"isPartOf\":{\"@id\":\"https:\/\/newskyvn.com\/#website\"},\"primaryImageOfPage\":{\"@id\":\"https:\/\/newskyvn.com\/product\/type-6144\/#primaryimage\"},\"datePublished\":\"2021-10-07T08:01:58+00:00\",\"dateModified\":\"2021-10-07T08:01:58+00:00\",\"breadcrumb\":{\"@id\":\"https:\/\/newskyvn.com\/product\/type-6144\/#breadcrumb\"},\"inLanguage\":\"en-US\",\"potentialAction\":[{\"@type\":\"ReadAction\",\"target\":[\"https:\/\/newskyvn.com\/product\/type-6144\/\"]}]},{\"@type\":\"BreadcrumbList\",\"@id\":\"https:\/\/newskyvn.com\/product\/type-6144\/#breadcrumb\",\"itemListElement\":[{\"@type\":\"ListItem\",\"position\":1,\"name\":\"Product\",\"item\":\"https:\/\/newskyvn.com\/en\/san-pham\/\"},{\"@type\":\"ListItem\",\"position\":2,\"name\":\"Type 6144\"}]}]}<\/script>\n<!-- \/ Yoast SEO plugin. -->","_links":{"self":[{"href":"https:\/\/newskyvn.com\/en\/wp-json\/wp\/v2\/product\/2203"}],"collection":[{"href":"https:\/\/newskyvn.com\/en\/wp-json\/wp\/v2\/product"}],"about":[{"href":"https:\/\/newskyvn.com\/en\/wp-json\/wp\/v2\/types\/product"}],"replies":[{"embeddable":true,"href":"https:\/\/newskyvn.com\/en\/wp-json\/wp\/v2\/comments?post=2203"}],"wp:featuredmedia":[{"embeddable":true,"href":"https:\/\/newskyvn.com\/en\/wp-json\/wp\/v2\/media\/2205"}],"wp:attachment":[{"href":"https:\/\/newskyvn.com\/en\/wp-json\/wp\/v2\/media?parent=2203"}],"wp:term":[{"taxonomy":"product_cat","embeddable":true,"href":"https:\/\/newskyvn.com\/en\/wp-json\/wp\/v2\/product_cat?post=2203"},{"taxonomy":"product_tag","embeddable":true,"href":"https:\/\/newskyvn.com\/en\/wp-json\/wp\/v2\/product_tag?post=2203"}],"curies":[{"name":"wp","href":"https:\/\/api.w.org\/{rel}","templated":true}]}}