{"id":2200,"date":"2021-10-06T10:40:15","date_gmt":"2021-10-06T10:40:15","guid":{"rendered":"https:\/\/newskyvn.com\/?post_type=product&#038;p=2200"},"modified":"2021-10-06T10:40:16","modified_gmt":"2021-10-06T10:40:16","slug":"type-6650","status":"publish","type":"product","link":"https:\/\/newskyvn.com\/en\/product\/type-6650\/","title":{"rendered":"Type 6650"},"content":{"rendered":"","protected":false},"excerpt":{"rendered":"<p>&nbsp;<\/p>\n<p><strong>\u00a02\/2 way Flipper-Solenoid Valve with separating diaphragm<\/strong><\/p>\n<p>With a width of only 4.5mm, Type 6650 sets a new standard in medium isolation miniature solenoid valves. The optimized design enables reproducible and precise dosing, good rinsing capability and is suitable for the application of aggressive chemicals owing to the high quality of the materials used. With the two nominal sizes of 0.4 and 0.8mm it is ideal for applications where the highest fluid performances are required in the smallest space. Type 6650 opens up new possibilities, owing to the 4.5mm station width, in particular in connection with dosing in 384-well microtiterplates. Based on the well-known flipper principle of the Type 0330, it is tied to the success history of the legendary Type 127.<\/p>\n<div class=\"copy\">\n<ul>\n<li>Only 4.5 mm wide<\/li>\n<li>Medium isolation, for aggressive fluids<\/li>\n<li>Direct-acting<\/li>\n<li>Vacuum up to 7 bar<\/li>\n<li>Short response times<\/li>\n<\/ul>\n<\/div>\n","protected":false},"featured_media":2202,"comment_status":"open","ping_status":"closed","template":"","meta":[],"product_cat":[146],"product_tag":[],"yoast_head":"<!-- This site is optimized with the Yoast SEO plugin v16.6.1 - https:\/\/yoast.com\/wordpress\/plugins\/seo\/ -->\n<title>Type 6650 - NEW SKY CO.,LTD<\/title>\n<meta name=\"robots\" content=\"index, follow, max-snippet:-1, max-image-preview:large, max-video-preview:-1\" \/>\n<link rel=\"canonical\" href=\"https:\/\/newskyvn.com\/product\/type-6650\/\" \/>\n<meta property=\"og:locale\" content=\"en_US\" \/>\n<meta property=\"og:type\" content=\"article\" \/>\n<meta property=\"og:title\" content=\"Type 6650 - NEW SKY CO.,LTD\" \/>\n<meta property=\"og:description\" content=\"[:vi]&nbsp;  Van \u0111i\u1ec7n t\u1eeb 2\/2 ng\u00f5 v\u1edbi m\u00e0ng ng\u0103n c\u00e1ch  V\u1edbi chi\u1ec1u r\u1ed9ng ch\u1ec9 4,5mm, Type 6650 thi\u1ebft l\u1eadp m\u1ed9t ti\u00eau chu\u1ea9n m\u1edbi trong c\u00e1c van \u0111i\u1ec7n t\u1eeb thu nh\u1ecf c\u00e1ch ly trung b\u00ecnh.\u00a0Thi\u1ebft k\u1ebf t\u1ed1i \u01b0u h\u00f3a cho ph\u00e9p \u0111\u1ecbnh l\u01b0\u1ee3ng ch\u00ednh x\u00e1c v\u00e0 l\u1eb7p l\u1ea1i, kh\u1ea3 n\u0103ng r\u1eeda s\u1ea1ch t\u1ed1t v\u00e0 ph\u00f9 h\u1ee3p cho vi\u1ec7c \u1ee9ng d\u1ee5ng c\u00e1c h\u00f3a ch\u1ea5t m\u1ea1nh do ch\u1ea5t l\u01b0\u1ee3ng cao c\u1ee7a v\u1eadt li\u1ec7u \u0111\u01b0\u1ee3c s\u1eed d\u1ee5ng.\u00a0V\u1edbi hai k\u00edch th\u01b0\u1edbc danh ngh\u0129a l\u00e0 0,4 v\u00e0 0,8mm, \u0111\u00e2y l\u00e0 l\u00fd t\u01b0\u1edfng cho c\u00e1c \u1ee9ng d\u1ee5ng y\u00eau c\u1ea7u hi\u1ec7u su\u1ea5t ch\u1ea5t l\u1ecfng cao nh\u1ea5t trong kh\u00f4ng gian nh\u1ecf nh\u1ea5t.\u00a0Lo\u1ea1i 6650 m\u1edf ra nh\u1eefng kh\u1ea3 n\u0103ng m\u1edbi, nh\u1edd chi\u1ec1u r\u1ed9ng tr\u1ea1m 4,5mm, \u0111\u1eb7c bi\u1ec7t l\u00e0 li\u00ean quan \u0111\u1ebfn vi\u1ec7c \u0111\u1ecbnh l\u01b0\u1ee3ng trong c\u00e1c t\u1ea5m k\u00ednh si\u00eau nh\u1ecf 384 gi\u1ebfng.\u00a0D\u1ef1a tr\u00ean nguy\u00ean l\u00fd l\u1eadt n\u1ed5i n\u1ed5i ti\u1ebfng c\u1ee7a Type 0330, n\u00f3 g\u1eafn li\u1ec1n v\u1edbi l\u1ecbch s\u1eed th\u00e0nh c\u00f4ng c\u1ee7a Type 127 huy\u1ec1n tho\u1ea1i.    Ch\u1ec9 r\u1ed9ng 4,5 mm  C\u00e1ch ly trung b\u00ecnh, \u0111\u1ed1i v\u1edbi ch\u1ea5t l\u1ecfng t\u00edch c\u1ef1c  H\u00e0nh \u0111\u1ed9ng tr\u1ef1c ti\u1ebfp  H\u00fat b\u1ee5i l\u00ean \u0111\u1ebfn 7 bar  Th\u1eddi gian ph\u1ea3n h\u1ed3i ng\u1eafn  [:en]&nbsp;  \u00a02\/2 way Flipper-Solenoid Valve with separating diaphragm  With a width of only 4.5mm, Type 6650 sets a new standard in medium isolation miniature solenoid valves. The optimized design enables reproducible and precise dosing, good rinsing capability and is suitable for the application of aggressive chemicals owing to the high quality of the materials used. With the two nominal sizes of 0.4 and 0.8mm it is ideal for applications where the highest fluid performances are required in the smallest space. Type 6650 opens up new possibilities, owing to the 4.5mm station width, in particular in connection with dosing in 384-well microtiterplates. Based on the well-known flipper principle of the Type 0330, it is tied to the success history of the legendary Type 127.    Only 4.5 mm wide  Medium isolation, for aggressive fluids  Direct-acting  Vacuum up to 7 bar  Short response times  [:]\" \/>\n<meta property=\"og:url\" content=\"https:\/\/newskyvn.com\/product\/type-6650\/\" \/>\n<meta property=\"og:site_name\" content=\"NEW SKY CO.,LTD\" \/>\n<meta property=\"article:modified_time\" content=\"2021-10-06T10:40:16+00:00\" \/>\n<meta property=\"og:image\" content=\"https:\/\/newskyvn.com\/wp-content\/uploads\/2021\/10\/Type-6650.jpg\" \/>\n\t<meta property=\"og:image:width\" content=\"500\" \/>\n\t<meta property=\"og:image:height\" content=\"500\" \/>\n<meta name=\"twitter:card\" content=\"summary_large_image\" \/>\n<script type=\"application\/ld+json\" class=\"yoast-schema-graph\">{\"@context\":\"https:\/\/schema.org\",\"@graph\":[{\"@type\":\"WebSite\",\"@id\":\"https:\/\/newskyvn.com\/#website\",\"url\":\"https:\/\/newskyvn.com\/\",\"name\":\"NEW SKY CO.,LTD\",\"description\":\"C\\u00f4ng Ty TNHH S\\u1ea3n Xu\\u1ea5t Th\\u01b0\\u01a1ng M\\u1ea1i D\\u1ecbch V\\u1ee5 T\\u00e2n Thi\\u00ean\",\"potentialAction\":[{\"@type\":\"SearchAction\",\"target\":{\"@type\":\"EntryPoint\",\"urlTemplate\":\"https:\/\/newskyvn.com\/?s={search_term_string}\"},\"query-input\":\"required name=search_term_string\"}],\"inLanguage\":\"en-US\"},{\"@type\":\"ImageObject\",\"@id\":\"https:\/\/newskyvn.com\/product\/type-6650\/#primaryimage\",\"inLanguage\":\"en-US\",\"url\":\"https:\/\/newskyvn.com\/wp-content\/uploads\/2021\/10\/Type-6650.jpg\",\"contentUrl\":\"https:\/\/newskyvn.com\/wp-content\/uploads\/2021\/10\/Type-6650.jpg\",\"width\":500,\"height\":500},{\"@type\":\"WebPage\",\"@id\":\"https:\/\/newskyvn.com\/product\/type-6650\/#webpage\",\"url\":\"https:\/\/newskyvn.com\/product\/type-6650\/\",\"name\":\"Type 6650 - NEW SKY CO.,LTD\",\"isPartOf\":{\"@id\":\"https:\/\/newskyvn.com\/#website\"},\"primaryImageOfPage\":{\"@id\":\"https:\/\/newskyvn.com\/product\/type-6650\/#primaryimage\"},\"datePublished\":\"2021-10-06T10:40:15+00:00\",\"dateModified\":\"2021-10-06T10:40:16+00:00\",\"breadcrumb\":{\"@id\":\"https:\/\/newskyvn.com\/product\/type-6650\/#breadcrumb\"},\"inLanguage\":\"en-US\",\"potentialAction\":[{\"@type\":\"ReadAction\",\"target\":[\"https:\/\/newskyvn.com\/product\/type-6650\/\"]}]},{\"@type\":\"BreadcrumbList\",\"@id\":\"https:\/\/newskyvn.com\/product\/type-6650\/#breadcrumb\",\"itemListElement\":[{\"@type\":\"ListItem\",\"position\":1,\"name\":\"Product\",\"item\":\"https:\/\/newskyvn.com\/en\/san-pham\/\"},{\"@type\":\"ListItem\",\"position\":2,\"name\":\"Type 6650\"}]}]}<\/script>\n<!-- \/ Yoast SEO plugin. -->","_links":{"self":[{"href":"https:\/\/newskyvn.com\/en\/wp-json\/wp\/v2\/product\/2200"}],"collection":[{"href":"https:\/\/newskyvn.com\/en\/wp-json\/wp\/v2\/product"}],"about":[{"href":"https:\/\/newskyvn.com\/en\/wp-json\/wp\/v2\/types\/product"}],"replies":[{"embeddable":true,"href":"https:\/\/newskyvn.com\/en\/wp-json\/wp\/v2\/comments?post=2200"}],"wp:featuredmedia":[{"embeddable":true,"href":"https:\/\/newskyvn.com\/en\/wp-json\/wp\/v2\/media\/2202"}],"wp:attachment":[{"href":"https:\/\/newskyvn.com\/en\/wp-json\/wp\/v2\/media?parent=2200"}],"wp:term":[{"taxonomy":"product_cat","embeddable":true,"href":"https:\/\/newskyvn.com\/en\/wp-json\/wp\/v2\/product_cat?post=2200"},{"taxonomy":"product_tag","embeddable":true,"href":"https:\/\/newskyvn.com\/en\/wp-json\/wp\/v2\/product_tag?post=2200"}],"curies":[{"name":"wp","href":"https:\/\/api.w.org\/{rel}","templated":true}]}}