{"id":2197,"date":"2021-10-06T10:33:04","date_gmt":"2021-10-06T10:33:04","guid":{"rendered":"https:\/\/newskyvn.com\/?post_type=product&#038;p=2197"},"modified":"2021-10-06T10:33:04","modified_gmt":"2021-10-06T10:33:04","slug":"type-6626","status":"publish","type":"product","link":"https:\/\/newskyvn.com\/en\/product\/type-6626\/","title":{"rendered":"Type 6626"},"content":{"rendered":"","protected":false},"excerpt":{"rendered":"<p>&nbsp;<\/p>\n<p><strong>2\/2-way and 3\/2-way B\u00fcrkert TwinPower rocker solenoid valve with separating diaphragm<\/strong><\/p>\n<p>From the fluidics perspective, Type 6626 combines the reliable and successful rocker principle. Due to the new B\u00fcrkert TwinPower concept, this actuator enables drastic reduction of installation space while maintaining performance output. Hence, the 16 mm wide medium separated rocker valve, with 3.0 mm DN and a pressure resistance of 2 bar, provides the same performance as a traditional 22 mm valve. In addition, the integrated power reduction decreases energy consumption by 75%. In combination with other design features, the heat transfer into the medium can be reduced to a minimum. With regard to the design, special attention has been placed on excellent cleanability and high reliability. By using high quality materials, Type 6626 is also ideal for handling aggressive medium. The valve is available as a 2\/2-way and 3\/2-way version.<\/p>\n<div class=\"copy\">\n<ul>\n<li>For highest chemical resistance requirements<\/li>\n<li>Ultra compact design due to B\u00fcrkert TwinPower actuator with 16 mm width\/station<\/li>\n<li>DN 2.0 (3 bar) and DN 3.0 (2 bar)<\/li>\n<li>Integrated hit-and-hold electronics assembly<\/li>\n<li>High back-pressure tightness with excellent cleanability<\/li>\n<\/ul>\n<\/div>\n","protected":false},"featured_media":2199,"comment_status":"open","ping_status":"closed","template":"","meta":[],"product_cat":[146],"product_tag":[],"yoast_head":"<!-- This site is optimized with the Yoast SEO plugin v16.6.1 - https:\/\/yoast.com\/wordpress\/plugins\/seo\/ -->\n<title>Type 6626 - NEW SKY CO.,LTD<\/title>\n<meta name=\"robots\" content=\"index, follow, max-snippet:-1, max-image-preview:large, max-video-preview:-1\" \/>\n<link rel=\"canonical\" href=\"https:\/\/newskyvn.com\/product\/type-6626\/\" \/>\n<meta property=\"og:locale\" content=\"en_US\" \/>\n<meta property=\"og:type\" content=\"article\" \/>\n<meta property=\"og:title\" content=\"Type 6626 - NEW SKY CO.,LTD\" \/>\n<meta property=\"og:description\" content=\"[:vi]&nbsp;  Van \u0111i\u1ec7n t\u1eeb B\u00fcrkert TwinPower rocker 2\/2 ng\u00f5 v\u00e0 3\/2 ng\u00f5 c\u00f3 m\u00e0ng ng\u0103n c\u00e1ch  T\u1eeb quan \u0111i\u1ec3m ch\u1ea5t l\u1ecfng, Type 6626 k\u1ebft h\u1ee3p nguy\u00ean t\u1eafc rocker th\u00e0nh c\u00f4ng v\u00e0 \u0111\u00e1ng tin c\u1eady.\u00a0Do kh\u00e1i ni\u1ec7m B\u00fcrkert TwinPower m\u1edbi, b\u1ed9 truy\u1ec1n \u0111\u1ed9ng n\u00e0y cho ph\u00e9p gi\u1ea3m \u0111\u00e1ng k\u1ec3 kh\u00f4ng gian l\u1eafp \u0111\u1eb7t trong khi v\u1eabn duy tr\u00ec hi\u1ec7u su\u1ea5t \u0111\u1ea7u ra.\u00a0Do \u0111\u00f3, van \u0111i\u1ec1u ch\u1ec9nh trung b\u00ecnh r\u1ed9ng 16 mm, v\u1edbi 3.0 mm DN v\u00e0 kh\u1ea3 n\u0103ng ch\u1ecbu \u00e1p l\u1ef1c l\u00e0 2 bar, cung c\u1ea5p hi\u1ec7u su\u1ea5t t\u01b0\u01a1ng t\u1ef1 nh\u01b0 van 22 mm truy\u1ec1n th\u1ed1ng.\u00a0Ngo\u00e0i ra, vi\u1ec7c gi\u1ea3m c\u00f4ng su\u1ea5t t\u00edch h\u1ee3p gi\u00fap gi\u1ea3m ti\u00eau th\u1ee5 n\u0103ng l\u01b0\u1ee3ng 75%.\u00a0K\u1ebft h\u1ee3p v\u1edbi c\u00e1c t\u00ednh n\u0103ng thi\u1ebft k\u1ebf kh\u00e1c, c\u00f3 th\u1ec3 gi\u1ea3m \u0111\u1ebfn m\u1ee9c th\u1ea5p nh\u1ea5t s\u1ef1 truy\u1ec1n nhi\u1ec7t v\u00e0o m\u00f4i ch\u1ea5t.\u00a0\u0110\u1ed1i v\u1edbi thi\u1ebft k\u1ebf, s\u1ef1 ch\u00fa \u00fd \u0111\u1eb7c bi\u1ec7t \u0111\u00e3 \u0111\u01b0\u1ee3c \u0111\u1eb7t v\u00e0o kh\u1ea3 n\u0103ng l\u00e0m s\u1ea1ch tuy\u1ec7t v\u1eddi v\u00e0 \u0111\u1ed9 tin c\u1eady cao.\u00a0B\u1eb1ng c\u00e1ch s\u1eed d\u1ee5ng v\u1eadt li\u1ec7u ch\u1ea5t l\u01b0\u1ee3ng cao, Type 6626 c\u0169ng l\u00fd t\u01b0\u1edfng \u0111\u1ec3 x\u1eed l\u00fd m\u00f4i tr\u01b0\u1eddng x\u00e2m th\u1ef1c.\u00a0Van c\u00f3 s\u1eb5n nh\u01b0 m\u1ed9t phi\u00ean b\u1ea3n 2\/2 chi\u1ec1u v\u00e0 3\/2 chi\u1ec1u.    \u0110\u1ed1i v\u1edbi c\u00e1c y\u00eau c\u1ea7u kh\u00e1ng h\u00f3a ch\u1ea5t cao nh\u1ea5t  Thi\u1ebft k\u1ebf si\u00eau nh\u1ecf g\u1ecdn nh\u1edd b\u1ed9 truy\u1ec1n \u0111\u1ed9ng B\u00fcrkert TwinPower v\u1edbi chi\u1ec1u r\u1ed9ng 16 mm \/ tr\u1ea1m  DN 2.0 (3 v\u1ea1ch) v\u00e0 DN 3.0 (2 v\u1ea1ch)  T\u00edch h\u1ee3p c\u1ee5m thi\u1ebft b\u1ecb \u0111i\u1ec7n t\u1eed nh\u1ea5n v\u00e0 gi\u1eef  \u0110\u1ed9 k\u00edn \u00e1p su\u1ea5t cao v\u1edbi kh\u1ea3 n\u0103ng l\u00e0m s\u1ea1ch tuy\u1ec7t v\u1eddi  [:en]&nbsp;  2\/2-way and 3\/2-way B\u00fcrkert TwinPower rocker solenoid valve with separating diaphragm  From the fluidics perspective, Type 6626 combines the reliable and successful rocker principle. Due to the new B\u00fcrkert TwinPower concept, this actuator enables drastic reduction of installation space while maintaining performance output. Hence, the 16 mm wide medium separated rocker valve, with 3.0 mm DN and a pressure resistance of 2 bar, provides the same performance as a traditional 22 mm valve. In addition, the integrated power reduction decreases energy consumption by 75%. In combination with other design features, the heat transfer into the medium can be reduced to a minimum. With regard to the design, special attention has been placed on excellent cleanability and high reliability. By using high quality materials, Type 6626 is also ideal for handling aggressive medium. The valve is available as a 2\/2-way and 3\/2-way version.    For highest chemical resistance requirements  Ultra compact design due to B\u00fcrkert TwinPower actuator with 16 mm width\/station  DN 2.0 (3 bar) and DN 3.0 (2 bar)  Integrated hit-and-hold electronics assembly  High back-pressure tightness with excellent cleanability  [:]\" \/>\n<meta property=\"og:url\" content=\"https:\/\/newskyvn.com\/product\/type-6626\/\" \/>\n<meta property=\"og:site_name\" content=\"NEW SKY CO.,LTD\" \/>\n<meta property=\"og:image\" content=\"https:\/\/newskyvn.com\/wp-content\/uploads\/2021\/10\/Type-6626.jpg\" \/>\n\t<meta property=\"og:image:width\" content=\"500\" \/>\n\t<meta property=\"og:image:height\" content=\"500\" \/>\n<meta name=\"twitter:card\" content=\"summary_large_image\" \/>\n<script type=\"application\/ld+json\" class=\"yoast-schema-graph\">{\"@context\":\"https:\/\/schema.org\",\"@graph\":[{\"@type\":\"WebSite\",\"@id\":\"https:\/\/newskyvn.com\/#website\",\"url\":\"https:\/\/newskyvn.com\/\",\"name\":\"NEW SKY CO.,LTD\",\"description\":\"C\\u00f4ng Ty TNHH S\\u1ea3n Xu\\u1ea5t Th\\u01b0\\u01a1ng M\\u1ea1i D\\u1ecbch V\\u1ee5 T\\u00e2n Thi\\u00ean\",\"potentialAction\":[{\"@type\":\"SearchAction\",\"target\":{\"@type\":\"EntryPoint\",\"urlTemplate\":\"https:\/\/newskyvn.com\/?s={search_term_string}\"},\"query-input\":\"required name=search_term_string\"}],\"inLanguage\":\"en-US\"},{\"@type\":\"ImageObject\",\"@id\":\"https:\/\/newskyvn.com\/product\/type-6626\/#primaryimage\",\"inLanguage\":\"en-US\",\"url\":\"https:\/\/newskyvn.com\/wp-content\/uploads\/2021\/10\/Type-6626.jpg\",\"contentUrl\":\"https:\/\/newskyvn.com\/wp-content\/uploads\/2021\/10\/Type-6626.jpg\",\"width\":500,\"height\":500},{\"@type\":\"WebPage\",\"@id\":\"https:\/\/newskyvn.com\/product\/type-6626\/#webpage\",\"url\":\"https:\/\/newskyvn.com\/product\/type-6626\/\",\"name\":\"Type 6626 - NEW SKY CO.,LTD\",\"isPartOf\":{\"@id\":\"https:\/\/newskyvn.com\/#website\"},\"primaryImageOfPage\":{\"@id\":\"https:\/\/newskyvn.com\/product\/type-6626\/#primaryimage\"},\"datePublished\":\"2021-10-06T10:33:04+00:00\",\"dateModified\":\"2021-10-06T10:33:04+00:00\",\"breadcrumb\":{\"@id\":\"https:\/\/newskyvn.com\/product\/type-6626\/#breadcrumb\"},\"inLanguage\":\"en-US\",\"potentialAction\":[{\"@type\":\"ReadAction\",\"target\":[\"https:\/\/newskyvn.com\/product\/type-6626\/\"]}]},{\"@type\":\"BreadcrumbList\",\"@id\":\"https:\/\/newskyvn.com\/product\/type-6626\/#breadcrumb\",\"itemListElement\":[{\"@type\":\"ListItem\",\"position\":1,\"name\":\"Product\",\"item\":\"https:\/\/newskyvn.com\/en\/san-pham\/\"},{\"@type\":\"ListItem\",\"position\":2,\"name\":\"Type 6626\"}]}]}<\/script>\n<!-- \/ Yoast SEO plugin. -->","_links":{"self":[{"href":"https:\/\/newskyvn.com\/en\/wp-json\/wp\/v2\/product\/2197"}],"collection":[{"href":"https:\/\/newskyvn.com\/en\/wp-json\/wp\/v2\/product"}],"about":[{"href":"https:\/\/newskyvn.com\/en\/wp-json\/wp\/v2\/types\/product"}],"replies":[{"embeddable":true,"href":"https:\/\/newskyvn.com\/en\/wp-json\/wp\/v2\/comments?post=2197"}],"wp:featuredmedia":[{"embeddable":true,"href":"https:\/\/newskyvn.com\/en\/wp-json\/wp\/v2\/media\/2199"}],"wp:attachment":[{"href":"https:\/\/newskyvn.com\/en\/wp-json\/wp\/v2\/media?parent=2197"}],"wp:term":[{"taxonomy":"product_cat","embeddable":true,"href":"https:\/\/newskyvn.com\/en\/wp-json\/wp\/v2\/product_cat?post=2197"},{"taxonomy":"product_tag","embeddable":true,"href":"https:\/\/newskyvn.com\/en\/wp-json\/wp\/v2\/product_tag?post=2197"}],"curies":[{"name":"wp","href":"https:\/\/api.w.org\/{rel}","templated":true}]}}