{"id":2193,"date":"2021-10-06T10:18:54","date_gmt":"2021-10-06T10:18:54","guid":{"rendered":"https:\/\/newskyvn.com\/?post_type=product&#038;p=2193"},"modified":"2021-10-06T10:19:26","modified_gmt":"2021-10-06T10:19:26","slug":"type-6628","status":"publish","type":"product","link":"https:\/\/newskyvn.com\/en\/product\/type-6628\/","title":{"rendered":"Type 6628"},"content":{"rendered":"","protected":false},"excerpt":{"rendered":"<p>&nbsp;<\/p>\n<p><strong>2\/2 or 3\/2 way TwinPower Rocker-Solenoid Valve with separating diaphragm<\/strong><\/p>\n<p>Direct acting medium separated 2\/2 and 3\/2 way Rocker Solenoid Valve for control of aggressive fluids and gases in analytical medical applications, the food industry, and also the chemical industry for dosing, filling, mixing and distribution. The medium is in contact with fluid housing and seal material solely through the isolating diaphragm. This valve with the new TwinPoweractuator, robust screw-in connection and 22 mm installation width, will fulfil the highest requirements. The established rocker solenoid technology is characterized through full back pressure tightness, good rinsing capability and low internal volume. Type 6628 is available in different technical versions and by virtue of several body options, it offers a perfect adaption in fluid applications.<\/p>\n<div class=\"copy\">\n<ul>\n<li>22 mm ultra compact design with orifices up to DN 3.0<\/li>\n<li>Isolating diaphragm for high chemical resistance<\/li>\n<li>Circuit function NC, NO and 3 way universal<\/li>\n<li>Back pressure tightness via rocker principle<\/li>\n<li>Minimal internal volume with excellent cleanability<\/li>\n<\/ul>\n<\/div>\n","protected":false},"featured_media":2195,"comment_status":"open","ping_status":"closed","template":"","meta":[],"product_cat":[146],"product_tag":[],"yoast_head":"<!-- This site is optimized with the Yoast SEO plugin v16.6.1 - https:\/\/yoast.com\/wordpress\/plugins\/seo\/ -->\n<title>Type 6628 - NEW SKY CO.,LTD<\/title>\n<meta name=\"robots\" content=\"index, follow, max-snippet:-1, max-image-preview:large, max-video-preview:-1\" \/>\n<link rel=\"canonical\" href=\"https:\/\/newskyvn.com\/product\/type-6628\/\" \/>\n<meta property=\"og:locale\" content=\"en_US\" \/>\n<meta property=\"og:type\" content=\"article\" \/>\n<meta property=\"og:title\" content=\"Type 6628 - NEW SKY CO.,LTD\" \/>\n<meta property=\"og:description\" content=\"[:vi]&nbsp;  Van \u0111i\u1ec7n t\u1eeb 2\/2 ho\u1eb7c 3\/2 chi\u1ec1u TwinPower Rocker-Solenoid c\u00f3 m\u00e0ng ng\u0103n c\u00e1ch  M\u00f4i ch\u1ea5t t\u00e1c \u0111\u1ed9ng tr\u1ef1c ti\u1ebfp t\u00e1ch ra 2\/2 v\u00e0 3\/2 c\u00e1ch Van \u0111i\u1ec7n t\u1eeb Rocker \u0111\u1ec3 ki\u1ec3m so\u00e1t ch\u1ea5t l\u1ecfng v\u00e0 kh\u00ed m\u1ea1nh trong c\u00e1c \u1ee9ng d\u1ee5ng y t\u1ebf ph\u00e2n t\u00edch, ng\u00e0nh c\u00f4ng nghi\u1ec7p th\u1ef1c ph\u1ea9m v\u00e0 c\u0169ng nh\u01b0 ng\u00e0nh c\u00f4ng nghi\u1ec7p h\u00f3a ch\u1ea5t \u0111\u1ec3 \u0111\u1ecbnh l\u01b0\u1ee3ng, chi\u1ebft r\u00f3t, tr\u1ed9n v\u00e0 ph\u00e2n ph\u1ed1i.\u00a0M\u00f4i ch\u1ea5t ch\u1ec9 ti\u1ebfp x\u00fac v\u1edbi v\u1ecf ch\u1ea5t l\u1ecfng v\u00e0 v\u1eadt li\u1ec7u l\u00e0m k\u00edn qua m\u00e0ng ng\u0103n c\u00e1ch ly.\u00a0Van n\u00e0y v\u1edbi TwinPoweractuator m\u1edbi, k\u1ebft n\u1ed1i v\u00edt ch\u1eafc ch\u1eafn v\u00e0 chi\u1ec1u r\u1ed9ng l\u1eafp \u0111\u1eb7t 22 mm, s\u1ebd \u0111\u00e1p \u1ee9ng c\u00e1c y\u00eau c\u1ea7u cao nh\u1ea5t.\u00a0C\u00f4ng ngh\u1ec7 \u0111i\u1ec7n t\u1eeb rocker \u0111\u00e3 \u0111\u01b0\u1ee3c th\u00e0nh l\u1eadp \u0111\u01b0\u1ee3c \u0111\u1eb7c tr\u01b0ng b\u1edfi \u0111\u1ed9 k\u00edn \u00e1p ho\u00e0n to\u00e0n, kh\u1ea3 n\u0103ng r\u1eeda s\u1ea1ch t\u1ed1t v\u00e0 kh\u1ed1i l\u01b0\u1ee3ng b\u00ean trong th\u1ea5p.\u00a0Ki\u1ec3u 6628 c\u00f3 s\u1eb5n trong c\u00e1c phi\u00ean b\u1ea3n k\u1ef9 thu\u1eadt kh\u00e1c nhau v\u00e0 nh\u1edd c\u00f3 m\u1ed9t s\u1ed1 t\u00f9y ch\u1ecdn th\u00e2n m\u00e1y, n\u00f3 mang l\u1ea1i kh\u1ea3 n\u0103ng th\u00edch \u1ee9ng ho\u00e0n h\u1ea3o trong c\u00e1c \u1ee9ng d\u1ee5ng ch\u1ea5t l\u1ecfng.    Thi\u1ebft k\u1ebf si\u00eau nh\u1ecf g\u1ecdn 22 mm v\u1edbi l\u1ed7 l\u00ean \u0111\u1ebfn DN 3.0  M\u00e0ng ng\u0103n c\u00e1ch ly cho kh\u1ea3 n\u0103ng ch\u1ed1ng h\u00f3a ch\u1ea5t cao  Ch\u1ee9c n\u0103ng m\u1ea1ch NC, NO v\u00e0 3 chi\u1ec1u \u0111a n\u0103ng  \u0110\u1ed9 k\u00edn \u00e1p su\u1ea5t ng\u01b0\u1ee3c th\u00f4ng qua nguy\u00ean t\u1eafc rocker  Kh\u1ed1i l\u01b0\u1ee3ng b\u00ean trong t\u1ed1i thi\u1ec3u v\u1edbi kh\u1ea3 n\u0103ng l\u00e0m s\u1ea1ch tuy\u1ec7t v\u1eddi   &nbsp;  &nbsp;[:en]&nbsp;  2\/2 or 3\/2 way TwinPower Rocker-Solenoid Valve with separating diaphragm  Direct acting medium separated 2\/2 and 3\/2 way Rocker Solenoid Valve for control of aggressive fluids and gases in analytical medical applications, the food industry, and also the chemical industry for dosing, filling, mixing and distribution. The medium is in contact with fluid housing and seal material solely through the isolating diaphragm. This valve with the new TwinPoweractuator, robust screw-in connection and 22 mm installation width, will fulfil the highest requirements. The established rocker solenoid technology is characterized through full back pressure tightness, good rinsing capability and low internal volume. Type 6628 is available in different technical versions and by virtue of several body options, it offers a perfect adaption in fluid applications.    22 mm ultra compact design with orifices up to DN 3.0  Isolating diaphragm for high chemical resistance  Circuit function NC, NO and 3 way universal  Back pressure tightness via rocker principle  Minimal internal volume with excellent cleanability  [:]\" \/>\n<meta property=\"og:url\" content=\"https:\/\/newskyvn.com\/product\/type-6628\/\" \/>\n<meta property=\"og:site_name\" content=\"NEW SKY CO.,LTD\" \/>\n<meta property=\"article:modified_time\" content=\"2021-10-06T10:19:26+00:00\" \/>\n<meta property=\"og:image\" content=\"https:\/\/newskyvn.com\/wp-content\/uploads\/2021\/10\/Type-6628.jpg\" \/>\n\t<meta property=\"og:image:width\" content=\"500\" \/>\n\t<meta property=\"og:image:height\" content=\"500\" \/>\n<meta name=\"twitter:card\" content=\"summary_large_image\" \/>\n<script type=\"application\/ld+json\" class=\"yoast-schema-graph\">{\"@context\":\"https:\/\/schema.org\",\"@graph\":[{\"@type\":\"WebSite\",\"@id\":\"https:\/\/newskyvn.com\/#website\",\"url\":\"https:\/\/newskyvn.com\/\",\"name\":\"NEW SKY CO.,LTD\",\"description\":\"C\\u00f4ng Ty TNHH S\\u1ea3n Xu\\u1ea5t Th\\u01b0\\u01a1ng M\\u1ea1i D\\u1ecbch V\\u1ee5 T\\u00e2n Thi\\u00ean\",\"potentialAction\":[{\"@type\":\"SearchAction\",\"target\":{\"@type\":\"EntryPoint\",\"urlTemplate\":\"https:\/\/newskyvn.com\/?s={search_term_string}\"},\"query-input\":\"required name=search_term_string\"}],\"inLanguage\":\"en-US\"},{\"@type\":\"ImageObject\",\"@id\":\"https:\/\/newskyvn.com\/product\/type-6628\/#primaryimage\",\"inLanguage\":\"en-US\",\"url\":\"https:\/\/newskyvn.com\/wp-content\/uploads\/2021\/10\/Type-6628.jpg\",\"contentUrl\":\"https:\/\/newskyvn.com\/wp-content\/uploads\/2021\/10\/Type-6628.jpg\",\"width\":500,\"height\":500},{\"@type\":\"WebPage\",\"@id\":\"https:\/\/newskyvn.com\/product\/type-6628\/#webpage\",\"url\":\"https:\/\/newskyvn.com\/product\/type-6628\/\",\"name\":\"Type 6628 - NEW SKY CO.,LTD\",\"isPartOf\":{\"@id\":\"https:\/\/newskyvn.com\/#website\"},\"primaryImageOfPage\":{\"@id\":\"https:\/\/newskyvn.com\/product\/type-6628\/#primaryimage\"},\"datePublished\":\"2021-10-06T10:18:54+00:00\",\"dateModified\":\"2021-10-06T10:19:26+00:00\",\"breadcrumb\":{\"@id\":\"https:\/\/newskyvn.com\/product\/type-6628\/#breadcrumb\"},\"inLanguage\":\"en-US\",\"potentialAction\":[{\"@type\":\"ReadAction\",\"target\":[\"https:\/\/newskyvn.com\/product\/type-6628\/\"]}]},{\"@type\":\"BreadcrumbList\",\"@id\":\"https:\/\/newskyvn.com\/product\/type-6628\/#breadcrumb\",\"itemListElement\":[{\"@type\":\"ListItem\",\"position\":1,\"name\":\"Product\",\"item\":\"https:\/\/newskyvn.com\/en\/san-pham\/\"},{\"@type\":\"ListItem\",\"position\":2,\"name\":\"Type 6628\"}]}]}<\/script>\n<!-- \/ Yoast SEO plugin. -->","_links":{"self":[{"href":"https:\/\/newskyvn.com\/en\/wp-json\/wp\/v2\/product\/2193"}],"collection":[{"href":"https:\/\/newskyvn.com\/en\/wp-json\/wp\/v2\/product"}],"about":[{"href":"https:\/\/newskyvn.com\/en\/wp-json\/wp\/v2\/types\/product"}],"replies":[{"embeddable":true,"href":"https:\/\/newskyvn.com\/en\/wp-json\/wp\/v2\/comments?post=2193"}],"wp:featuredmedia":[{"embeddable":true,"href":"https:\/\/newskyvn.com\/en\/wp-json\/wp\/v2\/media\/2195"}],"wp:attachment":[{"href":"https:\/\/newskyvn.com\/en\/wp-json\/wp\/v2\/media?parent=2193"}],"wp:term":[{"taxonomy":"product_cat","embeddable":true,"href":"https:\/\/newskyvn.com\/en\/wp-json\/wp\/v2\/product_cat?post=2193"},{"taxonomy":"product_tag","embeddable":true,"href":"https:\/\/newskyvn.com\/en\/wp-json\/wp\/v2\/product_tag?post=2193"}],"curies":[{"name":"wp","href":"https:\/\/api.w.org\/{rel}","templated":true}]}}