{"id":2188,"date":"2021-10-06T10:08:09","date_gmt":"2021-10-06T10:08:09","guid":{"rendered":"https:\/\/newskyvn.com\/?post_type=product&#038;p=2188"},"modified":"2021-10-06T10:08:10","modified_gmt":"2021-10-06T10:08:10","slug":"type-6712","status":"publish","type":"product","link":"https:\/\/newskyvn.com\/en\/product\/type-6712\/","title":{"rendered":"Type 6712"},"content":{"rendered":"","protected":false},"excerpt":{"rendered":"<p>&nbsp;<\/p>\n<p><strong>2\/2-way Whisper Valve with media separation<\/strong><\/p>\n<p>Fluidic \u201cpoint-of-care\u201d applications, such as dialysis or artificial respiration, and \u201cpoint-of-use\u201d applications, such as at pipetting arms in biological analysis, present special requirements. The new, media-separated Whisper Valve Type 6712 was developed for precisely these applications. It sets new benchmarks particularly with low switching noise and excellent cleanability. However, the Type 6712 is also the first choice in industrial applications, such as inkjet printers, thanks to its long service life and excellent switching dynamics. The valve\u2019s modular design and available material variants means that it can be used with practically all liquids and gases in the fields of life sciences and industrial applications. This is a valve that combines dosing accuracy and cleanability.<\/p>\n<div class=\"copy\">\n<ul>\n<li>Highest chemical resistance combined with minimum internal volume<\/li>\n<li>Compact design with 7 mm installation width<\/li>\n<li>DN 0.8 mm (3 bar) and 0.4 mm (5 bar)<\/li>\n<li>Switching noise &lt; 36 dB<\/li>\n<li>For dosing applications with excellent cleanability<\/li>\n<\/ul>\n<\/div>\n","protected":false},"featured_media":2190,"comment_status":"open","ping_status":"closed","template":"","meta":[],"product_cat":[146],"product_tag":[],"yoast_head":"<!-- This site is optimized with the Yoast SEO plugin v16.6.1 - https:\/\/yoast.com\/wordpress\/plugins\/seo\/ -->\n<title>Type 6712 - NEW SKY CO.,LTD<\/title>\n<meta name=\"robots\" content=\"index, follow, max-snippet:-1, max-image-preview:large, max-video-preview:-1\" \/>\n<link rel=\"canonical\" href=\"https:\/\/newskyvn.com\/product\/type-6712\/\" \/>\n<meta property=\"og:locale\" content=\"en_US\" \/>\n<meta property=\"og:type\" content=\"article\" \/>\n<meta property=\"og:title\" content=\"Type 6712 - NEW SKY CO.,LTD\" \/>\n<meta property=\"og:description\" content=\"[:vi]&nbsp;  Van nh\u1ecf gi\u1ecdt 2\/2 ng\u00f5, \u00a0t\u00e1ch bi\u1ec7t v\u1edbi ch\u1ea5t l\u1ecfng  C\u00e1c \u1ee9ng d\u1ee5ng \u201ct\u1ea1i \u0111i\u1ec3m ch\u0103m s\u00f3c\u201d ch\u1ea5t l\u1ecfng, ch\u1eb3ng h\u1ea1n nh\u01b0 th\u1ea9m t\u00e1ch ho\u1eb7c h\u00f4 h\u1ea5p nh\u00e2n t\u1ea1o v\u00e0 c\u00e1c \u1ee9ng d\u1ee5ng \u201ct\u1ea1i \u0111i\u1ec3m s\u1eed d\u1ee5ng\u201d, ch\u1eb3ng h\u1ea1n nh\u01b0 t\u1ea1i c\u00e1c c\u00e1nh tay pipet trong ph\u00e2n t\u00edch sinh h\u1ecdc, c\u00f3 c\u00e1c y\u00eau c\u1ea7u \u0111\u1eb7c bi\u1ec7t.\u00a0Van th\u00ec th\u1ea7m m\u1edbi, t\u00e1ch bi\u1ec7t v\u1edbi ph\u01b0\u01a1ng ti\u1ec7n truy\u1ec1n th\u00f4ng Lo\u1ea1i 6712 \u0111\u01b0\u1ee3c ph\u00e1t tri\u1ec3n cho ch\u00ednh x\u00e1c c\u00e1c \u1ee9ng d\u1ee5ng n\u00e0y.\u00a0N\u00f3 thi\u1ebft l\u1eadp c\u00e1c ti\u00eau chu\u1ea9n m\u1edbi \u0111\u1eb7c bi\u1ec7t v\u1edbi ti\u1ebfng \u1ed3n chuy\u1ec3n m\u1ea1ch th\u1ea5p v\u00e0 kh\u1ea3 n\u0103ng l\u00e0m s\u1ea1ch tuy\u1ec7t v\u1eddi.\u00a0Tuy nhi\u00ean, Type 6712 c\u0169ng l\u00e0 s\u1ef1 l\u1ef1a ch\u1ecdn h\u00e0ng \u0111\u1ea7u trong c\u00e1c \u1ee9ng d\u1ee5ng c\u00f4ng nghi\u1ec7p, ch\u1eb3ng h\u1ea1n nh\u01b0 m\u00e1y in phun, nh\u1edd tu\u1ed5i th\u1ecd d\u00e0i v\u00e0 \u0111\u1ed9ng l\u1ef1c chuy\u1ec3n m\u1ea1ch tuy\u1ec7t v\u1eddi.\u00a0Thi\u1ebft k\u1ebf m\u00f4-\u0111un c\u1ee7a van v\u00e0 c\u00e1c bi\u1ebfn th\u1ec3 v\u1eadt li\u1ec7u c\u00f3 s\u1eb5n c\u00f3 ngh\u0129a l\u00e0 n\u00f3 c\u00f3 th\u1ec3 \u0111\u01b0\u1ee3c s\u1eed d\u1ee5ng th\u1ef1c t\u1ebf v\u1edbi t\u1ea5t c\u1ea3 c\u00e1c ch\u1ea5t l\u1ecfng v\u00e0 kh\u00ed trong c\u00e1c l\u0129nh v\u1ef1c khoa h\u1ecdc \u0111\u1eddi s\u1ed1ng v\u00e0 \u1ee9ng d\u1ee5ng c\u00f4ng nghi\u1ec7p.\u00a0\u0110\u00e2y l\u00e0 lo\u1ea1i van k\u1ebft h\u1ee3p gi\u1eefa \u0111\u1ed9 ch\u00ednh x\u00e1c \u0111\u1ecbnh l\u01b0\u1ee3ng v\u00e0 kh\u1ea3 n\u0103ng l\u00e0m s\u1ea1ch.    Kh\u1ea3 n\u0103ng kh\u00e1ng h\u00f3a ch\u1ea5t cao nh\u1ea5t k\u1ebft h\u1ee3p v\u1edbi kh\u1ed1i l\u01b0\u1ee3ng b\u00ean trong t\u1ed1i thi\u1ec3u  Thi\u1ebft k\u1ebf nh\u1ecf g\u1ecdn v\u1edbi chi\u1ec1u r\u1ed9ng l\u1eafp \u0111\u1eb7t 7 mm  DN 0,8 mm (3 bar) v\u00e0 0,4 mm (5 bar)  Ti\u1ebfng \u1ed3n chuy\u1ec3n m\u1ea1ch &lt;36 dB  \u0110\u1ed1i v\u1edbi c\u00e1c \u1ee9ng d\u1ee5ng \u0111\u1ecbnh l\u01b0\u1ee3ng v\u1edbi kh\u1ea3 n\u0103ng l\u00e0m s\u1ea1ch tuy\u1ec7t v\u1eddi  [:en]&nbsp;  2\/2-way Whisper Valve with media separation  Fluidic \u201cpoint-of-care\u201d applications, such as dialysis or artificial respiration, and \u201cpoint-of-use\u201d applications, such as at pipetting arms in biological analysis, present special requirements. The new, media-separated Whisper Valve Type 6712 was developed for precisely these applications. It sets new benchmarks particularly with low switching noise and excellent cleanability. However, the Type 6712 is also the first choice in industrial applications, such as inkjet printers, thanks to its long service life and excellent switching dynamics. The valve\u2019s modular design and available material variants means that it can be used with practically all liquids and gases in the fields of life sciences and industrial applications. This is a valve that combines dosing accuracy and cleanability.    Highest chemical resistance combined with minimum internal volume  Compact design with 7 mm installation width  DN 0.8 mm (3 bar) and 0.4 mm (5 bar)  Switching noise &lt; 36 dB  For dosing applications with excellent cleanability  [:]\" \/>\n<meta property=\"og:url\" content=\"https:\/\/newskyvn.com\/product\/type-6712\/\" \/>\n<meta property=\"og:site_name\" content=\"NEW SKY CO.,LTD\" \/>\n<meta property=\"article:modified_time\" content=\"2021-10-06T10:08:10+00:00\" \/>\n<meta property=\"og:image\" content=\"https:\/\/newskyvn.com\/wp-content\/uploads\/2021\/10\/Type-6712.jpg\" \/>\n\t<meta property=\"og:image:width\" content=\"500\" \/>\n\t<meta property=\"og:image:height\" content=\"500\" \/>\n<meta name=\"twitter:card\" content=\"summary_large_image\" \/>\n<script type=\"application\/ld+json\" class=\"yoast-schema-graph\">{\"@context\":\"https:\/\/schema.org\",\"@graph\":[{\"@type\":\"WebSite\",\"@id\":\"https:\/\/newskyvn.com\/#website\",\"url\":\"https:\/\/newskyvn.com\/\",\"name\":\"NEW SKY CO.,LTD\",\"description\":\"C\\u00f4ng Ty TNHH S\\u1ea3n Xu\\u1ea5t Th\\u01b0\\u01a1ng M\\u1ea1i D\\u1ecbch V\\u1ee5 T\\u00e2n Thi\\u00ean\",\"potentialAction\":[{\"@type\":\"SearchAction\",\"target\":{\"@type\":\"EntryPoint\",\"urlTemplate\":\"https:\/\/newskyvn.com\/?s={search_term_string}\"},\"query-input\":\"required name=search_term_string\"}],\"inLanguage\":\"en-US\"},{\"@type\":\"ImageObject\",\"@id\":\"https:\/\/newskyvn.com\/product\/type-6712\/#primaryimage\",\"inLanguage\":\"en-US\",\"url\":\"https:\/\/newskyvn.com\/wp-content\/uploads\/2021\/10\/Type-6712.jpg\",\"contentUrl\":\"https:\/\/newskyvn.com\/wp-content\/uploads\/2021\/10\/Type-6712.jpg\",\"width\":500,\"height\":500},{\"@type\":\"WebPage\",\"@id\":\"https:\/\/newskyvn.com\/product\/type-6712\/#webpage\",\"url\":\"https:\/\/newskyvn.com\/product\/type-6712\/\",\"name\":\"Type 6712 - NEW SKY CO.,LTD\",\"isPartOf\":{\"@id\":\"https:\/\/newskyvn.com\/#website\"},\"primaryImageOfPage\":{\"@id\":\"https:\/\/newskyvn.com\/product\/type-6712\/#primaryimage\"},\"datePublished\":\"2021-10-06T10:08:09+00:00\",\"dateModified\":\"2021-10-06T10:08:10+00:00\",\"breadcrumb\":{\"@id\":\"https:\/\/newskyvn.com\/product\/type-6712\/#breadcrumb\"},\"inLanguage\":\"en-US\",\"potentialAction\":[{\"@type\":\"ReadAction\",\"target\":[\"https:\/\/newskyvn.com\/product\/type-6712\/\"]}]},{\"@type\":\"BreadcrumbList\",\"@id\":\"https:\/\/newskyvn.com\/product\/type-6712\/#breadcrumb\",\"itemListElement\":[{\"@type\":\"ListItem\",\"position\":1,\"name\":\"Product\",\"item\":\"https:\/\/newskyvn.com\/en\/san-pham\/\"},{\"@type\":\"ListItem\",\"position\":2,\"name\":\"Type 6712\"}]}]}<\/script>\n<!-- \/ Yoast SEO plugin. -->","_links":{"self":[{"href":"https:\/\/newskyvn.com\/en\/wp-json\/wp\/v2\/product\/2188"}],"collection":[{"href":"https:\/\/newskyvn.com\/en\/wp-json\/wp\/v2\/product"}],"about":[{"href":"https:\/\/newskyvn.com\/en\/wp-json\/wp\/v2\/types\/product"}],"replies":[{"embeddable":true,"href":"https:\/\/newskyvn.com\/en\/wp-json\/wp\/v2\/comments?post=2188"}],"wp:featuredmedia":[{"embeddable":true,"href":"https:\/\/newskyvn.com\/en\/wp-json\/wp\/v2\/media\/2190"}],"wp:attachment":[{"href":"https:\/\/newskyvn.com\/en\/wp-json\/wp\/v2\/media?parent=2188"}],"wp:term":[{"taxonomy":"product_cat","embeddable":true,"href":"https:\/\/newskyvn.com\/en\/wp-json\/wp\/v2\/product_cat?post=2188"},{"taxonomy":"product_tag","embeddable":true,"href":"https:\/\/newskyvn.com\/en\/wp-json\/wp\/v2\/product_tag?post=2188"}],"curies":[{"name":"wp","href":"https:\/\/api.w.org\/{rel}","templated":true}]}}