{"id":2184,"date":"2021-10-06T09:54:00","date_gmt":"2021-10-06T09:54:00","guid":{"rendered":"https:\/\/newskyvn.com\/?post_type=product&#038;p=2184"},"modified":"2021-10-06T09:59:20","modified_gmt":"2021-10-06T09:59:20","slug":"type-6724-2","status":"publish","type":"product","link":"https:\/\/newskyvn.com\/en\/product\/type-6724-2\/","title":{"rendered":"Type 6724"},"content":{"rendered":"","protected":false},"excerpt":{"rendered":"<p>&nbsp;<\/p>\n<p><strong>2\/2 or 3\/2-way Whisper Valve with media separation<\/strong><\/p>\n<p>Many fluidic processes moving closer to where they are actually required. In the field of medical devices, for example, treatments such as dialysis can be provided to patients in convenient surroundings at home. Washing units in analytical equipment are positioned on the pipetting arm or directly on the print head in printing applications. This imposes different requirements on the components used. Solenoid valves must be able to switch without being heard. They need to be smaller and lighter to be used in mobile devices. However, their ability to achieve a long service life and excellent switching characteristics is every bit as important. The Whisper Valve Type 6724 combines all of these traits and, thanks to its modular structure and range of available material variants, this valve is universally applicable.<\/p>\n<div class=\"copy\">\n<ul>\n<li>Highest chemical resistance<\/li>\n<li>Compact design with 8.9 mm installation width<\/li>\n<li>DN 0.8 mm (vacuum up to 5 bar) and 1.2 mm (vacuum up to 3 bar)<\/li>\n<li>Very fast, almost silent switching with &lt; 20 dB (A) and very low power consumption<\/li>\n<li>High back-pressure tightness, excellent cleanability and 100% duty cycle<\/li>\n<\/ul>\n<\/div>\n","protected":false},"featured_media":2186,"comment_status":"open","ping_status":"closed","template":"","meta":[],"product_cat":[146],"product_tag":[],"yoast_head":"<!-- This site is optimized with the Yoast SEO plugin v16.6.1 - https:\/\/yoast.com\/wordpress\/plugins\/seo\/ -->\n<title>Type 6724 - NEW SKY CO.,LTD<\/title>\n<meta name=\"robots\" content=\"index, follow, max-snippet:-1, max-image-preview:large, max-video-preview:-1\" \/>\n<link rel=\"canonical\" href=\"https:\/\/newskyvn.com\/product\/type-6724-2\/\" \/>\n<meta property=\"og:locale\" content=\"en_US\" \/>\n<meta property=\"og:type\" content=\"article\" \/>\n<meta property=\"og:title\" content=\"Type 6724 - NEW SKY CO.,LTD\" \/>\n<meta property=\"og:description\" content=\"[:vi]&nbsp;  Van nh\u1ecf gi\u1ecdt 2\/2 ho\u1eb7c 3\/2 ng\u00f5, t\u00e1ch bi\u1ec7t v\u1edbi ch\u1ea5t l\u1ecfng  Nhi\u1ec1u qu\u00e1 tr\u00ecnh linh ho\u1ea1t di chuy\u1ec3n g\u1ea7n h\u01a1n \u0111\u1ebfn n\u01a1i ch\u00fang th\u1ef1c s\u1ef1 \u0111\u01b0\u1ee3c y\u00eau c\u1ea7u.\u00a0Trong l\u0129nh v\u1ef1c thi\u1ebft b\u1ecb y t\u1ebf, ch\u1eb3ng h\u1ea1n, c\u00e1c ph\u01b0\u01a1ng ph\u00e1p \u0111i\u1ec1u tr\u1ecb nh\u01b0 l\u1ecdc m\u00e1u c\u00f3 th\u1ec3 \u0111\u01b0\u1ee3c cung c\u1ea5p cho b\u1ec7nh nh\u00e2n trong m\u00f4i tr\u01b0\u1eddng thu\u1eadn ti\u1ec7n t\u1ea1i nh\u00e0.\u00a0B\u1ed9 ph\u1eadn r\u1eeda trong thi\u1ebft b\u1ecb ph\u00e2n t\u00edch \u0111\u01b0\u1ee3c \u0111\u1eb7t tr\u00ean tay pipet ho\u1eb7c tr\u1ef1c ti\u1ebfp tr\u00ean \u0111\u1ea7u in trong c\u00e1c \u1ee9ng d\u1ee5ng in.\u00a0\u0110i\u1ec1u n\u00e0y \u0111\u1eb7t ra c\u00e1c y\u00eau c\u1ea7u kh\u00e1c nhau \u0111\u1ed1i v\u1edbi c\u00e1c th\u00e0nh ph\u1ea7n \u0111\u01b0\u1ee3c s\u1eed d\u1ee5ng.\u00a0Van \u0111i\u1ec7n t\u1eeb ph\u1ea3i c\u00f3 th\u1ec3 chuy\u1ec3n \u0111\u1ed5i m\u00e0 kh\u00f4ng b\u1ecb nghe th\u1ea5y.\u00a0Ch\u00fang c\u1ea7n ph\u1ea3i nh\u1ecf h\u01a1n v\u00e0 nh\u1eb9 h\u01a1n \u0111\u1ec3 \u0111\u01b0\u1ee3c s\u1eed d\u1ee5ng trong c\u00e1c thi\u1ebft b\u1ecb di \u0111\u1ed9ng.\u00a0Tuy nhi\u00ean, kh\u1ea3 n\u0103ng \u0111\u1ea1t \u0111\u01b0\u1ee3c tu\u1ed5i th\u1ecd l\u00e2u d\u00e0i v\u00e0 c\u00e1c \u0111\u1eb7c t\u00ednh chuy\u1ec3n m\u1ea1ch tuy\u1ec7t v\u1eddi c\u1ee7a ch\u00fang c\u0169ng r\u1ea5t quan tr\u1ecdng.\u00a0Van Whisper Lo\u1ea1i 6724 k\u1ebft h\u1ee3p t\u1ea5t c\u1ea3 c\u00e1c \u0111\u1eb7c \u0111i\u1ec3m n\u00e0y v\u00e0 nh\u1edd c\u1ea5u tr\u00fac m\u00f4-\u0111un v\u00e0 nhi\u1ec1u bi\u1ebfn th\u1ec3 v\u1eadt li\u1ec7u c\u00f3 s\u1eb5n, van n\u00e0y c\u00f3 th\u1ec3 \u00e1p d\u1ee5ng r\u1ed9ng r\u00e3i.    Kh\u00e1ng h\u00f3a ch\u1ea5t cao nh\u1ea5t  Thi\u1ebft k\u1ebf nh\u1ecf g\u1ecdn v\u1edbi chi\u1ec1u r\u1ed9ng l\u1eafp \u0111\u1eb7t 8,9 mm  DN 0,8 mm (ch\u00e2n kh\u00f4ng \u0111\u1ebfn 5 bar) v\u00e0 1,2 mm (ch\u00e2n kh\u00f4ng \u0111\u1ebfn 3 bar)  Chuy\u1ec3n \u0111\u1ed5i r\u1ea5t nhanh, g\u1ea7n nh\u01b0 im l\u1eb7ng v\u1edbi &lt;20 dB (A) v\u00e0 ti\u00eau th\u1ee5 \u0111i\u1ec7n n\u0103ng r\u1ea5t th\u1ea5p  \u0110\u1ed9 k\u00edn \u00e1p su\u1ea5t cao, kh\u1ea3 n\u0103ng l\u00e0m s\u1ea1ch tuy\u1ec7t v\u1eddi v\u00e0 chu k\u1ef3 l\u00e0m vi\u1ec7c 100%  [:en]&nbsp;  2\/2 or 3\/2-way Whisper Valve with media separation  Many fluidic processes moving closer to where they are actually required. In the field of medical devices, for example, treatments such as dialysis can be provided to patients in convenient surroundings at home. Washing units in analytical equipment are positioned on the pipetting arm or directly on the print head in printing applications. This imposes different requirements on the components used. Solenoid valves must be able to switch without being heard. They need to be smaller and lighter to be used in mobile devices. However, their ability to achieve a long service life and excellent switching characteristics is every bit as important. The Whisper Valve Type 6724 combines all of these traits and, thanks to its modular structure and range of available material variants, this valve is universally applicable.    Highest chemical resistance  Compact design with 8.9 mm installation width  DN 0.8 mm (vacuum up to 5 bar) and 1.2 mm (vacuum up to 3 bar)  Very fast, almost silent switching with &lt; 20 dB (A) and very low power consumption  High back-pressure tightness, excellent cleanability and 100% duty cycle  [:]\" \/>\n<meta property=\"og:url\" content=\"https:\/\/newskyvn.com\/product\/type-6724-2\/\" \/>\n<meta property=\"og:site_name\" content=\"NEW SKY CO.,LTD\" \/>\n<meta property=\"article:modified_time\" content=\"2021-10-06T09:59:20+00:00\" \/>\n<meta property=\"og:image\" content=\"https:\/\/newskyvn.com\/wp-content\/uploads\/2021\/10\/Type-6724.jpg\" \/>\n\t<meta property=\"og:image:width\" content=\"500\" \/>\n\t<meta property=\"og:image:height\" content=\"500\" \/>\n<meta name=\"twitter:card\" content=\"summary_large_image\" \/>\n<script type=\"application\/ld+json\" class=\"yoast-schema-graph\">{\"@context\":\"https:\/\/schema.org\",\"@graph\":[{\"@type\":\"WebSite\",\"@id\":\"https:\/\/newskyvn.com\/#website\",\"url\":\"https:\/\/newskyvn.com\/\",\"name\":\"NEW SKY CO.,LTD\",\"description\":\"C\\u00f4ng Ty TNHH S\\u1ea3n Xu\\u1ea5t Th\\u01b0\\u01a1ng M\\u1ea1i D\\u1ecbch V\\u1ee5 T\\u00e2n Thi\\u00ean\",\"potentialAction\":[{\"@type\":\"SearchAction\",\"target\":{\"@type\":\"EntryPoint\",\"urlTemplate\":\"https:\/\/newskyvn.com\/?s={search_term_string}\"},\"query-input\":\"required name=search_term_string\"}],\"inLanguage\":\"en-US\"},{\"@type\":\"ImageObject\",\"@id\":\"https:\/\/newskyvn.com\/product\/type-6724-2\/#primaryimage\",\"inLanguage\":\"en-US\",\"url\":\"https:\/\/newskyvn.com\/wp-content\/uploads\/2021\/10\/Type-6724.jpg\",\"contentUrl\":\"https:\/\/newskyvn.com\/wp-content\/uploads\/2021\/10\/Type-6724.jpg\",\"width\":500,\"height\":500},{\"@type\":\"WebPage\",\"@id\":\"https:\/\/newskyvn.com\/product\/type-6724-2\/#webpage\",\"url\":\"https:\/\/newskyvn.com\/product\/type-6724-2\/\",\"name\":\"Type 6724 - NEW SKY CO.,LTD\",\"isPartOf\":{\"@id\":\"https:\/\/newskyvn.com\/#website\"},\"primaryImageOfPage\":{\"@id\":\"https:\/\/newskyvn.com\/product\/type-6724-2\/#primaryimage\"},\"datePublished\":\"2021-10-06T09:54:00+00:00\",\"dateModified\":\"2021-10-06T09:59:20+00:00\",\"breadcrumb\":{\"@id\":\"https:\/\/newskyvn.com\/product\/type-6724-2\/#breadcrumb\"},\"inLanguage\":\"en-US\",\"potentialAction\":[{\"@type\":\"ReadAction\",\"target\":[\"https:\/\/newskyvn.com\/product\/type-6724-2\/\"]}]},{\"@type\":\"BreadcrumbList\",\"@id\":\"https:\/\/newskyvn.com\/product\/type-6724-2\/#breadcrumb\",\"itemListElement\":[{\"@type\":\"ListItem\",\"position\":1,\"name\":\"Product\",\"item\":\"https:\/\/newskyvn.com\/en\/san-pham\/\"},{\"@type\":\"ListItem\",\"position\":2,\"name\":\"Type 6724\"}]}]}<\/script>\n<!-- \/ Yoast SEO plugin. -->","_links":{"self":[{"href":"https:\/\/newskyvn.com\/en\/wp-json\/wp\/v2\/product\/2184"}],"collection":[{"href":"https:\/\/newskyvn.com\/en\/wp-json\/wp\/v2\/product"}],"about":[{"href":"https:\/\/newskyvn.com\/en\/wp-json\/wp\/v2\/types\/product"}],"replies":[{"embeddable":true,"href":"https:\/\/newskyvn.com\/en\/wp-json\/wp\/v2\/comments?post=2184"}],"wp:featuredmedia":[{"embeddable":true,"href":"https:\/\/newskyvn.com\/en\/wp-json\/wp\/v2\/media\/2186"}],"wp:attachment":[{"href":"https:\/\/newskyvn.com\/en\/wp-json\/wp\/v2\/media?parent=2184"}],"wp:term":[{"taxonomy":"product_cat","embeddable":true,"href":"https:\/\/newskyvn.com\/en\/wp-json\/wp\/v2\/product_cat?post=2184"},{"taxonomy":"product_tag","embeddable":true,"href":"https:\/\/newskyvn.com\/en\/wp-json\/wp\/v2\/product_tag?post=2184"}],"curies":[{"name":"wp","href":"https:\/\/api.w.org\/{rel}","templated":true}]}}