{"id":2173,"date":"2021-10-06T08:57:56","date_gmt":"2021-10-06T08:57:56","guid":{"rendered":"https:\/\/newskyvn.com\/?post_type=product&#038;p=2173"},"modified":"2021-10-06T09:40:28","modified_gmt":"2021-10-06T09:40:28","slug":"type-3285","status":"publish","type":"product","link":"https:\/\/newskyvn.com\/en\/product\/type-3285\/","title":{"rendered":"Type 3285"},"content":{"rendered":"","protected":false},"excerpt":{"rendered":"<p>&nbsp;<\/p>\n<p><strong>2\/2 way Proportional Valve (motor-driven)<\/strong><\/p>\n<p>The direct-acting motor valve of type 3285 is used for dosing of liquids and gases in closed or open control loops. The valve features a stepper motor as the actuator. The integrated electronics simplifies the process integration; additional actuation modules are not necessary. The motor\u2019s power consumption to hold a specific opening position of the valve is zero. This key feature can reduce the energy consumption of a plant dramatically and thus make it more efficient. Type 3285 is available as a standard ON\/OFF or proportional valve, as a version with integrated positioner and as a version with integrated process controller.<\/p>\n<div class=\"copy\">\n<ul>\n<li>Actuator isolated from flow path<\/li>\n<li>Excellent range and fast response times<\/li>\n<li>Low power consumption<\/li>\n<li>Orifice sizes 8 to 25 mm<\/li>\n<li>Versions: Standard, positioner, process controller<\/li>\n<\/ul>\n<\/div>\n","protected":false},"featured_media":2175,"comment_status":"open","ping_status":"closed","template":"","meta":[],"product_cat":[145],"product_tag":[],"yoast_head":"<!-- This site is optimized with the Yoast SEO plugin v16.6.1 - https:\/\/yoast.com\/wordpress\/plugins\/seo\/ -->\n<title>Type 3285 - NEW SKY CO.,LTD<\/title>\n<meta name=\"robots\" content=\"index, follow, max-snippet:-1, max-image-preview:large, max-video-preview:-1\" \/>\n<link rel=\"canonical\" href=\"https:\/\/newskyvn.com\/product\/type-3285\/\" \/>\n<meta property=\"og:locale\" content=\"en_US\" \/>\n<meta property=\"og:type\" content=\"article\" \/>\n<meta property=\"og:title\" content=\"Type 3285 - NEW SKY CO.,LTD\" \/>\n<meta property=\"og:description\" content=\"[:vi]&nbsp;  Van \u0111\u00f3ng m\u1edf theo t\u1ef7 l\u1ec7,\u00a0 2\/2 ng\u00f5 (\u0111i\u1ec1u khi\u1ec3n \u0111\u1ed9ng c\u01a1)  Van \u0111\u1ed9ng c\u01a1 t\u00e1c \u0111\u1ed9ng tr\u1ef1c ti\u1ebfp ki\u1ec3u 3285 \u0111\u01b0\u1ee3c s\u1eed d\u1ee5ng \u0111\u1ec3 \u0111\u1ecbnh l\u01b0\u1ee3ng ch\u1ea5t l\u1ecfng v\u00e0 kh\u00ed trong c\u00e1c v\u00f2ng \u0111i\u1ec1u khi\u1ec3n \u0111\u00f3ng ho\u1eb7c m\u1edf.\u00a0Van c\u00f3 \u0111\u1ed9ng c\u01a1 b\u01b0\u1edbc l\u00e0m thi\u1ebft b\u1ecb truy\u1ec1n \u0111\u1ed9ng.\u00a0\u0110i\u1ec7n t\u1eed t\u00edch h\u1ee3p \u0111\u01a1n gi\u1ea3n h\u00f3a qu\u00e1 tr\u00ecnh t\u00edch h\u1ee3p;\u00a0c\u00e1c m\u00f4-\u0111un kh\u1edfi \u0111\u1ed9ng b\u1ed5 sung l\u00e0 kh\u00f4ng c\u1ea7n thi\u1ebft.\u00a0C\u00f4ng su\u1ea5t ti\u00eau th\u1ee5 c\u1ee7a \u0111\u1ed9ng c\u01a1 \u0111\u1ec3 gi\u1eef m\u1ed9t v\u1ecb tr\u00ed m\u1edf c\u1ee5 th\u1ec3 c\u1ee7a van b\u1eb1ng kh\u00f4ng.\u00a0T\u00ednh n\u0103ng ch\u00ednh n\u00e0y c\u00f3 th\u1ec3 l\u00e0m gi\u1ea3m \u0111\u00e1ng k\u1ec3 m\u1ee9c ti\u00eau th\u1ee5 n\u0103ng l\u01b0\u1ee3ng c\u1ee7a m\u1ed9t nh\u00e0 m\u00e1y v\u00e0 do \u0111\u00f3 l\u00e0m cho n\u00f3 ho\u1ea1t \u0111\u1ed9ng hi\u1ec7u qu\u1ea3 h\u01a1n.\u00a0Lo\u1ea1i 3285 c\u00f3 s\u1eb5n d\u01b0\u1edbi d\u1ea1ng van B\u1eacT \/ T\u1eaeT ho\u1eb7c van t\u1ef7 l\u1ec7 ti\u00eau chu\u1ea9n, nh\u01b0 m\u1ed9t phi\u00ean b\u1ea3n c\u00f3 b\u1ed9 \u0111\u1ecbnh v\u1ecb t\u00edch h\u1ee3p v\u00e0 nh\u01b0 m\u1ed9t phi\u00ean b\u1ea3n c\u00f3 b\u1ed9 \u0111i\u1ec1u khi\u1ec3n qu\u00e1 tr\u00ecnh t\u00edch h\u1ee3p.    B\u1ed9 truy\u1ec1n \u0111\u1ed9ng c\u00e1ch ly kh\u1ecfi \u0111\u01b0\u1eddng d\u1eabn d\u00f2ng  Ph\u1ea1m vi tuy\u1ec7t v\u1eddi v\u00e0 th\u1eddi gian ph\u1ea3n h\u1ed3i nhanh  S\u1ef1 ti\u00eau th\u1ee5 \u00edt \u0111i\u1ec7n n\u0103ng  K\u00edch th\u01b0\u1edbc l\u1ed7 8 \u0111\u1ebfn 25 mm  C\u00e1c phi\u00ean b\u1ea3n: Ti\u00eau chu\u1ea9n, b\u1ed9 \u0111\u1ecbnh v\u1ecb, b\u1ed9 \u0111i\u1ec1u khi\u1ec3n qu\u00e1 tr\u00ecnh   &nbsp;[:en]&nbsp;  2\/2 way Proportional Valve (motor-driven)  The direct-acting motor valve of type 3285 is used for dosing of liquids and gases in closed or open control loops. The valve features a stepper motor as the actuator. The integrated electronics simplifies the process integration; additional actuation modules are not necessary. The motor\u2019s power consumption to hold a specific opening position of the valve is zero. This key feature can reduce the energy consumption of a plant dramatically and thus make it more efficient. Type 3285 is available as a standard ON\/OFF or proportional valve, as a version with integrated positioner and as a version with integrated process controller.    Actuator isolated from flow path  Excellent range and fast response times  Low power consumption  Orifice sizes 8 to 25 mm  Versions: Standard, positioner, process controller  [:]\" \/>\n<meta property=\"og:url\" content=\"https:\/\/newskyvn.com\/product\/type-3285\/\" \/>\n<meta property=\"og:site_name\" content=\"NEW SKY CO.,LTD\" \/>\n<meta property=\"article:modified_time\" content=\"2021-10-06T09:40:28+00:00\" \/>\n<meta property=\"og:image\" content=\"https:\/\/newskyvn.com\/wp-content\/uploads\/2021\/10\/Type-3285.jpg\" \/>\n\t<meta property=\"og:image:width\" content=\"500\" \/>\n\t<meta property=\"og:image:height\" content=\"500\" \/>\n<meta name=\"twitter:card\" content=\"summary_large_image\" \/>\n<script type=\"application\/ld+json\" class=\"yoast-schema-graph\">{\"@context\":\"https:\/\/schema.org\",\"@graph\":[{\"@type\":\"WebSite\",\"@id\":\"https:\/\/newskyvn.com\/#website\",\"url\":\"https:\/\/newskyvn.com\/\",\"name\":\"NEW SKY CO.,LTD\",\"description\":\"C\\u00f4ng Ty TNHH S\\u1ea3n Xu\\u1ea5t Th\\u01b0\\u01a1ng M\\u1ea1i D\\u1ecbch V\\u1ee5 T\\u00e2n Thi\\u00ean\",\"potentialAction\":[{\"@type\":\"SearchAction\",\"target\":{\"@type\":\"EntryPoint\",\"urlTemplate\":\"https:\/\/newskyvn.com\/?s={search_term_string}\"},\"query-input\":\"required name=search_term_string\"}],\"inLanguage\":\"en-US\"},{\"@type\":\"ImageObject\",\"@id\":\"https:\/\/newskyvn.com\/product\/type-3285\/#primaryimage\",\"inLanguage\":\"en-US\",\"url\":\"https:\/\/newskyvn.com\/wp-content\/uploads\/2021\/10\/Type-3285.jpg\",\"contentUrl\":\"https:\/\/newskyvn.com\/wp-content\/uploads\/2021\/10\/Type-3285.jpg\",\"width\":500,\"height\":500},{\"@type\":\"WebPage\",\"@id\":\"https:\/\/newskyvn.com\/product\/type-3285\/#webpage\",\"url\":\"https:\/\/newskyvn.com\/product\/type-3285\/\",\"name\":\"Type 3285 - NEW SKY CO.,LTD\",\"isPartOf\":{\"@id\":\"https:\/\/newskyvn.com\/#website\"},\"primaryImageOfPage\":{\"@id\":\"https:\/\/newskyvn.com\/product\/type-3285\/#primaryimage\"},\"datePublished\":\"2021-10-06T08:57:56+00:00\",\"dateModified\":\"2021-10-06T09:40:28+00:00\",\"breadcrumb\":{\"@id\":\"https:\/\/newskyvn.com\/product\/type-3285\/#breadcrumb\"},\"inLanguage\":\"en-US\",\"potentialAction\":[{\"@type\":\"ReadAction\",\"target\":[\"https:\/\/newskyvn.com\/product\/type-3285\/\"]}]},{\"@type\":\"BreadcrumbList\",\"@id\":\"https:\/\/newskyvn.com\/product\/type-3285\/#breadcrumb\",\"itemListElement\":[{\"@type\":\"ListItem\",\"position\":1,\"name\":\"Product\",\"item\":\"https:\/\/newskyvn.com\/en\/san-pham\/\"},{\"@type\":\"ListItem\",\"position\":2,\"name\":\"Type 3285\"}]}]}<\/script>\n<!-- \/ Yoast SEO plugin. -->","_links":{"self":[{"href":"https:\/\/newskyvn.com\/en\/wp-json\/wp\/v2\/product\/2173"}],"collection":[{"href":"https:\/\/newskyvn.com\/en\/wp-json\/wp\/v2\/product"}],"about":[{"href":"https:\/\/newskyvn.com\/en\/wp-json\/wp\/v2\/types\/product"}],"replies":[{"embeddable":true,"href":"https:\/\/newskyvn.com\/en\/wp-json\/wp\/v2\/comments?post=2173"}],"wp:featuredmedia":[{"embeddable":true,"href":"https:\/\/newskyvn.com\/en\/wp-json\/wp\/v2\/media\/2175"}],"wp:attachment":[{"href":"https:\/\/newskyvn.com\/en\/wp-json\/wp\/v2\/media?parent=2173"}],"wp:term":[{"taxonomy":"product_cat","embeddable":true,"href":"https:\/\/newskyvn.com\/en\/wp-json\/wp\/v2\/product_cat?post=2173"},{"taxonomy":"product_tag","embeddable":true,"href":"https:\/\/newskyvn.com\/en\/wp-json\/wp\/v2\/product_tag?post=2173"}],"curies":[{"name":"wp","href":"https:\/\/api.w.org\/{rel}","templated":true}]}}