{"id":2168,"date":"2021-10-06T08:44:58","date_gmt":"2021-10-06T08:44:58","guid":{"rendered":"https:\/\/newskyvn.com\/?post_type=product&#038;p=2168"},"modified":"2021-10-06T08:51:05","modified_gmt":"2021-10-06T08:51:05","slug":"type-3321","status":"publish","type":"product","link":"https:\/\/newskyvn.com\/en\/product\/type-3321\/","title":{"rendered":"Type 3321"},"content":{"rendered":"","protected":false},"excerpt":{"rendered":"<p>&nbsp;<\/p>\n<p><strong>Electromotive 2\/2 way globe valve<\/strong><\/p>\n<p>The innovative B\u00fcrkert process on\/off valve Type 3321 is the solution when it comes to shut-off tasks under demanding operating conditions. The electromotive actuator with ball screw moves the swivel plate at a particularly high rate of 6 mm\/s to its end position. Thereby it reacts almost instantaneously to process signals. If necessary, the safety position can be approached by an optional energy storage in case of power failure. The actuator and shut-off globe valve are adapted perfectly to each other with closed design and robust surface. This ensures the hygienic requirements of a fast and residue-free cleaning. Harsh environments are no problem for the Type 3321 because of the protection class IP65 \/ IP67 and its high impact and vibration resistance. Unrivalled cycle life and sealing integrity is guaranteed by the proven self adjusting spindle packing with exchangeable V-seals. The fieldbus suitable for Type 3321 provides many helpful functions for process monitoring, valve diagnostics and predictive maintenance and thus offers the decisive advantage of a modern process automation.<\/p>\n<div class=\"copy\">\n<ul>\n<li>Fail-safe position by energy storage<\/li>\n<li>Rapid flow shut off<\/li>\n<li>Weather and impact resistant design<\/li>\n<li>Designed according to hygienic demands<\/li>\n<li>Many diagnostic functions<\/li>\n<\/ul>\n<\/div>\n","protected":false},"featured_media":2170,"comment_status":"open","ping_status":"closed","template":"","meta":[],"product_cat":[120,145],"product_tag":[],"yoast_head":"<!-- This site is optimized with the Yoast SEO plugin v16.6.1 - https:\/\/yoast.com\/wordpress\/plugins\/seo\/ -->\n<title>Type 3321 - NEW SKY CO.,LTD<\/title>\n<meta name=\"robots\" content=\"index, follow, max-snippet:-1, max-image-preview:large, max-video-preview:-1\" \/>\n<link rel=\"canonical\" href=\"https:\/\/newskyvn.com\/product\/type-3321\/\" \/>\n<meta property=\"og:locale\" content=\"en_US\" \/>\n<meta property=\"og:type\" content=\"article\" \/>\n<meta property=\"og:title\" content=\"Type 3321 - NEW SKY CO.,LTD\" \/>\n<meta property=\"og:description\" content=\"[:vi]&nbsp;  Van c\u1ea7u 2\/2 ng\u00f5 \u0111i\u1ec7n \u0111\u1ed9ng  Quy tr\u00ecnh b\u1eadt \/ t\u1eaft van B\u00fcrkert c\u1ea3i ti\u1ebfn Ki\u1ec3u 3321 l\u00e0 gi\u1ea3i ph\u00e1p khi n\u00f3i \u0111\u1ebfn c\u00e1c t\u00e1c v\u1ee5 ng\u1eaft trong c\u00e1c \u0111i\u1ec1u ki\u1ec7n v\u1eadn h\u00e0nh kh\u1eaft khe.\u00a0C\u01a1 c\u1ea5u truy\u1ec1n \u0111\u1ed9ng \u0111i\u1ec7n \u0111\u1ed9ng v\u1edbi v\u00edt me bi di chuy\u1ec3n t\u1ea5m quay v\u1edbi t\u1ed1c \u0111\u1ed9 \u0111\u1eb7c bi\u1ec7t cao l\u00e0 6 mm \/ s \u0111\u1ebfn v\u1ecb tr\u00ed cu\u1ed1i c\u1ee7a n\u00f3.\u00a0Do \u0111\u00f3 n\u00f3 ph\u1ea3n \u1ee9ng g\u1ea7n nh\u01b0 t\u1ee9c th\u1eddi \u0111\u1ec3 x\u1eed l\u00fd t\u00edn hi\u1ec7u.\u00a0N\u1ebfu c\u1ea7n, c\u00f3 th\u1ec3 ti\u1ebfp c\u1eadn v\u1ecb tr\u00ed an to\u00e0n b\u1eb1ng b\u1ed9 l\u01b0u tr\u1eef n\u0103ng l\u01b0\u1ee3ng t\u00f9y ch\u1ecdn trong tr\u01b0\u1eddng h\u1ee3p m\u1ea5t \u0111i\u1ec7n.\u00a0B\u1ed9 truy\u1ec1n \u0111\u1ed9ng v\u00e0 van c\u1ea7u \u0111\u00f3ng ng\u1eaft \u0111\u01b0\u1ee3c \u0111i\u1ec1u ch\u1ec9nh ho\u00e0n h\u1ea3o v\u1edbi nhau v\u1edbi thi\u1ebft k\u1ebf k\u00edn v\u00e0 b\u1ec1 m\u1eb7t ch\u1eafc ch\u1eafn.\u00a0\u0110i\u1ec1u n\u00e0y \u0111\u1ea3m b\u1ea3o c\u00e1c y\u00eau c\u1ea7u v\u1ec7 sinh c\u1ee7a qu\u00e1 tr\u00ecnh l\u00e0m s\u1ea1ch nhanh ch\u00f3ng v\u00e0 kh\u00f4ng c\u00f3 c\u1eb7n.\u00a0M\u00f4i tr\u01b0\u1eddng kh\u1eafc nghi\u1ec7t kh\u00f4ng ph\u1ea3i l\u00e0 v\u1ea5n \u0111\u1ec1 \u0111\u1ed1i v\u1edbi Ki\u1ec3u 3321 v\u00ec l\u1edbp b\u1ea3o v\u1ec7 IP65 \/ IP67 v\u00e0 kh\u1ea3 n\u0103ng ch\u1ed1ng va \u0111\u1eadp v\u00e0 rung \u0111\u1ed9ng cao.\u00a0Tu\u1ed5i th\u1ecd chu k\u1ef3 v\u00f4 song v\u00e0 t\u00ednh to\u00e0n v\u1eb9n c\u1ee7a ni\u00eam phong \u0111\u01b0\u1ee3c \u0111\u1ea3m b\u1ea3o b\u1eb1ng c\u00e1ch \u0111\u00f3ng g\u00f3i tr\u1ee5c ch\u00ednh t\u1ef1 \u0111i\u1ec1u ch\u1ec9nh \u0111\u00e3 \u0111\u01b0\u1ee3c ch\u1ee9ng minh v\u1edbi c\u00e1c con d\u1ea5u ch\u1eef V c\u00f3 th\u1ec3 trao \u0111\u1ed5i.\u00a0Fieldbus ph\u00f9 h\u1ee3p v\u1edbi Ki\u1ec3u 3321 cung c\u1ea5p nhi\u1ec1u ch\u1ee9c n\u0103ng h\u1eefu \u00edch cho vi\u1ec7c gi\u00e1m s\u00e1t qu\u00e1 tr\u00ecnh, ch\u1ea9n \u0111o\u00e1n van v\u00e0 b\u1ea3o tr\u00ec d\u1ef1 \u0111o\u00e1n v\u00e0 do \u0111\u00f3 mang l\u1ea1i l\u1ee3i th\u1ebf quy\u1ebft \u0111\u1ecbnh c\u1ee7a qu\u00e1 tr\u00ecnh t\u1ef1 \u0111\u1ed9ng h\u00f3a hi\u1ec7n \u0111\u1ea1i.    V\u1ecb tr\u00ed kh\u00f4ng an to\u00e0n b\u1eb1ng c\u00e1ch l\u01b0u tr\u1eef n\u0103ng l\u01b0\u1ee3ng  D\u00f2ng ch\u1ea3y nhanh ch\u00f3ng t\u1eaft  Thi\u1ebft k\u1ebf ch\u1ed1ng ch\u1ecbu th\u1eddi ti\u1ebft v\u00e0 va \u0111\u1eadp  \u0110\u01b0\u1ee3c thi\u1ebft k\u1ebf theo nhu c\u1ea7u ph\u00f2ng s\u1ea1ch  Nhi\u1ec1u ch\u1ee9c n\u0103ng ch\u1ea9n \u0111o\u00e1n  [:en]&nbsp;  Electromotive 2\/2 way globe valve  The innovative B\u00fcrkert process on\/off valve Type 3321 is the solution when it comes to shut-off tasks under demanding operating conditions. The electromotive actuator with ball screw moves the swivel plate at a particularly high rate of 6 mm\/s to its end position. Thereby it reacts almost instantaneously to process signals. If necessary, the safety position can be approached by an optional energy storage in case of power failure. The actuator and shut-off globe valve are adapted perfectly to each other with closed design and robust surface. This ensures the hygienic requirements of a fast and residue-free cleaning. Harsh environments are no problem for the Type 3321 because of the protection class IP65 \/ IP67 and its high impact and vibration resistance. Unrivalled cycle life and sealing integrity is guaranteed by the proven self adjusting spindle packing with exchangeable V-seals. The fieldbus suitable for Type 3321 provides many helpful functions for process monitoring, valve diagnostics and predictive maintenance and thus offers the decisive advantage of a modern process automation.    Fail-safe position by energy storage  Rapid flow shut off  Weather and impact resistant design  Designed according to hygienic demands  Many diagnostic functions  [:]\" \/>\n<meta property=\"og:url\" content=\"https:\/\/newskyvn.com\/product\/type-3321\/\" \/>\n<meta property=\"og:site_name\" content=\"NEW SKY CO.,LTD\" \/>\n<meta property=\"article:modified_time\" content=\"2021-10-06T08:51:05+00:00\" \/>\n<meta property=\"og:image\" content=\"https:\/\/newskyvn.com\/wp-content\/uploads\/2021\/10\/3321.jpg\" \/>\n\t<meta property=\"og:image:width\" content=\"500\" \/>\n\t<meta property=\"og:image:height\" content=\"500\" \/>\n<meta name=\"twitter:card\" content=\"summary_large_image\" \/>\n<script type=\"application\/ld+json\" class=\"yoast-schema-graph\">{\"@context\":\"https:\/\/schema.org\",\"@graph\":[{\"@type\":\"WebSite\",\"@id\":\"https:\/\/newskyvn.com\/#website\",\"url\":\"https:\/\/newskyvn.com\/\",\"name\":\"NEW SKY CO.,LTD\",\"description\":\"C\\u00f4ng Ty TNHH S\\u1ea3n Xu\\u1ea5t Th\\u01b0\\u01a1ng M\\u1ea1i D\\u1ecbch V\\u1ee5 T\\u00e2n Thi\\u00ean\",\"potentialAction\":[{\"@type\":\"SearchAction\",\"target\":{\"@type\":\"EntryPoint\",\"urlTemplate\":\"https:\/\/newskyvn.com\/?s={search_term_string}\"},\"query-input\":\"required name=search_term_string\"}],\"inLanguage\":\"en-US\"},{\"@type\":\"ImageObject\",\"@id\":\"https:\/\/newskyvn.com\/product\/type-3321\/#primaryimage\",\"inLanguage\":\"en-US\",\"url\":\"https:\/\/newskyvn.com\/wp-content\/uploads\/2021\/10\/3321.jpg\",\"contentUrl\":\"https:\/\/newskyvn.com\/wp-content\/uploads\/2021\/10\/3321.jpg\",\"width\":500,\"height\":500},{\"@type\":\"WebPage\",\"@id\":\"https:\/\/newskyvn.com\/product\/type-3321\/#webpage\",\"url\":\"https:\/\/newskyvn.com\/product\/type-3321\/\",\"name\":\"Type 3321 - NEW SKY CO.,LTD\",\"isPartOf\":{\"@id\":\"https:\/\/newskyvn.com\/#website\"},\"primaryImageOfPage\":{\"@id\":\"https:\/\/newskyvn.com\/product\/type-3321\/#primaryimage\"},\"datePublished\":\"2021-10-06T08:44:58+00:00\",\"dateModified\":\"2021-10-06T08:51:05+00:00\",\"breadcrumb\":{\"@id\":\"https:\/\/newskyvn.com\/product\/type-3321\/#breadcrumb\"},\"inLanguage\":\"en-US\",\"potentialAction\":[{\"@type\":\"ReadAction\",\"target\":[\"https:\/\/newskyvn.com\/product\/type-3321\/\"]}]},{\"@type\":\"BreadcrumbList\",\"@id\":\"https:\/\/newskyvn.com\/product\/type-3321\/#breadcrumb\",\"itemListElement\":[{\"@type\":\"ListItem\",\"position\":1,\"name\":\"Product\",\"item\":\"https:\/\/newskyvn.com\/en\/san-pham\/\"},{\"@type\":\"ListItem\",\"position\":2,\"name\":\"Type 3321\"}]}]}<\/script>\n<!-- \/ Yoast SEO plugin. -->","_links":{"self":[{"href":"https:\/\/newskyvn.com\/en\/wp-json\/wp\/v2\/product\/2168"}],"collection":[{"href":"https:\/\/newskyvn.com\/en\/wp-json\/wp\/v2\/product"}],"about":[{"href":"https:\/\/newskyvn.com\/en\/wp-json\/wp\/v2\/types\/product"}],"replies":[{"embeddable":true,"href":"https:\/\/newskyvn.com\/en\/wp-json\/wp\/v2\/comments?post=2168"}],"wp:featuredmedia":[{"embeddable":true,"href":"https:\/\/newskyvn.com\/en\/wp-json\/wp\/v2\/media\/2170"}],"wp:attachment":[{"href":"https:\/\/newskyvn.com\/en\/wp-json\/wp\/v2\/media?parent=2168"}],"wp:term":[{"taxonomy":"product_cat","embeddable":true,"href":"https:\/\/newskyvn.com\/en\/wp-json\/wp\/v2\/product_cat?post=2168"},{"taxonomy":"product_tag","embeddable":true,"href":"https:\/\/newskyvn.com\/en\/wp-json\/wp\/v2\/product_tag?post=2168"}],"curies":[{"name":"wp","href":"https:\/\/api.w.org\/{rel}","templated":true}]}}