{"id":2159,"date":"2021-10-03T11:03:17","date_gmt":"2021-10-03T11:03:17","guid":{"rendered":"https:\/\/newskyvn.com\/?post_type=product&#038;p=2159"},"modified":"2021-10-03T11:18:05","modified_gmt":"2021-10-03T11:18:05","slug":"type-2032","status":"publish","type":"product","link":"https:\/\/newskyvn.com\/en\/product\/type-2032\/","title":{"rendered":"Type 2032"},"content":{"rendered":"","protected":false},"excerpt":{"rendered":"<p>&nbsp;<\/p>\n<p><strong>T-diaphragm valve with pneumatic plastic actuator (Type CLASSIC)<\/strong><\/p>\n<p>The externally controlled diaphragm valve Type 2032 consists of a pneumatically operated piston actuator, a diaphragm and a T-valve body. The proven and robust actuator with a plastic housing ensures use in hygienic or aggressive ambient conditions. The flow-efficient valve bodies with little dead space enable high flow rates and a wide range of possible uses. The valve body and the diaphragm are available in all common materials and variants. The actuator has a compact, autoclavable design (PPS variant). The integration of the automation units 8690\/8697 is possible in all configuration levels (can be retrofitted). An explosion-proof ATEX \/ IECEx device variant is available. The add-on body is optionally available in plastic or stainless steel. The actuator is equipped with an integrated, optical position indicator as standard, optionally a min.\/max. stroke limiter can be installed.<\/p>\n<div class=\"copy\">\n<ul>\n<li>Valve body and diaphragm are available in various materials and variants<\/li>\n<li>Product wetted surfaces in Ra \u2264 0.38 \u00b5m&#8230;1.6 \u00b5m (optionally electropolished)<\/li>\n<li>Available in all common connection sizes and variants<\/li>\n<\/ul>\n<\/div>\n","protected":false},"featured_media":2161,"comment_status":"open","ping_status":"closed","template":"","meta":[],"product_cat":[107,111],"product_tag":[],"yoast_head":"<!-- This site is optimized with the Yoast SEO plugin v16.6.1 - https:\/\/yoast.com\/wordpress\/plugins\/seo\/ -->\n<title>Type 2032 - NEW SKY CO.,LTD<\/title>\n<meta name=\"robots\" content=\"index, follow, max-snippet:-1, max-image-preview:large, max-video-preview:-1\" \/>\n<link rel=\"canonical\" href=\"https:\/\/newskyvn.com\/product\/type-2032\/\" \/>\n<meta property=\"og:locale\" content=\"en_US\" \/>\n<meta property=\"og:type\" content=\"article\" \/>\n<meta property=\"og:title\" content=\"Type 2032 - NEW SKY CO.,LTD\" \/>\n<meta property=\"og:description\" content=\"[:vi]&nbsp;  Van m\u00e0ng ch\u1eef T v\u1edbi b\u1ed9 truy\u1ec1n \u0111\u1ed9ng b\u1eb1ng nh\u1ef1a kh\u00ed n\u00e9n (Lo\u1ea1i C\u1ed4 \u0110I\u1ec2N)  Van m\u00e0ng \u0111i\u1ec1u khi\u1ec3n b\u00ean ngo\u00e0i Ki\u1ec3u 2032 bao g\u1ed3m b\u1ed9 truy\u1ec1n \u0111\u1ed9ng piston ho\u1ea1t \u0111\u1ed9ng b\u1eb1ng kh\u00ed n\u00e9n, m\u00e0ng ng\u0103n v\u00e0 th\u00e2n van ch\u1eef T.\u00a0Thi\u1ebft b\u1ecb truy\u1ec1n \u0111\u1ed9ng m\u1ea1nh m\u1ebd v\u00e0 \u0111\u00e3 \u0111\u01b0\u1ee3c ki\u1ec3m ch\u1ee9ng v\u1edbi v\u1ecf nh\u1ef1a \u0111\u1ea3m b\u1ea3o s\u1eed d\u1ee5ng trong \u0111i\u1ec1u ki\u1ec7n m\u00f4i tr\u01b0\u1eddng xung quanh h\u1ee3p v\u1ec7 sinh ho\u1eb7c kh\u1eafc nghi\u1ec7t.\u00a0C\u00e1c th\u00e2n van ti\u1ebft ki\u1ec7m d\u00f2ng ch\u1ea3y v\u1edbi \u00edt kh\u00f4ng gian ch\u1ebft cho ph\u00e9p t\u1ed1c \u0111\u1ed9 d\u00f2ng ch\u1ea3y cao v\u00e0 nhi\u1ec1u m\u1ee5c \u0111\u00edch s\u1eed d\u1ee5ng c\u00f3 th\u1ec3.\u00a0Th\u00e2n van v\u00e0 m\u00e0ng ng\u0103n c\u00f3 s\u1eb5n trong t\u1ea5t c\u1ea3 c\u00e1c v\u1eadt li\u1ec7u v\u00e0 bi\u1ebfn th\u1ec3 th\u00f4ng th\u01b0\u1eddng.\u00a0Thi\u1ebft b\u1ecb truy\u1ec1n \u0111\u1ed9ng c\u00f3 thi\u1ebft k\u1ebf nh\u1ecf g\u1ecdn, c\u00f3 th\u1ec3 kh\u1eed tr\u00f9ng \u0111\u01b0\u1ee3c (bi\u1ebfn th\u1ec3 PPS).\u00a0C\u00f3 th\u1ec3 t\u00edch h\u1ee3p c\u00e1c \u0111\u01a1n v\u1ecb t\u1ef1 \u0111\u1ed9ng h\u00f3a 8690\/8697 \u1edf t\u1ea5t c\u1ea3 c\u00e1c m\u1ee9c c\u1ea5u h\u00ecnh (c\u00f3 th\u1ec3 \u0111\u01b0\u1ee3c trang b\u1ecb th\u00eam).\u00a0C\u00f3 s\u1eb5n bi\u1ebfn th\u1ec3 thi\u1ebft b\u1ecb ATEX \/ IECEx ch\u1ed1ng ch\u00e1y n\u1ed5.\u00a0Ph\u1ea7n th\u00e2n ph\u1ee5 ki\u1ec7n c\u00f3 th\u1ec3 t\u00f9y ch\u1ecdn b\u1eb1ng nh\u1ef1a ho\u1eb7c th\u00e9p kh\u00f4ng g\u1ec9.\u00a0B\u1ed9 truy\u1ec1n \u0111\u1ed9ng \u0111\u01b0\u1ee3c trang b\u1ecb m\u1ed9t ch\u1ec9 b\u00e1o v\u1ecb tr\u00ed quang h\u1ecdc t\u00edch h\u1ee3p theo ti\u00eau chu\u1ea9n, t\u00f9y ch\u1ecdn l\u00e0 ph\u00fat.\u00a0\/ t\u1ed1i \u0111a\u00a0c\u00f3 th\u1ec3 c\u00e0i \u0111\u1eb7t b\u1ed9 gi\u1edbi h\u1ea1n h\u00e0nh tr\u00ecnh.    Th\u00e2n van v\u00e0 m\u00e0ng ng\u0103n c\u00f3 nhi\u1ec1u lo\u1ea1i v\u1eadt li\u1ec7u v\u00e0 bi\u1ebfn th\u1ec3 kh\u00e1c nhau  S\u1ea3n ph\u1ea9m \u0111\u01b0\u1ee3c l\u00e0m \u01b0\u1edbt b\u1ec1 m\u1eb7t trong Ra \u2264 0,38 \u00b5m ... 1,6 \u00b5m (t\u00f9y ch\u1ecdn \u0111\u01b0\u1ee3c s\u01a1n \u0111i\u1ec7n)  C\u00f3 s\u1eb5n \u1edf t\u1ea5t c\u1ea3 c\u00e1c k\u00edch th\u01b0\u1edbc v\u00e0 bi\u1ebfn th\u1ec3 k\u1ebft n\u1ed1i ph\u1ed5 bi\u1ebfn  [:en]&nbsp;  T-diaphragm valve with pneumatic plastic actuator (Type CLASSIC)  The externally controlled diaphragm valve Type 2032 consists of a pneumatically operated piston actuator, a diaphragm and a T-valve body. The proven and robust actuator with a plastic housing ensures use in hygienic or aggressive ambient conditions. The flow-efficient valve bodies with little dead space enable high flow rates and a wide range of possible uses. The valve body and the diaphragm are available in all common materials and variants. The actuator has a compact, autoclavable design (PPS variant). The integration of the automation units 8690\/8697 is possible in all configuration levels (can be retrofitted). An explosion-proof ATEX \/ IECEx device variant is available. The add-on body is optionally available in plastic or stainless steel. The actuator is equipped with an integrated, optical position indicator as standard, optionally a min.\/max. stroke limiter can be installed.    Valve body and diaphragm are available in various materials and variants  Product wetted surfaces in Ra \u2264 0.38 \u00b5m...1.6 \u00b5m (optionally electropolished)  Available in all common connection sizes and variants  [:]\" \/>\n<meta property=\"og:url\" content=\"https:\/\/newskyvn.com\/product\/type-2032\/\" \/>\n<meta property=\"og:site_name\" content=\"NEW SKY CO.,LTD\" \/>\n<meta property=\"article:modified_time\" content=\"2021-10-03T11:18:05+00:00\" \/>\n<meta property=\"og:image\" content=\"https:\/\/newskyvn.com\/wp-content\/uploads\/2021\/10\/Type-2032.jpg\" \/>\n\t<meta property=\"og:image:width\" content=\"500\" \/>\n\t<meta property=\"og:image:height\" content=\"500\" \/>\n<meta name=\"twitter:card\" content=\"summary_large_image\" \/>\n<script type=\"application\/ld+json\" class=\"yoast-schema-graph\">{\"@context\":\"https:\/\/schema.org\",\"@graph\":[{\"@type\":\"WebSite\",\"@id\":\"https:\/\/newskyvn.com\/#website\",\"url\":\"https:\/\/newskyvn.com\/\",\"name\":\"NEW SKY CO.,LTD\",\"description\":\"C\\u00f4ng Ty TNHH S\\u1ea3n Xu\\u1ea5t Th\\u01b0\\u01a1ng M\\u1ea1i D\\u1ecbch V\\u1ee5 T\\u00e2n Thi\\u00ean\",\"potentialAction\":[{\"@type\":\"SearchAction\",\"target\":{\"@type\":\"EntryPoint\",\"urlTemplate\":\"https:\/\/newskyvn.com\/?s={search_term_string}\"},\"query-input\":\"required name=search_term_string\"}],\"inLanguage\":\"en-US\"},{\"@type\":\"ImageObject\",\"@id\":\"https:\/\/newskyvn.com\/product\/type-2032\/#primaryimage\",\"inLanguage\":\"en-US\",\"url\":\"https:\/\/newskyvn.com\/wp-content\/uploads\/2021\/10\/Type-2032.jpg\",\"contentUrl\":\"https:\/\/newskyvn.com\/wp-content\/uploads\/2021\/10\/Type-2032.jpg\",\"width\":500,\"height\":500},{\"@type\":\"WebPage\",\"@id\":\"https:\/\/newskyvn.com\/product\/type-2032\/#webpage\",\"url\":\"https:\/\/newskyvn.com\/product\/type-2032\/\",\"name\":\"Type 2032 - NEW SKY CO.,LTD\",\"isPartOf\":{\"@id\":\"https:\/\/newskyvn.com\/#website\"},\"primaryImageOfPage\":{\"@id\":\"https:\/\/newskyvn.com\/product\/type-2032\/#primaryimage\"},\"datePublished\":\"2021-10-03T11:03:17+00:00\",\"dateModified\":\"2021-10-03T11:18:05+00:00\",\"breadcrumb\":{\"@id\":\"https:\/\/newskyvn.com\/product\/type-2032\/#breadcrumb\"},\"inLanguage\":\"en-US\",\"potentialAction\":[{\"@type\":\"ReadAction\",\"target\":[\"https:\/\/newskyvn.com\/product\/type-2032\/\"]}]},{\"@type\":\"BreadcrumbList\",\"@id\":\"https:\/\/newskyvn.com\/product\/type-2032\/#breadcrumb\",\"itemListElement\":[{\"@type\":\"ListItem\",\"position\":1,\"name\":\"Product\",\"item\":\"https:\/\/newskyvn.com\/en\/san-pham\/\"},{\"@type\":\"ListItem\",\"position\":2,\"name\":\"Type 2032\"}]}]}<\/script>\n<!-- \/ Yoast SEO plugin. -->","_links":{"self":[{"href":"https:\/\/newskyvn.com\/en\/wp-json\/wp\/v2\/product\/2159"}],"collection":[{"href":"https:\/\/newskyvn.com\/en\/wp-json\/wp\/v2\/product"}],"about":[{"href":"https:\/\/newskyvn.com\/en\/wp-json\/wp\/v2\/types\/product"}],"replies":[{"embeddable":true,"href":"https:\/\/newskyvn.com\/en\/wp-json\/wp\/v2\/comments?post=2159"}],"wp:featuredmedia":[{"embeddable":true,"href":"https:\/\/newskyvn.com\/en\/wp-json\/wp\/v2\/media\/2161"}],"wp:attachment":[{"href":"https:\/\/newskyvn.com\/en\/wp-json\/wp\/v2\/media?parent=2159"}],"wp:term":[{"taxonomy":"product_cat","embeddable":true,"href":"https:\/\/newskyvn.com\/en\/wp-json\/wp\/v2\/product_cat?post=2159"},{"taxonomy":"product_tag","embeddable":true,"href":"https:\/\/newskyvn.com\/en\/wp-json\/wp\/v2\/product_tag?post=2159"}],"curies":[{"name":"wp","href":"https:\/\/api.w.org\/{rel}","templated":true}]}}