{"id":2142,"date":"2021-09-03T10:09:33","date_gmt":"2021-09-03T10:09:33","guid":{"rendered":"https:\/\/newskyvn.com\/?post_type=product&#038;p=2142"},"modified":"2021-10-03T10:14:57","modified_gmt":"2021-10-03T10:14:57","slug":"type-2671","status":"publish","type":"product","link":"https:\/\/newskyvn.com\/en\/product\/type-2671\/","title":{"rendered":"Type 2671"},"content":{"rendered":"","protected":false},"excerpt":{"rendered":"<p>&nbsp;<\/p>\n<p><strong>Butterfly valve<\/strong><\/p>\n<p>2\/2-way butterfly valve in metal for shutting off and controlling media flows. Based on the fact that the butterfly valve is available in various designs (intermediate flange, end flange) and in different materials, it meets the requirements of various applications and processes. Preferential areas of application for butterfly valves are, for example, the metal industry, power plant technology, paper industry as well as mining, shipbuilding and mechanical engineering. Further characteristics and advantages are: \u2022 Through shaft for self-centering disc &#8211;&gt; even wear and low torque \u2022 PFA-coated shaft in the sealed area \u2022 Blow-out proof shaft seal \u2022 Spherically shaped disc \u2022 Notched handle in ductile iron: lockable in 10 adjustable positions<\/p>\n<div class=\"copy\">\n<ul>\n<li>Manually operated \/ Automatable<\/li>\n<li>High flow values<\/li>\n<li>Shaft and body are non-wetted parts<\/li>\n<li>Low torques<\/li>\n<li>Zero leakage<\/li>\n<\/ul>\n<\/div>\n","protected":false},"featured_media":2144,"comment_status":"open","ping_status":"closed","template":"","meta":[],"product_cat":[107,109],"product_tag":[],"yoast_head":"<!-- This site is optimized with the Yoast SEO plugin v16.6.1 - https:\/\/yoast.com\/wordpress\/plugins\/seo\/ -->\n<title>Type 2671 - NEW SKY CO.,LTD<\/title>\n<meta name=\"robots\" content=\"index, follow, max-snippet:-1, max-image-preview:large, max-video-preview:-1\" \/>\n<link rel=\"canonical\" href=\"https:\/\/newskyvn.com\/product\/type-2671\/\" \/>\n<meta property=\"og:locale\" content=\"en_US\" \/>\n<meta property=\"og:type\" content=\"article\" \/>\n<meta property=\"og:title\" content=\"Type 2671 - NEW SKY CO.,LTD\" \/>\n<meta property=\"og:description\" content=\"[:vi]&nbsp;  Van b\u01b0\u1edbm  2 \/ Van b\u01b0\u1edbm 2 chi\u1ec1u b\u1eb1ng kim lo\u1ea1i \u0111\u1ec3 \u0111\u00f3ng ng\u1eaft v\u00e0 ki\u1ec3m so\u00e1t d\u00f2ng ph\u01b0\u01a1ng ti\u1ec7n.\u00a0D\u1ef1a tr\u00ean th\u1ef1c t\u1ebf l\u00e0 van b\u01b0\u1edbm c\u00f3 nhi\u1ec1u thi\u1ebft k\u1ebf kh\u00e1c nhau (m\u1eb7t b\u00edch trung gian, m\u1eb7t b\u00edch cu\u1ed1i) v\u00e0 b\u1eb1ng c\u00e1c v\u1eadt li\u1ec7u kh\u00e1c nhau, n\u00f3 \u0111\u00e1p \u1ee9ng c\u00e1c y\u00eau c\u1ea7u c\u1ee7a c\u00e1c \u1ee9ng d\u1ee5ng v\u00e0 quy tr\u00ecnh kh\u00e1c nhau.\u00a0C\u00e1c l\u0129nh v\u1ef1c \u1ee9ng d\u1ee5ng \u01b0u ti\u00ean cho van b\u01b0\u1edbm, ch\u1eb3ng h\u1ea1n nh\u01b0 ng\u00e0nh c\u00f4ng nghi\u1ec7p kim lo\u1ea1i, c\u00f4ng ngh\u1ec7 nh\u00e0 m\u00e1y \u0111i\u1ec7n, c\u00f4ng nghi\u1ec7p gi\u1ea5y c\u0169ng nh\u01b0 khai th\u00e1c m\u1ecf, \u0111\u00f3ng t\u00e0u v\u00e0 c\u01a1 kh\u00ed.\u00a0C\u00e1c \u0111\u1eb7c \u0111i\u1ec3m v\u00e0 \u01b0u \u0111i\u1ec3m kh\u00e1c l\u00e0: \u2022 Th\u00f4ng qua tr\u1ee5c cho \u0111\u0129a t\u1ef1 \u0111\u1ecbnh t\u00e2m -&gt; m\u00f2n \u0111\u1ec1u v\u00e0 m\u00f4-men xo\u1eafn th\u1ea5p \u2022 Tr\u1ee5c ph\u1ee7 PFA trong v\u00f9ng k\u00edn \u2022 Ph\u1edbt tr\u1ee5c ch\u1ed1ng x\u00ec \u2022 \u0110\u0129a h\u00ecnh c\u1ea7u \u2022 Tay c\u1ea7m c\u00f3 kh\u00eda b\u1eb1ng gang d\u1ebbo: c\u00f3 th\u1ec3 kh\u00f3a \u0111\u01b0\u1ee3c \u1edf 10 v\u1ecb tr\u00ed c\u00f3 th\u1ec3 \u0111i\u1ec1u ch\u1ec9nh    V\u1eadn h\u00e0nh th\u1ee7 c\u00f4ng \/ T\u1ef1 \u0111\u1ed9ng h\u00f3a  Gi\u00e1 tr\u1ecb d\u00f2ng ch\u1ea3y cao  Tr\u1ee5c v\u00e0 th\u00e2n l\u00e0 c\u00e1c b\u1ed9 ph\u1eadn kh\u00f4ng b\u1ecb \u01b0\u1edbt  M\u00f4men xo\u1eafn th\u1ea5p  Kh\u00f4ng r\u00f2 r\u1ec9  [:en]&nbsp;  Butterfly valve  2\/2-way butterfly valve in metal for shutting off and controlling media flows. Based on the fact that the butterfly valve is available in various designs (intermediate flange, end flange) and in different materials, it meets the requirements of various applications and processes. Preferential areas of application for butterfly valves are, for example, the metal industry, power plant technology, paper industry as well as mining, shipbuilding and mechanical engineering. Further characteristics and advantages are: \u2022 Through shaft for self-centering disc --&gt; even wear and low torque \u2022 PFA-coated shaft in the sealed area \u2022 Blow-out proof shaft seal \u2022 Spherically shaped disc \u2022 Notched handle in ductile iron: lockable in 10 adjustable positions    Manually operated \/ Automatable  High flow values  Shaft and body are non-wetted parts  Low torques  Zero leakage  [:]\" \/>\n<meta property=\"og:url\" content=\"https:\/\/newskyvn.com\/product\/type-2671\/\" \/>\n<meta property=\"og:site_name\" content=\"NEW SKY CO.,LTD\" \/>\n<meta property=\"article:modified_time\" content=\"2021-10-03T10:14:57+00:00\" \/>\n<meta property=\"og:image\" content=\"https:\/\/newskyvn.com\/wp-content\/uploads\/2021\/10\/Type-2671.jpg\" \/>\n\t<meta property=\"og:image:width\" content=\"500\" \/>\n\t<meta property=\"og:image:height\" content=\"500\" \/>\n<meta name=\"twitter:card\" content=\"summary_large_image\" \/>\n<script type=\"application\/ld+json\" class=\"yoast-schema-graph\">{\"@context\":\"https:\/\/schema.org\",\"@graph\":[{\"@type\":\"WebSite\",\"@id\":\"https:\/\/newskyvn.com\/#website\",\"url\":\"https:\/\/newskyvn.com\/\",\"name\":\"NEW SKY CO.,LTD\",\"description\":\"C\\u00f4ng Ty TNHH S\\u1ea3n Xu\\u1ea5t Th\\u01b0\\u01a1ng M\\u1ea1i D\\u1ecbch V\\u1ee5 T\\u00e2n Thi\\u00ean\",\"potentialAction\":[{\"@type\":\"SearchAction\",\"target\":{\"@type\":\"EntryPoint\",\"urlTemplate\":\"https:\/\/newskyvn.com\/?s={search_term_string}\"},\"query-input\":\"required name=search_term_string\"}],\"inLanguage\":\"en-US\"},{\"@type\":\"ImageObject\",\"@id\":\"https:\/\/newskyvn.com\/product\/type-2671\/#primaryimage\",\"inLanguage\":\"en-US\",\"url\":\"https:\/\/newskyvn.com\/wp-content\/uploads\/2021\/10\/Type-2671.jpg\",\"contentUrl\":\"https:\/\/newskyvn.com\/wp-content\/uploads\/2021\/10\/Type-2671.jpg\",\"width\":500,\"height\":500},{\"@type\":\"WebPage\",\"@id\":\"https:\/\/newskyvn.com\/product\/type-2671\/#webpage\",\"url\":\"https:\/\/newskyvn.com\/product\/type-2671\/\",\"name\":\"Type 2671 - NEW SKY CO.,LTD\",\"isPartOf\":{\"@id\":\"https:\/\/newskyvn.com\/#website\"},\"primaryImageOfPage\":{\"@id\":\"https:\/\/newskyvn.com\/product\/type-2671\/#primaryimage\"},\"datePublished\":\"2021-09-03T10:09:33+00:00\",\"dateModified\":\"2021-10-03T10:14:57+00:00\",\"breadcrumb\":{\"@id\":\"https:\/\/newskyvn.com\/product\/type-2671\/#breadcrumb\"},\"inLanguage\":\"en-US\",\"potentialAction\":[{\"@type\":\"ReadAction\",\"target\":[\"https:\/\/newskyvn.com\/product\/type-2671\/\"]}]},{\"@type\":\"BreadcrumbList\",\"@id\":\"https:\/\/newskyvn.com\/product\/type-2671\/#breadcrumb\",\"itemListElement\":[{\"@type\":\"ListItem\",\"position\":1,\"name\":\"Product\",\"item\":\"https:\/\/newskyvn.com\/en\/san-pham\/\"},{\"@type\":\"ListItem\",\"position\":2,\"name\":\"Type 2671\"}]}]}<\/script>\n<!-- \/ Yoast SEO plugin. -->","_links":{"self":[{"href":"https:\/\/newskyvn.com\/en\/wp-json\/wp\/v2\/product\/2142"}],"collection":[{"href":"https:\/\/newskyvn.com\/en\/wp-json\/wp\/v2\/product"}],"about":[{"href":"https:\/\/newskyvn.com\/en\/wp-json\/wp\/v2\/types\/product"}],"replies":[{"embeddable":true,"href":"https:\/\/newskyvn.com\/en\/wp-json\/wp\/v2\/comments?post=2142"}],"wp:featuredmedia":[{"embeddable":true,"href":"https:\/\/newskyvn.com\/en\/wp-json\/wp\/v2\/media\/2144"}],"wp:attachment":[{"href":"https:\/\/newskyvn.com\/en\/wp-json\/wp\/v2\/media?parent=2142"}],"wp:term":[{"taxonomy":"product_cat","embeddable":true,"href":"https:\/\/newskyvn.com\/en\/wp-json\/wp\/v2\/product_cat?post=2142"},{"taxonomy":"product_tag","embeddable":true,"href":"https:\/\/newskyvn.com\/en\/wp-json\/wp\/v2\/product_tag?post=2142"}],"curies":[{"name":"wp","href":"https:\/\/api.w.org\/{rel}","templated":true}]}}