{"id":2139,"date":"2021-09-03T10:05:31","date_gmt":"2021-09-03T10:05:31","guid":{"rendered":"https:\/\/newskyvn.com\/?post_type=product&#038;p=2139"},"modified":"2021-10-03T10:15:05","modified_gmt":"2021-10-03T10:15:05","slug":"type-2674","status":"publish","type":"product","link":"https:\/\/newskyvn.com\/en\/product\/type-2674\/","title":{"rendered":"Type 2674"},"content":{"rendered":"","protected":false},"excerpt":{"rendered":"<p>&nbsp;<\/p>\n<p><strong>\u00a0Plastic butterfly valve<\/strong><\/p>\n<p>2\/2 way plastic butterfly valves used for control and on\/off operations. Type 2674 can be connected via the mechanical interface (acc. to ISO 5211) with pneumatic (for example, type 2051 or 2052) and electrical rotary actuators (for example, type 3003, 3004 or 3005). Next to this, the valve is available with different kinds of liner (EPDM, FPM), housing (PVC-U, PP-GR) and disc (PVC-U, PP-H, PVDF, PVC-C) materials. Consequently, type 2674 is suited for various aggressive media and meets the requirements of different applications and processes.<\/p>\n<div class=\"copy\">\n<ul>\n<li>Manually operated \/ automatable<\/li>\n<li>For aggressive media<\/li>\n<li>Low torques<\/li>\n<li>Long lifespan<\/li>\n<li>Maintenance friendly<\/li>\n<\/ul>\n<\/div>\n","protected":false},"featured_media":2141,"comment_status":"open","ping_status":"closed","template":"","meta":[],"product_cat":[107,109],"product_tag":[],"yoast_head":"<!-- This site is optimized with the Yoast SEO plugin v16.6.1 - https:\/\/yoast.com\/wordpress\/plugins\/seo\/ -->\n<title>Type 2674 - NEW SKY CO.,LTD<\/title>\n<meta name=\"robots\" content=\"index, follow, max-snippet:-1, max-image-preview:large, max-video-preview:-1\" \/>\n<link rel=\"canonical\" href=\"https:\/\/newskyvn.com\/product\/type-2674\/\" \/>\n<meta property=\"og:locale\" content=\"en_US\" \/>\n<meta property=\"og:type\" content=\"article\" \/>\n<meta property=\"og:title\" content=\"Type 2674 - NEW SKY CO.,LTD\" \/>\n<meta property=\"og:description\" content=\"[:vi]&nbsp;  \u00a0Van b\u01b0\u1edbm b\u1eb1ng nh\u1ef1a  Van b\u01b0\u1edbm nh\u1ef1a 2\/2 chi\u1ec1u d\u00f9ng cho c\u00e1c ho\u1ea1t \u0111\u1ed9ng \u0111i\u1ec1u khi\u1ec3n v\u00e0 t\u1eaft \/ m\u1edf.\u00a0Lo\u1ea1i 2674 c\u00f3 th\u1ec3 \u0111\u01b0\u1ee3c k\u1ebft n\u1ed1i qua giao di\u1ec7n c\u01a1 kh\u00ed (theo ISO 5211) v\u1edbi thi\u1ebft b\u1ecb truy\u1ec1n \u0111\u1ed9ng b\u1eb1ng kh\u00ed n\u00e9n (v\u00ed d\u1ee5: lo\u1ea1i 2051 ho\u1eb7c 2052) v\u00e0 \u0111i\u1ec7n (v\u00ed d\u1ee5: lo\u1ea1i 3003, 3004 ho\u1eb7c 3005).\u00a0B\u00ean c\u1ea1nh \u0111\u00f3, van c\u00f3 s\u1eb5n v\u1edbi c\u00e1c lo\u1ea1i v\u1eadt li\u1ec7u l\u00f3t (EPDM, FPM), v\u1ecf (PVC-U, PP-GR) v\u00e0 \u0111\u0129a (PVC-U, PP-H, PVDF, PVC-C).\u00a0Do \u0111\u00f3, lo\u1ea1i 2674 ph\u00f9 h\u1ee3p v\u1edbi c\u00e1c ph\u01b0\u01a1ng ti\u1ec7n t\u00edch c\u1ef1c kh\u00e1c nhau v\u00e0 \u0111\u00e1p \u1ee9ng c\u00e1c y\u00eau c\u1ea7u c\u1ee7a c\u00e1c \u1ee9ng d\u1ee5ng v\u00e0 quy tr\u00ecnh kh\u00e1c nhau.    V\u1eadn h\u00e0nh th\u1ee7 c\u00f4ng \/ t\u1ef1 \u0111\u1ed9ng h\u00f3a  \u0110\u1ed1i v\u1edbi ph\u01b0\u01a1ng ti\u1ec7n truy\u1ec1n th\u00f4ng t\u00edch c\u1ef1c  M\u00f4men xo\u1eafn th\u1ea5p  Tu\u1ed5i th\u1ecd cao  Th\u00e2n thi\u1ec7n v\u1edbi b\u1ea3o tr\u00ec  [:en]&nbsp;  \u00a0Plastic butterfly valve  2\/2 way plastic butterfly valves used for control and on\/off operations. Type 2674 can be connected via the mechanical interface (acc. to ISO 5211) with pneumatic (for example, type 2051 or 2052) and electrical rotary actuators (for example, type 3003, 3004 or 3005). Next to this, the valve is available with different kinds of liner (EPDM, FPM), housing (PVC-U, PP-GR) and disc (PVC-U, PP-H, PVDF, PVC-C) materials. Consequently, type 2674 is suited for various aggressive media and meets the requirements of different applications and processes.    Manually operated \/ automatable  For aggressive media  Low torques  Long lifespan  Maintenance friendly  [:]\" \/>\n<meta property=\"og:url\" content=\"https:\/\/newskyvn.com\/product\/type-2674\/\" \/>\n<meta property=\"og:site_name\" content=\"NEW SKY CO.,LTD\" \/>\n<meta property=\"article:modified_time\" content=\"2021-10-03T10:15:05+00:00\" \/>\n<meta property=\"og:image\" content=\"https:\/\/newskyvn.com\/wp-content\/uploads\/2021\/10\/Type-2674.jpg\" \/>\n\t<meta property=\"og:image:width\" content=\"500\" \/>\n\t<meta property=\"og:image:height\" content=\"500\" \/>\n<meta name=\"twitter:card\" content=\"summary_large_image\" \/>\n<script type=\"application\/ld+json\" class=\"yoast-schema-graph\">{\"@context\":\"https:\/\/schema.org\",\"@graph\":[{\"@type\":\"WebSite\",\"@id\":\"https:\/\/newskyvn.com\/#website\",\"url\":\"https:\/\/newskyvn.com\/\",\"name\":\"NEW SKY CO.,LTD\",\"description\":\"C\\u00f4ng Ty TNHH S\\u1ea3n Xu\\u1ea5t Th\\u01b0\\u01a1ng M\\u1ea1i D\\u1ecbch V\\u1ee5 T\\u00e2n Thi\\u00ean\",\"potentialAction\":[{\"@type\":\"SearchAction\",\"target\":{\"@type\":\"EntryPoint\",\"urlTemplate\":\"https:\/\/newskyvn.com\/?s={search_term_string}\"},\"query-input\":\"required name=search_term_string\"}],\"inLanguage\":\"en-US\"},{\"@type\":\"ImageObject\",\"@id\":\"https:\/\/newskyvn.com\/product\/type-2674\/#primaryimage\",\"inLanguage\":\"en-US\",\"url\":\"https:\/\/newskyvn.com\/wp-content\/uploads\/2021\/10\/Type-2674.jpg\",\"contentUrl\":\"https:\/\/newskyvn.com\/wp-content\/uploads\/2021\/10\/Type-2674.jpg\",\"width\":500,\"height\":500},{\"@type\":\"WebPage\",\"@id\":\"https:\/\/newskyvn.com\/product\/type-2674\/#webpage\",\"url\":\"https:\/\/newskyvn.com\/product\/type-2674\/\",\"name\":\"Type 2674 - NEW SKY CO.,LTD\",\"isPartOf\":{\"@id\":\"https:\/\/newskyvn.com\/#website\"},\"primaryImageOfPage\":{\"@id\":\"https:\/\/newskyvn.com\/product\/type-2674\/#primaryimage\"},\"datePublished\":\"2021-09-03T10:05:31+00:00\",\"dateModified\":\"2021-10-03T10:15:05+00:00\",\"breadcrumb\":{\"@id\":\"https:\/\/newskyvn.com\/product\/type-2674\/#breadcrumb\"},\"inLanguage\":\"en-US\",\"potentialAction\":[{\"@type\":\"ReadAction\",\"target\":[\"https:\/\/newskyvn.com\/product\/type-2674\/\"]}]},{\"@type\":\"BreadcrumbList\",\"@id\":\"https:\/\/newskyvn.com\/product\/type-2674\/#breadcrumb\",\"itemListElement\":[{\"@type\":\"ListItem\",\"position\":1,\"name\":\"Product\",\"item\":\"https:\/\/newskyvn.com\/en\/san-pham\/\"},{\"@type\":\"ListItem\",\"position\":2,\"name\":\"Type 2674\"}]}]}<\/script>\n<!-- \/ Yoast SEO plugin. -->","_links":{"self":[{"href":"https:\/\/newskyvn.com\/en\/wp-json\/wp\/v2\/product\/2139"}],"collection":[{"href":"https:\/\/newskyvn.com\/en\/wp-json\/wp\/v2\/product"}],"about":[{"href":"https:\/\/newskyvn.com\/en\/wp-json\/wp\/v2\/types\/product"}],"replies":[{"embeddable":true,"href":"https:\/\/newskyvn.com\/en\/wp-json\/wp\/v2\/comments?post=2139"}],"wp:featuredmedia":[{"embeddable":true,"href":"https:\/\/newskyvn.com\/en\/wp-json\/wp\/v2\/media\/2141"}],"wp:attachment":[{"href":"https:\/\/newskyvn.com\/en\/wp-json\/wp\/v2\/media?parent=2139"}],"wp:term":[{"taxonomy":"product_cat","embeddable":true,"href":"https:\/\/newskyvn.com\/en\/wp-json\/wp\/v2\/product_cat?post=2139"},{"taxonomy":"product_tag","embeddable":true,"href":"https:\/\/newskyvn.com\/en\/wp-json\/wp\/v2\/product_tag?post=2139"}],"curies":[{"name":"wp","href":"https:\/\/api.w.org\/{rel}","templated":true}]}}