{"id":2124,"date":"2021-10-03T09:33:28","date_gmt":"2021-10-03T09:33:28","guid":{"rendered":"https:\/\/newskyvn.com\/?post_type=product&#038;p=2124"},"modified":"2024-09-15T12:48:33","modified_gmt":"2024-09-15T12:48:33","slug":"type-8805","status":"publish","type":"product","link":"https:\/\/newskyvn.com\/en\/product\/type-8805\/","title":{"rendered":"Type 8805"},"content":{"rendered":"","protected":false},"excerpt":{"rendered":"<p>&nbsp;<\/p>\n<p><strong>Ball valve \/ Butterfly valve with pneumatic rotary actuator<\/strong><\/p>\n<p>Type 8805 consists of a quarter turn valve (ball or butterfly valve) and a pneumatic rotary actuator. The rotary actuator is available as single or double-acting actuator. Type 8805 can be complemented by a positioner (8791, 8792, 8793, 8691, 8692, 8693, 8694), a pilot valve (6519) or several kinds of position feedbacks (1061).<\/p>\n<div class=\"copy\">\n<ul>\n<li>Pneumatic rotary actuator<\/li>\n<li>Accurate end position setting<\/li>\n<li>High flow values<\/li>\n<li>High medium pressures<\/li>\n<li>Long lifetime<\/li>\n<\/ul>\n<\/div>\n","protected":false},"featured_media":2126,"comment_status":"open","ping_status":"closed","template":"","meta":[],"product_cat":[107,109],"product_tag":[],"yoast_head":"<!-- This site is optimized with the Yoast SEO plugin v16.6.1 - https:\/\/yoast.com\/wordpress\/plugins\/seo\/ -->\n<title>Type 8805 - NEW SKY CO.,LTD<\/title>\n<meta name=\"robots\" content=\"index, follow, max-snippet:-1, max-image-preview:large, max-video-preview:-1\" \/>\n<link rel=\"canonical\" href=\"https:\/\/newskyvn.com\/product\/type-8805\/\" \/>\n<meta property=\"og:locale\" content=\"en_US\" \/>\n<meta property=\"og:type\" content=\"article\" \/>\n<meta property=\"og:title\" content=\"Type 8805 - NEW SKY CO.,LTD\" \/>\n<meta property=\"og:description\" content=\"[:vi]&nbsp;  Van bi \/ Van b\u01b0\u1edbm v\u1edbi b\u1ed9 truy\u1ec1n \u0111\u1ed9ng quay kh\u00ed n\u00e9n  Lo\u1ea1i 8805 bao g\u1ed3m m\u1ed9t ph\u1ea7n t\u01b0 van quay (bi ho\u1eb7c van b\u01b0\u1edbm) v\u00e0 m\u1ed9t thi\u1ebft b\u1ecb truy\u1ec1n \u0111\u1ed9ng quay b\u1eb1ng kh\u00ed n\u00e9n.\u00a0B\u1ed9 truy\u1ec1n \u0111\u1ed9ng quay c\u00f3 s\u1eb5n d\u01b0\u1edbi d\u1ea1ng b\u1ed9 truy\u1ec1n \u0111\u1ed9ng t\u00e1c \u0111\u1ed9ng \u0111\u01a1n ho\u1eb7c t\u00e1c \u0111\u1ed9ng k\u00e9p.\u00a0Lo\u1ea1i 8805 c\u00f3 th\u1ec3 \u0111\u01b0\u1ee3c b\u1ed5 sung b\u1edfi m\u1ed9t b\u1ed9 \u0111\u1ecbnh v\u1ecb (8791, 8792, 8793, 8691, 8692, 8693, 8694), m\u1ed9t van hoa ti\u00eau (6519) ho\u1eb7c m\u1ed9t s\u1ed1 lo\u1ea1i ph\u1ea3n h\u1ed3i v\u1ecb tr\u00ed (1061).    B\u1ed9 truy\u1ec1n \u0111\u1ed9ng quay kh\u00ed n\u00e9n  C\u00e0i \u0111\u1eb7t v\u1ecb tr\u00ed cu\u1ed1i ch\u00ednh x\u00e1c  Gi\u00e1 tr\u1ecb d\u00f2ng ch\u1ea3y cao  \u00c1p su\u1ea5t trung b\u00ecnh cao  Th\u1eddi gian t\u1ed3n t\u1ea1i l\u00e2u d\u00e0i  [:en]&nbsp;  Ball valve \/ Butterfly valve with pneumatic rotary actuator  Type 8805 consists of a quarter turn valve (ball or butterfly valve) and a pneumatic rotary actuator. The rotary actuator is available as single or double-acting actuator. Type 8805 can be complemented by a positioner (8791, 8792, 8793, 8691, 8692, 8693, 8694), a pilot valve (6519) or several kinds of position feedbacks (1061).    Pneumatic rotary actuator  Accurate end position setting  High flow values  High medium pressures  Long lifetime  [:]\" \/>\n<meta property=\"og:url\" content=\"https:\/\/newskyvn.com\/product\/type-8805\/\" \/>\n<meta property=\"og:site_name\" content=\"NEW SKY CO.,LTD\" \/>\n<meta property=\"article:modified_time\" content=\"2024-09-15T12:48:33+00:00\" \/>\n<meta property=\"og:image\" content=\"https:\/\/newskyvn.com\/wp-content\/uploads\/2021\/10\/Type-8805.jpg\" \/>\n\t<meta property=\"og:image:width\" content=\"500\" \/>\n\t<meta property=\"og:image:height\" content=\"500\" \/>\n<meta name=\"twitter:card\" content=\"summary_large_image\" \/>\n<script type=\"application\/ld+json\" class=\"yoast-schema-graph\">{\"@context\":\"https:\/\/schema.org\",\"@graph\":[{\"@type\":\"WebSite\",\"@id\":\"https:\/\/newskyvn.com\/#website\",\"url\":\"https:\/\/newskyvn.com\/\",\"name\":\"NEW SKY CO.,LTD\",\"description\":\"C\\u00f4ng Ty TNHH S\\u1ea3n Xu\\u1ea5t Th\\u01b0\\u01a1ng M\\u1ea1i D\\u1ecbch V\\u1ee5 T\\u00e2n Thi\\u00ean\",\"potentialAction\":[{\"@type\":\"SearchAction\",\"target\":{\"@type\":\"EntryPoint\",\"urlTemplate\":\"https:\/\/newskyvn.com\/?s={search_term_string}\"},\"query-input\":\"required name=search_term_string\"}],\"inLanguage\":\"en-US\"},{\"@type\":\"ImageObject\",\"@id\":\"https:\/\/newskyvn.com\/product\/type-8805\/#primaryimage\",\"inLanguage\":\"en-US\",\"url\":\"https:\/\/newskyvn.com\/wp-content\/uploads\/2021\/10\/Type-8805.jpg\",\"contentUrl\":\"https:\/\/newskyvn.com\/wp-content\/uploads\/2021\/10\/Type-8805.jpg\",\"width\":500,\"height\":500},{\"@type\":\"WebPage\",\"@id\":\"https:\/\/newskyvn.com\/product\/type-8805\/#webpage\",\"url\":\"https:\/\/newskyvn.com\/product\/type-8805\/\",\"name\":\"Type 8805 - NEW SKY CO.,LTD\",\"isPartOf\":{\"@id\":\"https:\/\/newskyvn.com\/#website\"},\"primaryImageOfPage\":{\"@id\":\"https:\/\/newskyvn.com\/product\/type-8805\/#primaryimage\"},\"datePublished\":\"2021-10-03T09:33:28+00:00\",\"dateModified\":\"2024-09-15T12:48:33+00:00\",\"breadcrumb\":{\"@id\":\"https:\/\/newskyvn.com\/product\/type-8805\/#breadcrumb\"},\"inLanguage\":\"en-US\",\"potentialAction\":[{\"@type\":\"ReadAction\",\"target\":[\"https:\/\/newskyvn.com\/product\/type-8805\/\"]}]},{\"@type\":\"BreadcrumbList\",\"@id\":\"https:\/\/newskyvn.com\/product\/type-8805\/#breadcrumb\",\"itemListElement\":[{\"@type\":\"ListItem\",\"position\":1,\"name\":\"Product\",\"item\":\"https:\/\/newskyvn.com\/en\/san-pham\/\"},{\"@type\":\"ListItem\",\"position\":2,\"name\":\"Type 8805\"}]}]}<\/script>\n<!-- \/ Yoast SEO plugin. -->","_links":{"self":[{"href":"https:\/\/newskyvn.com\/en\/wp-json\/wp\/v2\/product\/2124"}],"collection":[{"href":"https:\/\/newskyvn.com\/en\/wp-json\/wp\/v2\/product"}],"about":[{"href":"https:\/\/newskyvn.com\/en\/wp-json\/wp\/v2\/types\/product"}],"replies":[{"embeddable":true,"href":"https:\/\/newskyvn.com\/en\/wp-json\/wp\/v2\/comments?post=2124"}],"wp:featuredmedia":[{"embeddable":true,"href":"https:\/\/newskyvn.com\/en\/wp-json\/wp\/v2\/media\/2126"}],"wp:attachment":[{"href":"https:\/\/newskyvn.com\/en\/wp-json\/wp\/v2\/media?parent=2124"}],"wp:term":[{"taxonomy":"product_cat","embeddable":true,"href":"https:\/\/newskyvn.com\/en\/wp-json\/wp\/v2\/product_cat?post=2124"},{"taxonomy":"product_tag","embeddable":true,"href":"https:\/\/newskyvn.com\/en\/wp-json\/wp\/v2\/product_tag?post=2124"}],"curies":[{"name":"wp","href":"https:\/\/api.w.org\/{rel}","templated":true}]}}